{"id":96897,"date":"2023-02-03T12:04:18","date_gmt":"2023-02-03T11:04:18","guid":{"rendered":"https:\/\/staging.agrovin.com\/stabilizare-si-imbuteliere\/dozaj-la-imbuteliere\/"},"modified":"2023-02-03T12:04:20","modified_gmt":"2023-02-03T11:04:20","slug":"dozaj-la-imbuteliere","status":"publish","type":"page","link":"https:\/\/agrovin.com\/ro\/imbuteliere\/dozaj-la-imbuteliere\/","title":{"rendered":"Dozaj la \u00eembuteliere"},"content":{"rendered":"\t\t<div data-elementor-type=\"wp-page\" data-elementor-id=\"96897\" class=\"elementor elementor-96897 elementor-95402\" data-elementor-post-type=\"page\">\n\t\t\t\t\t\t<section class=\"elementor-section elementor-top-section elementor-element elementor-element-15b3e93 elementor-section-height-min-height elementor-section-boxed elementor-section-height-default elementor-section-items-middle\" data-id=\"15b3e93\" data-element_type=\"section\" data-e-type=\"section\" data-settings=\"{&quot;background_background&quot;:&quot;classic&quot;}\">\n\t\t\t\t\t\t<div class=\"elementor-container elementor-column-gap-default\">\n\t\t\t\t\t<div class=\"elementor-column elementor-col-100 elementor-top-column elementor-element elementor-element-0de79ae\" data-id=\"0de79ae\" data-element_type=\"column\" data-e-type=\"column\">\n\t\t\t<div class=\"elementor-widget-wrap\">\n\t\t\t\t\t\t\t<\/div>\n\t\t<\/div>\n\t\t\t\t\t<\/div>\n\t\t<\/section>\n\t\t\t\t<section class=\"elementor-section elementor-top-section elementor-element elementor-element-5f0f79d elementor-section-boxed elementor-section-height-default elementor-section-height-default\" data-id=\"5f0f79d\" data-element_type=\"section\" data-e-type=\"section\">\n\t\t\t\t\t\t<div class=\"elementor-container elementor-column-gap-default\">\n\t\t\t\t\t<div class=\"elementor-column elementor-col-100 elementor-top-column elementor-element elementor-element-c80836b\" data-id=\"c80836b\" data-element_type=\"column\" data-e-type=\"column\">\n\t\t\t<div class=\"elementor-widget-wrap elementor-element-populated\">\n\t\t\t\t\t\t<div class=\"elementor-element elementor-element-038a0c0 elementor-widget elementor-widget-text-editor\" data-id=\"038a0c0\" data-element_type=\"widget\" data-e-type=\"widget\" data-widget_type=\"text-editor.default\">\n\t\t\t\t<div class=\"elementor-widget-container\">\n\t\t\t\t\t\t\t\t\t<p>Procesul de \u00eembuteliere este o etap\u0103 crucial\u0103 \u00een procesul de vinifica\u021bie, deoarece este ultimul moment \u00een care vinificatorul poate ac\u021biona asupra vinului. Vinul \u00eembuteliat trebuie s\u0103 fie stabil \u00een timp, ceea ce necesit\u0103 aplicarea de substan\u021be protectoare coloidale. Aplicarea acestor solu\u021bii oenologice este o faz\u0103 critic\u0103, deoarece trebuie s\u0103 fie aplicate cu precizie \u0219i omogenizate corect pentru a asigura o stabilizare total\u0103 a tuturor sticlelor.<\/p>\n<p>Agrovin a dezvoltat echipamentul nostru de dozare Agatha PRO pentru o siguran\u021b\u0103 \u0219i o fiabilitate maxim\u0103, pentru a oferi o solu\u021bie la aceast\u0103 problem\u0103.  <\/p>\n\t\t\t\t\t\t\t\t<\/div>\n\t\t\t\t<\/div>\n\t\t\t\t<section class=\"elementor-section elementor-inner-section elementor-element elementor-element-15a0487 elementor-section-boxed elementor-section-height-default elementor-section-height-default\" data-id=\"15a0487\" data-element_type=\"section\" data-e-type=\"section\">\n\t\t\t\t\t\t<div class=\"elementor-container elementor-column-gap-extended\">\n\t\t\t\t\t<div class=\"elementor-column elementor-col-50 elementor-inner-column elementor-element elementor-element-dfa10be\" data-id=\"dfa10be\" data-element_type=\"column\" data-e-type=\"column\">\n\t\t\t<div class=\"elementor-widget-wrap elementor-element-populated\">\n\t\t\t\t\t\t<div class=\"elementor-element elementor-element-e652866 elementor-widget elementor-widget-image\" data-id=\"e652866\" data-element_type=\"widget\" data-e-type=\"widget\" data-widget_type=\"image.default\">\n\t\t\t\t<div class=\"elementor-widget-container\">\n\t\t\t\t\t\t\t\t\t\t\t\t\t\t\t<img fetchpriority=\"high\" decoding=\"async\" width=\"600\" height=\"600\" src=\"https:\/\/agrovin.com\/wp-content\/uploads\/2022\/01\/Agatha-PRO-optimizado.png\" class=\"attachment-large size-large wp-image-74630\" alt=\"\" srcset=\"https:\/\/agrovin.com\/wp-content\/uploads\/2022\/01\/Agatha-PRO-optimizado.png 600w, https:\/\/agrovin.com\/wp-content\/uploads\/2022\/01\/Agatha-PRO-optimizado-300x300.png 300w, https:\/\/agrovin.com\/wp-content\/uploads\/2022\/01\/Agatha-PRO-optimizado-150x150.png 150w, https:\/\/agrovin.com\/wp-content\/uploads\/2022\/01\/Agatha-PRO-optimizado-270x270.png 270w, https:\/\/agrovin.com\/wp-content\/uploads\/2022\/01\/Agatha-PRO-optimizado-100x100.png 100w\" sizes=\"(max-width: 600px) 100vw, 600px\" title=\"\">\t\t\t\t\t\t\t\t\t\t\t\t\t\t\t<\/div>\n\t\t\t\t<\/div>\n\t\t\t\t\t<\/div>\n\t\t<\/div>\n\t\t\t\t<div class=\"elementor-column elementor-col-50 elementor-inner-column elementor-element elementor-element-ddf1260\" data-id=\"ddf1260\" data-element_type=\"column\" data-e-type=\"column\">\n\t\t\t<div class=\"elementor-widget-wrap elementor-element-populated\">\n\t\t\t\t\t\t<div class=\"elementor-element elementor-element-9980253 elementor-widget elementor-widget-image\" data-id=\"9980253\" data-element_type=\"widget\" data-e-type=\"widget\" data-widget_type=\"image.default\">\n\t\t\t\t<div class=\"elementor-widget-container\">\n\t\t\t\t\t\t\t\t\t\t\t\t\t\t\t<img decoding=\"async\" width=\"242\" height=\"46\" src=\"https:\/\/agrovin.com\/wp-content\/uploads\/2018\/03\/LOGO-AGATHA-GRANDE.png\" class=\"attachment-large size-large wp-image-41886\" alt=\"\" title=\"\">\t\t\t\t\t\t\t\t\t\t\t\t\t\t\t<\/div>\n\t\t\t\t<\/div>\n\t\t\t\t<div class=\"elementor-element elementor-element-3796da2 elementor-widget elementor-widget-text-editor\" data-id=\"3796da2\" data-element_type=\"widget\" data-e-type=\"widget\" data-widget_type=\"text-editor.default\">\n\t\t\t\t<div class=\"elementor-widget-container\">\n\t\t\t\t\t\t\t\t\t<p>Este un echipament de ultim\u0103 genera\u021bie pentru dozarea precis\u0103 \u00een linie a solu\u021biilor lichide. Dozarea se realizeaz\u0103 cu ajutorul unor pompe cu piston electromecanice de \u00eenalt\u0103 precizie, cu corpuri din o\u021bel inoxidabil rezistent la coroziune. Pompele dozatoare au o dubl\u0103 reglare (mecanic\u0103 \u0219i electronic\u0103) pentru a garanta o precizie mai mare.<\/p>\n\t\t\t\t\t\t\t\t<\/div>\n\t\t\t\t<\/div>\n\t\t\t\t<div class=\"elementor-element elementor-element-9db4630 elementor-widget elementor-widget-button\" data-id=\"9db4630\" data-element_type=\"widget\" data-e-type=\"widget\" data-widget_type=\"button.default\">\n\t\t\t\t<div class=\"elementor-widget-container\">\n\t\t\t\t\t\t\t\t\t<div class=\"elementor-button-wrapper\">\n\t\t\t\t\t<a class=\"elementor-button elementor-button-link elementor-size-sm\" href=\"#\">\n\t\t\t\t\t\t<span class=\"elementor-button-content-wrapper\">\n\t\t\t\t\t\t\t\t\t<span class=\"elementor-button-text\">A se vedea Agatha PRO<\/span>\n\t\t\t\t\t<\/span>\n\t\t\t\t\t<\/a>\n\t\t\t\t<\/div>\n\t\t\t\t\t\t\t\t<\/div>\n\t\t\t\t<\/div>\n\t\t\t\t\t<\/div>\n\t\t<\/div>\n\t\t\t\t\t<\/div>\n\t\t<\/section>\n\t\t\t\t<div class=\"elementor-element elementor-element-0f45162 elementor-widget elementor-widget-text-editor\" data-id=\"0f45162\" data-element_type=\"widget\" data-e-type=\"widget\" data-widget_type=\"text-editor.default\">\n\t\t\t\t<div class=\"elementor-widget-container\">\n\t\t\t\t\t\t\t\t\t<p>Structura mobil\u0103, pe care este sprijinit echipamentul, permite \u00eencorporarea\/includerea u\u0219oar\u0103 a acestuia \u00een linia de \u00eembuteliere amenajat\u0103 \u00een cram\u0103. \u00cen func\u021bie de natura produsului care urmeaz\u0103 s\u0103 fie dozat, echipamentul va fi plasat \u00eenainte sau dup\u0103 microfiltrare. Echipamentul dispune de un ecran tactil prin intermediul c\u0103ruia utilizatorul va proceda la programarea sa \u00eentr-un mod intuitiv, datorit\u0103 software-ului special conceput pentru aceast\u0103 func\u021bie.<\/p>\n<p>AGATHA PRO are senzori de debit pentru produsul care urmeaz\u0103 s\u0103 fie ad\u0103ugat, care asigur\u0103 o dozare precis\u0103 \u0219i omogen\u0103. Are o alarm\u0103 sonor\u0103 \u0219i luminoas\u0103 \u00een caz de lips\u0103 de debit din cauza lipsei de produs.<\/p>\n<p>Echipamentul are posibilitatea de a fi interconectat la linia de \u00eembuteliere, pentru a lucra \u00een mod sinergic \u0219i a opri linia \u00een cazul \u00een care exist\u0103 vreo anomalie \u00een ad\u0103ugarea produsului, garant\u00e2nd astfel o dozare eficient\u0103. AGATHA PRO este echipat cu o \u021beav\u0103 de debitmetru care este conectat\u0103 la linia de pivni\u021b\u0103. \u00cen func\u021bie de citirea debitului de vin, echipamentul ajusteaz\u0103 adaosul de produs. Dozarea \u00eencepe atunci c\u00e2nd sistemul detecteaz\u0103 fluxul \u0219i se opre\u0219te c\u00e2nd nu mai exist\u0103 nicio mi\u0219care a vinului. Prin intermediul unui sistem de alarm\u0103 sonor\u0103, utilizatorul va \u0219ti imediat dac\u0103 produsul care trebuie dozat s-a terminat.<\/p>\n\t\t\t\t\t\t\t\t<\/div>\n\t\t\t\t<\/div>\n\t\t\t\t\t<\/div>\n\t\t<\/div>\n\t\t\t\t\t<\/div>\n\t\t<\/section>\n\t\t\t\t<\/div>\n\t\t","protected":false},"excerpt":{"rendered":"<p>Procesul de \u00eembuteliere este o etap\u0103 crucial\u0103 \u00een procesul de vinifica\u021bie, deoarece este ultimul moment \u00een care vinificatorul poate ac\u021biona asupra vinului. Vinul \u00eembuteliat trebuie s\u0103 fie stabil \u00een timp, ceea ce necesit\u0103 aplicarea de substan\u021be protectoare coloidale. Aplicarea acestor solu\u021bii oenologice este o faz\u0103 critic\u0103, deoarece trebuie s\u0103 fie aplicate cu precizie \u0219i omogenizate [&hellip;]<\/p>\n","protected":false},"author":347,"featured_media":0,"parent":78177,"menu_order":0,"comment_status":"closed","ping_status":"closed","template":"","meta":{"_acf_changed":false,"inline_featured_image":false,"site-sidebar-layout":"no-sidebar","site-content-layout":"page-builder","ast-site-content-layout":"full-width-container","site-content-style":"unboxed","site-sidebar-style":"unboxed","ast-global-header-display":"","ast-banner-title-visibility":"","ast-main-header-display":"","ast-hfb-above-header-display":"","ast-hfb-below-header-display":"","ast-hfb-mobile-header-display":"","site-post-title":"disabled","ast-breadcrumbs-content":"","ast-featured-img":"disabled","footer-sml-layout":"","ast-disable-related-posts":"","theme-transparent-header-meta":"default","adv-header-id-meta":"","stick-header-meta":"","header-above-stick-meta":"","header-main-stick-meta":"","header-below-stick-meta":"","astra-migrate-meta-layouts":"default","ast-page-background-enabled":"default","ast-page-background-meta":{"desktop":{"background-color":"var(--ast-global-color-5)","background-image":"","background-repeat":"repeat","background-position":"center center","background-size":"auto","background-attachment":"scroll","background-type":"","background-media":"","overlay-type":"","overlay-color":"","overlay-opacity":"","overlay-gradient":""},"tablet":{"background-color":"","background-image":"","background-repeat":"repeat","background-position":"center center","background-size":"auto","background-attachment":"scroll","background-type":"","background-media":"","overlay-type":"","overlay-color":"","overlay-opacity":"","overlay-gradient":""},"mobile":{"background-color":"","background-image":"","background-repeat":"repeat","background-position":"center center","background-size":"auto","background-attachment":"scroll","background-type":"","background-media":"","overlay-type":"","overlay-color":"","overlay-opacity":"","overlay-gradient":""}},"ast-content-background-meta":{"desktop":{"background-color":"var(--ast-global-color-4)","background-image":"","background-repeat":"repeat","background-position":"center center","background-size":"auto","background-attachment":"scroll","background-type":"","background-media":"","overlay-type":"","overlay-color":"","overlay-opacity":"","overlay-gradient":""},"tablet":{"background-color":"var(--ast-global-color-4)","background-image":"","background-repeat":"repeat","background-position":"center center","background-size":"auto","background-attachment":"scroll","background-type":"","background-media":"","overlay-type":"","overlay-color":"","overlay-opacity":"","overlay-gradient":""},"mobile":{"background-color":"var(--ast-global-color-4)","background-image":"","background-repeat":"repeat","background-position":"center center","background-size":"auto","background-attachment":"scroll","background-type":"","background-media":"","overlay-type":"","overlay-color":"","overlay-opacity":"","overlay-gradient":""}},"footnotes":""},"class_list":["post-96897","page","type-page","status-publish","hentry"],"acf":[],"_links":{"self":[{"href":"https:\/\/agrovin.com\/ro\/wp-json\/wp\/v2\/pages\/96897","targetHints":{"allow":["GET"]}}],"collection":[{"href":"https:\/\/agrovin.com\/ro\/wp-json\/wp\/v2\/pages"}],"about":[{"href":"https:\/\/agrovin.com\/ro\/wp-json\/wp\/v2\/types\/page"}],"author":[{"embeddable":true,"href":"https:\/\/agrovin.com\/ro\/wp-json\/wp\/v2\/users\/347"}],"replies":[{"embeddable":true,"href":"https:\/\/agrovin.com\/ro\/wp-json\/wp\/v2\/comments?post=96897"}],"version-history":[{"count":0,"href":"https:\/\/agrovin.com\/ro\/wp-json\/wp\/v2\/pages\/96897\/revisions"}],"up":[{"embeddable":true,"href":"https:\/\/agrovin.com\/ro\/wp-json\/wp\/v2\/pages\/78177"}],"wp:attachment":[{"href":"https:\/\/agrovin.com\/ro\/wp-json\/wp\/v2\/media?parent=96897"}],"curies":[{"name":"wp","href":"https:\/\/api.w.org\/{rel}","templated":true}]}}