{"id":87162,"date":"2018-02-20T16:34:14","date_gmt":"2018-02-20T16:34:14","guid":{"rendered":"https:\/\/staging.agrovin.com\/condiciones-de-uso\/"},"modified":"2025-04-03T17:32:04","modified_gmt":"2025-04-03T15:32:04","slug":"conditii-de-utilizare","status":"publish","type":"page","link":"https:\/\/agrovin.com\/ro\/conditii-de-utilizare\/","title":{"rendered":"Condi\u021bii de utilizare"},"content":{"rendered":"\t\t<div data-elementor-type=\"wp-page\" data-elementor-id=\"87162\" class=\"elementor elementor-87162 elementor-110\" data-elementor-post-type=\"page\">\n\t\t\t\t\t\t<section class=\"elementor-section elementor-top-section elementor-element elementor-element-3d677ba6 elementor-section-boxed elementor-section-height-default elementor-section-height-default\" data-id=\"3d677ba6\" data-element_type=\"section\" data-e-type=\"section\">\n\t\t\t\t\t\t<div class=\"elementor-container elementor-column-gap-default\">\n\t\t\t\t\t<div class=\"elementor-column elementor-col-100 elementor-top-column elementor-element elementor-element-78127426\" data-id=\"78127426\" data-element_type=\"column\" data-e-type=\"column\">\n\t\t\t<div class=\"elementor-widget-wrap elementor-element-populated\">\n\t\t\t\t\t\t<div class=\"elementor-element elementor-element-ad85dff elementor-widget elementor-widget-heading\" data-id=\"ad85dff\" data-element_type=\"widget\" data-e-type=\"widget\" data-widget_type=\"heading.default\">\n\t\t\t\t<div class=\"elementor-widget-container\">\n\t\t\t\t\t<h1 class=\"elementor-heading-title elementor-size-default\">Condi\u021bii de utilizare<\/h1>\t\t\t\t<\/div>\n\t\t\t\t<\/div>\n\t\t\t\t<div class=\"elementor-element elementor-element-3569f852 elementor-widget elementor-widget-text-editor\" data-id=\"3569f852\" data-element_type=\"widget\" data-e-type=\"widget\" data-widget_type=\"text-editor.default\">\n\t\t\t\t<div class=\"elementor-widget-container\">\n\t\t\t\t\t\t\t\t\t<h2>\u00a0<\/h2><div style=\"margin-top: 1.2em; text-align: justify;\"><p><strong>1.- PROPRIETATEA, UTILIZAREA RESPONSABIL\u0102 \u0218I SCOPUL SITE-ULUI WEB. <br \/><\/strong><\/p><p>Acest site web este proprietatea AGROVIN \u0219i con\u021binutul s\u0103u are un caracter informativ al serviciilor oferite de aceast\u0103 entitate, precum \u0219i pentru a facilita r\u0103spunsul utilizatorilor care solicit\u0103 informa\u021bii prin e-mail sau prin formularele activate \u00een acest sens, primirea de curriculum vitae \u0219i, \u00een cazul s\u0103u, trimiterea buletinului c\u0103tre utilizatorii care au realizat abonamentul s\u0103u, toate acestea, sub rezerva politicii entit\u0103\u021bii \u00een materie de protec\u021bie a informa\u021biilor \u0219i care este detaliat\u0103 \u00een politica de confiden\u021bialitate din aceste condi\u021bii de utilizare.<\/p><p>Faptul de a accesa acest site implic\u0103 cunoa\u0219terea \u0219i acceptarea termenilor \u0219i condi\u021biilor de utilizare a con\u021binutului s\u0103u, precum \u0219i acceptarea politicii stabilite privind protec\u021bia datelor atunci c\u00e2nd se furnizeaz\u0103 date personale proprii sau ale unor ter\u021be p\u0103r\u021bi, \u0219i atribuie condi\u021bia de utilizator al portalului \u0219i accesul la acesta implic\u0103 acceptarea f\u0103r\u0103 rezerve a acestuia.<\/p><p>Cu excep\u021bia cazului \u00een care se indic\u0103 \u00een mod expres contrariul, accesul la informa\u021biile afi\u0219ate pe paginile portalului este complet gratuit. AGROVIN, titularul paginii web, \u00ee\u0219i rezerv\u0103 dreptul de a efectua, \u00een orice moment \u0219i f\u0103r\u0103 a fi necesar\u0103 o notificare prealabil\u0103, modific\u0103ri \u0219i actualiz\u0103ri ale informa\u021biilor con\u021binute \u00een pagina sa web sau \u00een configura\u021bia \u0219i prezentarea acesteia.<\/p><p>AGROVIN nu garanteaz\u0103 inexisten\u021ba erorilor \u00een accesul la web, \u00een con\u021binutul s\u0103u sau \u00een actualizarea acestuia. Cu toate acestea, va pune toate mijloacele la \u00eendem\u00e2na sa pentru a le evita, a le corecta sau a le actualiza.<\/p><p>At\u00e2t accesul la acest web, c\u00e2t \u0219i utilizarea care poate fi f\u0103cut\u0103 de informa\u021biile con\u021binute \u00een acesta este responsabilitatea exclusiv\u0103 a celui care \u00eel realizeaz\u0103. AGROVIN nu va r\u0103spunde de nicio consecin\u021b\u0103, proast\u0103 func\u021bionare, pagub\u0103 sau prejudiciu care ar putea deriva din acest acces sau utilizare a informa\u021biilor str\u0103ine de voin\u021ba sa.<br \/>Utilizatorul \u00ee\u0219i va asuma toate cheltuielile, costurile \u0219i desp\u0103gubirile care ar putea decurge din procesele ini\u021biate \u00eempotriva sa pentru \u00eenc\u0103lcarea celor stabilite \u00een condi\u021biile de utilizare.<\/p><p>AGROVIN nu este responsabil pentru starea conexiunii de acces sau pentru con\u021binutul link-urilor de la ter\u021bi la care se face referire \u00een web.<br \/>Datele care corespund propriet\u0103\u021bii site-ului \u0219i care dau curs articolului 10 din LSSI pot fi consultate \u00een sec\u021biunea Avertisment legal care se afl\u0103 la \u00eenceputul paginii acestui site \u00een Internet.<\/p><p>Scopul acestui site web este descris mai jos: informarea utilizatorilor cu privire la serviciile oferite de AGROVIN, furnizarea informa\u021biilor solicitate de utilizatori \u0219i trimiterea newsletter-ului utilizatorilor care se \u00eenregistreaz\u0103 \u0219i \u00eel solicit\u0103 \u00een cazul \u00een care ofer\u0103 acest serviciu, precum \u0219i primirea de curriculum vitae al utilizatorilor care doresc s\u0103 lucreze \u00een AGROVIN.<\/p><p><strong>2.- PROPRIETATE INTELECTUAL\u0102 \u0218I INDUSTRIAL\u0102.<\/strong><\/p><p>Toate drepturile de Proprietate Industrial\u0103 \u0219i Intelectual\u0103 asupra elementelor care alc\u0103tuiesc designul grafic al site-ului s\u0103u, meniurile, butoanele de navigare, codul HTML, applet-urile Java sau Java Script, comenzile Actives, textele, imaginile, texturile, texturile, grafica \u0219i orice alt con\u021binut al &#8220;site-ului web&#8221; sunt rezervate sau, \u00een orice caz, are autoriza\u021bie pentru utilizarea acestor elemente.<\/p><p>De asemenea, AGROVIN este titularul drepturilor de proprietate industrial\u0103 derivate din utilizarea m\u0103rcilor, a semnelor distinctive \u0219i a denumirilor comerciale, cu excep\u021bia celor corespunz\u0103toare sponsorilor, sponsorilor, agen\u021bilor de publicitate, etc., care pot ap\u0103rea pe aceast\u0103 pagin\u0103 web, precum \u0219i a celor corespunz\u0103toare leg\u0103turilor care pot fi f\u0103cute din aceast\u0103 pagin\u0103 web.<\/p><p>Fotografiile care pot ap\u0103rea pe site-ul web sau prin intermediul unor link-uri c\u0103tre alte pagini nu pot fi utilizate de c\u0103tre utilizator \u00een niciun scop f\u0103r\u0103 autorizarea proprietarului acestora. Utilizarea nejustificat\u0103 a acestora de c\u0103tre utilizator \u00eel va face pe acesta r\u0103spunz\u0103tor \u00een fa\u021ba AGROVIN \u0219i a ter\u021bilor, de daunele cauzate, precum \u0219i de \u00eenc\u0103lc\u0103rile legale care ar putea decurge din utilizarea acestora.<\/p><p>AGROVIN \u00ee\u0219i rezerv\u0103 drepturile de reproducere, modificare, adaptare, comunicare public\u0103, \u00eentre\u021binere, corectare a erorilor, cesiune, v\u00e2nzare, \u00eenchiriere, \u00eemprumut \u0219i\/sau orice alt drept de proprietate intelectual\u0103 sau industrial\u0103 care i-ar putea corespunde asupra con\u021binutului site-ului web. Orice exercitare a drepturilor anterioare, indiferent de modul sau forma \u00een care au fost produse, necesit\u0103 autorizarea prealabil\u0103 \u0219i \u00een scris a AGROVIN.<\/p><p>\u00cen nici un caz, AGROVIN nu va fi responsabil\u0103 pentru eventualele infrac\u021biuni pe care \u00een materie de proprietate intelectual\u0103 \u0219i industrial\u0103 le-ar putea comite orice utilizator al site-ului.<\/p><p>AGROVIN \u00ee\u0219i rezerv\u0103 dreptul de a modifica con\u021binutul \u0219i elementele care integreaz\u0103 site-ul s\u0103u web, f\u0103r\u0103 a fi necesar\u0103 comunicarea prealabil\u0103, atunci c\u00e2nd consider\u0103 c\u0103 este oportun \u00een func\u021bie de exercitarea serviciilor sale.<\/p><p>AGROVIN nu este responsabil pentru integritatea \u0219i veridicitatea con\u021binutului link-urilor c\u0103tre site-urile web la care se poate accesa de pe pagina sa web.<\/p><p>AGROVIN pune la dispozi\u021bia utilizatorilor un grup de profesioni\u0219ti care se ocup\u0103 de actualizarea \u0219i revizuirea veridicit\u0103\u021bii \u0219i integrit\u0103\u021bii con\u021binutului informa\u021biilor turnate pe site-ul web. Cu toate acestea, av\u00e2nd \u00een vedere natura suportului \u0219i posibilele riscuri de \u00eentrerupere a serviciului, de alterare a accesului sau a con\u021binutului site-ului web de c\u0103tre ter\u021bi, AGROVIN exclude orice responsabilitate care ar putea ap\u0103rea din con\u021binutul care apare pe site-ul s\u0103u web.<\/p><p><strong>3.- HYPERLINK-URI.<\/strong><\/p><p>Stabilirea oric\u0103rui hyperlink de pe o pagin\u0103 web extern\u0103 c\u0103tre oricare dintre paginile acestui site web se realizeaz\u0103 \u00een conformitate cu urm\u0103toarele condi\u021bii:<br \/>&#8211; Nu este permis\u0103 reproducerea total\u0103 sau par\u021bial\u0103 a niciunuia dintre serviciile con\u021binute \u00een acest site.<br \/>&#8211; Nu va fi inclus\u0103 nicio declara\u021bie fals\u0103, inexact\u0103 sau incorect\u0103 cu privire la paginile acestui site \u0219i la serviciile sale.<br \/>&#8211; AGROVIN nu va fi responsabil pentru con\u021binutul, informa\u021biile, manifest\u0103rile, opiniile sau serviciile puse la dispozi\u021bia publicului \u00een pagina web de pe care se stabile\u0219te un hyperlink c\u0103tre acest site web.<br \/>&#8211; Orice hyperlink va fi f\u0103cut c\u0103tre pagina principal\u0103 a acestui site. \u00cen cazul \u00een care acestea exist\u0103, hyperlink-urile din acest site vor fi fost validate \u00een prealabil cu proprietarii paginilor web legate, AGROVIN nefiind responsabil\u0103 de activit\u0103\u021bile pe care utilizatorii le desf\u0103\u0219oar\u0103 \u00een aceste pagini legate, \u00een special \u00een cazurile care contravin legii, moralit\u0103\u021bii \u0219i ordinii publice.<\/p><p><strong>4.- VALABILITATEA CONDI\u021aIILOR DE UTILIZARE.<\/strong><\/p><p>Condi\u021biile de utilizare pentru utilizarea acestui site web sunt pe termen nelimitat \u0219i r\u0103m\u00e2n \u00een vigoare at\u00e2t timp c\u00e2t portalul este activ. Utilizatorul recunoa\u0219te c\u0103 a citit aceste condi\u021bii \u0219i c\u0103 este de acord cu ele.<\/p><p><strong>5.- NULITATEA \u0218I EFICACITATEA CLAUZELOR.<\/strong><\/p><p>\u00cen cazul \u00een care orice clauz\u0103 inclus\u0103 \u00een aceste condi\u021bii este declarat\u0103 nul\u0103, nul\u0103 sau ineficace, \u00een totalitate sau par\u021bial, aceast\u0103 nulitate va afecta doar dispozi\u021bia respectiv\u0103 sau partea nul\u0103 sau ineficace, restul condi\u021biilor r\u0103m\u00e2n\u00e2nd \u00een vigoare.<\/p><p><strong>6.- LEGEA APLICABIL\u0102 \u0218I JURISDIC\u021aIA.<\/strong><\/p><p>Prezentele Condi\u021bii de utilizare sunt guvernate de legisla\u021bia spaniol\u0103. \u00cen cazul oric\u0103rui litigiu sau controvers\u0103 legat\u0103 de interpretarea sau aplicarea prezentelor condi\u021bii generale, p\u0103r\u021bile se supun, cu renun\u021barea expres\u0103 la orice alt\u0103 jurisdic\u021bie, instan\u021belor \u0219i tribunalelor din ora\u0219ul Ciudad Real.<\/p><p>\u00a0<\/p><\/div>\t\t\t\t\t\t\t\t<\/div>\n\t\t\t\t<\/div>\n\t\t\t\t\t<\/div>\n\t\t<\/div>\n\t\t\t\t\t<\/div>\n\t\t<\/section>\n\t\t\t\t<\/div>\n\t\t","protected":false},"excerpt":{"rendered":"<p>Condi\u021bii de utilizare \u00a0 1.- PROPRIETATEA, UTILIZAREA RESPONSABIL\u0102 \u0218I SCOPUL SITE-ULUI WEB. Acest site web este proprietatea AGROVIN \u0219i con\u021binutul s\u0103u are un caracter informativ al serviciilor oferite de aceast\u0103 entitate, precum \u0219i pentru a facilita r\u0103spunsul utilizatorilor care solicit\u0103 informa\u021bii prin e-mail sau prin formularele activate \u00een acest sens, primirea de curriculum vitae \u0219i, [&hellip;]<\/p>\n","protected":false},"author":359,"featured_media":0,"parent":0,"menu_order":0,"comment_status":"closed","ping_status":"closed","template":"elementor_header_footer","meta":{"_acf_changed":false,"inline_featured_image":false,"site-sidebar-layout":"default","site-content-layout":"default","ast-site-content-layout":"default","site-content-style":"default","site-sidebar-style":"default","ast-global-header-display":"","ast-banner-title-visibility":"","ast-main-header-display":"","ast-hfb-above-header-display":"","ast-hfb-below-header-display":"","ast-hfb-mobile-header-display":"","site-post-title":"","ast-breadcrumbs-content":"","ast-featured-img":"","footer-sml-layout":"","ast-disable-related-posts":"","theme-transparent-header-meta":"default","adv-header-id-meta":"","stick-header-meta":"","header-above-stick-meta":"","header-main-stick-meta":"","header-below-stick-meta":"","astra-migrate-meta-layouts":"default","ast-page-background-enabled":"default","ast-page-background-meta":{"desktop":{"background-color":"var(--ast-global-color-5)","background-image":"","background-repeat":"repeat","background-position":"center center","background-size":"auto","background-attachment":"scroll","background-type":"","background-media":"","overlay-type":"","overlay-color":"","overlay-opacity":"","overlay-gradient":""},"tablet":{"background-color":"","background-image":"","background-repeat":"repeat","background-position":"center center","background-size":"auto","background-attachment":"scroll","background-type":"","background-media":"","overlay-type":"","overlay-color":"","overlay-opacity":"","overlay-gradient":""},"mobile":{"background-color":"","background-image":"","background-repeat":"repeat","background-position":"center center","background-size":"auto","background-attachment":"scroll","background-type":"","background-media":"","overlay-type":"","overlay-color":"","overlay-opacity":"","overlay-gradient":""}},"ast-content-background-meta":{"desktop":{"background-color":"var(--ast-global-color-4)","background-image":"","background-repeat":"repeat","background-position":"center center","background-size":"auto","background-attachment":"scroll","background-type":"","background-media":"","overlay-type":"","overlay-color":"","overlay-opacity":"","overlay-gradient":""},"tablet":{"background-color":"var(--ast-global-color-4)","background-image":"","background-repeat":"repeat","background-position":"center center","background-size":"auto","background-attachment":"scroll","background-type":"","background-media":"","overlay-type":"","overlay-color":"","overlay-opacity":"","overlay-gradient":""},"mobile":{"background-color":"var(--ast-global-color-4)","background-image":"","background-repeat":"repeat","background-position":"center center","background-size":"auto","background-attachment":"scroll","background-type":"","background-media":"","overlay-type":"","overlay-color":"","overlay-opacity":"","overlay-gradient":""}},"footnotes":""},"class_list":["post-87162","page","type-page","status-publish","hentry"],"acf":[],"_links":{"self":[{"href":"https:\/\/agrovin.com\/ro\/wp-json\/wp\/v2\/pages\/87162","targetHints":{"allow":["GET"]}}],"collection":[{"href":"https:\/\/agrovin.com\/ro\/wp-json\/wp\/v2\/pages"}],"about":[{"href":"https:\/\/agrovin.com\/ro\/wp-json\/wp\/v2\/types\/page"}],"author":[{"embeddable":true,"href":"https:\/\/agrovin.com\/ro\/wp-json\/wp\/v2\/users\/359"}],"replies":[{"embeddable":true,"href":"https:\/\/agrovin.com\/ro\/wp-json\/wp\/v2\/comments?post=87162"}],"version-history":[{"count":3,"href":"https:\/\/agrovin.com\/ro\/wp-json\/wp\/v2\/pages\/87162\/revisions"}],"predecessor-version":[{"id":119149,"href":"https:\/\/agrovin.com\/ro\/wp-json\/wp\/v2\/pages\/87162\/revisions\/119149"}],"wp:attachment":[{"href":"https:\/\/agrovin.com\/ro\/wp-json\/wp\/v2\/media?parent=87162"}],"curies":[{"name":"wp","href":"https:\/\/api.w.org\/{rel}","templated":true}]}}