{"id":86930,"date":"2021-04-07T08:12:16","date_gmt":"2021-04-07T07:12:16","guid":{"rendered":"https:\/\/staging.agrovin.com\/politica-de-privacidad\/"},"modified":"2025-04-03T17:19:28","modified_gmt":"2025-04-03T15:19:28","slug":"politica-de-confidentialitate","status":"publish","type":"page","link":"https:\/\/agrovin.com\/ro\/politica-de-confidentialitate\/","title":{"rendered":"Politica de confiden\u021bialitate"},"content":{"rendered":"\t\t<div data-elementor-type=\"wp-page\" data-elementor-id=\"86930\" class=\"elementor elementor-86930 elementor-49979\" data-elementor-post-type=\"page\">\n\t\t\t\t\t\t<section class=\"elementor-section elementor-top-section elementor-element elementor-element-469c74e5 elementor-section-boxed elementor-section-height-default elementor-section-height-default\" data-id=\"469c74e5\" data-element_type=\"section\" data-e-type=\"section\">\n\t\t\t\t\t\t<div class=\"elementor-container elementor-column-gap-default\">\n\t\t\t\t\t<div class=\"elementor-column elementor-col-100 elementor-top-column elementor-element elementor-element-620733e9\" data-id=\"620733e9\" data-element_type=\"column\" data-e-type=\"column\">\n\t\t\t<div class=\"elementor-widget-wrap elementor-element-populated\">\n\t\t\t\t\t\t<div class=\"elementor-element elementor-element-0fc1110 elementor-widget elementor-widget-heading\" data-id=\"0fc1110\" data-element_type=\"widget\" data-e-type=\"widget\" data-widget_type=\"heading.default\">\n\t\t\t\t<div class=\"elementor-widget-container\">\n\t\t\t\t\t<h1 class=\"elementor-heading-title elementor-size-default\">Politica de confiden\u021bialitate<\/h1>\t\t\t\t<\/div>\n\t\t\t\t<\/div>\n\t\t\t\t<div class=\"elementor-element elementor-element-32a4e03b elementor-widget elementor-widget-text-editor\" data-id=\"32a4e03b\" data-element_type=\"widget\" data-e-type=\"widget\" data-widget_type=\"text-editor.default\">\n\t\t\t\t<div class=\"elementor-widget-container\">\n\t\t\t\t\t\t\t\t\t<p>\u00a0<\/p><p><strong>DATE CU CARACTER PERSONAL \u0218I COOKIE-URI.<\/strong><\/p><p>\u00cen conformitate cu prevederile reglement\u0103rilor privind protec\u021bia datelor, v\u0103 inform\u0103m cu privire la urm\u0103toarele aspecte:<\/p><p>Identificarea operatorului de date:<\/p><ul><li>Identitate: PRODUCTOS AGROVIN, S.A.<\/li><li>Adresa: AVDA. DE LOS VINOS S\/N &#8211; 13600 &#8211; ALC\u00c1ZAR DE SAN JUAN<\/li><li>Telefon: 926 550 200<\/li><li>Adresa de e-mail: <a href=\"mailto:central@agrovin.com\">central@agrovin.com<\/a><\/li><\/ul><p>Con\u021binut \u0219i acceptare<br \/>Utilizatorii sunt informa\u021bi cu privire la prelucrarea \u0219i protec\u021bia datelor cu caracter personal colectate prin intermediul site-ului web, astfel \u00eenc\u00e2t ace\u0219tia s\u0103 poat\u0103 stabili \u00een mod liber \u0219i voluntar dac\u0103 doresc s\u0103 furnizeze datele lor personale prin intermediul acestui site web.<br \/>Accesul \u0219i utilizarea site-ului web implic\u0103 acceptarea integral\u0103 de c\u0103tre utilizator a prezentului document privind prelucrarea datelor cu caracter personal \u0219i se oblig\u0103 s\u0103 respecte pe deplin termenii \u0219i condi\u021biile con\u021binute \u00een acesta. Prin urmare, utilizatorul trebuie s\u0103 citeasc\u0103 cu aten\u021bie acest document privind prelucrarea datelor cu caracter personal de fiecare dat\u0103 c\u00e2nd inten\u021bioneaz\u0103 s\u0103 utilizeze site-ul web, deoarece acesta poate suferi modific\u0103ri.<br \/>Acest document privind prelucrarea datelor cu caracter personal este valabil numai pentru datele cu caracter personal ob\u021binute pe site-ul web \u0219i nu se aplic\u0103 informa\u021biilor colectate de c\u0103tre ter\u021bi pe alte site-uri web, chiar dac\u0103 acestea sunt legate de site-ul web.<\/p><p>Scopul prelucr\u0103rii datelor dumneavoastr\u0103 cu caracter personal:<br \/>Pentru a gestiona navigarea Utilizatorului prin intermediul Site-ului, precum \u0219i pentru a dezvolta \u00een mod corespunz\u0103tor managementul profesional \u0219i rela\u021bia comercial\u0103, precum \u0219i contactul cu clientul pentru a permite furnizarea serviciului. Dorim s\u0103 folosim datele dvs. pentru a v\u0103 oferi produse \u0219i servicii legate de cele solicitate de dvs., chiar \u0219i dup\u0103 \u00eencetarea rela\u021biei comerciale\/contractuale, pentru o perioad\u0103 de 5 ani, \u00een conformitate cu cerin\u021bele legale. Datele cu caracter personal sunt ob\u021binute, de asemenea, pentru a gestiona dosarul de curriculum \u0219i pentru a putea intra \u00een procesele de selec\u021bie de personal care pot fi dezvoltate \u00een func\u021bie de nevoile companiei, precum \u0219i pentru scopurile indicate \u00een fiecare dintre formularele furnizate pe site.<\/p><p>PRODUCTOS AGROVIN, S.A. va prelucra datele cu caracter personal furnizate de c\u0103tre utilizator prin intermediul formularelor corespunz\u0103toare sau prin e-mail, pentru a r\u0103spunde la solicit\u0103rile trimise, pentru a gestiona CV-urile pe care le putem primi, precum \u0219i pentru a trimite informa\u021bii legate de produsele \u0219i serviciile noastre.<br \/>Entitatea va utiliza, de asemenea, dac\u0103 este cazul, informa\u021biile dumneavoastr\u0103 pentru a v\u0103 furniza produsele pe care le-a\u021bi cump\u0103rat \u0219i pentru a v\u0103 factura pentru acestea.<br \/>Se garanteaz\u0103 confiden\u021bialitatea datelor cu caracter personal furnizate \u0219i respectarea tuturor reglement\u0103rilor aplicabile \u00een acest sens.<br \/>Utilizatorii garanteaz\u0103 \u0219i sunt responsabili, \u00een orice caz, pentru veridicitatea, exactitatea, validitatea \u0219i autenticitatea datelor cu caracter personal furnizate \u0219i se angajeaz\u0103 s\u0103 le actualizeze \u00een mod corespunz\u0103tor. De asemenea, utilizatorii garanteaz\u0103 c\u0103 au peste 14 ani. Cu toate acestea, utilizatorii magazinului garanteaz\u0103 c\u0103 sunt majori \u0219i au capacitatea deplin\u0103 de a \u00eencheia contracte.<br \/>De asemenea, prin ap\u0103sarea butonului &#8220;Trimite&#8221; (sau echivalent) \u00eencorporat \u00een formularele men\u021bionate mai sus, utilizatorul declar\u0103 c\u0103 informa\u021biile \u0219i datele furnizate sunt corecte \u0219i veridice.<br \/>Datele furnizate vor fi p\u0103strate at\u00e2t timp c\u00e2t este men\u021binut\u0103 rela\u021bia comercial\u0103 sau pentru anii necesari pentru a respecta obliga\u021biile legale.<br \/>\u00cen cazul \u00een care datele cu caracter personal sunt furnizate de persoane care nu sunt proprietarii acestor date, utilizatorul trebuie, \u00eenainte de a le include, s\u0103 informeze aceste persoane cu privire la punctele cuprinse \u00een paragrafele anterioare. \u00cen aceste cazuri, utilizatorul garanteaz\u0103 c\u0103 datele furnizate sunt mai vechi de 14 ani \u0219i c\u0103 informa\u021biile sunt exacte \u0219i veridice.\u00a0 PRODUCTOS AGROVIN, S.A. va fi exonerat\u0103 de orice responsabilitate pentru ne\u00eendeplinirea de c\u0103tre utilizator a acestor cerin\u021be.<\/p><p>Legitimitatea prelucr\u0103rii datelor dumneavoastr\u0103:<br \/>Temeiul juridic pentru prelucrarea datelor dumneavoastr\u0103 este interesul legitim de a r\u0103spunde la solicit\u0103rile trimise de dumneavoastr\u0103.<br \/>De asemenea, se solicit\u0103 consim\u021b\u0103m\u00e2ntul expres pentru acele scopuri care nu sunt prev\u0103zute \u00een cazurile anterioare, cum ar fi trimiterea de informa\u021bii comerciale. \u00cen cazul \u00een care v\u0103 da\u021bi consim\u021b\u0103m\u00e2ntul, prin intermediul c\u0103su\u021bei care va ap\u0103rea \u00een formularele de colectare a datelor, PRODUCTOS AGROVIN, S.A. ar putea contacta utilizatorul prin po\u0219t\u0103, e-mail, SMS, sau orice alt mijloc de comunicare electronic\u0103 echivalent, pentru a trimite comunic\u0103ri comerciale legate de produsele \u0219i\/sau serviciile pe care le oferim.<br \/>\u00cen cazul \u00een care, la un moment dat, utilizatorul nu dore\u0219te s\u0103 continue s\u0103 primeasc\u0103 comunic\u0103ri de aceast\u0103 natur\u0103, acesta \u00ee\u0219i poate revoca consim\u021b\u0103m\u00e2ntul prin trimiterea unei notific\u0103ri la urm\u0103toarea adres\u0103 <a>central@agrovin.com<\/a>, furniz\u00e2nd o copie a unui document care s\u0103 ateste identitatea dumneavoastr\u0103 sau utiliz\u00e2nd link-ul prev\u0103zut \u00een acest scop \u00een comunic\u0103rile comerciale pe care le primi\u021bi.<br \/>V\u0103 pute\u021bi revoca \u00een orice moment consim\u021b\u0103m\u00e2ntul pentru prelucrarea datelor dumneavoastr\u0103, contact\u00e2ndu-ne la urm\u0103toarea adres\u0103\u00a0<a href=\"mailto:central@agrovin.com\">central@agrovin.com<\/a><\/p><p>Comunicarea sau transferul de date \u0219i transferurile interna\u021bionale de date:<br \/>Datele cu caracter personal ale Utilizatorului nu vor fi comunicate unor societ\u0103\u021bi ter\u021be f\u0103r\u0103 informarea \u0219i ob\u021binerea consim\u021b\u0103m\u00e2ntului prealabil al acestora, cu excep\u021bia cazului \u00een care exist\u0103 o obliga\u021bie legal\u0103.\u00a0Aceste informa\u021bii se vor reg\u0103si pe diferitele formulare de colectare a datelor, oferind \u00een prealabil utilizatorului posibilitatea de a accepta sau nu transferul, \u00een func\u021bie de scopul urm\u0103rit.<br \/>Nu exist\u0103 transferuri interna\u021bionale de date.<\/p><p>Cookie-uri<br \/>La fel ca \u0219i alte site-uri web cu con\u021binut comercial, site-ul web utilizeaz\u0103 o tehnologie numit\u0103 &#8220;cookies&#8221;. Informa\u021bii detaliate despre modul \u00een care PRODUCTOS AGROVIN, S.A. utilizeaz\u0103 cookie-urile sunt disponibile pentru utilizator \u00een Politica privind cookie-urile. Pute\u021bi consulta Politica privind modulele<span style=\"font-size: 16px;\"> Cookie\u00a0<\/span><a style=\"font-size: 16px; background-color: #ffffff;\" href=\"https:\/\/agrovin.com\/ro\/politica-de-cookies\/\" target=\"_blank\" rel=\"noopener noreferrer\">aqu\u00ed.<\/a><\/p><p>Drepturi:<br \/>Orice persoan\u0103 are dreptul de a ob\u021bine confirmarea faptului c\u0103 la PRODUCTOS AGROVIN, S.A. se prelucreaz\u0103 date cu caracter personal care o privesc \u0219i, \u00een caz afirmativ, dreptul de a avea acces la datele sale cu caracter personal, scopurile prelucr\u0103rii \u0219i categoriile de date cu caracter personal \u00een cauz\u0103.<br \/>De asemenea, ave\u021bi dreptul de a solicita rectificarea datelor inexacte sau, dac\u0103 este cazul, de a solicita \u0219tergerea acestora \u00een cazul \u00een care datele nu mai sunt necesare \u00een scopurile pentru care au fost colectate; consim\u021b\u0103m\u00e2ntul pe care se bazeaz\u0103 prelucrarea a fost retras sau v\u0103 opune\u021bi prelucr\u0103rii; datele cu caracter personal au fost prelucrate \u00een mod ilegal; sau acestea trebuie \u0219terse pentru a respecta o obliga\u021bie legal\u0103 \u00een temeiul dreptului Uniunii sau al unui stat membru.<br \/>Pute\u021bi solicita restric\u021bionarea prelucr\u0103rii datelor dvs. \u00een cazul \u00een care: contesta\u021bi exactitatea datelor cu caracter personal pentru o perioad\u0103 de timp care s\u0103 permit\u0103 operatorului s\u0103 verifice exactitatea datelor cu caracter personal; prelucrarea este ilegal\u0103, iar persoana vizat\u0103 se opune \u0219tergerii datelor cu caracter personal \u0219i solicit\u0103 \u00een schimb restric\u021bionarea utiliz\u0103rii acestora; operatorul nu mai are nevoie de datele cu caracter personal \u00een scopul prelucr\u0103rii, dar persoana vizat\u0103 are nevoie de acestea pentru constatarea, exercitarea sau ap\u0103rarea crean\u021belor; sau persoana vizat\u0103 s-a opus prelucr\u0103rii, \u00een timp ce noi verific\u0103m dac\u0103 motivele legitime ale operatorului prevaleaz\u0103 asupra celor ale persoanei vizate. \u00cen astfel de cazuri, vom p\u0103stra datele numai \u00een scopul urm\u0103ririi sau al ap\u0103r\u0103rii \u00een cazul unor reclama\u021bii.<br \/>\u00cen anumite circumstan\u021be \u0219i din motive legate de situa\u021bia dumneavoastr\u0103 particular\u0103, v\u0103 pute\u021bi opune prelucr\u0103rii datelor dumneavoastr\u0103. PRODUCTOS AGROVIN, S.A. va \u00eenceta prelucrarea datelor, cu excep\u021bia unor motive legitime imperioase sau a exercit\u0103rii sau ap\u0103r\u0103rii unor eventuale preten\u021bii.<br \/>Ve\u021bi avea dreptul de a primi datele cu caracter personal care v\u0103 privesc, pe care le-a\u021bi furnizat, \u00eentr-un format structurat, \u0219i de a le transmite unui alt operator de date, f\u0103r\u0103 a fi \u00eempiedicat de c\u0103tre operatorul de date c\u0103ruia i le-a\u021bi furnizat, atunci c\u00e2nd prelucrarea se bazeaz\u0103 pe consim\u021b\u0103m\u00e2nt sau c\u00e2nd prelucrarea este efectuat\u0103 prin mijloace automatizate.<br \/>\u00cen cazul \u00een care persoanele \u00een cauz\u0103 \u00ee\u0219i exercit\u0103 drepturile de acces, rectificare, \u0219tergere \u0219i opozi\u021bie, de restric\u021bionare a prelucr\u0103rii, de portabilitate a datelor \u0219i dreptul de a nu face obiectul unor decizii individualizate \u0219i automatizate, acestea trebuie s\u0103 comunice acest lucru prin e-mail la urm\u0103toarea adres\u0103 <a href=\"mailto:central@agrovin.com\">central@agrovin.com<\/a>.<\/p><p>De asemenea, pute\u021bi depune o pl\u00e2ngere la Agen\u021bia Spaniol\u0103 pentru Protec\u021bia Datelor, \u00een special atunci c\u00e2nd nu a\u021bi ob\u021binut satisfac\u021bie \u00een exercitarea drepturilor dumneavoastr\u0103, prin intermediul sediului electronic de la <a href=\"https:\/\/www.aepd.es\/\" target=\"_blank\" rel=\"noopener noreferrer\">www.aepd.es<\/a>.<\/p><p>Origine:<br \/>Datele cu caracter personal pe care le prelucr\u0103m \u00een PRODUCTOS AGROVIN, S.A. provin de la partea interesat\u0103 \u0219i sunt furnizate prin intermediul formularelor puse la dispozi\u021bie pe site-ul web.<\/p><p>Confiden\u021bialitate<br \/>Datele cu caracter personal pe care PRODUCTOS AGROVIN, S.A. le poate colecta prin intermediul Site-ului sau prin intermediul diferitelor comunic\u0103ri pe care le \u00eentre\u021bine cu Utilizatorul vor fi tratate cu o confiden\u021bialitate absolut\u0103, PRODUCTOS AGROVIN, S.A. angaj\u00e2ndu-se s\u0103 le p\u0103streze secrete \u0219i garant\u00e2nd obliga\u021bia de a le p\u0103stra, adopt\u00e2nd toate m\u0103surile necesare pentru a evita alterarea, pierderea, tratarea sau accesul neautorizat la acestea, \u00een conformitate cu prevederile legisla\u021biei aplicabile.<\/p><p>Securitate<br \/>PRODUCTOS AGROVIN, S.A. a implementat \u0219i men\u021bine niveluri adecvate de securitate pentru a proteja datele cu caracter personal ale utilizatorului \u00eempotriva pierderii accidentale \u0219i a accesului, prelucr\u0103rii sau divulg\u0103rii neautorizate, \u021bin\u00e2nd cont de stadiul tehnologic, de natura datelor stocate \u0219i de riscurile la care sunt expuse.<\/p>\t\t\t\t\t\t\t\t<\/div>\n\t\t\t\t<\/div>\n\t\t\t\t\t<\/div>\n\t\t<\/div>\n\t\t\t\t\t<\/div>\n\t\t<\/section>\n\t\t\t\t<\/div>\n\t\t","protected":false},"excerpt":{"rendered":"<p>Politica de confiden\u021bialitate \u00a0 DATE CU CARACTER PERSONAL \u0218I COOKIE-URI. \u00cen conformitate cu prevederile reglement\u0103rilor privind protec\u021bia datelor, v\u0103 inform\u0103m cu privire la urm\u0103toarele aspecte: Identificarea operatorului de date: Identitate: PRODUCTOS AGROVIN, S.A. Adresa: AVDA. DE LOS VINOS S\/N &#8211; 13600 &#8211; ALC\u00c1ZAR DE SAN JUAN Telefon: 926 550 200 Adresa de e-mail: central@agrovin.com Con\u021binut [&hellip;]<\/p>\n","protected":false},"author":359,"featured_media":0,"parent":0,"menu_order":0,"comment_status":"closed","ping_status":"closed","template":"elementor_header_footer","meta":{"_acf_changed":false,"inline_featured_image":false,"site-sidebar-layout":"default","site-content-layout":"","ast-site-content-layout":"default","site-content-style":"default","site-sidebar-style":"default","ast-global-header-display":"","ast-banner-title-visibility":"","ast-main-header-display":"","ast-hfb-above-header-display":"","ast-hfb-below-header-display":"","ast-hfb-mobile-header-display":"","site-post-title":"","ast-breadcrumbs-content":"","ast-featured-img":"","footer-sml-layout":"","ast-disable-related-posts":"","theme-transparent-header-meta":"","adv-header-id-meta":"","stick-header-meta":"","header-above-stick-meta":"","header-main-stick-meta":"","header-below-stick-meta":"","astra-migrate-meta-layouts":"default","ast-page-background-enabled":"default","ast-page-background-meta":{"desktop":{"background-color":"var(--ast-global-color-5)","background-image":"","background-repeat":"repeat","background-position":"center center","background-size":"auto","background-attachment":"scroll","background-type":"","background-media":"","overlay-type":"","overlay-color":"","overlay-opacity":"","overlay-gradient":""},"tablet":{"background-color":"","background-image":"","background-repeat":"repeat","background-position":"center center","background-size":"auto","background-attachment":"scroll","background-type":"","background-media":"","overlay-type":"","overlay-color":"","overlay-opacity":"","overlay-gradient":""},"mobile":{"background-color":"","background-image":"","background-repeat":"repeat","background-position":"center center","background-size":"auto","background-attachment":"scroll","background-type":"","background-media":"","overlay-type":"","overlay-color":"","overlay-opacity":"","overlay-gradient":""}},"ast-content-background-meta":{"desktop":{"background-color":"var(--ast-global-color-4)","background-image":"","background-repeat":"repeat","background-position":"center center","background-size":"auto","background-attachment":"scroll","background-type":"","background-media":"","overlay-type":"","overlay-color":"","overlay-opacity":"","overlay-gradient":""},"tablet":{"background-color":"var(--ast-global-color-4)","background-image":"","background-repeat":"repeat","background-position":"center center","background-size":"auto","background-attachment":"scroll","background-type":"","background-media":"","overlay-type":"","overlay-color":"","overlay-opacity":"","overlay-gradient":""},"mobile":{"background-color":"var(--ast-global-color-4)","background-image":"","background-repeat":"repeat","background-position":"center center","background-size":"auto","background-attachment":"scroll","background-type":"","background-media":"","overlay-type":"","overlay-color":"","overlay-opacity":"","overlay-gradient":""}},"footnotes":""},"class_list":["post-86930","page","type-page","status-publish","hentry"],"acf":[],"_links":{"self":[{"href":"https:\/\/agrovin.com\/ro\/wp-json\/wp\/v2\/pages\/86930","targetHints":{"allow":["GET"]}}],"collection":[{"href":"https:\/\/agrovin.com\/ro\/wp-json\/wp\/v2\/pages"}],"about":[{"href":"https:\/\/agrovin.com\/ro\/wp-json\/wp\/v2\/types\/page"}],"author":[{"embeddable":true,"href":"https:\/\/agrovin.com\/ro\/wp-json\/wp\/v2\/users\/359"}],"replies":[{"embeddable":true,"href":"https:\/\/agrovin.com\/ro\/wp-json\/wp\/v2\/comments?post=86930"}],"version-history":[{"count":3,"href":"https:\/\/agrovin.com\/ro\/wp-json\/wp\/v2\/pages\/86930\/revisions"}],"predecessor-version":[{"id":119122,"href":"https:\/\/agrovin.com\/ro\/wp-json\/wp\/v2\/pages\/86930\/revisions\/119122"}],"wp:attachment":[{"href":"https:\/\/agrovin.com\/ro\/wp-json\/wp\/v2\/media?parent=86930"}],"curies":[{"name":"wp","href":"https:\/\/api.w.org\/{rel}","templated":true}]}}