{"id":78213,"date":"2022-06-10T09:19:44","date_gmt":"2022-06-10T08:19:44","guid":{"rendered":"https:\/\/staging.agrovin.com\/proiecte-rdi\/factorii-care-influenteaza-calitatea-coniacului-si-noile-sisteme-de-producere-a-coniacului-de-la-podgorie-pana-la-imbuteliere\/"},"modified":"2025-06-26T09:41:37","modified_gmt":"2025-06-26T07:41:37","slug":"factorii-care-influenteaza-calitatea-coniacului-si-noile-sisteme-de-producere-a-coniacului-de-la-podgorie-pana-la-imbuteliere","status":"publish","type":"page","link":"https:\/\/agrovin.com\/ro\/proiecte-de-cd\/factorii-care-influenteaza-calitatea-coniacului-si-noile-sisteme-de-producere-a-coniacului-de-la-podgorie-pana-la-imbuteliere\/","title":{"rendered":"Factorii care influen\u021beaz\u0103 calitatea coniacului \u0219i noile sisteme de producere a coniacului, de la podgorie p\u00e2n\u0103 la \u00eembuteliere"},"content":{"rendered":"\t\t<div data-elementor-type=\"wp-page\" data-elementor-id=\"78213\" class=\"elementor elementor-78213 elementor-64442\" data-elementor-post-type=\"page\">\n\t\t\t\t\t\t<section class=\"elementor-section elementor-top-section elementor-element elementor-element-ec735a8 elementor-section-height-min-height elementor-section-boxed elementor-section-height-default elementor-section-items-middle\" data-id=\"ec735a8\" data-element_type=\"section\" data-e-type=\"section\" data-settings=\"{&quot;background_background&quot;:&quot;classic&quot;}\">\n\t\t\t\t\t\t<div class=\"elementor-container elementor-column-gap-default\">\n\t\t\t\t\t<div class=\"elementor-column elementor-col-100 elementor-top-column elementor-element elementor-element-d941932\" data-id=\"d941932\" data-element_type=\"column\" data-e-type=\"column\">\n\t\t\t<div class=\"elementor-widget-wrap\">\n\t\t\t\t\t\t\t<\/div>\n\t\t<\/div>\n\t\t\t\t\t<\/div>\n\t\t<\/section>\n\t\t\t\t<section class=\"elementor-section elementor-top-section elementor-element elementor-element-a4d5b87 elementor-section-boxed elementor-section-height-default elementor-section-height-default\" data-id=\"a4d5b87\" data-element_type=\"section\" data-e-type=\"section\">\n\t\t\t\t\t\t<div class=\"elementor-container elementor-column-gap-default\">\n\t\t\t\t\t<div class=\"elementor-column elementor-col-100 elementor-top-column elementor-element elementor-element-e7e0fa0\" data-id=\"e7e0fa0\" data-element_type=\"column\" data-e-type=\"column\">\n\t\t\t<div class=\"elementor-widget-wrap elementor-element-populated\">\n\t\t\t\t\t\t<div class=\"elementor-element elementor-element-21115cc elementor-widget elementor-widget-heading\" data-id=\"21115cc\" data-element_type=\"widget\" data-e-type=\"widget\" data-widget_type=\"heading.default\">\n\t\t\t\t<div class=\"elementor-widget-container\">\n\t\t\t\t\t<h1 class=\"elementor-heading-title elementor-size-default\">Factorii care influen\u021beaz\u0103 calitatea coniacului \u0219i noile sisteme de producere a coniacului, de la podgorie p\u00e2n\u0103 la \u00eembuteliere.<\/h1>\t\t\t\t<\/div>\n\t\t\t\t<\/div>\n\t\t\t\t<div class=\"elementor-element elementor-element-643ffd4 elementor-widget elementor-widget-text-editor\" data-id=\"643ffd4\" data-element_type=\"widget\" data-e-type=\"widget\" data-widget_type=\"text-editor.default\">\n\t\t\t\t<div class=\"elementor-widget-container\">\n\t\t\t\t\t\t\t\t\t<p><strong>OBIECTIV: <\/strong>Proiectul consor\u021biului BESTBRANDY \u00ee\u0219i propune s\u0103 \u00eentreprind\u0103 un proiect cuprinz\u0103tor de cercetare \u0219i dezvoltare 2016-2018 privind \u00eembun\u0103t\u0103\u021birea produselor \u0219i proceselor din podgorie, vinificare, distilare, \u00eenvechire \u0219i ambalare a coniacului, cu scopul de a \u00eembun\u0103t\u0103\u021bi competitivitatea companiilor participante prin generarea de cuno\u0219tin\u021be \u0219i aplicarea a ceea ce exist\u0103 deja din punct de vedere tehnico-\u0219tiin\u021bific. Urm\u0103toarele centre de cercetare particip\u0103 la acest proiect \u00een calitate de entit\u0103\u021bi subcontractate: Universitatea Politehnic\u0103 din Madrid, CEBAS-CSIC Murcia, Universitatea din Cadiz, IFAPA Rancho de la Merced \u0219i INIA, cu scopul de a impulsiona colaborarea public-privat\u0103 pentru perioada 2016-2018, capabil\u0103 s\u0103 \u00eendeplineasc\u0103 obiectivele tehnice ambi\u021bioase stabilite \u00een raportul tehnic prezentat \u00een cadrul cererii de propuneri multiregionale Innterconecta 2016..<\/p><p><strong>CONVOCATOR:<\/strong>\u00a0CDTI PROGRAMA FEDER-INNTERCONECTA 2016.<\/p><p><strong>TITLUL PROIECTULUI:<\/strong>\u00a0Factorii care influen\u021beaz\u0103 calitatea coniacului \u0219i noile sisteme de producere a coniacului, de la podgorie p\u00e2n\u0103 la \u00eembuteliere.<\/p><p><strong>DURATA PROIECTULUI:<\/strong>\u00a01\/7\/2016 p\u00e2n\u0103 la 31\/12\/2018<\/p><p><strong>ACRONIM:<\/strong>\u00a0BESTBRANDY<\/p>\t\t\t\t\t\t\t\t<\/div>\n\t\t\t\t<\/div>\n\t\t\t\t<div class=\"elementor-element elementor-element-5666aa4 elementor-widget elementor-widget-button\" data-id=\"5666aa4\" data-element_type=\"widget\" data-e-type=\"widget\" data-widget_type=\"button.default\">\n\t\t\t\t<div class=\"elementor-widget-container\">\n\t\t\t\t\t\t\t\t\t<div class=\"elementor-button-wrapper\">\n\t\t\t\t\t<a class=\"elementor-button elementor-button-link elementor-size-sm\" href=\"https:\/\/agrovin.com\/agrv\/pdf\/ficha_proyectos\/Ficha_tecnica_BESTBRANDY2.pdf\" target=\"_blank\" rel=\"nofollow\" download=\"https:\/\/agrovin.com\/agrv\/pdf\/ficha_proyectos\/Ficha_tecnica_BESTBRANDY2.pdf\">\n\t\t\t\t\t\t<span class=\"elementor-button-content-wrapper\">\n\t\t\t\t\t\t\t\t\t<span class=\"elementor-button-text\">Fi\u0219a tehnic\u0103 a proiectului<\/span>\n\t\t\t\t\t<\/span>\n\t\t\t\t\t<\/a>\n\t\t\t\t<\/div>\n\t\t\t\t\t\t\t\t<\/div>\n\t\t\t\t<\/div>\n\t\t\t\t\t<\/div>\n\t\t<\/div>\n\t\t\t\t\t<\/div>\n\t\t<\/section>\n\t\t\t\t<section class=\"elementor-section elementor-top-section elementor-element elementor-element-3b2b625 elementor-section-boxed elementor-section-height-default elementor-section-height-default\" data-id=\"3b2b625\" data-element_type=\"section\" data-e-type=\"section\">\n\t\t\t\t\t\t<div class=\"elementor-container elementor-column-gap-default\">\n\t\t\t\t\t<div class=\"elementor-column elementor-col-100 elementor-top-column elementor-element elementor-element-f50fb92\" data-id=\"f50fb92\" data-element_type=\"column\" data-e-type=\"column\">\n\t\t\t<div class=\"elementor-widget-wrap elementor-element-populated\">\n\t\t\t\t\t\t<div class=\"elementor-element elementor-element-0688614 elementor-widget elementor-widget-heading\" data-id=\"0688614\" data-element_type=\"widget\" data-e-type=\"widget\" data-widget_type=\"heading.default\">\n\t\t\t\t<div class=\"elementor-widget-container\">\n\t\t\t\t\t<h2 class=\"elementor-heading-title elementor-size-default\">Interviu cu Mar Albendea Roa, director al laboratorului \u2013 AGROVIN:<\/h2>\t\t\t\t<\/div>\n\t\t\t\t<\/div>\n\t\t\t\t<div class=\"elementor-element elementor-element-7c70004 elementor-widget elementor-widget-text-editor\" data-id=\"7c70004\" data-element_type=\"widget\" data-e-type=\"widget\" data-widget_type=\"text-editor.default\">\n\t\t\t\t<div class=\"elementor-widget-container\">\n\t\t\t\t\t\t\t\t\t<div><div><p><strong><em>\u201c<\/em><\/strong> <strong><em>Acest proiect va reprezenta un uria\u0219 pas \u00eenainte \u00een produc\u021bia de coniac de calitate, datorit\u0103 cercet\u0103rilor efectuate \u00een podgorii \u0219i \u00een tehnicile de vinifica\u021bie.\u201d<\/em><\/strong><\/p><h4>1. Care este contribu\u021bia \u0219i activitatea Agrovin \u00een cadrul proiectului?\u00a0<\/h4><\/div><div><p><em>\u00cen dezvoltarea de strategii pentru ob\u021binerea de coniacuri de calitate, reduc\u00e2nd \u00een acela\u0219i timp costurile de produc\u021bie. \u00cen special, speciali\u0219tii tehnici ai companiei noastre au contribuit cu cuno\u0219tin\u021bele lor \u00een domeniul microbiologiei oenologice, al nutri\u021biei drojdiei \u0219i al tehnicilor de ultim\u0103 or\u0103 din acest sector, cum ar fi aplicarea ultrasunetelor..<\/em><\/p><h4>2. Care este rolul dumneavoastr\u0103 \u00een cadrul proiectului \u00een cadrul echipei tehnice a companiei dumneavoastr\u0103 Agrovin?<\/h4><\/div><div><p><em>Manager de proiect. Am fost implicat direct \u00een dezvoltarea fiec\u0103rei experien\u021be, \u00een monitorizarea analizelor \u0219i \u00een redactarea rapoartelor..<\/em><\/p><h4>3. Ce \u00eenseamn\u0103 pentru Agrovin s\u0103 participe la un proiect de o asemenea anvergur\u0103?<\/h4><\/div><div><p><em>Participarea Agrovin la acest proiect este o dovad\u0103 a angajamentului ferm al companiei noastre de a investi \u00een proiecte de cercetare, dezvoltare \u0219i inovare ca for\u021b\u0103 motrice pentru inova\u021bie \u0219i \u00eembun\u0103t\u0103\u021bire continu\u0103 \u00een sectorul vitivinicol..\u00a0<\/em><\/p><h4>4. Care sunt obiectivele dumneavoastr\u0103 concrete \u00een cadrul Bestbrandy?<\/h4><\/div><div><p><em>Elaborarea de noi strategii de vinificare pentru a cre\u0219te randamentul alcoolic al vinurilor \u0219i pentru a dezvolta strategii de accelerare a \u00eenvechirii coniacului \u00een butoaie..<\/em><\/p><h4>5. Cum v\u0103 coordona\u021bi activitatea cu toate companiile care fac parte din consor\u021biu \u0219i cu centrele de cercetare?<\/h4><\/div><div><p><em>Prin \u00eent\u00e2lniri de monitorizare, prin e-mail \u0219i telefon..\u00a0<\/em><\/p><h4>6. Ce crede\u021bi c\u0103 va \u00eensemna contribu\u021bia Bestbrandy pentru sectorul spaniol al coniacului?<\/h4><\/div><div><p><em>Acest proiect va \u00eensemna un progres enorm \u00een produc\u021bia de coniac de calitate, datorit\u0103 cercet\u0103rilor efectuate \u00een podgorii \u0219i \u00een tehnicile de vinifica\u021bie. Pe l\u00e2ng\u0103 aceast\u0103 valoare ad\u0103ugat\u0103, costurile de produc\u021bie vor fi reduse prin utilizarea unor tehnici \u0219i tehnologii de ultim\u0103 or\u0103 \u00een acest sector, care reduc consumul de energie \u0219i munca operatorilor din crame. \u0218i pentru industria vinului \u00een general? \u00cembun\u0103t\u0103\u021birea continu\u0103 a calit\u0103\u021bii tuturor proceselor implicate \u00een produc\u021bia de vinuri destinate produc\u021biei de coniac..<\/em>\u00a0<\/p><\/div><div>\u00a0<\/div><h4>7. \u00cen cele din urm\u0103, cu c\u00e2teva luni \u00eenainte de \u00eencheierea proiectului, ce obiective a\u021bi putea considera c\u0103 au fost atinse?<\/h4><div><p><em>Utilizarea de noi tehnici pentru a reduce timpul de \u00eenvechire a coniacului \u00een butoaie. Tehnica cu ultrasunete (Perseus System) permite ob\u021binerea \u00een c\u00e2teva ore a unor produse &#8220;pre\u00eenvechite&#8221;, care vor avea nevoie de mai pu\u021bin timp \u00een butoaie. Utilizarea acestei tehnici a fost postulat\u0103 ca un avantaj competitiv \u00een produc\u021bia acestor distilate prin reducerea costurilor de produc\u021bie..<\/em><\/p><h4>8. Personal, pentru tine \u0219i pentru cariera ta profesional\u0103, po\u021bi s\u0103 enumeri cele mai pozitive aspecte pe care le re\u021bii din participarea ta la Bestbrandy?.<\/h4><\/div><div><span style=\"font-size: 16px;\"><em>Colaborarea cu centre de cercetare \u0219i crame spaniole de prestigiu. Accesa\u021bi toate informa\u021biile despre proiect la adresa<\/em>:\u00a0 <\/span><a style=\"font-size: 16px; background-color: #ffffff;\" href=\"http:\/\/bestbrandy.es\/\" target=\"_blank\" rel=\"noopener noreferrer\">https:\/\/bestbrandy.es\/<\/a><\/div><\/div>\t\t\t\t\t\t\t\t<\/div>\n\t\t\t\t<\/div>\n\t\t\t\t\t<\/div>\n\t\t<\/div>\n\t\t\t\t\t<\/div>\n\t\t<\/section>\n\t\t\t\t<section class=\"elementor-section elementor-top-section elementor-element elementor-element-88f4a71 elementor-section-boxed elementor-section-height-default elementor-section-height-default\" data-id=\"88f4a71\" data-element_type=\"section\" data-e-type=\"section\">\n\t\t\t\t\t\t<div class=\"elementor-container elementor-column-gap-default\">\n\t\t\t\t\t<div class=\"elementor-column elementor-col-33 elementor-top-column elementor-element elementor-element-5affb30\" data-id=\"5affb30\" data-element_type=\"column\" data-e-type=\"column\">\n\t\t\t<div class=\"elementor-widget-wrap elementor-element-populated\">\n\t\t\t\t\t\t<div class=\"elementor-element elementor-element-80cce10 elementor-widget elementor-widget-image\" data-id=\"80cce10\" data-element_type=\"widget\" data-e-type=\"widget\" data-widget_type=\"image.default\">\n\t\t\t\t<div class=\"elementor-widget-container\">\n\t\t\t\t\t\t\t\t\t\t\t\t\t\t\t<img decoding=\"async\" width=\"336\" height=\"87\" src=\"https:\/\/agrovin.com\/wp-content\/uploads\/2022\/02\/BESTBRANDY-1.jpg\" class=\"attachment-large size-large wp-image-75365\" alt=\"\" srcset=\"https:\/\/agrovin.com\/wp-content\/uploads\/2022\/02\/BESTBRANDY-1.jpg 336w, https:\/\/agrovin.com\/wp-content\/uploads\/2022\/02\/BESTBRANDY-1-300x78.jpg 300w, https:\/\/agrovin.com\/wp-content\/uploads\/2022\/02\/BESTBRANDY-1-270x70.jpg 270w\" sizes=\"(max-width: 336px) 100vw, 336px\" title=\"\">\t\t\t\t\t\t\t\t\t\t\t\t\t\t\t<\/div>\n\t\t\t\t<\/div>\n\t\t\t\t<div class=\"elementor-element elementor-element-3b787fd elementor-widget elementor-widget-image\" data-id=\"3b787fd\" data-element_type=\"widget\" data-e-type=\"widget\" data-widget_type=\"image.default\">\n\t\t\t\t<div class=\"elementor-widget-container\">\n\t\t\t\t\t\t\t\t\t\t\t\t\t\t\t<img decoding=\"async\" width=\"299\" height=\"76\" src=\"https:\/\/agrovin.com\/wp-content\/uploads\/2022\/02\/agrovin-ue.jpg\" class=\"attachment-large size-large wp-image-74880\" alt=\"\" srcset=\"https:\/\/agrovin.com\/wp-content\/uploads\/2022\/02\/agrovin-ue.jpg 299w, https:\/\/agrovin.com\/wp-content\/uploads\/2022\/02\/agrovin-ue-270x69.jpg 270w\" sizes=\"(max-width: 299px) 100vw, 299px\" title=\"\">\t\t\t\t\t\t\t\t\t\t\t\t\t\t\t<\/div>\n\t\t\t\t<\/div>\n\t\t\t\t\t<\/div>\n\t\t<\/div>\n\t\t\t\t<div class=\"elementor-column elementor-col-33 elementor-top-column elementor-element elementor-element-b501eba\" data-id=\"b501eba\" data-element_type=\"column\" data-e-type=\"column\">\n\t\t\t<div class=\"elementor-widget-wrap elementor-element-populated\">\n\t\t\t\t\t\t<div class=\"elementor-element elementor-element-4f1f5a9 elementor-widget elementor-widget-image\" data-id=\"4f1f5a9\" data-element_type=\"widget\" data-e-type=\"widget\" data-widget_type=\"image.default\">\n\t\t\t\t<div class=\"elementor-widget-container\">\n\t\t\t\t\t\t\t\t\t\t\t\t\t\t\t<img decoding=\"async\" width=\"350\" height=\"100\" src=\"https:\/\/agrovin.com\/wp-content\/uploads\/2022\/02\/CDTI-350x100-1.jpg\" class=\"attachment-large size-large wp-image-75370\" alt=\"\" srcset=\"https:\/\/agrovin.com\/wp-content\/uploads\/2022\/02\/CDTI-350x100-1.jpg 350w, https:\/\/agrovin.com\/wp-content\/uploads\/2022\/02\/CDTI-350x100-1-300x86.jpg 300w, https:\/\/agrovin.com\/wp-content\/uploads\/2022\/02\/CDTI-350x100-1-270x77.jpg 270w\" sizes=\"(max-width: 350px) 100vw, 350px\" title=\"\">\t\t\t\t\t\t\t\t\t\t\t\t\t\t\t<\/div>\n\t\t\t\t<\/div>\n\t\t\t\t\t<\/div>\n\t\t<\/div>\n\t\t\t\t<div class=\"elementor-column elementor-col-33 elementor-top-column elementor-element elementor-element-cf15c80\" data-id=\"cf15c80\" data-element_type=\"column\" data-e-type=\"column\">\n\t\t\t<div class=\"elementor-widget-wrap\">\n\t\t\t\t\t\t\t<\/div>\n\t\t<\/div>\n\t\t\t\t\t<\/div>\n\t\t<\/section>\n\t\t\t\t<\/div>\n\t\t","protected":false},"excerpt":{"rendered":"<p>Factorii care influen\u021beaz\u0103 calitatea coniacului \u0219i noile sisteme de producere a coniacului, de la podgorie p\u00e2n\u0103 la \u00eembuteliere. OBIECTIV: Proiectul consor\u021biului BESTBRANDY \u00ee\u0219i propune s\u0103 \u00eentreprind\u0103 un proiect cuprinz\u0103tor de cercetare \u0219i dezvoltare 2016-2018 privind \u00eembun\u0103t\u0103\u021birea produselor \u0219i proceselor din podgorie, vinificare, distilare, \u00eenvechire \u0219i ambalare a coniacului, cu scopul de a \u00eembun\u0103t\u0103\u021bi competitivitatea companiilor [&hellip;]<\/p>\n","protected":false},"author":359,"featured_media":0,"parent":78208,"menu_order":0,"comment_status":"closed","ping_status":"closed","template":"","meta":{"_acf_changed":false,"inline_featured_image":false,"site-sidebar-layout":"no-sidebar","site-content-layout":"page-builder","ast-site-content-layout":"full-width-container","site-content-style":"unboxed","site-sidebar-style":"unboxed","ast-global-header-display":"","ast-banner-title-visibility":"","ast-main-header-display":"","ast-hfb-above-header-display":"","ast-hfb-below-header-display":"","ast-hfb-mobile-header-display":"","site-post-title":"disabled","ast-breadcrumbs-content":"","ast-featured-img":"disabled","footer-sml-layout":"","ast-disable-related-posts":"","theme-transparent-header-meta":"default","adv-header-id-meta":"","stick-header-meta":"","header-above-stick-meta":"","header-main-stick-meta":"","header-below-stick-meta":"","astra-migrate-meta-layouts":"set","ast-page-background-enabled":"default","ast-page-background-meta":{"desktop":{"background-color":"var(--ast-global-color-5)","background-image":"","background-repeat":"repeat","background-position":"center center","background-size":"auto","background-attachment":"scroll","background-type":"","background-media":"","overlay-type":"","overlay-color":"","overlay-opacity":"","overlay-gradient":""},"tablet":{"background-color":"","background-image":"","background-repeat":"repeat","background-position":"center center","background-size":"auto","background-attachment":"scroll","background-type":"","background-media":"","overlay-type":"","overlay-color":"","overlay-opacity":"","overlay-gradient":""},"mobile":{"background-color":"","background-image":"","background-repeat":"repeat","background-position":"center center","background-size":"auto","background-attachment":"scroll","background-type":"","background-media":"","overlay-type":"","overlay-color":"","overlay-opacity":"","overlay-gradient":""}},"ast-content-background-meta":{"desktop":{"background-color":"var(--ast-global-color-4)","background-image":"","background-repeat":"repeat","background-position":"center center","background-size":"auto","background-attachment":"scroll","background-type":"","background-media":"","overlay-type":"","overlay-color":"","overlay-opacity":"","overlay-gradient":""},"tablet":{"background-color":"var(--ast-global-color-4)","background-image":"","background-repeat":"repeat","background-position":"center center","background-size":"auto","background-attachment":"scroll","background-type":"","background-media":"","overlay-type":"","overlay-color":"","overlay-opacity":"","overlay-gradient":""},"mobile":{"background-color":"var(--ast-global-color-4)","background-image":"","background-repeat":"repeat","background-position":"center center","background-size":"auto","background-attachment":"scroll","background-type":"","background-media":"","overlay-type":"","overlay-color":"","overlay-opacity":"","overlay-gradient":""}},"footnotes":""},"class_list":["post-78213","page","type-page","status-publish","hentry"],"acf":[],"_links":{"self":[{"href":"https:\/\/agrovin.com\/ro\/wp-json\/wp\/v2\/pages\/78213","targetHints":{"allow":["GET"]}}],"collection":[{"href":"https:\/\/agrovin.com\/ro\/wp-json\/wp\/v2\/pages"}],"about":[{"href":"https:\/\/agrovin.com\/ro\/wp-json\/wp\/v2\/types\/page"}],"author":[{"embeddable":true,"href":"https:\/\/agrovin.com\/ro\/wp-json\/wp\/v2\/users\/359"}],"replies":[{"embeddable":true,"href":"https:\/\/agrovin.com\/ro\/wp-json\/wp\/v2\/comments?post=78213"}],"version-history":[{"count":4,"href":"https:\/\/agrovin.com\/ro\/wp-json\/wp\/v2\/pages\/78213\/revisions"}],"predecessor-version":[{"id":120383,"href":"https:\/\/agrovin.com\/ro\/wp-json\/wp\/v2\/pages\/78213\/revisions\/120383"}],"up":[{"embeddable":true,"href":"https:\/\/agrovin.com\/ro\/wp-json\/wp\/v2\/pages\/78208"}],"wp:attachment":[{"href":"https:\/\/agrovin.com\/ro\/wp-json\/wp\/v2\/media?parent=78213"}],"curies":[{"name":"wp","href":"https:\/\/api.w.org\/{rel}","templated":true}]}}