{"id":78212,"date":"2022-06-10T09:18:14","date_gmt":"2022-06-10T08:18:14","guid":{"rendered":"https:\/\/staging.agrovin.com\/proiecte-rdi\/studiu-privind-eliminarea-pesticidelor-din-musturile-albe-cu-ajutorul-rasinilor-ionice\/"},"modified":"2025-06-25T11:55:24","modified_gmt":"2025-06-25T09:55:24","slug":"studiu-privind-eliminarea-pesticidelor-din-musturile-albe-cu-ajutorul-rasinilor-ionice","status":"publish","type":"page","link":"https:\/\/agrovin.com\/ro\/proiecte-de-cd\/studiu-privind-eliminarea-pesticidelor-din-musturile-albe-cu-ajutorul-rasinilor-ionice\/","title":{"rendered":"Studiu privind eliminarea pesticidelor din musturile albe cu ajutorul r\u0103\u0219inilor ionice"},"content":{"rendered":"\t\t<div data-elementor-type=\"wp-page\" data-elementor-id=\"78212\" class=\"elementor elementor-78212 elementor-64443\" data-elementor-post-type=\"page\">\n\t\t\t\t\t\t<section class=\"elementor-section elementor-top-section elementor-element elementor-element-8346b5e elementor-section-height-min-height elementor-section-boxed elementor-section-height-default elementor-section-items-middle\" data-id=\"8346b5e\" data-element_type=\"section\" data-e-type=\"section\" data-settings=\"{&quot;background_background&quot;:&quot;classic&quot;}\">\n\t\t\t\t\t\t<div class=\"elementor-container elementor-column-gap-default\">\n\t\t\t\t\t<div class=\"elementor-column elementor-col-100 elementor-top-column elementor-element elementor-element-0919262\" data-id=\"0919262\" data-element_type=\"column\" data-e-type=\"column\">\n\t\t\t<div class=\"elementor-widget-wrap\">\n\t\t\t\t\t\t\t<\/div>\n\t\t<\/div>\n\t\t\t\t\t<\/div>\n\t\t<\/section>\n\t\t\t\t<section class=\"elementor-section elementor-top-section elementor-element elementor-element-f581a85 elementor-section-boxed elementor-section-height-default elementor-section-height-default\" data-id=\"f581a85\" data-element_type=\"section\" data-e-type=\"section\">\n\t\t\t\t\t\t<div class=\"elementor-container elementor-column-gap-default\">\n\t\t\t\t\t<div class=\"elementor-column elementor-col-100 elementor-top-column elementor-element elementor-element-37b0f62\" data-id=\"37b0f62\" data-element_type=\"column\" data-e-type=\"column\">\n\t\t\t<div class=\"elementor-widget-wrap elementor-element-populated\">\n\t\t\t\t\t\t<div class=\"elementor-element elementor-element-378395e elementor-widget elementor-widget-heading\" data-id=\"378395e\" data-element_type=\"widget\" data-e-type=\"widget\" data-widget_type=\"heading.default\">\n\t\t\t\t<div class=\"elementor-widget-container\">\n\t\t\t\t\t<h1 class=\"elementor-heading-title elementor-size-default\">Studiu privind eliminarea pesticidelor din musturile albe cu ajutorul r\u0103\u0219inilor ionice <\/h1>\t\t\t\t<\/div>\n\t\t\t\t<\/div>\n\t\t\t\t<div class=\"elementor-element elementor-element-827c630 elementor-widget elementor-widget-text-editor\" data-id=\"827c630\" data-element_type=\"widget\" data-e-type=\"widget\" data-widget_type=\"text-editor.default\">\n\t\t\t\t<div class=\"elementor-widget-container\">\n\t\t\t\t\t\t\t\t\t<p><strong>OBIECTIV:\u00a0<\/strong>Scopul proiectului este de a c\u0103uta aplica\u021bii oenologice interesante \u0219i viabile din punct de vedere economic \u0219i func\u021bional ale r\u0103\u0219inilor schimb\u0103toare de ioni pentru eliminarea reziduurilor de pesticide din musturi. \u00cen acest fel, aceast\u0103 ini\u021biativ\u0103 va contribui la cuno\u0219tin\u021bele necesare pentru ca acest tip de r\u0103\u0219ini s\u0103 fie utilizate pe scar\u0103 larg\u0103 \u00een musturi, acolo unde sunt autorizate pentru alte utiliz\u0103ri, de la proiectare p\u00e2n\u0103 la aplicarea tehnologiei.<\/p><p><strong>CONVOCATOR:\u00a0<\/strong>) Programul Innova-Prezentat\u0103 Guvernului regional din Castilla-La Mancha (Junta de Comunidades de Castilla-La Mancha) .<\/p><p><strong>TITLUL PROIECTULUI:<\/strong>\u00a0Studiu privind eliminarea pesticidelor din musturile albe cu ajutorul r\u0103\u0219inilor ionice.<\/p><p><strong>Data \u00eenceperii:<\/strong>\u00a04\/10\/2016<\/p><p><strong>Data finaliz\u0103rii:<\/strong>\u00a026\/09\/2017<\/p><p><strong>ACRONIM:\u00a0<\/strong>PESTIRES16<\/p>\t\t\t\t\t\t\t\t<\/div>\n\t\t\t\t<\/div>\n\t\t\t\t<div class=\"elementor-element elementor-element-ad7f771 elementor-widget elementor-widget-button\" data-id=\"ad7f771\" data-element_type=\"widget\" data-e-type=\"widget\" data-widget_type=\"button.default\">\n\t\t\t\t<div class=\"elementor-widget-container\">\n\t\t\t\t\t\t\t\t\t<div class=\"elementor-button-wrapper\">\n\t\t\t\t\t<a class=\"elementor-button elementor-button-link elementor-size-sm\" href=\"https:\/\/agrovin.com\/agrv\/pdf\/ficha_proyectos\/Ficha_tecnica_PESTIRES162.pdf\" target=\"_blank\" rel=\"nofollow\" download=\"https:\/\/agrovin.com\/agrv\/pdf\/ficha_proyectos\/Ficha_tecnica_PESTIRES162.pdf\">\n\t\t\t\t\t\t<span class=\"elementor-button-content-wrapper\">\n\t\t\t\t\t\t\t\t\t<span class=\"elementor-button-text\">Fi\u0219a tehnic\u0103 a proiectului <\/span>\n\t\t\t\t\t<\/span>\n\t\t\t\t\t<\/a>\n\t\t\t\t<\/div>\n\t\t\t\t\t\t\t\t<\/div>\n\t\t\t\t<\/div>\n\t\t\t\t\t<\/div>\n\t\t<\/div>\n\t\t\t\t\t<\/div>\n\t\t<\/section>\n\t\t\t\t<section class=\"elementor-section elementor-top-section elementor-element elementor-element-2b22365 elementor-section-boxed elementor-section-height-default elementor-section-height-default\" data-id=\"2b22365\" data-element_type=\"section\" data-e-type=\"section\">\n\t\t\t\t\t\t<div class=\"elementor-container elementor-column-gap-default\">\n\t\t\t\t\t<div class=\"elementor-column elementor-col-33 elementor-top-column elementor-element elementor-element-55261fa\" data-id=\"55261fa\" data-element_type=\"column\" data-e-type=\"column\">\n\t\t\t<div class=\"elementor-widget-wrap elementor-element-populated\">\n\t\t\t\t\t\t<div class=\"elementor-element elementor-element-d607075 elementor-widget elementor-widget-image\" data-id=\"d607075\" data-element_type=\"widget\" data-e-type=\"widget\" data-widget_type=\"image.default\">\n\t\t\t\t<div class=\"elementor-widget-container\">\n\t\t\t\t\t\t\t\t\t\t\t\t\t\t\t<img decoding=\"async\" width=\"299\" height=\"76\" src=\"https:\/\/agrovin.com\/wp-content\/uploads\/2022\/02\/agrovin-ue.jpg\" class=\"attachment-large size-large wp-image-74880\" alt=\"\" srcset=\"https:\/\/agrovin.com\/wp-content\/uploads\/2022\/02\/agrovin-ue.jpg 299w, https:\/\/agrovin.com\/wp-content\/uploads\/2022\/02\/agrovin-ue-270x69.jpg 270w\" sizes=\"(max-width: 299px) 100vw, 299px\" title=\"\">\t\t\t\t\t\t\t\t\t\t\t\t\t\t\t<\/div>\n\t\t\t\t<\/div>\n\t\t\t\t\t<\/div>\n\t\t<\/div>\n\t\t\t\t<div class=\"elementor-column elementor-col-33 elementor-top-column elementor-element elementor-element-355c196\" data-id=\"355c196\" data-element_type=\"column\" data-e-type=\"column\">\n\t\t\t<div class=\"elementor-widget-wrap elementor-element-populated\">\n\t\t\t\t\t\t<div class=\"elementor-element elementor-element-1415a5f elementor-widget elementor-widget-image\" data-id=\"1415a5f\" data-element_type=\"widget\" data-e-type=\"widget\" data-widget_type=\"image.default\">\n\t\t\t\t<div class=\"elementor-widget-container\">\n\t\t\t\t\t\t\t\t\t\t\t\t\t\t\t<img decoding=\"async\" width=\"250\" height=\"166\" src=\"https:\/\/agrovin.com\/wp-content\/uploads\/2022\/02\/junta-CLM-250x166-1.png\" class=\"attachment-large size-large wp-image-75375\" alt=\"\" title=\"\">\t\t\t\t\t\t\t\t\t\t\t\t\t\t\t<\/div>\n\t\t\t\t<\/div>\n\t\t\t\t\t<\/div>\n\t\t<\/div>\n\t\t\t\t<div class=\"elementor-column elementor-col-33 elementor-top-column elementor-element elementor-element-73db4f7\" data-id=\"73db4f7\" data-element_type=\"column\" data-e-type=\"column\">\n\t\t\t<div class=\"elementor-widget-wrap\">\n\t\t\t\t\t\t\t<\/div>\n\t\t<\/div>\n\t\t\t\t\t<\/div>\n\t\t<\/section>\n\t\t\t\t<\/div>\n\t\t","protected":false},"excerpt":{"rendered":"<p>Studiu privind eliminarea pesticidelor din musturile albe cu ajutorul r\u0103\u0219inilor ionice OBIECTIV:\u00a0Scopul proiectului este de a c\u0103uta aplica\u021bii oenologice interesante \u0219i viabile din punct de vedere economic \u0219i func\u021bional ale r\u0103\u0219inilor schimb\u0103toare de ioni pentru eliminarea reziduurilor de pesticide din musturi. \u00cen acest fel, aceast\u0103 ini\u021biativ\u0103 va contribui la cuno\u0219tin\u021bele necesare pentru ca acest tip [&hellip;]<\/p>\n","protected":false},"author":359,"featured_media":0,"parent":78208,"menu_order":0,"comment_status":"closed","ping_status":"closed","template":"","meta":{"_acf_changed":false,"inline_featured_image":false,"site-sidebar-layout":"no-sidebar","site-content-layout":"page-builder","ast-site-content-layout":"full-width-container","site-content-style":"unboxed","site-sidebar-style":"unboxed","ast-global-header-display":"","ast-banner-title-visibility":"","ast-main-header-display":"","ast-hfb-above-header-display":"","ast-hfb-below-header-display":"","ast-hfb-mobile-header-display":"","site-post-title":"disabled","ast-breadcrumbs-content":"","ast-featured-img":"disabled","footer-sml-layout":"","ast-disable-related-posts":"","theme-transparent-header-meta":"default","adv-header-id-meta":"","stick-header-meta":"","header-above-stick-meta":"","header-main-stick-meta":"","header-below-stick-meta":"","astra-migrate-meta-layouts":"set","ast-page-background-enabled":"default","ast-page-background-meta":{"desktop":{"background-color":"var(--ast-global-color-5)","background-image":"","background-repeat":"repeat","background-position":"center center","background-size":"auto","background-attachment":"scroll","background-type":"","background-media":"","overlay-type":"","overlay-color":"","overlay-opacity":"","overlay-gradient":""},"tablet":{"background-color":"","background-image":"","background-repeat":"repeat","background-position":"center center","background-size":"auto","background-attachment":"scroll","background-type":"","background-media":"","overlay-type":"","overlay-color":"","overlay-opacity":"","overlay-gradient":""},"mobile":{"background-color":"","background-image":"","background-repeat":"repeat","background-position":"center center","background-size":"auto","background-attachment":"scroll","background-type":"","background-media":"","overlay-type":"","overlay-color":"","overlay-opacity":"","overlay-gradient":""}},"ast-content-background-meta":{"desktop":{"background-color":"var(--ast-global-color-4)","background-image":"","background-repeat":"repeat","background-position":"center center","background-size":"auto","background-attachment":"scroll","background-type":"","background-media":"","overlay-type":"","overlay-color":"","overlay-opacity":"","overlay-gradient":""},"tablet":{"background-color":"var(--ast-global-color-4)","background-image":"","background-repeat":"repeat","background-position":"center center","background-size":"auto","background-attachment":"scroll","background-type":"","background-media":"","overlay-type":"","overlay-color":"","overlay-opacity":"","overlay-gradient":""},"mobile":{"background-color":"var(--ast-global-color-4)","background-image":"","background-repeat":"repeat","background-position":"center center","background-size":"auto","background-attachment":"scroll","background-type":"","background-media":"","overlay-type":"","overlay-color":"","overlay-opacity":"","overlay-gradient":""}},"footnotes":""},"class_list":["post-78212","page","type-page","status-publish","hentry"],"acf":[],"_links":{"self":[{"href":"https:\/\/agrovin.com\/ro\/wp-json\/wp\/v2\/pages\/78212","targetHints":{"allow":["GET"]}}],"collection":[{"href":"https:\/\/agrovin.com\/ro\/wp-json\/wp\/v2\/pages"}],"about":[{"href":"https:\/\/agrovin.com\/ro\/wp-json\/wp\/v2\/types\/page"}],"author":[{"embeddable":true,"href":"https:\/\/agrovin.com\/ro\/wp-json\/wp\/v2\/users\/359"}],"replies":[{"embeddable":true,"href":"https:\/\/agrovin.com\/ro\/wp-json\/wp\/v2\/comments?post=78212"}],"version-history":[{"count":1,"href":"https:\/\/agrovin.com\/ro\/wp-json\/wp\/v2\/pages\/78212\/revisions"}],"predecessor-version":[{"id":120363,"href":"https:\/\/agrovin.com\/ro\/wp-json\/wp\/v2\/pages\/78212\/revisions\/120363"}],"up":[{"embeddable":true,"href":"https:\/\/agrovin.com\/ro\/wp-json\/wp\/v2\/pages\/78208"}],"wp:attachment":[{"href":"https:\/\/agrovin.com\/ro\/wp-json\/wp\/v2\/media?parent=78212"}],"curies":[{"name":"wp","href":"https:\/\/api.w.org\/{rel}","templated":true}]}}