{"id":78204,"date":"2022-06-10T09:04:32","date_gmt":"2022-06-10T08:04:32","guid":{"rendered":"https:\/\/staging.agrovin.com\/nutritia-cu-azot-si-influenta-sa-asupra-eliberarii-de-arome-varietale-tiolice-de-catre-drojdii\/"},"modified":"2025-06-25T10:01:04","modified_gmt":"2025-06-25T08:01:04","slug":"nutritia-cu-azot-si-influenta-sa-asupra-eliberarii-de-arome-varietale-tiolice-de-catre-drojdii","status":"publish","type":"page","link":"https:\/\/agrovin.com\/ro\/proiecte-de-cd\/nutritia-cu-azot-si-influenta-sa-asupra-eliberarii-de-arome-varietale-tiolice-de-catre-drojdii\/","title":{"rendered":"Nutri\u021bia cu azot \u0219i influen\u021ba sa asupra eliber\u0103rii de arome varietale tiolice de c\u0103tre drojdii"},"content":{"rendered":"\t\t<div data-elementor-type=\"wp-page\" data-elementor-id=\"78204\" class=\"elementor elementor-78204 elementor-64422\" data-elementor-post-type=\"page\">\n\t\t\t\t\t\t<section class=\"elementor-section elementor-top-section elementor-element elementor-element-eea479c elementor-section-height-min-height elementor-section-boxed elementor-section-height-default elementor-section-items-middle\" data-id=\"eea479c\" data-element_type=\"section\" data-e-type=\"section\" data-settings=\"{&quot;background_background&quot;:&quot;classic&quot;}\">\n\t\t\t\t\t\t<div class=\"elementor-container elementor-column-gap-default\">\n\t\t\t\t\t<div class=\"elementor-column elementor-col-100 elementor-top-column elementor-element elementor-element-69ea99d\" data-id=\"69ea99d\" data-element_type=\"column\" data-e-type=\"column\">\n\t\t\t<div class=\"elementor-widget-wrap\">\n\t\t\t\t\t\t\t<\/div>\n\t\t<\/div>\n\t\t\t\t\t<\/div>\n\t\t<\/section>\n\t\t\t\t<section class=\"elementor-section elementor-top-section elementor-element elementor-element-46e48f9 elementor-section-boxed elementor-section-height-default elementor-section-height-default\" data-id=\"46e48f9\" data-element_type=\"section\" data-e-type=\"section\">\n\t\t\t\t\t\t<div class=\"elementor-container elementor-column-gap-default\">\n\t\t\t\t\t<div class=\"elementor-column elementor-col-100 elementor-top-column elementor-element elementor-element-ae65441\" data-id=\"ae65441\" data-element_type=\"column\" data-e-type=\"column\">\n\t\t\t<div class=\"elementor-widget-wrap elementor-element-populated\">\n\t\t\t\t\t\t<div class=\"elementor-element elementor-element-e4a1241 elementor-widget elementor-widget-heading\" data-id=\"e4a1241\" data-element_type=\"widget\" data-e-type=\"widget\" data-widget_type=\"heading.default\">\n\t\t\t\t<div class=\"elementor-widget-container\">\n\t\t\t\t\t<h1 class=\"elementor-heading-title elementor-size-default\">Nutri\u021bia cu azot \u0219i influen\u021ba sa asupra eliber\u0103rii de arome varietale tiolice de c\u0103tre drojdii<\/h1>\t\t\t\t<\/div>\n\t\t\t\t<\/div>\n\t\t\t\t<div class=\"elementor-element elementor-element-045ed49 elementor-widget elementor-widget-text-editor\" data-id=\"045ed49\" data-element_type=\"widget\" data-e-type=\"widget\" data-widget_type=\"text-editor.default\">\n\t\t\t\t<div class=\"elementor-widget-container\">\n\t\t\t\t\t\t\t\t\t<p><strong>OBIECTIV:\u00a0<\/strong>Pentru a atinge acest obiectiv, AGROVIN \u00ee\u0219i propune s\u0103 izoleze drojdii specifice care, datorit\u0103 caracteristicilor proprii, sunt capabile s\u0103 sporeasc\u0103 eliberarea de arome \u00een procesul de produc\u021bie a vinului alb. \u00cen plus, av\u00e2nd \u00een vedere contextul efectului nutri\u021biei cu azot asupra eliber\u0103rii aromelor, scopul este de a efectua un studiu detaliat al influen\u021bei azotului asupra caracteristicilor metabolice \u0219i enzimatice ale drojdiilor selectate.<\/p><p>Prin aceste dou\u0103 studii, se urm\u0103re\u0219te ob\u021binerea unei viziuni mai largi asupra modului \u00een care nutri\u021bia cu azot poate influen\u021ba eliberarea aromelor de soiuri prin activitatea enzimatic\u0103 a drojdiilor responsabile de dezv\u0103luirea precursorilor aromatici \u00een vin \u00een timpul fermenta\u021biei..<\/p><p><strong>CONVOCATOR:\u00a0<\/strong>CDTI. PROGRAMUL PROIECTELOR DE CERCETARE \u0218I DEZVOLTARE (PID)<\/p><p><strong>TITLUL PROIECTULUI:<\/strong>\u00a0Nutri\u021bia cu azot \u0219i influen\u021ba sa asupra eliber\u0103rii de arome varietale tiolice de c\u0103tre drojdii.<\/p><p><strong>Data \u00eenceperii:\u00a0<\/strong>1\/1\/2016<\/p><p><strong>Data finaliz\u0103rii<\/strong>: 31\/12\/2017<\/p><p><strong>ACRONIM:<\/strong>\u00a0NUTRIAROMA<\/p>\t\t\t\t\t\t\t\t<\/div>\n\t\t\t\t<\/div>\n\t\t\t\t<div class=\"elementor-element elementor-element-5933cdc elementor-widget elementor-widget-button\" data-id=\"5933cdc\" data-element_type=\"widget\" data-e-type=\"widget\" data-widget_type=\"button.default\">\n\t\t\t\t<div class=\"elementor-widget-container\">\n\t\t\t\t\t\t\t\t\t<div class=\"elementor-button-wrapper\">\n\t\t\t\t\t<a class=\"elementor-button elementor-button-link elementor-size-sm\" href=\"https:\/\/agrovin.com\/agrv\/pdf\/ficha_proyectos\/Ficha_tecnica_NUTRIAROMA2.pdf\" target=\"_blank\" rel=\"nofollow\" download=\"https:\/\/agrovin.com\/agrv\/pdf\/ficha_proyectos\/Ficha_tecnica_NUTRIAROMA2.pdf\">\n\t\t\t\t\t\t<span class=\"elementor-button-content-wrapper\">\n\t\t\t\t\t\t\t\t\t<span class=\"elementor-button-text\">Fi\u0219a tehnic\u0103 a proiectului <\/span>\n\t\t\t\t\t<\/span>\n\t\t\t\t\t<\/a>\n\t\t\t\t<\/div>\n\t\t\t\t\t\t\t\t<\/div>\n\t\t\t\t<\/div>\n\t\t\t\t\t<\/div>\n\t\t<\/div>\n\t\t\t\t\t<\/div>\n\t\t<\/section>\n\t\t\t\t<section class=\"elementor-section elementor-top-section elementor-element elementor-element-41cd739 elementor-section-boxed elementor-section-height-default elementor-section-height-default\" data-id=\"41cd739\" data-element_type=\"section\" data-e-type=\"section\">\n\t\t\t\t\t\t<div class=\"elementor-container elementor-column-gap-default\">\n\t\t\t\t\t<div class=\"elementor-column elementor-col-33 elementor-top-column elementor-element elementor-element-d3c3708\" data-id=\"d3c3708\" data-element_type=\"column\" data-e-type=\"column\">\n\t\t\t<div class=\"elementor-widget-wrap elementor-element-populated\">\n\t\t\t\t\t\t<div class=\"elementor-element elementor-element-c3de5ca elementor-widget elementor-widget-image\" data-id=\"c3de5ca\" data-element_type=\"widget\" data-e-type=\"widget\" data-widget_type=\"image.default\">\n\t\t\t\t<div class=\"elementor-widget-container\">\n\t\t\t\t\t\t\t\t\t\t\t\t\t\t\t<img decoding=\"async\" width=\"299\" height=\"76\" src=\"https:\/\/agrovin.com\/wp-content\/uploads\/2022\/02\/agrovin-ue.jpg\" class=\"attachment-large size-large wp-image-74880\" alt=\"\" srcset=\"https:\/\/agrovin.com\/wp-content\/uploads\/2022\/02\/agrovin-ue.jpg 299w, https:\/\/agrovin.com\/wp-content\/uploads\/2022\/02\/agrovin-ue-270x69.jpg 270w\" sizes=\"(max-width: 299px) 100vw, 299px\" title=\"\">\t\t\t\t\t\t\t\t\t\t\t\t\t\t\t<\/div>\n\t\t\t\t<\/div>\n\t\t\t\t\t<\/div>\n\t\t<\/div>\n\t\t\t\t<div class=\"elementor-column elementor-col-33 elementor-top-column elementor-element elementor-element-6814d4f\" data-id=\"6814d4f\" data-element_type=\"column\" data-e-type=\"column\">\n\t\t\t<div class=\"elementor-widget-wrap elementor-element-populated\">\n\t\t\t\t\t\t<div class=\"elementor-element elementor-element-9ee04a6 elementor-widget elementor-widget-image\" data-id=\"9ee04a6\" data-element_type=\"widget\" data-e-type=\"widget\" data-widget_type=\"image.default\">\n\t\t\t\t<div class=\"elementor-widget-container\">\n\t\t\t\t\t\t\t\t\t\t\t\t\t\t\t<img decoding=\"async\" width=\"350\" height=\"100\" src=\"https:\/\/agrovin.com\/wp-content\/uploads\/2022\/02\/CDTI-350x100-1.jpg\" class=\"attachment-large size-large wp-image-75370\" alt=\"\" srcset=\"https:\/\/agrovin.com\/wp-content\/uploads\/2022\/02\/CDTI-350x100-1.jpg 350w, https:\/\/agrovin.com\/wp-content\/uploads\/2022\/02\/CDTI-350x100-1-300x86.jpg 300w, https:\/\/agrovin.com\/wp-content\/uploads\/2022\/02\/CDTI-350x100-1-270x77.jpg 270w\" sizes=\"(max-width: 350px) 100vw, 350px\" title=\"\">\t\t\t\t\t\t\t\t\t\t\t\t\t\t\t<\/div>\n\t\t\t\t<\/div>\n\t\t\t\t\t<\/div>\n\t\t<\/div>\n\t\t\t\t<div class=\"elementor-column elementor-col-33 elementor-top-column elementor-element elementor-element-d4defa4\" data-id=\"d4defa4\" data-element_type=\"column\" data-e-type=\"column\">\n\t\t\t<div class=\"elementor-widget-wrap\">\n\t\t\t\t\t\t\t<\/div>\n\t\t<\/div>\n\t\t\t\t\t<\/div>\n\t\t<\/section>\n\t\t\t\t<\/div>\n\t\t","protected":false},"excerpt":{"rendered":"<p>Nutri\u021bia cu azot \u0219i influen\u021ba sa asupra eliber\u0103rii de arome varietale tiolice de c\u0103tre drojdii OBIECTIV:\u00a0Pentru a atinge acest obiectiv, AGROVIN \u00ee\u0219i propune s\u0103 izoleze drojdii specifice care, datorit\u0103 caracteristicilor proprii, sunt capabile s\u0103 sporeasc\u0103 eliberarea de arome \u00een procesul de produc\u021bie a vinului alb. \u00cen plus, av\u00e2nd \u00een vedere contextul efectului nutri\u021biei cu azot [&hellip;]<\/p>\n","protected":false},"author":359,"featured_media":0,"parent":78208,"menu_order":0,"comment_status":"closed","ping_status":"closed","template":"","meta":{"_acf_changed":false,"inline_featured_image":false,"site-sidebar-layout":"no-sidebar","site-content-layout":"page-builder","ast-site-content-layout":"full-width-container","site-content-style":"unboxed","site-sidebar-style":"unboxed","ast-global-header-display":"","ast-banner-title-visibility":"","ast-main-header-display":"","ast-hfb-above-header-display":"","ast-hfb-below-header-display":"","ast-hfb-mobile-header-display":"","site-post-title":"disabled","ast-breadcrumbs-content":"","ast-featured-img":"disabled","footer-sml-layout":"","ast-disable-related-posts":"","theme-transparent-header-meta":"default","adv-header-id-meta":"","stick-header-meta":"","header-above-stick-meta":"","header-main-stick-meta":"","header-below-stick-meta":"","astra-migrate-meta-layouts":"set","ast-page-background-enabled":"default","ast-page-background-meta":{"desktop":{"background-color":"var(--ast-global-color-5)","background-image":"","background-repeat":"repeat","background-position":"center center","background-size":"auto","background-attachment":"scroll","background-type":"","background-media":"","overlay-type":"","overlay-color":"","overlay-opacity":"","overlay-gradient":""},"tablet":{"background-color":"","background-image":"","background-repeat":"repeat","background-position":"center center","background-size":"auto","background-attachment":"scroll","background-type":"","background-media":"","overlay-type":"","overlay-color":"","overlay-opacity":"","overlay-gradient":""},"mobile":{"background-color":"","background-image":"","background-repeat":"repeat","background-position":"center center","background-size":"auto","background-attachment":"scroll","background-type":"","background-media":"","overlay-type":"","overlay-color":"","overlay-opacity":"","overlay-gradient":""}},"ast-content-background-meta":{"desktop":{"background-color":"var(--ast-global-color-4)","background-image":"","background-repeat":"repeat","background-position":"center center","background-size":"auto","background-attachment":"scroll","background-type":"","background-media":"","overlay-type":"","overlay-color":"","overlay-opacity":"","overlay-gradient":""},"tablet":{"background-color":"var(--ast-global-color-4)","background-image":"","background-repeat":"repeat","background-position":"center center","background-size":"auto","background-attachment":"scroll","background-type":"","background-media":"","overlay-type":"","overlay-color":"","overlay-opacity":"","overlay-gradient":""},"mobile":{"background-color":"var(--ast-global-color-4)","background-image":"","background-repeat":"repeat","background-position":"center center","background-size":"auto","background-attachment":"scroll","background-type":"","background-media":"","overlay-type":"","overlay-color":"","overlay-opacity":"","overlay-gradient":""}},"footnotes":""},"class_list":["post-78204","page","type-page","status-publish","hentry"],"acf":[],"_links":{"self":[{"href":"https:\/\/agrovin.com\/ro\/wp-json\/wp\/v2\/pages\/78204","targetHints":{"allow":["GET"]}}],"collection":[{"href":"https:\/\/agrovin.com\/ro\/wp-json\/wp\/v2\/pages"}],"about":[{"href":"https:\/\/agrovin.com\/ro\/wp-json\/wp\/v2\/types\/page"}],"author":[{"embeddable":true,"href":"https:\/\/agrovin.com\/ro\/wp-json\/wp\/v2\/users\/359"}],"replies":[{"embeddable":true,"href":"https:\/\/agrovin.com\/ro\/wp-json\/wp\/v2\/comments?post=78204"}],"version-history":[{"count":1,"href":"https:\/\/agrovin.com\/ro\/wp-json\/wp\/v2\/pages\/78204\/revisions"}],"predecessor-version":[{"id":120306,"href":"https:\/\/agrovin.com\/ro\/wp-json\/wp\/v2\/pages\/78204\/revisions\/120306"}],"up":[{"embeddable":true,"href":"https:\/\/agrovin.com\/ro\/wp-json\/wp\/v2\/pages\/78208"}],"wp:attachment":[{"href":"https:\/\/agrovin.com\/ro\/wp-json\/wp\/v2\/media?parent=78204"}],"curies":[{"name":"wp","href":"https:\/\/api.w.org\/{rel}","templated":true}]}}