{"id":78186,"date":"2022-06-09T19:06:07","date_gmt":"2022-06-09T18:06:07","guid":{"rendered":"https:\/\/staging.agrovin.com\/laborator\/specialitati-oenologice\/"},"modified":"2022-10-10T10:45:25","modified_gmt":"2022-10-10T09:45:25","slug":"specialitati-oenologice","status":"publish","type":"page","link":"https:\/\/agrovin.com\/ro\/specialitati-oenologice\/","title":{"rendered":"Specialit\u0103\u021bi oenologice"},"content":{"rendered":"\t\t<div data-elementor-type=\"wp-page\" data-elementor-id=\"78186\" class=\"elementor elementor-78186 elementor-67012\" data-elementor-post-type=\"page\">\n\t\t\t\t\t\t<section class=\"elementor-section elementor-top-section elementor-element elementor-element-6ebfd56 elementor-section-height-min-height elementor-section-boxed elementor-section-height-default elementor-section-items-middle\" data-id=\"6ebfd56\" data-element_type=\"section\" data-e-type=\"section\" data-settings=\"{&quot;background_background&quot;:&quot;classic&quot;}\">\n\t\t\t\t\t\t<div class=\"elementor-container elementor-column-gap-default\">\n\t\t\t\t\t<div class=\"elementor-column elementor-col-100 elementor-top-column elementor-element elementor-element-526ab3b\" data-id=\"526ab3b\" data-element_type=\"column\" data-e-type=\"column\">\n\t\t\t<div class=\"elementor-widget-wrap\">\n\t\t\t\t\t\t\t<\/div>\n\t\t<\/div>\n\t\t\t\t\t<\/div>\n\t\t<\/section>\n\t\t\t\t<section class=\"elementor-section elementor-top-section elementor-element elementor-element-0adb5ed elementor-section-boxed elementor-section-height-default elementor-section-height-default\" data-id=\"0adb5ed\" data-element_type=\"section\" data-e-type=\"section\">\n\t\t\t\t\t\t<div class=\"elementor-container elementor-column-gap-default\">\n\t\t\t\t\t<div class=\"elementor-column elementor-col-100 elementor-top-column elementor-element elementor-element-0979313\" data-id=\"0979313\" data-element_type=\"column\" data-e-type=\"column\">\n\t\t\t<div class=\"elementor-widget-wrap elementor-element-populated\">\n\t\t\t\t\t\t\t<\/div>\n\t\t<\/div>\n\t\t\t\t\t<\/div>\n\t\t<\/section>\n\t\t\t\t<section class=\"elementor-section elementor-top-section elementor-element elementor-element-01bcd12 elementor-section-boxed elementor-section-height-default elementor-section-height-default\" data-id=\"01bcd12\" data-element_type=\"section\" data-e-type=\"section\">\n\t\t\t\t\t\t<div class=\"elementor-container elementor-column-gap-default\">\n\t\t\t\t\t<div class=\"elementor-column elementor-col-100 elementor-top-column elementor-element elementor-element-1ecd996\" data-id=\"1ecd996\" data-element_type=\"column\" data-e-type=\"column\">\n\t\t\t<div class=\"elementor-widget-wrap elementor-element-populated\">\n\t\t\t\t\t\t<div class=\"elementor-element elementor-element-e0d801b elementor-widget elementor-widget-text-editor\" data-id=\"e0d801b\" data-element_type=\"widget\" data-e-type=\"widget\" data-widget_type=\"text-editor.default\">\n\t\t\t\t<div class=\"elementor-widget-container\">\n\t\t\t\t\t\t\t\t\t<p>Efectuarea de teste specifice \u0219i personalizate pe vinuri \u0219i musturi ne permite s\u0103 oferim o solu\u021bie pentru orice nevoie a vin\u0103riei, de la identificarea precipita\u021bilor nedorite p\u00e2n\u0103 la prevenirea oxid\u0103rii viitoare. Laboratorul Agrovin \u00eendepline\u0219te o gam\u0103 larg\u0103 de sarcini \u00een acest scop:<\/p>\t\t\t\t\t\t\t\t<\/div>\n\t\t\t\t<\/div>\n\t\t\t\t\t<\/div>\n\t\t<\/div>\n\t\t\t\t\t<\/div>\n\t\t<\/section>\n\t\t\t\t<section class=\"elementor-section elementor-top-section elementor-element elementor-element-5e05bd5 elementor-section-boxed elementor-section-height-default elementor-section-height-default\" data-id=\"5e05bd5\" data-element_type=\"section\" data-e-type=\"section\">\n\t\t\t\t\t\t<div class=\"elementor-container elementor-column-gap-default\">\n\t\t\t\t\t<div class=\"elementor-column elementor-col-100 elementor-top-column elementor-element elementor-element-75ec486\" data-id=\"75ec486\" data-element_type=\"column\" data-e-type=\"column\">\n\t\t\t<div class=\"elementor-widget-wrap elementor-element-populated\">\n\t\t\t\t\t\t<div class=\"elementor-element elementor-element-f86ffba elementor-widget elementor-widget-heading\" data-id=\"f86ffba\" data-element_type=\"widget\" data-e-type=\"widget\" data-widget_type=\"heading.default\">\n\t\t\t\t<div class=\"elementor-widget-container\">\n\t\t\t\t\t<h2 class=\"elementor-heading-title elementor-size-default\">Studiu privind \u00eemb\u0103tr\u00e2nirea accelerat\u0103<\/h2>\t\t\t\t<\/div>\n\t\t\t\t<\/div>\n\t\t\t\t<div class=\"elementor-element elementor-element-49a0698 elementor-widget elementor-widget-text-editor\" data-id=\"49a0698\" data-element_type=\"widget\" data-e-type=\"widget\" data-widget_type=\"text-editor.default\">\n\t\t\t\t<div class=\"elementor-widget-container\">\n\t\t\t\t\t\t\t\t\t<p>Aceasta const\u0103 \u00een expunerea vinului la soare \u0219i la temperaturi ridicate. Prin compararea rezultatelor ob\u021binute cu un martor, este posibil s\u0103 se prevad\u0103 posibila oxidare viitoare a vinului. \u00cen acest fel, crama poate anticipa problema \u0219i poate lua m\u0103suri, economisind astfel costuri economice \u0219i p\u0103str\u00e2ndu-\u0219i vinul cu cele mai bune calit\u0103\u021bi c\u00e2t mai mult timp posibil.. \u00a0<\/p>\t\t\t\t\t\t\t\t<\/div>\n\t\t\t\t<\/div>\n\t\t\t\t<div class=\"elementor-element elementor-element-f9b9369 elementor-widget elementor-widget-heading\" data-id=\"f9b9369\" data-element_type=\"widget\" data-e-type=\"widget\" data-widget_type=\"heading.default\">\n\t\t\t\t<div class=\"elementor-widget-container\">\n\t\t\t\t\t<h2 class=\"elementor-heading-title elementor-size-default\">Recomandare de dozare a produsului<\/h2>\t\t\t\t<\/div>\n\t\t\t\t<\/div>\n\t\t\t\t<div class=\"elementor-element elementor-element-7c2e4b9 elementor-widget elementor-widget-text-editor\" data-id=\"7c2e4b9\" data-element_type=\"widget\" data-e-type=\"widget\" data-widget_type=\"text-editor.default\">\n\t\t\t\t<div class=\"elementor-widget-container\">\n\t\t\t\t\t\t\t\t\t<p>Deoarece fiecare vin sau must este diferit, la fel este \u0219i tipul \u0219i cantitatea de produs oenologic care trebuie ad\u0103ugat \u00een timpul procesului de vinifica\u021bie. Neatingerea dozei necesare sau dep\u0103\u0219irea acesteia poate duce la o viitoare problem\u0103 de instabilitate (link &#8220;stabilizatori&#8221;), care poate fi rezolvat\u0103 prin ajustarea cantit\u0103\u021bii de produs pentru fiecare tip de vin \u00eenainte de \u00eembuteliere. \u00cen acest scop, se studiaz\u0103 \u00een laborator diferite doze de agen\u021bi de af\u00e2nare \u0219i\/sau stabilizatori \u0219i se face o recomandare specific\u0103 pentru fiecare matrice de vin..<\/p>\t\t\t\t\t\t\t\t<\/div>\n\t\t\t\t<\/div>\n\t\t\t\t<div class=\"elementor-element elementor-element-2cf8f15 elementor-widget elementor-widget-heading\" data-id=\"2cf8f15\" data-element_type=\"widget\" data-e-type=\"widget\" data-widget_type=\"heading.default\">\n\t\t\t\t<div class=\"elementor-widget-container\">\n\t\t\t\t\t<h2 class=\"elementor-heading-title elementor-size-default\">Teste Browning<\/h2>\t\t\t\t<\/div>\n\t\t\t\t<\/div>\n\t\t\t\t<div class=\"elementor-element elementor-element-5625640 elementor-widget elementor-widget-text-editor\" data-id=\"5625640\" data-element_type=\"widget\" data-e-type=\"widget\" data-widget_type=\"text-editor.default\">\n\t\t\t\t<div class=\"elementor-widget-container\">\n\t\t\t\t\t\t\t\t\t<p>Al c\u0103rui scop este de a reduce con\u021binutul de catechine prin utilizarea dozei necesare de PVPP (link &#8220;Divergan-F&#8221;) pentru a preveni brunificarea vinului \u00een timp..\u00a0<\/p>\t\t\t\t\t\t\t\t<\/div>\n\t\t\t\t<\/div>\n\t\t\t\t<div class=\"elementor-element elementor-element-b062b59 elementor-widget elementor-widget-heading\" data-id=\"b062b59\" data-element_type=\"widget\" data-e-type=\"widget\" data-widget_type=\"heading.default\">\n\t\t\t\t<div class=\"elementor-widget-container\">\n\t\t\t\t\t<h2 class=\"elementor-heading-title elementor-size-default\">Eliminarea defectelor organoleptice<\/h2>\t\t\t\t<\/div>\n\t\t\t\t<\/div>\n\t\t\t\t<div class=\"elementor-element elementor-element-95a33ae elementor-widget elementor-widget-text-editor\" data-id=\"95a33ae\" data-element_type=\"widget\" data-e-type=\"widget\" data-widget_type=\"text-editor.default\">\n\t\t\t\t<div class=\"elementor-widget-container\">\n\t\t\t\t\t\t\t\t\t<p>Un juriu de degustare stabile\u0219te defectele organoleptice \u0219i produsele oenologice cele mai potrivite pentru eliminarea lor, iar dup\u0103 aplicarea acestora \u00een diferite doze, tratamentul cel mai potrivit pentru vinul \u00een cauz\u0103 este din nou decis prin degustare..\u00a0<\/p>\t\t\t\t\t\t\t\t<\/div>\n\t\t\t\t<\/div>\n\t\t\t\t<div class=\"elementor-element elementor-element-52d752e elementor-widget elementor-widget-heading\" data-id=\"52d752e\" data-element_type=\"widget\" data-e-type=\"widget\" data-widget_type=\"heading.default\">\n\t\t\t\t<div class=\"elementor-widget-container\">\n\t\t\t\t\t<h2 class=\"elementor-heading-title elementor-size-default\">Determin\u0103ri genetice<\/h2>\t\t\t\t<\/div>\n\t\t\t\t<\/div>\n\t\t\t\t<div class=\"elementor-element elementor-element-447b5f0 elementor-widget elementor-widget-text-editor\" data-id=\"447b5f0\" data-element_type=\"widget\" data-e-type=\"widget\" data-widget_type=\"text-editor.default\">\n\t\t\t\t<div class=\"elementor-widget-container\">\n\t\t\t\t\t\t\t\t\t<p>Cunosc\u00e2nd valorile ini\u021biale ale potasiului, este posibil s\u0103 stabiliz\u0103m vinurile \u00eempotriva precipit\u0103rii cristalelor de bitartrat de potasiu cu ajutorul r\u0103\u0219inilor cationice, f\u0103r\u0103 a le sc\u0103dea drastic pH-ul..<\/p>\t\t\t\t\t\t\t\t<\/div>\n\t\t\t\t<\/div>\n\t\t\t\t\t<\/div>\n\t\t<\/div>\n\t\t\t\t\t<\/div>\n\t\t<\/section>\n\t\t\t\t<\/div>\n\t\t","protected":false},"excerpt":{"rendered":"<p>Efectuarea de teste specifice \u0219i personalizate pe vinuri \u0219i musturi ne permite s\u0103 oferim o solu\u021bie pentru orice nevoie a vin\u0103riei, de la identificarea precipita\u021bilor nedorite p\u00e2n\u0103 la prevenirea oxid\u0103rii viitoare. Laboratorul Agrovin \u00eendepline\u0219te o gam\u0103 larg\u0103 de sarcini \u00een acest scop: Studiu privind \u00eemb\u0103tr\u00e2nirea accelerat\u0103 Aceasta const\u0103 \u00een expunerea vinului la soare \u0219i la [&hellip;]<\/p>\n","protected":false},"author":359,"featured_media":0,"parent":0,"menu_order":0,"comment_status":"closed","ping_status":"closed","template":"elementor_header_footer","meta":{"_acf_changed":false,"inline_featured_image":false,"site-sidebar-layout":"no-sidebar","site-content-layout":"page-builder","ast-site-content-layout":"default","site-content-style":"default","site-sidebar-style":"default","ast-global-header-display":"","ast-banner-title-visibility":"","ast-main-header-display":"","ast-hfb-above-header-display":"","ast-hfb-below-header-display":"","ast-hfb-mobile-header-display":"","site-post-title":"disabled","ast-breadcrumbs-content":"","ast-featured-img":"disabled","footer-sml-layout":"","ast-disable-related-posts":"","theme-transparent-header-meta":"","adv-header-id-meta":"","stick-header-meta":"","header-above-stick-meta":"","header-main-stick-meta":"","header-below-stick-meta":"","astra-migrate-meta-layouts":"default","ast-page-background-enabled":"default","ast-page-background-meta":{"desktop":{"background-color":"var(--ast-global-color-5)","background-image":"","background-repeat":"repeat","background-position":"center center","background-size":"auto","background-attachment":"scroll","background-type":"","background-media":"","overlay-type":"","overlay-color":"","overlay-opacity":"","overlay-gradient":""},"tablet":{"background-color":"","background-image":"","background-repeat":"repeat","background-position":"center center","background-size":"auto","background-attachment":"scroll","background-type":"","background-media":"","overlay-type":"","overlay-color":"","overlay-opacity":"","overlay-gradient":""},"mobile":{"background-color":"","background-image":"","background-repeat":"repeat","background-position":"center center","background-size":"auto","background-attachment":"scroll","background-type":"","background-media":"","overlay-type":"","overlay-color":"","overlay-opacity":"","overlay-gradient":""}},"ast-content-background-meta":{"desktop":{"background-color":"var(--ast-global-color-4)","background-image":"","background-repeat":"repeat","background-position":"center center","background-size":"auto","background-attachment":"scroll","background-type":"","background-media":"","overlay-type":"","overlay-color":"","overlay-opacity":"","overlay-gradient":""},"tablet":{"background-color":"var(--ast-global-color-4)","background-image":"","background-repeat":"repeat","background-position":"center center","background-size":"auto","background-attachment":"scroll","background-type":"","background-media":"","overlay-type":"","overlay-color":"","overlay-opacity":"","overlay-gradient":""},"mobile":{"background-color":"var(--ast-global-color-4)","background-image":"","background-repeat":"repeat","background-position":"center center","background-size":"auto","background-attachment":"scroll","background-type":"","background-media":"","overlay-type":"","overlay-color":"","overlay-opacity":"","overlay-gradient":""}},"footnotes":""},"class_list":["post-78186","page","type-page","status-publish","hentry"],"acf":[],"_links":{"self":[{"href":"https:\/\/agrovin.com\/ro\/wp-json\/wp\/v2\/pages\/78186","targetHints":{"allow":["GET"]}}],"collection":[{"href":"https:\/\/agrovin.com\/ro\/wp-json\/wp\/v2\/pages"}],"about":[{"href":"https:\/\/agrovin.com\/ro\/wp-json\/wp\/v2\/types\/page"}],"author":[{"embeddable":true,"href":"https:\/\/agrovin.com\/ro\/wp-json\/wp\/v2\/users\/359"}],"replies":[{"embeddable":true,"href":"https:\/\/agrovin.com\/ro\/wp-json\/wp\/v2\/comments?post=78186"}],"version-history":[{"count":0,"href":"https:\/\/agrovin.com\/ro\/wp-json\/wp\/v2\/pages\/78186\/revisions"}],"wp:attachment":[{"href":"https:\/\/agrovin.com\/ro\/wp-json\/wp\/v2\/media?parent=78186"}],"curies":[{"name":"wp","href":"https:\/\/api.w.org\/{rel}","templated":true}]}}