{"id":78184,"date":"2022-06-09T19:01:10","date_gmt":"2022-06-09T18:01:10","guid":{"rendered":"https:\/\/staging.agrovin.com\/cercetare-si-dezvoltare-2003-2011-cd\/"},"modified":"2022-10-10T08:33:02","modified_gmt":"2022-10-10T07:33:02","slug":"cercetare-si-dezvoltare-2003-2011-cd","status":"publish","type":"page","link":"https:\/\/agrovin.com\/ro\/proiecte-de-cd\/cercetare-si-dezvoltare-2003-2011-cd\/","title":{"rendered":"Cercetare \u0219i dezvoltare 2003-2011 C&#038;D"},"content":{"rendered":"\t\t<div data-elementor-type=\"wp-page\" data-elementor-id=\"78184\" class=\"elementor elementor-78184 elementor-64385\" data-elementor-post-type=\"page\">\n\t\t\t\t\t\t<section class=\"elementor-section elementor-top-section elementor-element elementor-element-b748cf2 elementor-section-height-min-height elementor-section-boxed elementor-section-height-default elementor-section-items-middle\" data-id=\"b748cf2\" data-element_type=\"section\" data-e-type=\"section\" data-settings=\"{&quot;background_background&quot;:&quot;classic&quot;}\">\n\t\t\t\t\t\t<div class=\"elementor-container elementor-column-gap-default\">\n\t\t\t\t\t<div class=\"elementor-column elementor-col-100 elementor-top-column elementor-element elementor-element-b9aec06\" data-id=\"b9aec06\" data-element_type=\"column\" data-e-type=\"column\">\n\t\t\t<div class=\"elementor-widget-wrap\">\n\t\t\t\t\t\t\t<\/div>\n\t\t<\/div>\n\t\t\t\t\t<\/div>\n\t\t<\/section>\n\t\t\t\t<section class=\"elementor-section elementor-top-section elementor-element elementor-element-4a8ff2d elementor-section-boxed elementor-section-height-default elementor-section-height-default\" data-id=\"4a8ff2d\" data-element_type=\"section\" data-e-type=\"section\">\n\t\t\t\t\t\t<div class=\"elementor-container elementor-column-gap-default\">\n\t\t\t\t\t<div class=\"elementor-column elementor-col-100 elementor-top-column elementor-element elementor-element-b4d8f8c\" data-id=\"b4d8f8c\" data-element_type=\"column\" data-e-type=\"column\">\n\t\t\t<div class=\"elementor-widget-wrap elementor-element-populated\">\n\t\t\t\t\t\t<div class=\"elementor-element elementor-element-f1362c1 elementor-widget elementor-widget-heading\" data-id=\"f1362c1\" data-element_type=\"widget\" data-e-type=\"widget\" data-widget_type=\"heading.default\">\n\t\t\t\t<div class=\"elementor-widget-container\">\n\t\t\t\t\t<h1 class=\"elementor-heading-title elementor-size-default\">CERCETARE \u0218I DEZVOLTARE 2003-2011<\/h1>\t\t\t\t<\/div>\n\t\t\t\t<\/div>\n\t\t\t\t<div class=\"elementor-element elementor-element-138726a elementor-widget elementor-widget-text-editor\" data-id=\"138726a\" data-element_type=\"widget\" data-e-type=\"widget\" data-widget_type=\"text-editor.default\">\n\t\t\t\t<div class=\"elementor-widget-container\">\n\t\t\t\t\t\t\t\t\t<p><strong>Aplicarea drojdiilor selec\u021bionate \u00een industria oenologic\u0103. <\/strong>Acord \u00eentre Universitate \u0219i Societate. \u0218coala tehnic\u0103 superioar\u0103 de Ingineri Agronomi, Universitatea Politehnic\u0103 din Madrid (2003-2004).<\/p><p><strong>Aplicarea drojdiilor selec\u021bionate la fabricarea vinului ro\u0219u. <\/strong>Acord \u00eentre Universitate \u0219i Societate. \u0218coala tehnic\u0103 superioar\u0103 de Ingineri Agronomi, Universitatea Politehnic\u0103 din Madrid (2004-2005).<\/p><p><strong>Elaborarea unei metode rapide de cuantificare a precursorilor aromatici \u00een musturi \u0219i vinuri. <\/strong>Acord \u00eentre Universitate \u0219i Societate. Universitatea din Castilla-La Mancha (2004-2006)<\/p><p><strong>Development of diagnosis tools for\u00a0<em>Brettanomyces<\/em>\u00a0monitoring in wineries<\/strong>. Proiectul CRAFT Coop-CT-2003-508445.\u00a0 Particip\u0103: Dr. Moller und Schmeltz GMBH, Bionostra, Centre Technique Interprofessiones de la Vigne et d vin, Chambre d\u00b4Agriculture de la Gironde, Agrovin, Universite Victor Segalen (Bordeaux II), Universite de Montpellier I (Centre de Recherche et de Formation en \u0152nologie),\u00a0 DSMZ- deutsche Sammlung von Mikroorganismen und Zellkulturen GMBH, Consejo Superior de Investigaciones Cient\u00edficas (Consiliul Na\u021bional de Cercetare din Spania), (2004-2007).<\/p><p><strong>Propuneri de \u00eembun\u0103t\u0103\u021bire a aplic\u0103rii industriale a drojdiei uscate active \u00een cramele din Castilla La Mancha prin studierea implement\u0103rii \u0219i viabilit\u0103\u021bii acestora. <\/strong>Proiectul FEDER. Universitatea din Castilla-La Mancha (2005-2008)<\/p><p><strong>Selectarea drojdiilor oenologice cu efect Killer \u00eempotriva Brettanomyces bruxelliensis. Aplicarea la musturi \u0219i vinuri. <\/strong>Acord \u00eentre Universitate \u0219i Societate. Departamentul de Microbiologie III, Universitatea Complutense din Madrid. (2005-2006)<\/p><p><strong>Noi utiliz\u0103ri ale tratamentului cu drojdie inactivat\u0103 \u00een oenologie: Efectul asupra con\u021binutului de amine biogene. <\/strong>Proiectul Petri. Institutul de Fermenta\u021bii Industriale IFI-CSIC. (2006-2007).<\/p><p><strong>Studii de fezabilitate pentru o inoculare \u00een vinuri \u00een vederea efectu\u0103rii fermenta\u021biei malolactice. <\/strong>Acord \u00eentre Universitate \u0219i societate. Departamentul de Microbiologie, Facultatea de \u0218tiin\u021be Biologice. Universitatea din Valencia. (UVEG) (2006-2007)<\/p><p><strong>Optimizarea drojdiilor pentru utilizare oenologic\u0103. <\/strong>Grupul de cercetare, Departamentul de \u0218tiin\u021be Biomedicale, Domeniul Microbiologie, Universitatea din Extremadura (UEX). Grupul de cercetare, \u0218coala de Inginerie Agricol\u0103, Universitatea Politehnic\u0103 din Madrid (UPM). Programul Inmoempresa, Guvernul regional din Castilla La Mancha. (2007-2008).<\/p><p><strong>Controlul calit\u0103\u021bii produc\u021biei industriale sub form\u0103 de drojdie uscat\u0103 activ\u0103 \u0219i implantarea \u00een vinifica\u021bie a dou\u0103 tulpini de drojdie: BM58 (CECT13003) \u0219i BM60 (CECT13004). <\/strong>Institutul de Agrochimie \u0219i Tehnologie Alimentar\u0103 IATA-CSIC \u00a0(2008-2009)<\/p><p><strong>Producerea de musturi ro\u0219ii din zonele calde cu o implantare ridicat\u0103 de drojdii vinicole selec\u021bionate. Proiectul CENIT: <\/strong>Dezvoltarea de strategii \u0219i metode viticole \u0219i oenologice \u00een fa\u021ba schimb\u0103rilor climatice. Aplicarea de noi tehnologii pentru a \u00eembun\u0103t\u0103\u021bi eficien\u021ba proceselor rezultate DEMETER. \u0218coala de Inginerie Agricol\u0103, Universitatea Politehnic\u0103 din Madrid. (2008-2011).<\/p><p><strong>Selec\u021bia \u0219i \u00eembun\u0103t\u0103\u021birea tulpinilor de bacterii lactice pentru dezvoltarea fermenta\u021biei malolactice \u00een noile condi\u021bii de vinifica\u021bie datorate schimb\u0103rilor climatice. <\/strong>Proiectul CENIT DEMETER Departamentul de Microbiologie, Facultatea de \u0218tiin\u021be Biologice, Universitatea din Valencia (UVEG). (2008-2011).<\/p><p><strong>Nutrien\u021bi de azot \u00een fermenta\u021bia alcoolic\u0103: necesitate \u0219i efect asupra dezvolt\u0103rii acesteia. <\/strong>Universitatea Rovira i Virgili (RiV) Institutul de Agrochimie \u0219i Tehnologie Alimentar\u0103 IATA-CSIC. Proiect CENIT: DEMETER (2008-2011).<\/p><p><strong>Aspecte care influen\u021beaz\u0103 calitatea vinurilor spumante produse prin metoda tradi\u021bional\u0103. <\/strong>Universitatea Rovira i Virgili (RiV) Institutul de Agrochimie \u0219i Tehnologie Alimentar\u0103 IATA-CSIC. Proiect CENIT: DEMETER (2008-2011).<\/p><p><strong>Utilizarea tulpinilor Killer pentru controlul biologic al <em>Brettanomyces bruxelliensis<\/em> \u00een fermenta\u021biile de vin. <\/strong>Acord \u00eentre Universitate \u0219i Societate. Departamentul de Microbiologie III, Universitatea Complutense din Madrid. (2009-2010).<\/p>\t\t\t\t\t\t\t\t<\/div>\n\t\t\t\t<\/div>\n\t\t\t\t<div class=\"elementor-element elementor-element-eb8d352 elementor-widget elementor-widget-button\" data-id=\"eb8d352\" data-element_type=\"widget\" data-e-type=\"widget\" data-widget_type=\"button.default\">\n\t\t\t\t<div class=\"elementor-widget-container\">\n\t\t\t\t\t\t\t\t\t<div class=\"elementor-button-wrapper\">\n\t\t\t\t\t<a class=\"elementor-button elementor-size-sm\" role=\"button\">\n\t\t\t\t\t\t<span class=\"elementor-button-content-wrapper\">\n\t\t\t\t\t\t\t\t\t<span class=\"elementor-button-text\">Fi\u0219a tehnic\u0103 a proiectului <\/span>\n\t\t\t\t\t<\/span>\n\t\t\t\t\t<\/a>\n\t\t\t\t<\/div>\n\t\t\t\t\t\t\t\t<\/div>\n\t\t\t\t<\/div>\n\t\t\t\t\t<\/div>\n\t\t<\/div>\n\t\t\t\t\t<\/div>\n\t\t<\/section>\n\t\t\t\t<\/div>\n\t\t","protected":false},"excerpt":{"rendered":"<p>CERCETARE \u0218I DEZVOLTARE 2003-2011 Aplicarea drojdiilor selec\u021bionate \u00een industria oenologic\u0103. Acord \u00eentre Universitate \u0219i Societate. \u0218coala tehnic\u0103 superioar\u0103 de Ingineri Agronomi, Universitatea Politehnic\u0103 din Madrid (2003-2004). Aplicarea drojdiilor selec\u021bionate la fabricarea vinului ro\u0219u. Acord \u00eentre Universitate \u0219i Societate. \u0218coala tehnic\u0103 superioar\u0103 de Ingineri Agronomi, Universitatea Politehnic\u0103 din Madrid (2004-2005). Elaborarea unei metode rapide de cuantificare [&hellip;]<\/p>\n","protected":false},"author":359,"featured_media":0,"parent":78208,"menu_order":0,"comment_status":"closed","ping_status":"closed","template":"","meta":{"_acf_changed":false,"inline_featured_image":false,"site-sidebar-layout":"no-sidebar","site-content-layout":"page-builder","ast-site-content-layout":"default","site-content-style":"default","site-sidebar-style":"default","ast-global-header-display":"","ast-banner-title-visibility":"","ast-main-header-display":"","ast-hfb-above-header-display":"","ast-hfb-below-header-display":"","ast-hfb-mobile-header-display":"","site-post-title":"disabled","ast-breadcrumbs-content":"","ast-featured-img":"disabled","footer-sml-layout":"","ast-disable-related-posts":"","theme-transparent-header-meta":"","adv-header-id-meta":"","stick-header-meta":"","header-above-stick-meta":"","header-main-stick-meta":"","header-below-stick-meta":"","astra-migrate-meta-layouts":"default","ast-page-background-enabled":"default","ast-page-background-meta":{"desktop":{"background-color":"var(--ast-global-color-5)","background-image":"","background-repeat":"repeat","background-position":"center center","background-size":"auto","background-attachment":"scroll","background-type":"","background-media":"","overlay-type":"","overlay-color":"","overlay-opacity":"","overlay-gradient":""},"tablet":{"background-color":"","background-image":"","background-repeat":"repeat","background-position":"center center","background-size":"auto","background-attachment":"scroll","background-type":"","background-media":"","overlay-type":"","overlay-color":"","overlay-opacity":"","overlay-gradient":""},"mobile":{"background-color":"","background-image":"","background-repeat":"repeat","background-position":"center center","background-size":"auto","background-attachment":"scroll","background-type":"","background-media":"","overlay-type":"","overlay-color":"","overlay-opacity":"","overlay-gradient":""}},"ast-content-background-meta":{"desktop":{"background-color":"var(--ast-global-color-4)","background-image":"","background-repeat":"repeat","background-position":"center center","background-size":"auto","background-attachment":"scroll","background-type":"","background-media":"","overlay-type":"","overlay-color":"","overlay-opacity":"","overlay-gradient":""},"tablet":{"background-color":"var(--ast-global-color-4)","background-image":"","background-repeat":"repeat","background-position":"center center","background-size":"auto","background-attachment":"scroll","background-type":"","background-media":"","overlay-type":"","overlay-color":"","overlay-opacity":"","overlay-gradient":""},"mobile":{"background-color":"var(--ast-global-color-4)","background-image":"","background-repeat":"repeat","background-position":"center center","background-size":"auto","background-attachment":"scroll","background-type":"","background-media":"","overlay-type":"","overlay-color":"","overlay-opacity":"","overlay-gradient":""}},"footnotes":""},"class_list":["post-78184","page","type-page","status-publish","hentry"],"acf":[],"_links":{"self":[{"href":"https:\/\/agrovin.com\/ro\/wp-json\/wp\/v2\/pages\/78184","targetHints":{"allow":["GET"]}}],"collection":[{"href":"https:\/\/agrovin.com\/ro\/wp-json\/wp\/v2\/pages"}],"about":[{"href":"https:\/\/agrovin.com\/ro\/wp-json\/wp\/v2\/types\/page"}],"author":[{"embeddable":true,"href":"https:\/\/agrovin.com\/ro\/wp-json\/wp\/v2\/users\/359"}],"replies":[{"embeddable":true,"href":"https:\/\/agrovin.com\/ro\/wp-json\/wp\/v2\/comments?post=78184"}],"version-history":[{"count":0,"href":"https:\/\/agrovin.com\/ro\/wp-json\/wp\/v2\/pages\/78184\/revisions"}],"up":[{"embeddable":true,"href":"https:\/\/agrovin.com\/ro\/wp-json\/wp\/v2\/pages\/78208"}],"wp:attachment":[{"href":"https:\/\/agrovin.com\/ro\/wp-json\/wp\/v2\/media?parent=78184"}],"curies":[{"name":"wp","href":"https:\/\/api.w.org\/{rel}","templated":true}]}}