{"id":78180,"date":"2022-06-09T18:54:16","date_gmt":"2022-06-09T17:54:16","guid":{"rendered":"https:\/\/staging.agrovin.com\/studiul-activitatilor-enzimatice-si-a-elementelor-antioxidante-de-origine-biologica-pentru-imbunatatirea-cercetarii-si-dezvoltarii-vinurilor-albe-si-rose\/"},"modified":"2025-06-25T10:14:14","modified_gmt":"2025-06-25T08:14:14","slug":"studiul-activitatilor-enzimatice-si-a-elementelor-antioxidante-de-origine-biologica-pentru-imbunatatirea-cercetarii-si-dezvoltarii-vinurilor-albe-si-rose","status":"publish","type":"page","link":"https:\/\/agrovin.com\/ro\/proiecte-de-cd\/studiul-activitatilor-enzimatice-si-a-elementelor-antioxidante-de-origine-biologica-pentru-imbunatatirea-cercetarii-si-dezvoltarii-vinurilor-albe-si-rose\/","title":{"rendered":"Studiul activit\u0103\u021bilor enzimatice \u0219i a elementelor antioxidante de origine biologic\u0103 pentru \u00eembun\u0103t\u0103\u021birea cercet\u0103rii \u0219i dezvolt\u0103rii vinurilor albe \u0219i ros\u00e9"},"content":{"rendered":"\t\t<div data-elementor-type=\"wp-page\" data-elementor-id=\"78180\" class=\"elementor elementor-78180 elementor-64414\" data-elementor-post-type=\"page\">\n\t\t\t\t\t\t<section class=\"elementor-section elementor-top-section elementor-element elementor-element-25f8f33 elementor-section-height-min-height elementor-section-boxed elementor-section-height-default elementor-section-items-middle\" data-id=\"25f8f33\" data-element_type=\"section\" data-e-type=\"section\" data-settings=\"{&quot;background_background&quot;:&quot;classic&quot;}\">\n\t\t\t\t\t\t<div class=\"elementor-container elementor-column-gap-default\">\n\t\t\t\t\t<div class=\"elementor-column elementor-col-100 elementor-top-column elementor-element elementor-element-42fcf57\" data-id=\"42fcf57\" data-element_type=\"column\" data-e-type=\"column\">\n\t\t\t<div class=\"elementor-widget-wrap\">\n\t\t\t\t\t\t\t<\/div>\n\t\t<\/div>\n\t\t\t\t\t<\/div>\n\t\t<\/section>\n\t\t\t\t<section class=\"elementor-section elementor-top-section elementor-element elementor-element-8ab8a1b elementor-section-boxed elementor-section-height-default elementor-section-height-default\" data-id=\"8ab8a1b\" data-element_type=\"section\" data-e-type=\"section\">\n\t\t\t\t\t\t<div class=\"elementor-container elementor-column-gap-default\">\n\t\t\t\t\t<div class=\"elementor-column elementor-col-100 elementor-top-column elementor-element elementor-element-dbdcca8\" data-id=\"dbdcca8\" data-element_type=\"column\" data-e-type=\"column\">\n\t\t\t<div class=\"elementor-widget-wrap elementor-element-populated\">\n\t\t\t\t\t\t<div class=\"elementor-element elementor-element-0d566cb elementor-widget elementor-widget-heading\" data-id=\"0d566cb\" data-element_type=\"widget\" data-e-type=\"widget\" data-widget_type=\"heading.default\">\n\t\t\t\t<div class=\"elementor-widget-container\">\n\t\t\t\t\t<h1 class=\"elementor-heading-title elementor-size-default\">Studiul activit\u0103\u021bilor enzimatice \u0219i al elementelor antioxidante de origine biologic\u0103 pentru ameliorarea vinurilor albe \u0219i ros\u00e9.<\/h1>\t\t\t\t<\/div>\n\t\t\t\t<\/div>\n\t\t\t\t<div class=\"elementor-element elementor-element-e694ae6 elementor-widget elementor-widget-text-editor\" data-id=\"e694ae6\" data-element_type=\"widget\" data-e-type=\"widget\" data-widget_type=\"text-editor.default\">\n\t\t\t\t<div class=\"elementor-widget-container\">\n\t\t\t\t\t\t\t\t\t<p><strong>OBIECTIV:\u00a0<\/strong>\u00cen prezent, pe pia\u021b\u0103 exist\u0103 o gam\u0103 larg\u0103 de tulpini industriale de drojdie Saccharomyces sub form\u0103 de drojdie uscat\u0103 activ\u0103 pentru fermentarea vinului. Lipsa de informa\u021bii cu privire la capacit\u0103\u021bile fermentative ale fiec\u0103rei tulpini \u00eenseamn\u0103 c\u0103, adesea, vinificatorii nu lucreaz\u0103 cu tulpinile cele mai potrivite pentru condi\u021biile mustului cu care lucreaz\u0103 sau pentru tipul de vin pe care doresc s\u0103 \u00eel produc\u0103. Mai mult, \u00een cram\u0103, Saccharomyces este utilizat aproape exclusiv pentru produc\u021bia de vin, \u00een condi\u021biile \u00een care acum se \u0219tie c\u0103 exist\u0103 o multitudine de activit\u0103\u021bi enzimatice asociate cu alte specii de drojdii care au un efect foarte apreciabil asupra profilului senzorial al vinurilor. Obiectivul general al acestui proiect de cercetare \u0219i dezvoltare intitulat &#8220;STUDIUL ACTIVIT\u0102\u021aILOR ENZIMMATICE \u0218I AL ELEMENTELE ANTIOXIDANTE DE ORIGINE BIOLOGIC\u0102 PENTRU AMELIORAREA VINURILOR ALBE \u0218I ROSATE&#8221; este de a aborda aceast\u0103 problem\u0103, concentr\u00e2ndu-se pe o selec\u021bie \u0219i o caracterizare a activit\u0103\u021bilor enzimatice ale drojdiilor care vor permite vinificatorului s\u0103 aleag\u0103 cele mai potrivite tulpini \u00een func\u021bie de cerin\u021bele sale \u00een cram\u0103, Pentru a lua \u00een considerare toate cele de mai sus \u0219i pentru a oferi vinificatorilor, pe o pia\u021b\u0103 a vinului din ce \u00een ce mai tehnologizat\u0103, instrumentele adecvate pentru o abordare inovatoare a vinifica\u021biei, scopul este de a dezvolta diferite obiective prin intermediul celor mai adecvate abord\u0103ri experimentale \u00een fiecare caz..<\/p><p><strong>CONVOCATOR:\u00a0<\/strong>CDTI. PROGRAMUL DE PROIECTE DE CERCETARE \u0218I DEZVOLTARE (PID).<\/p><p><strong>TITLUL PROIECTULUI:<\/strong>\u00a0Studiul activit\u0103\u021bilor enzimatice \u0219i al elementelor antioxidante de origine biologic\u0103 pentru ameliorarea vinurilor albe \u0219i ros\u00e9..<\/p><p><strong>Data \u00eenceperii:<\/strong>\u00a01\/4\/2013<\/p><p><strong>Data finaliz\u0103rii:<\/strong>\u00a030\/6\/2015<\/p><p><strong>ACRONIM:<\/strong>\u00a0ENZIOXIVIN<\/p>\t\t\t\t\t\t\t\t<\/div>\n\t\t\t\t<\/div>\n\t\t\t\t<div class=\"elementor-element elementor-element-957f4fc elementor-widget elementor-widget-button\" data-id=\"957f4fc\" data-element_type=\"widget\" data-e-type=\"widget\" data-widget_type=\"button.default\">\n\t\t\t\t<div class=\"elementor-widget-container\">\n\t\t\t\t\t\t\t\t\t<div class=\"elementor-button-wrapper\">\n\t\t\t\t\t<a class=\"elementor-button elementor-button-link elementor-size-sm\" href=\"https:\/\/agrovin.com\/agrv\/pdf\/ficha_proyectos\/Ficha_tecnica_ENZIOXIVIN2.pdf\" target=\"_blank\" rel=\"nofollow\" download=\"https:\/\/agrovin.com\/agrv\/pdf\/ficha_proyectos\/Ficha_tecnica_PLAN_INNOVACION2.pdf\">\n\t\t\t\t\t\t<span class=\"elementor-button-content-wrapper\">\n\t\t\t\t\t\t\t\t\t<span class=\"elementor-button-text\">Fi\u0219a tehnic\u0103 a proiectului <\/span>\n\t\t\t\t\t<\/span>\n\t\t\t\t\t<\/a>\n\t\t\t\t<\/div>\n\t\t\t\t\t\t\t\t<\/div>\n\t\t\t\t<\/div>\n\t\t\t\t\t<\/div>\n\t\t<\/div>\n\t\t\t\t\t<\/div>\n\t\t<\/section>\n\t\t\t\t<section class=\"elementor-section elementor-top-section elementor-element elementor-element-8487ca8 elementor-section-boxed elementor-section-height-default elementor-section-height-default\" data-id=\"8487ca8\" data-element_type=\"section\" data-e-type=\"section\">\n\t\t\t\t\t\t<div class=\"elementor-container elementor-column-gap-default\">\n\t\t\t\t\t<div class=\"elementor-column elementor-col-33 elementor-top-column elementor-element elementor-element-b9e8f01\" data-id=\"b9e8f01\" data-element_type=\"column\" data-e-type=\"column\">\n\t\t\t<div class=\"elementor-widget-wrap elementor-element-populated\">\n\t\t\t\t\t\t<div class=\"elementor-element elementor-element-178bb45 elementor-widget elementor-widget-image\" data-id=\"178bb45\" data-element_type=\"widget\" data-e-type=\"widget\" data-widget_type=\"image.default\">\n\t\t\t\t<div class=\"elementor-widget-container\">\n\t\t\t\t\t\t\t\t\t\t\t\t\t\t\t<img decoding=\"async\" width=\"350\" height=\"100\" src=\"https:\/\/agrovin.com\/wp-content\/uploads\/2022\/02\/CDTI-350x100-1.jpg\" class=\"attachment-large size-large wp-image-75370\" alt=\"\" srcset=\"https:\/\/agrovin.com\/wp-content\/uploads\/2022\/02\/CDTI-350x100-1.jpg 350w, https:\/\/agrovin.com\/wp-content\/uploads\/2022\/02\/CDTI-350x100-1-300x86.jpg 300w, https:\/\/agrovin.com\/wp-content\/uploads\/2022\/02\/CDTI-350x100-1-270x77.jpg 270w\" sizes=\"(max-width: 350px) 100vw, 350px\" title=\"\">\t\t\t\t\t\t\t\t\t\t\t\t\t\t\t<\/div>\n\t\t\t\t<\/div>\n\t\t\t\t\t<\/div>\n\t\t<\/div>\n\t\t\t\t<div class=\"elementor-column elementor-col-33 elementor-top-column elementor-element elementor-element-f306fcb\" data-id=\"f306fcb\" data-element_type=\"column\" data-e-type=\"column\">\n\t\t\t<div class=\"elementor-widget-wrap elementor-element-populated\">\n\t\t\t\t\t\t<div class=\"elementor-element elementor-element-01c33fc elementor-widget elementor-widget-image\" data-id=\"01c33fc\" data-element_type=\"widget\" data-e-type=\"widget\" data-widget_type=\"image.default\">\n\t\t\t\t<div class=\"elementor-widget-container\">\n\t\t\t\t\t\t\t\t\t\t\t\t\t\t\t<img decoding=\"async\" width=\"299\" height=\"76\" src=\"https:\/\/agrovin.com\/wp-content\/uploads\/2022\/02\/agrovin-ue.jpg\" class=\"attachment-large size-large wp-image-74880\" alt=\"\" srcset=\"https:\/\/agrovin.com\/wp-content\/uploads\/2022\/02\/agrovin-ue.jpg 299w, https:\/\/agrovin.com\/wp-content\/uploads\/2022\/02\/agrovin-ue-270x69.jpg 270w\" sizes=\"(max-width: 299px) 100vw, 299px\" title=\"\">\t\t\t\t\t\t\t\t\t\t\t\t\t\t\t<\/div>\n\t\t\t\t<\/div>\n\t\t\t\t\t<\/div>\n\t\t<\/div>\n\t\t\t\t<div class=\"elementor-column elementor-col-33 elementor-top-column elementor-element elementor-element-1432b3c\" data-id=\"1432b3c\" data-element_type=\"column\" data-e-type=\"column\">\n\t\t\t<div class=\"elementor-widget-wrap\">\n\t\t\t\t\t\t\t<\/div>\n\t\t<\/div>\n\t\t\t\t\t<\/div>\n\t\t<\/section>\n\t\t\t\t<\/div>\n\t\t","protected":false},"excerpt":{"rendered":"<p>Studiul activit\u0103\u021bilor enzimatice \u0219i al elementelor antioxidante de origine biologic\u0103 pentru ameliorarea vinurilor albe \u0219i ros\u00e9. OBIECTIV:\u00a0\u00cen prezent, pe pia\u021b\u0103 exist\u0103 o gam\u0103 larg\u0103 de tulpini industriale de drojdie Saccharomyces sub form\u0103 de drojdie uscat\u0103 activ\u0103 pentru fermentarea vinului. Lipsa de informa\u021bii cu privire la capacit\u0103\u021bile fermentative ale fiec\u0103rei tulpini \u00eenseamn\u0103 c\u0103, adesea, vinificatorii nu [&hellip;]<\/p>\n","protected":false},"author":359,"featured_media":0,"parent":78208,"menu_order":0,"comment_status":"closed","ping_status":"closed","template":"","meta":{"_acf_changed":false,"inline_featured_image":false,"site-sidebar-layout":"no-sidebar","site-content-layout":"page-builder","ast-site-content-layout":"full-width-container","site-content-style":"unboxed","site-sidebar-style":"unboxed","ast-global-header-display":"","ast-banner-title-visibility":"","ast-main-header-display":"","ast-hfb-above-header-display":"","ast-hfb-below-header-display":"","ast-hfb-mobile-header-display":"","site-post-title":"disabled","ast-breadcrumbs-content":"","ast-featured-img":"disabled","footer-sml-layout":"","ast-disable-related-posts":"","theme-transparent-header-meta":"default","adv-header-id-meta":"","stick-header-meta":"","header-above-stick-meta":"","header-main-stick-meta":"","header-below-stick-meta":"","astra-migrate-meta-layouts":"set","ast-page-background-enabled":"default","ast-page-background-meta":{"desktop":{"background-color":"var(--ast-global-color-5)","background-image":"","background-repeat":"repeat","background-position":"center center","background-size":"auto","background-attachment":"scroll","background-type":"","background-media":"","overlay-type":"","overlay-color":"","overlay-opacity":"","overlay-gradient":""},"tablet":{"background-color":"","background-image":"","background-repeat":"repeat","background-position":"center center","background-size":"auto","background-attachment":"scroll","background-type":"","background-media":"","overlay-type":"","overlay-color":"","overlay-opacity":"","overlay-gradient":""},"mobile":{"background-color":"","background-image":"","background-repeat":"repeat","background-position":"center center","background-size":"auto","background-attachment":"scroll","background-type":"","background-media":"","overlay-type":"","overlay-color":"","overlay-opacity":"","overlay-gradient":""}},"ast-content-background-meta":{"desktop":{"background-color":"var(--ast-global-color-4)","background-image":"","background-repeat":"repeat","background-position":"center center","background-size":"auto","background-attachment":"scroll","background-type":"","background-media":"","overlay-type":"","overlay-color":"","overlay-opacity":"","overlay-gradient":""},"tablet":{"background-color":"var(--ast-global-color-4)","background-image":"","background-repeat":"repeat","background-position":"center center","background-size":"auto","background-attachment":"scroll","background-type":"","background-media":"","overlay-type":"","overlay-color":"","overlay-opacity":"","overlay-gradient":""},"mobile":{"background-color":"var(--ast-global-color-4)","background-image":"","background-repeat":"repeat","background-position":"center center","background-size":"auto","background-attachment":"scroll","background-type":"","background-media":"","overlay-type":"","overlay-color":"","overlay-opacity":"","overlay-gradient":""}},"footnotes":""},"class_list":["post-78180","page","type-page","status-publish","hentry"],"acf":[],"_links":{"self":[{"href":"https:\/\/agrovin.com\/ro\/wp-json\/wp\/v2\/pages\/78180","targetHints":{"allow":["GET"]}}],"collection":[{"href":"https:\/\/agrovin.com\/ro\/wp-json\/wp\/v2\/pages"}],"about":[{"href":"https:\/\/agrovin.com\/ro\/wp-json\/wp\/v2\/types\/page"}],"author":[{"embeddable":true,"href":"https:\/\/agrovin.com\/ro\/wp-json\/wp\/v2\/users\/359"}],"replies":[{"embeddable":true,"href":"https:\/\/agrovin.com\/ro\/wp-json\/wp\/v2\/comments?post=78180"}],"version-history":[{"count":1,"href":"https:\/\/agrovin.com\/ro\/wp-json\/wp\/v2\/pages\/78180\/revisions"}],"predecessor-version":[{"id":120320,"href":"https:\/\/agrovin.com\/ro\/wp-json\/wp\/v2\/pages\/78180\/revisions\/120320"}],"up":[{"embeddable":true,"href":"https:\/\/agrovin.com\/ro\/wp-json\/wp\/v2\/pages\/78208"}],"wp:attachment":[{"href":"https:\/\/agrovin.com\/ro\/wp-json\/wp\/v2\/media?parent=78180"}],"curies":[{"name":"wp","href":"https:\/\/api.w.org\/{rel}","templated":true}]}}