{"id":78179,"date":"2022-06-09T18:52:41","date_gmt":"2022-06-09T17:52:41","guid":{"rendered":"https:\/\/staging.agrovin.com\/strategii-si-metode-viticole-si-oenologice-in-fata-schimbarilor-climatice-aplicarea-de-noi-tehnologii-pentru-a-imbunatati-eficienta-proceselor-de-cercetare-si-dezvoltare-rezultate\/"},"modified":"2025-06-27T09:20:53","modified_gmt":"2025-06-27T07:20:53","slug":"strategii-si-metode-viticole-si-oenologice-in-fata-schimbarilor-climatice-aplicarea-de-noi-tehnologii-pentru-a-imbunatati-eficienta-proceselor-de-cercetare-si-dezvoltare-rezultate","status":"publish","type":"page","link":"https:\/\/agrovin.com\/ro\/proiecte-de-cd\/strategii-si-metode-viticole-si-oenologice-in-fata-schimbarilor-climatice-aplicarea-de-noi-tehnologii-pentru-a-imbunatati-eficienta-proceselor-de-cercetare-si-dezvoltare-rezultate\/","title":{"rendered":"Strategii \u0219i metode viticole \u0219i oenologice \u00een fa\u021ba schimb\u0103rilor climatice. Aplicarea de noi tehnologii pentru a \u00eembun\u0103t\u0103\u021bi eficien\u021ba proceselor de cercetare \u0219i dezvoltare rezultate."},"content":{"rendered":"\t\t<div data-elementor-type=\"wp-page\" data-elementor-id=\"78179\" class=\"elementor elementor-78179 elementor-64401\" data-elementor-post-type=\"page\">\n\t\t\t\t\t\t<section class=\"elementor-section elementor-top-section elementor-element elementor-element-1806dd9 elementor-section-height-min-height elementor-section-boxed elementor-section-height-default elementor-section-items-middle\" data-id=\"1806dd9\" data-element_type=\"section\" data-e-type=\"section\" data-settings=\"{&quot;background_background&quot;:&quot;classic&quot;}\">\n\t\t\t\t\t\t<div class=\"elementor-container elementor-column-gap-default\">\n\t\t\t\t\t<div class=\"elementor-column elementor-col-100 elementor-top-column elementor-element elementor-element-0c75f53\" data-id=\"0c75f53\" data-element_type=\"column\" data-e-type=\"column\">\n\t\t\t<div class=\"elementor-widget-wrap\">\n\t\t\t\t\t\t\t<\/div>\n\t\t<\/div>\n\t\t\t\t\t<\/div>\n\t\t<\/section>\n\t\t\t\t<section class=\"elementor-section elementor-top-section elementor-element elementor-element-e2ba0cb elementor-section-boxed elementor-section-height-default elementor-section-height-default\" data-id=\"e2ba0cb\" data-element_type=\"section\" data-e-type=\"section\">\n\t\t\t\t\t\t<div class=\"elementor-container elementor-column-gap-default\">\n\t\t\t\t\t<div class=\"elementor-column elementor-col-100 elementor-top-column elementor-element elementor-element-2561b4e\" data-id=\"2561b4e\" data-element_type=\"column\" data-e-type=\"column\">\n\t\t\t<div class=\"elementor-widget-wrap elementor-element-populated\">\n\t\t\t\t\t\t<div class=\"elementor-element elementor-element-d584362 elementor-widget elementor-widget-heading\" data-id=\"d584362\" data-element_type=\"widget\" data-e-type=\"widget\" data-widget_type=\"heading.default\">\n\t\t\t\t<div class=\"elementor-widget-container\">\n\t\t\t\t\t<h1 class=\"elementor-heading-title elementor-size-default\">Strategii \u0219i metode viticole \u0219i oenologice \u00een fa\u021ba schimb\u0103rilor climatice. Aplicarea de noi tehnologii pentru a \u00eembun\u0103t\u0103\u021bi eficien\u021ba proceselor rezultate.<\/h1>\t\t\t\t<\/div>\n\t\t\t\t<\/div>\n\t\t\t\t<div class=\"elementor-element elementor-element-b0da0a8 elementor-widget elementor-widget-text-editor\" data-id=\"b0da0a8\" data-element_type=\"widget\" data-e-type=\"widget\" data-widget_type=\"text-editor.default\">\n\t\t\t\t<div class=\"elementor-widget-container\">\n\t\t\t\t\t\t\t\t\t<p><strong>OBIECTIV:\u00a0<\/strong>Proiectul CENIT-DEMETER este alc\u0103tuit dintr-un consor\u021biu care reune\u0219te un total de 27 de parteneri \u0219i 21 de organiza\u021bii de cercetare cu 31 de grupuri de cercetare diferite, reprezent\u00e2nd 12 comunit\u0103\u021bi autonome din Spania, liderul de proiect fiind Miguel Torres S.A.. Obiectivul general al proiectului este de a realiza o cercetare strategic\u0103, multidisciplinar\u0103 \u0219i interregional\u0103 \u00een domeniul viticulturii la nivel na\u021bional, care s\u0103 permit\u0103 generarea de cuno\u0219tin\u021be tehnico-\u0219tiin\u021bifice a c\u0103ror aplicare s\u0103 pun\u0103 bazele unui nou mod de a \u00een\u021belege viitoarea pozi\u021bionare a sectorului viticol \u0219i a industriei auxiliare a vinului \u00een fa\u021ba schimb\u0103rilor climatice. \u00cen cadrul acestui proiect, PRODUCTOS AGROVIN va fi liderul pachetului de lucru axat pe cercetarea drojdiei, \u00een calitate de companie relevant\u0103 \u00een sectorul industriei auxiliare a vinului..<\/p><p><strong>CONVOCATOR:\u00a0<\/strong>CDTI- PROGRAMUL CENIT.<\/p><p><strong>TITLUL PROIECTULUI:\u00a0<\/strong>Strategii \u0219i metode viticole \u0219i oenologice \u00een fa\u021ba schimb\u0103rilor climatice. Aplicarea de noi tehnologii pentru a \u00eembun\u0103t\u0103\u021bi eficien\u021ba proceselor rezultate..<\/p><p><strong>Data \u00eenceperii:<\/strong>\u00a01\/1\/2008<\/p><p><strong>Data finaliz\u0103rii:<\/strong>\u00a031\/11\/2011<\/p><p><strong>ACRONIM:\u00a0<\/strong>DEMETER.<\/p>\t\t\t\t\t\t\t\t<\/div>\n\t\t\t\t<\/div>\n\t\t\t\t<div class=\"elementor-element elementor-element-e3854cd elementor-widget elementor-widget-video\" data-id=\"e3854cd\" data-element_type=\"widget\" data-e-type=\"widget\" data-settings=\"{&quot;youtube_url&quot;:&quot;https:\\\/\\\/www.youtube.com\\\/watch?v=nFhQhHOhuV0&quot;,&quot;video_type&quot;:&quot;youtube&quot;,&quot;controls&quot;:&quot;yes&quot;}\" data-widget_type=\"video.default\">\n\t\t\t\t<div class=\"elementor-widget-container\">\n\t\t\t\t\t\t\t<div class=\"elementor-wrapper elementor-open-inline\">\n\t\t\t<div class=\"elementor-video\"><\/div>\t\t<\/div>\n\t\t\t\t\t\t<\/div>\n\t\t\t\t<\/div>\n\t\t\t\t<div class=\"elementor-element elementor-element-7692065 elementor-widget elementor-widget-button\" data-id=\"7692065\" data-element_type=\"widget\" data-e-type=\"widget\" data-widget_type=\"button.default\">\n\t\t\t\t<div class=\"elementor-widget-container\">\n\t\t\t\t\t\t\t\t\t<div class=\"elementor-button-wrapper\">\n\t\t\t\t\t<a class=\"elementor-button elementor-button-link elementor-size-sm\" href=\"https:\/\/agrovin.com\/agrv\/pdf\/ficha_proyectos\/Ficha_tecnica_DEMETER2.pdf\" target=\"_blank\" rel=\"nofollow\" download=\"https:\/\/agrovin.com\/agrv\/pdf\/ficha_proyectos\/Ficha_tecnica_PLAN_INNOVACION2.pdf\">\n\t\t\t\t\t\t<span class=\"elementor-button-content-wrapper\">\n\t\t\t\t\t\t\t\t\t<span class=\"elementor-button-text\">Fi\u0219a tehnic\u0103 a proiectului <\/span>\n\t\t\t\t\t<\/span>\n\t\t\t\t\t<\/a>\n\t\t\t\t<\/div>\n\t\t\t\t\t\t\t\t<\/div>\n\t\t\t\t<\/div>\n\t\t\t\t\t<\/div>\n\t\t<\/div>\n\t\t\t\t\t<\/div>\n\t\t<\/section>\n\t\t\t\t<section class=\"elementor-section elementor-top-section elementor-element elementor-element-6d15551 elementor-section-boxed elementor-section-height-default elementor-section-height-default\" data-id=\"6d15551\" data-element_type=\"section\" data-e-type=\"section\">\n\t\t\t\t\t\t<div class=\"elementor-container elementor-column-gap-default\">\n\t\t\t\t\t<div class=\"elementor-column elementor-col-33 elementor-top-column elementor-element elementor-element-8515caf\" data-id=\"8515caf\" data-element_type=\"column\" data-e-type=\"column\">\n\t\t\t<div class=\"elementor-widget-wrap elementor-element-populated\">\n\t\t\t\t\t\t<div class=\"elementor-element elementor-element-f6f0e42 elementor-widget elementor-widget-image\" data-id=\"f6f0e42\" data-element_type=\"widget\" data-e-type=\"widget\" data-widget_type=\"image.default\">\n\t\t\t\t<div class=\"elementor-widget-container\">\n\t\t\t\t\t\t\t\t\t\t\t\t\t\t\t<img decoding=\"async\" width=\"300\" height=\"97\" src=\"https:\/\/agrovin.com\/wp-content\/uploads\/2022\/02\/logoDemeter-300x97-1.jpg\" class=\"attachment-large size-large wp-image-75400\" alt=\"\" srcset=\"https:\/\/agrovin.com\/wp-content\/uploads\/2022\/02\/logoDemeter-300x97-1.jpg 300w, https:\/\/agrovin.com\/wp-content\/uploads\/2022\/02\/logoDemeter-300x97-1-270x87.jpg 270w\" sizes=\"(max-width: 300px) 100vw, 300px\" title=\"\">\t\t\t\t\t\t\t\t\t\t\t\t\t\t\t<\/div>\n\t\t\t\t<\/div>\n\t\t\t\t\t<\/div>\n\t\t<\/div>\n\t\t\t\t<div class=\"elementor-column elementor-col-33 elementor-top-column elementor-element elementor-element-ef54f14\" data-id=\"ef54f14\" data-element_type=\"column\" data-e-type=\"column\">\n\t\t\t<div class=\"elementor-widget-wrap elementor-element-populated\">\n\t\t\t\t\t\t<div class=\"elementor-element elementor-element-c8fea24 elementor-widget elementor-widget-image\" data-id=\"c8fea24\" data-element_type=\"widget\" data-e-type=\"widget\" data-widget_type=\"image.default\">\n\t\t\t\t<div class=\"elementor-widget-container\">\n\t\t\t\t\t\t\t\t\t\t\t\t\t\t\t<img decoding=\"async\" width=\"350\" height=\"100\" src=\"https:\/\/agrovin.com\/wp-content\/uploads\/2022\/02\/CDTI-350x100-1.jpg\" class=\"attachment-large size-large wp-image-75370\" alt=\"\" srcset=\"https:\/\/agrovin.com\/wp-content\/uploads\/2022\/02\/CDTI-350x100-1.jpg 350w, https:\/\/agrovin.com\/wp-content\/uploads\/2022\/02\/CDTI-350x100-1-300x86.jpg 300w, https:\/\/agrovin.com\/wp-content\/uploads\/2022\/02\/CDTI-350x100-1-270x77.jpg 270w\" sizes=\"(max-width: 350px) 100vw, 350px\" title=\"\">\t\t\t\t\t\t\t\t\t\t\t\t\t\t\t<\/div>\n\t\t\t\t<\/div>\n\t\t\t\t\t<\/div>\n\t\t<\/div>\n\t\t\t\t<div class=\"elementor-column elementor-col-33 elementor-top-column elementor-element elementor-element-d3c680d\" data-id=\"d3c680d\" data-element_type=\"column\" data-e-type=\"column\">\n\t\t\t<div class=\"elementor-widget-wrap elementor-element-populated\">\n\t\t\t\t\t\t<div class=\"elementor-element elementor-element-5676d2e elementor-widget elementor-widget-image\" data-id=\"5676d2e\" data-element_type=\"widget\" data-e-type=\"widget\" data-widget_type=\"image.default\">\n\t\t\t\t<div class=\"elementor-widget-container\">\n\t\t\t\t\t\t\t\t\t\t\t\t\t\t\t<img decoding=\"async\" width=\"125\" height=\"48\" src=\"https:\/\/agrovin.com\/wp-content\/uploads\/2022\/02\/cenit.jpg\" class=\"attachment-large size-large wp-image-75395\" alt=\"\" title=\"\">\t\t\t\t\t\t\t\t\t\t\t\t\t\t\t<\/div>\n\t\t\t\t<\/div>\n\t\t\t\t\t<\/div>\n\t\t<\/div>\n\t\t\t\t\t<\/div>\n\t\t<\/section>\n\t\t\t\t<\/div>\n\t\t","protected":false},"excerpt":{"rendered":"<p>Strategii \u0219i metode viticole \u0219i oenologice \u00een fa\u021ba schimb\u0103rilor climatice. Aplicarea de noi tehnologii pentru a \u00eembun\u0103t\u0103\u021bi eficien\u021ba proceselor rezultate. OBIECTIV:\u00a0Proiectul CENIT-DEMETER este alc\u0103tuit dintr-un consor\u021biu care reune\u0219te un total de 27 de parteneri \u0219i 21 de organiza\u021bii de cercetare cu 31 de grupuri de cercetare diferite, reprezent\u00e2nd 12 comunit\u0103\u021bi autonome din Spania, liderul de [&hellip;]<\/p>\n","protected":false},"author":359,"featured_media":0,"parent":78208,"menu_order":0,"comment_status":"closed","ping_status":"closed","template":"","meta":{"_acf_changed":false,"inline_featured_image":false,"site-sidebar-layout":"no-sidebar","site-content-layout":"page-builder","ast-site-content-layout":"full-width-container","site-content-style":"unboxed","site-sidebar-style":"unboxed","ast-global-header-display":"","ast-banner-title-visibility":"","ast-main-header-display":"","ast-hfb-above-header-display":"","ast-hfb-below-header-display":"","ast-hfb-mobile-header-display":"","site-post-title":"disabled","ast-breadcrumbs-content":"","ast-featured-img":"disabled","footer-sml-layout":"","ast-disable-related-posts":"","theme-transparent-header-meta":"default","adv-header-id-meta":"","stick-header-meta":"","header-above-stick-meta":"","header-main-stick-meta":"","header-below-stick-meta":"","astra-migrate-meta-layouts":"set","ast-page-background-enabled":"default","ast-page-background-meta":{"desktop":{"background-color":"var(--ast-global-color-5)","background-image":"","background-repeat":"repeat","background-position":"center center","background-size":"auto","background-attachment":"scroll","background-type":"","background-media":"","overlay-type":"","overlay-color":"","overlay-opacity":"","overlay-gradient":""},"tablet":{"background-color":"","background-image":"","background-repeat":"repeat","background-position":"center center","background-size":"auto","background-attachment":"scroll","background-type":"","background-media":"","overlay-type":"","overlay-color":"","overlay-opacity":"","overlay-gradient":""},"mobile":{"background-color":"","background-image":"","background-repeat":"repeat","background-position":"center center","background-size":"auto","background-attachment":"scroll","background-type":"","background-media":"","overlay-type":"","overlay-color":"","overlay-opacity":"","overlay-gradient":""}},"ast-content-background-meta":{"desktop":{"background-color":"var(--ast-global-color-4)","background-image":"","background-repeat":"repeat","background-position":"center center","background-size":"auto","background-attachment":"scroll","background-type":"","background-media":"","overlay-type":"","overlay-color":"","overlay-opacity":"","overlay-gradient":""},"tablet":{"background-color":"var(--ast-global-color-4)","background-image":"","background-repeat":"repeat","background-position":"center center","background-size":"auto","background-attachment":"scroll","background-type":"","background-media":"","overlay-type":"","overlay-color":"","overlay-opacity":"","overlay-gradient":""},"mobile":{"background-color":"var(--ast-global-color-4)","background-image":"","background-repeat":"repeat","background-position":"center center","background-size":"auto","background-attachment":"scroll","background-type":"","background-media":"","overlay-type":"","overlay-color":"","overlay-opacity":"","overlay-gradient":""}},"footnotes":""},"class_list":["post-78179","page","type-page","status-publish","hentry"],"acf":[],"_links":{"self":[{"href":"https:\/\/agrovin.com\/ro\/wp-json\/wp\/v2\/pages\/78179","targetHints":{"allow":["GET"]}}],"collection":[{"href":"https:\/\/agrovin.com\/ro\/wp-json\/wp\/v2\/pages"}],"about":[{"href":"https:\/\/agrovin.com\/ro\/wp-json\/wp\/v2\/types\/page"}],"author":[{"embeddable":true,"href":"https:\/\/agrovin.com\/ro\/wp-json\/wp\/v2\/users\/359"}],"replies":[{"embeddable":true,"href":"https:\/\/agrovin.com\/ro\/wp-json\/wp\/v2\/comments?post=78179"}],"version-history":[{"count":1,"href":"https:\/\/agrovin.com\/ro\/wp-json\/wp\/v2\/pages\/78179\/revisions"}],"predecessor-version":[{"id":120440,"href":"https:\/\/agrovin.com\/ro\/wp-json\/wp\/v2\/pages\/78179\/revisions\/120440"}],"up":[{"embeddable":true,"href":"https:\/\/agrovin.com\/ro\/wp-json\/wp\/v2\/pages\/78208"}],"wp:attachment":[{"href":"https:\/\/agrovin.com\/ro\/wp-json\/wp\/v2\/media?parent=78179"}],"curies":[{"name":"wp","href":"https:\/\/api.w.org\/{rel}","templated":true}]}}