{"id":78173,"date":"2022-06-09T18:38:48","date_gmt":"2022-06-09T17:38:48","guid":{"rendered":"https:\/\/staging.agrovin.com\/elaborarea-unui-itinerar-oenologic-pentru-producerea-de-vinuri-de-inalta-calitate-fara-dioxid-de-sulf-rd\/"},"modified":"2025-06-27T09:23:37","modified_gmt":"2025-06-27T07:23:37","slug":"elaborarea-unui-itinerar-oenologic-pentru-producerea-de-vinuri-de-inalta-calitate-fara-dioxid-de-sulf-rd","status":"publish","type":"page","link":"https:\/\/agrovin.com\/ro\/proiecte-de-cd\/elaborarea-unui-itinerar-oenologic-pentru-producerea-de-vinuri-de-inalta-calitate-fara-dioxid-de-sulf-rd\/","title":{"rendered":"Elaborarea unui itinerar oenologic pentru producerea de vinuri de \u00eenalt\u0103 calitate f\u0103r\u0103 dioxid de sulf R&#038;D"},"content":{"rendered":"\t\t<div data-elementor-type=\"wp-page\" data-elementor-id=\"78173\" class=\"elementor elementor-78173 elementor-64409\" data-elementor-post-type=\"page\">\n\t\t\t\t\t\t<section class=\"elementor-section elementor-top-section elementor-element elementor-element-d49dcda elementor-section-height-min-height elementor-section-boxed elementor-section-height-default elementor-section-items-middle\" data-id=\"d49dcda\" data-element_type=\"section\" data-e-type=\"section\" data-settings=\"{&quot;background_background&quot;:&quot;classic&quot;}\">\n\t\t\t\t\t\t<div class=\"elementor-container elementor-column-gap-default\">\n\t\t\t\t\t<div class=\"elementor-column elementor-col-100 elementor-top-column elementor-element elementor-element-24029d2\" data-id=\"24029d2\" data-element_type=\"column\" data-e-type=\"column\">\n\t\t\t<div class=\"elementor-widget-wrap\">\n\t\t\t\t\t\t\t<\/div>\n\t\t<\/div>\n\t\t\t\t\t<\/div>\n\t\t<\/section>\n\t\t\t\t<section class=\"elementor-section elementor-top-section elementor-element elementor-element-b4fb563 elementor-section-boxed elementor-section-height-default elementor-section-height-default\" data-id=\"b4fb563\" data-element_type=\"section\" data-e-type=\"section\">\n\t\t\t\t\t\t<div class=\"elementor-container elementor-column-gap-default\">\n\t\t\t\t\t<div class=\"elementor-column elementor-col-100 elementor-top-column elementor-element elementor-element-0ca43bd\" data-id=\"0ca43bd\" data-element_type=\"column\" data-e-type=\"column\">\n\t\t\t<div class=\"elementor-widget-wrap elementor-element-populated\">\n\t\t\t\t\t\t<div class=\"elementor-element elementor-element-f7e7f69 elementor-widget elementor-widget-heading\" data-id=\"f7e7f69\" data-element_type=\"widget\" data-e-type=\"widget\" data-widget_type=\"heading.default\">\n\t\t\t\t<div class=\"elementor-widget-container\">\n\t\t\t\t\t<h1 class=\"elementor-heading-title elementor-size-default\">Elaborarea unui itinerariu oenologic pentru ob\u021binerea de vinuri de \u00eenalt\u0103 calitate f\u0103r\u0103 dioxid de sulf.<\/h1>\t\t\t\t<\/div>\n\t\t\t\t<\/div>\n\t\t\t\t<div class=\"elementor-element elementor-element-11527d0 elementor-widget elementor-widget-heading\" data-id=\"11527d0\" data-element_type=\"widget\" data-e-type=\"widget\" data-widget_type=\"heading.default\">\n\t\t\t\t<div class=\"elementor-widget-container\">\n\t\t\t\t\t<h2 class=\"elementor-heading-title elementor-size-default\">OBIECTIV:<\/h2>\t\t\t\t<\/div>\n\t\t\t\t<\/div>\n\t\t\t\t<div class=\"elementor-element elementor-element-aae300a elementor-widget elementor-widget-text-editor\" data-id=\"aae300a\" data-element_type=\"widget\" data-e-type=\"widget\" data-widget_type=\"text-editor.default\">\n\t\t\t\t<div class=\"elementor-widget-container\">\n\t\t\t\t\t\t\t\t\t<p>Acesta este un proiect de consor\u021biu condus de Bodegas Roda S.A. \u0219i format din trei parteneri de afaceri, PRODUCTOS AGROVIN S.A., ADEGAS VALMI\u00d1OR \u0219i un partener tehnologic, FUNDACI\u00d3N PARQUE TECNOL\u00d3GICO DEL VINO (VITEC). Obiectivul tehnic al proiectului este de a dezvolta un itinerariu oenologic care, prin aplicarea de noi aditivi \u0219i procedee, va permite producerea \u0219i comercializarea de vinuri de \u00eenalt\u0103 calitate f\u0103r\u0103 dioxid de sulf. \u00cen acest scop, se vor dezvolta strategii de reducere sau eliminare a dioxidului de sulf, garant\u00e2nd stabilitatea microbiologic\u0103 a vinului, evit\u00e2nd ac\u021biunea polifenol oxidazei \u0219i oxidarea chimic\u0103 a vinurilor, pe scurt, f\u0103r\u0103 a afecta negativ calitatea produsului. Participarea AGROVIN la proiect \u00eenseamn\u0103 consolidarea sa pe pia\u021ba spaniol\u0103 \u0219i interna\u021bional\u0103 de solu\u021bii oenologice, at\u00e2t \u00een ceea ce prive\u0219te microorganismele \u0219i aditivii, c\u00e2t \u0219i tehnologia \u0219i procesele, cercetarea de noi aplica\u021bii ale produselor aflate \u00een prezent pe pia\u021b\u0103 \u0219i dezvoltarea de noi produse \u0219i strategii de produc\u021bie pentru a \u00eenlocui utilizarea dioxidului de sulf \u00een produsele oenologice, oferind noi func\u021bii produselor sale \u0219i dezvolt\u00e2nd noi oportunit\u0103\u021bi comerciale \u00een domeniul aditivilor \u00eenlocuitori ai dioxidului de sulf, cu oportunit\u0103\u021bile rezultate de a deschide pia\u021ba \u0219i de a capta noi clien\u021bi.<\/p>\t\t\t\t\t\t\t\t<\/div>\n\t\t\t\t<\/div>\n\t\t\t\t<div class=\"elementor-element elementor-element-f4271d2 elementor-widget elementor-widget-heading\" data-id=\"f4271d2\" data-element_type=\"widget\" data-e-type=\"widget\" data-widget_type=\"heading.default\">\n\t\t\t\t<div class=\"elementor-widget-container\">\n\t\t\t\t\t<h2 class=\"elementor-heading-title elementor-size-default\">CONVOCATOR:<\/h2>\t\t\t\t<\/div>\n\t\t\t\t<\/div>\n\t\t\t\t<div class=\"elementor-element elementor-element-a40fcb2 elementor-widget elementor-widget-text-editor\" data-id=\"a40fcb2\" data-element_type=\"widget\" data-e-type=\"widget\" data-widget_type=\"text-editor.default\">\n\t\t\t\t<div class=\"elementor-widget-container\">\n\t\t\t\t\t\t\t\t\t<p>MINECO. INNPACTO 2012.<\/p>\t\t\t\t\t\t\t\t<\/div>\n\t\t\t\t<\/div>\n\t\t\t\t<div class=\"elementor-element elementor-element-c0f5eb2 elementor-widget elementor-widget-heading\" data-id=\"c0f5eb2\" data-element_type=\"widget\" data-e-type=\"widget\" data-widget_type=\"heading.default\">\n\t\t\t\t<div class=\"elementor-widget-container\">\n\t\t\t\t\t<h2 class=\"elementor-heading-title elementor-size-default\">TITLUL PROIECTULUI:<\/h2>\t\t\t\t<\/div>\n\t\t\t\t<\/div>\n\t\t\t\t<div class=\"elementor-element elementor-element-94c409a elementor-widget elementor-widget-text-editor\" data-id=\"94c409a\" data-element_type=\"widget\" data-e-type=\"widget\" data-widget_type=\"text-editor.default\">\n\t\t\t\t<div class=\"elementor-widget-container\">\n\t\t\t\t\t\t\t\t\t<p>Elaborarea unui itinerariu oenologic pentru ob\u021binerea de vinuri de \u00eenalt\u0103 calitate f\u0103r\u0103 dioxid de sulf.<\/p>\t\t\t\t\t\t\t\t<\/div>\n\t\t\t\t<\/div>\n\t\t\t\t<div class=\"elementor-element elementor-element-440af1e elementor-widget elementor-widget-heading\" data-id=\"440af1e\" data-element_type=\"widget\" data-e-type=\"widget\" data-widget_type=\"heading.default\">\n\t\t\t\t<div class=\"elementor-widget-container\">\n\t\t\t\t\t<h2 class=\"elementor-heading-title elementor-size-default\">Data de \u00eencepere:<\/h2>\t\t\t\t<\/div>\n\t\t\t\t<\/div>\n\t\t\t\t<div class=\"elementor-element elementor-element-a20be82 elementor-widget elementor-widget-text-editor\" data-id=\"a20be82\" data-element_type=\"widget\" data-e-type=\"widget\" data-widget_type=\"text-editor.default\">\n\t\t\t\t<div class=\"elementor-widget-container\">\n\t\t\t\t\t\t\t\t\t<p>1\/10\/2012<\/p>\t\t\t\t\t\t\t\t<\/div>\n\t\t\t\t<\/div>\n\t\t\t\t<div class=\"elementor-element elementor-element-9e8aaef elementor-widget elementor-widget-heading\" data-id=\"9e8aaef\" data-element_type=\"widget\" data-e-type=\"widget\" data-widget_type=\"heading.default\">\n\t\t\t\t<div class=\"elementor-widget-container\">\n\t\t\t\t\t<h2 class=\"elementor-heading-title elementor-size-default\">Data finaliz\u0103rii:<\/h2>\t\t\t\t<\/div>\n\t\t\t\t<\/div>\n\t\t\t\t<div class=\"elementor-element elementor-element-0917357 elementor-widget elementor-widget-text-editor\" data-id=\"0917357\" data-element_type=\"widget\" data-e-type=\"widget\" data-widget_type=\"text-editor.default\">\n\t\t\t\t<div class=\"elementor-widget-container\">\n\t\t\t\t\t\t\t\t\t<p>31\/12\/2015<\/p>\t\t\t\t\t\t\t\t<\/div>\n\t\t\t\t<\/div>\n\t\t\t\t<div class=\"elementor-element elementor-element-e3a1d0b elementor-widget elementor-widget-heading\" data-id=\"e3a1d0b\" data-element_type=\"widget\" data-e-type=\"widget\" data-widget_type=\"heading.default\">\n\t\t\t\t<div class=\"elementor-widget-container\">\n\t\t\t\t\t<h2 class=\"elementor-heading-title elementor-size-default\">ACRONIM:<\/h2>\t\t\t\t<\/div>\n\t\t\t\t<\/div>\n\t\t\t\t<div class=\"elementor-element elementor-element-8447b01 elementor-widget elementor-widget-text-editor\" data-id=\"8447b01\" data-element_type=\"widget\" data-e-type=\"widget\" data-widget_type=\"text-editor.default\">\n\t\t\t\t<div class=\"elementor-widget-container\">\n\t\t\t\t\t\t\t\t\t<p>VINNOSO<sub>2<\/sub><\/p>\t\t\t\t\t\t\t\t<\/div>\n\t\t\t\t<\/div>\n\t\t\t\t<div class=\"elementor-element elementor-element-17366a9 elementor-widget elementor-widget-button\" data-id=\"17366a9\" data-element_type=\"widget\" data-e-type=\"widget\" data-widget_type=\"button.default\">\n\t\t\t\t<div class=\"elementor-widget-container\">\n\t\t\t\t\t\t\t\t\t<div class=\"elementor-button-wrapper\">\n\t\t\t\t\t<a class=\"elementor-button elementor-button-link elementor-size-sm\" href=\"https:\/\/agrovin.com\/agrv\/pdf\/ficha_proyectos\/Ficha_tecnica_VINNOSO2.pdf\" target=\"_blank\" rel=\"nofollow\" download=\"https:\/\/agrovin.com\/agrv\/pdf\/ficha_proyectos\/Ficha_tecnica_PLAN_INNOVACION2.pdf\">\n\t\t\t\t\t\t<span class=\"elementor-button-content-wrapper\">\n\t\t\t\t\t\t\t\t\t<span class=\"elementor-button-text\">Fi\u0219a tehnic\u0103 a proiectului <\/span>\n\t\t\t\t\t<\/span>\n\t\t\t\t\t<\/a>\n\t\t\t\t<\/div>\n\t\t\t\t\t\t\t\t<\/div>\n\t\t\t\t<\/div>\n\t\t\t\t\t<\/div>\n\t\t<\/div>\n\t\t\t\t\t<\/div>\n\t\t<\/section>\n\t\t\t\t<section class=\"elementor-section elementor-top-section elementor-element elementor-element-d6fe5a7 elementor-section-boxed elementor-section-height-default elementor-section-height-default\" data-id=\"d6fe5a7\" data-element_type=\"section\" data-e-type=\"section\">\n\t\t\t\t\t\t<div class=\"elementor-container elementor-column-gap-default\">\n\t\t\t\t\t<div class=\"elementor-column elementor-col-33 elementor-top-column elementor-element elementor-element-5642209\" data-id=\"5642209\" data-element_type=\"column\" data-e-type=\"column\">\n\t\t\t<div class=\"elementor-widget-wrap elementor-element-populated\">\n\t\t\t\t\t\t<div class=\"elementor-element elementor-element-915ef16 elementor-widget elementor-widget-image\" data-id=\"915ef16\" data-element_type=\"widget\" data-e-type=\"widget\" data-widget_type=\"image.default\">\n\t\t\t\t<div class=\"elementor-widget-container\">\n\t\t\t\t\t\t\t\t\t\t\t\t\t\t\t<img decoding=\"async\" width=\"300\" height=\"77\" src=\"https:\/\/agrovin.com\/wp-content\/uploads\/2022\/02\/Mineco-300x77-1.png\" class=\"attachment-large size-large wp-image-75390\" alt=\"\" srcset=\"https:\/\/agrovin.com\/wp-content\/uploads\/2022\/02\/Mineco-300x77-1.png 300w, https:\/\/agrovin.com\/wp-content\/uploads\/2022\/02\/Mineco-300x77-1-270x69.png 270w\" sizes=\"(max-width: 300px) 100vw, 300px\" title=\"\">\t\t\t\t\t\t\t\t\t\t\t\t\t\t\t<\/div>\n\t\t\t\t<\/div>\n\t\t\t\t\t<\/div>\n\t\t<\/div>\n\t\t\t\t<div class=\"elementor-column elementor-col-33 elementor-top-column elementor-element elementor-element-17552ae\" data-id=\"17552ae\" data-element_type=\"column\" data-e-type=\"column\">\n\t\t\t<div class=\"elementor-widget-wrap elementor-element-populated\">\n\t\t\t\t\t\t<div class=\"elementor-element elementor-element-3187556 elementor-widget elementor-widget-image\" data-id=\"3187556\" data-element_type=\"widget\" data-e-type=\"widget\" data-widget_type=\"image.default\">\n\t\t\t\t<div class=\"elementor-widget-container\">\n\t\t\t\t\t\t\t\t\t\t\t\t\t\t\t<img decoding=\"async\" width=\"299\" height=\"76\" src=\"https:\/\/agrovin.com\/wp-content\/uploads\/2022\/02\/agrovin-ue.jpg\" class=\"attachment-large size-large wp-image-74880\" alt=\"\" srcset=\"https:\/\/agrovin.com\/wp-content\/uploads\/2022\/02\/agrovin-ue.jpg 299w, https:\/\/agrovin.com\/wp-content\/uploads\/2022\/02\/agrovin-ue-270x69.jpg 270w\" sizes=\"(max-width: 299px) 100vw, 299px\" title=\"\">\t\t\t\t\t\t\t\t\t\t\t\t\t\t\t<\/div>\n\t\t\t\t<\/div>\n\t\t\t\t\t<\/div>\n\t\t<\/div>\n\t\t\t\t<div class=\"elementor-column elementor-col-33 elementor-top-column elementor-element elementor-element-8dbb1c1\" data-id=\"8dbb1c1\" data-element_type=\"column\" data-e-type=\"column\">\n\t\t\t<div class=\"elementor-widget-wrap\">\n\t\t\t\t\t\t\t<\/div>\n\t\t<\/div>\n\t\t\t\t\t<\/div>\n\t\t<\/section>\n\t\t\t\t<\/div>\n\t\t","protected":false},"excerpt":{"rendered":"<p>Elaborarea unui itinerariu oenologic pentru ob\u021binerea de vinuri de \u00eenalt\u0103 calitate f\u0103r\u0103 dioxid de sulf. OBIECTIV: Acesta este un proiect de consor\u021biu condus de Bodegas Roda S.A. \u0219i format din trei parteneri de afaceri, PRODUCTOS AGROVIN S.A., ADEGAS VALMI\u00d1OR \u0219i un partener tehnologic, FUNDACI\u00d3N PARQUE TECNOL\u00d3GICO DEL VINO (VITEC). Obiectivul tehnic al proiectului este de [&hellip;]<\/p>\n","protected":false},"author":359,"featured_media":0,"parent":78208,"menu_order":0,"comment_status":"closed","ping_status":"closed","template":"","meta":{"_acf_changed":false,"inline_featured_image":false,"site-sidebar-layout":"no-sidebar","site-content-layout":"page-builder","ast-site-content-layout":"full-width-container","site-content-style":"unboxed","site-sidebar-style":"unboxed","ast-global-header-display":"","ast-banner-title-visibility":"","ast-main-header-display":"","ast-hfb-above-header-display":"","ast-hfb-below-header-display":"","ast-hfb-mobile-header-display":"","site-post-title":"disabled","ast-breadcrumbs-content":"","ast-featured-img":"disabled","footer-sml-layout":"","ast-disable-related-posts":"","theme-transparent-header-meta":"default","adv-header-id-meta":"","stick-header-meta":"","header-above-stick-meta":"","header-main-stick-meta":"","header-below-stick-meta":"","astra-migrate-meta-layouts":"set","ast-page-background-enabled":"default","ast-page-background-meta":{"desktop":{"background-color":"var(--ast-global-color-5)","background-image":"","background-repeat":"repeat","background-position":"center center","background-size":"auto","background-attachment":"scroll","background-type":"","background-media":"","overlay-type":"","overlay-color":"","overlay-opacity":"","overlay-gradient":""},"tablet":{"background-color":"","background-image":"","background-repeat":"repeat","background-position":"center center","background-size":"auto","background-attachment":"scroll","background-type":"","background-media":"","overlay-type":"","overlay-color":"","overlay-opacity":"","overlay-gradient":""},"mobile":{"background-color":"","background-image":"","background-repeat":"repeat","background-position":"center center","background-size":"auto","background-attachment":"scroll","background-type":"","background-media":"","overlay-type":"","overlay-color":"","overlay-opacity":"","overlay-gradient":""}},"ast-content-background-meta":{"desktop":{"background-color":"var(--ast-global-color-4)","background-image":"","background-repeat":"repeat","background-position":"center center","background-size":"auto","background-attachment":"scroll","background-type":"","background-media":"","overlay-type":"","overlay-color":"","overlay-opacity":"","overlay-gradient":""},"tablet":{"background-color":"var(--ast-global-color-4)","background-image":"","background-repeat":"repeat","background-position":"center center","background-size":"auto","background-attachment":"scroll","background-type":"","background-media":"","overlay-type":"","overlay-color":"","overlay-opacity":"","overlay-gradient":""},"mobile":{"background-color":"var(--ast-global-color-4)","background-image":"","background-repeat":"repeat","background-position":"center center","background-size":"auto","background-attachment":"scroll","background-type":"","background-media":"","overlay-type":"","overlay-color":"","overlay-opacity":"","overlay-gradient":""}},"footnotes":""},"class_list":["post-78173","page","type-page","status-publish","hentry"],"acf":[],"_links":{"self":[{"href":"https:\/\/agrovin.com\/ro\/wp-json\/wp\/v2\/pages\/78173","targetHints":{"allow":["GET"]}}],"collection":[{"href":"https:\/\/agrovin.com\/ro\/wp-json\/wp\/v2\/pages"}],"about":[{"href":"https:\/\/agrovin.com\/ro\/wp-json\/wp\/v2\/types\/page"}],"author":[{"embeddable":true,"href":"https:\/\/agrovin.com\/ro\/wp-json\/wp\/v2\/users\/359"}],"replies":[{"embeddable":true,"href":"https:\/\/agrovin.com\/ro\/wp-json\/wp\/v2\/comments?post=78173"}],"version-history":[{"count":4,"href":"https:\/\/agrovin.com\/ro\/wp-json\/wp\/v2\/pages\/78173\/revisions"}],"predecessor-version":[{"id":120444,"href":"https:\/\/agrovin.com\/ro\/wp-json\/wp\/v2\/pages\/78173\/revisions\/120444"}],"up":[{"embeddable":true,"href":"https:\/\/agrovin.com\/ro\/wp-json\/wp\/v2\/pages\/78208"}],"wp:attachment":[{"href":"https:\/\/agrovin.com\/ro\/wp-json\/wp\/v2\/media?parent=78173"}],"curies":[{"name":"wp","href":"https:\/\/api.w.org\/{rel}","templated":true}]}}