{"id":78162,"date":"2022-06-09T17:56:48","date_gmt":"2022-06-09T16:56:48","guid":{"rendered":"https:\/\/staging.agrovin.com\/aplicarea-schimbului-de-ioni-pentru-controlul-culorii-in-cercetarea-si-dezvoltarea-mustului-alb\/"},"modified":"2025-06-24T15:53:16","modified_gmt":"2025-06-24T13:53:16","slug":"aplicarea-schimbului-de-ioni-pentru-controlul-culorii-in-cercetarea-si-dezvoltarea-mustului-alb","status":"publish","type":"page","link":"https:\/\/agrovin.com\/ro\/proiecte-de-cd\/aplicarea-schimbului-de-ioni-pentru-controlul-culorii-in-cercetarea-si-dezvoltarea-mustului-alb\/","title":{"rendered":"Aplicarea schimbului de ioni pentru controlul culorii \u00een cercetarea \u0219i dezvoltarea mustului alb"},"content":{"rendered":"\t\t<div data-elementor-type=\"wp-page\" data-elementor-id=\"78162\" class=\"elementor elementor-78162 elementor-64420\" data-elementor-post-type=\"page\">\n\t\t\t\t\t\t<section class=\"elementor-section elementor-top-section elementor-element elementor-element-d27da03 elementor-section-height-min-height elementor-section-boxed elementor-section-height-default elementor-section-items-middle\" data-id=\"d27da03\" data-element_type=\"section\" data-e-type=\"section\" data-settings=\"{&quot;background_background&quot;:&quot;classic&quot;}\">\n\t\t\t\t\t\t<div class=\"elementor-container elementor-column-gap-default\">\n\t\t\t\t\t<div class=\"elementor-column elementor-col-100 elementor-top-column elementor-element elementor-element-a213cf4\" data-id=\"a213cf4\" data-element_type=\"column\" data-e-type=\"column\">\n\t\t\t<div class=\"elementor-widget-wrap\">\n\t\t\t\t\t\t\t<\/div>\n\t\t<\/div>\n\t\t\t\t\t<\/div>\n\t\t<\/section>\n\t\t\t\t<section class=\"elementor-section elementor-top-section elementor-element elementor-element-f2d5220 elementor-section-boxed elementor-section-height-default elementor-section-height-default\" data-id=\"f2d5220\" data-element_type=\"section\" data-e-type=\"section\">\n\t\t\t\t\t\t<div class=\"elementor-container elementor-column-gap-default\">\n\t\t\t\t\t<div class=\"elementor-column elementor-col-100 elementor-top-column elementor-element elementor-element-446fc5c\" data-id=\"446fc5c\" data-element_type=\"column\" data-e-type=\"column\">\n\t\t\t<div class=\"elementor-widget-wrap elementor-element-populated\">\n\t\t\t\t\t\t<div class=\"elementor-element elementor-element-dcf686d elementor-widget elementor-widget-heading\" data-id=\"dcf686d\" data-element_type=\"widget\" data-e-type=\"widget\" data-widget_type=\"heading.default\">\n\t\t\t\t<div class=\"elementor-widget-container\">\n\t\t\t\t\t<h3 class=\"elementor-heading-title elementor-size-default\">Aplicarea schimbului de ioni pentru controlul culorii \u00een mustul alb<\/h3>\t\t\t\t<\/div>\n\t\t\t\t<\/div>\n\t\t\t\t<div class=\"elementor-element elementor-element-491c0fa elementor-widget elementor-widget-text-editor\" data-id=\"491c0fa\" data-element_type=\"widget\" data-e-type=\"widget\" data-widget_type=\"text-editor.default\">\n\t\t\t\t<div class=\"elementor-widget-container\">\n\t\t\t\t\t\t\t\t\t<p><strong>OBIECTIV: <\/strong>\u00cen cadrul acestui proiect, AGROVIN \u00ee\u0219i propune s\u0103 desf\u0103\u0219oare o cercetare strategic\u0103, multidisciplinar\u0103 \u0219i regional\u0103 \u00een domeniul viticulturii, care va permite generarea de cuno\u0219tin\u021be \u0219tiin\u021bifice \u0219i tehnice a c\u0103ror aplicare ar trebui s\u0103 pun\u0103 bazele unui nou mod de tratare a musturilor pentru a le stabiliza culoarea \u0219i a le prelungi durata de via\u021b\u0103. \u00cen cazul \u00een care proiectul va avea succes din punct de vedere tehnic, acesta va duce la o cre\u0219tere a solu\u021biilor oferite de pia\u021b\u0103 pentru tratarea musturilor, care ar putea fi utilizate \u00een viitor pentru a \u00eembun\u0103t\u0103\u021bi calitatea vinurilor ob\u021binute din acestea, prelungind astfel capacitatea lor de a fi utilizate pe pie\u021bele na\u021bionale \u0219i interna\u021bionale. Obiectivele specifice ale proiectului sunt: &#8211; Dezvoltarea de tratamente preventive pentru oxidarea mustului prin intermediul tehnologiei de schimb anionic mediat\u0103 de r\u0103\u0219ini. &#8211; Defini\u021bi produsele de cur\u0103\u021bare \u0219i regenerare. Elaborarea de protocoale de lucru pentru aplica\u021biile definite mai sus. Studiul stabilit\u0103\u021bii chimice a mustului. &#8211; Transferul de tehnologie prin proiectarea unei ma\u0219ini semi-industriale.<\/p>\n<p><\/p>\n<p><strong>C<\/strong><strong style=\"color: var( --e-global-color-text );\">ONVOCARE: <\/strong><span style=\"color: var( --e-global-color-text );\">CONSILIUL COMUNIT\u0102\u021aILOR DIN CASTILLA LA MANCHA.<\/span><\/p>\n<p><strong>TITLUL PROIECTULUI: <\/strong>Aplicarea schimbului de ioni pentru controlul culorii \u00een mustul alb.<\/p>\n<p><strong>Data \u00eenceperii:<\/strong>&nbsp;9\/07\/2015<\/p>\n<p><strong>Data finaliz\u0103rii:<\/strong>&nbsp;18\/07\/2016<\/p>\t\t\t\t\t\t\t\t<\/div>\n\t\t\t\t<\/div>\n\t\t\t\t<div class=\"elementor-element elementor-element-ec4948b elementor-widget elementor-widget-button\" data-id=\"ec4948b\" data-element_type=\"widget\" data-e-type=\"widget\" data-widget_type=\"button.default\">\n\t\t\t\t<div class=\"elementor-widget-container\">\n\t\t\t\t\t\t\t\t\t<div class=\"elementor-button-wrapper\">\n\t\t\t\t\t<a class=\"elementor-button elementor-button-link elementor-size-sm\" href=\"https:\/\/agrovin.com\/agrv\/pdf\/ficha_proyectos\/Ficha_tecnica_RESINAS20152.pdf\" target=\"_blank\" rel=\"nofollow\" download=\"https:\/\/agrovin.com\/agrv\/pdf\/ficha_proyectos\/Ficha_tecnica_PLAN_INNOVACION2.pdf\">\n\t\t\t\t\t\t<span class=\"elementor-button-content-wrapper\">\n\t\t\t\t\t\t\t\t\t<span class=\"elementor-button-text\">Fi\u0219a tehnic\u0103 a proiectului <\/span>\n\t\t\t\t\t<\/span>\n\t\t\t\t\t<\/a>\n\t\t\t\t<\/div>\n\t\t\t\t\t\t\t\t<\/div>\n\t\t\t\t<\/div>\n\t\t\t\t\t<\/div>\n\t\t<\/div>\n\t\t\t\t\t<\/div>\n\t\t<\/section>\n\t\t\t\t<section class=\"elementor-section elementor-top-section elementor-element elementor-element-8764e71 elementor-section-boxed elementor-section-height-default elementor-section-height-default\" data-id=\"8764e71\" data-element_type=\"section\" data-e-type=\"section\">\n\t\t\t\t\t\t<div class=\"elementor-container elementor-column-gap-default\">\n\t\t\t\t\t<div class=\"elementor-column elementor-col-33 elementor-top-column elementor-element elementor-element-7db9b83\" data-id=\"7db9b83\" data-element_type=\"column\" data-e-type=\"column\">\n\t\t\t<div class=\"elementor-widget-wrap elementor-element-populated\">\n\t\t\t\t\t\t<div class=\"elementor-element elementor-element-961304d elementor-widget elementor-widget-image\" data-id=\"961304d\" data-element_type=\"widget\" data-e-type=\"widget\" data-widget_type=\"image.default\">\n\t\t\t\t<div class=\"elementor-widget-container\">\n\t\t\t\t\t\t\t\t\t\t\t\t\t\t\t<img decoding=\"async\" width=\"299\" height=\"76\" src=\"https:\/\/agrovin.com\/wp-content\/uploads\/2022\/02\/agrovin-ue.jpg\" class=\"attachment-large size-large wp-image-74880\" alt=\"\" srcset=\"https:\/\/agrovin.com\/wp-content\/uploads\/2022\/02\/agrovin-ue.jpg 299w, https:\/\/agrovin.com\/wp-content\/uploads\/2022\/02\/agrovin-ue-270x69.jpg 270w\" sizes=\"(max-width: 299px) 100vw, 299px\" title=\"\">\t\t\t\t\t\t\t\t\t\t\t\t\t\t\t<\/div>\n\t\t\t\t<\/div>\n\t\t\t\t\t<\/div>\n\t\t<\/div>\n\t\t\t\t<div class=\"elementor-column elementor-col-33 elementor-top-column elementor-element elementor-element-5c02356\" data-id=\"5c02356\" data-element_type=\"column\" data-e-type=\"column\">\n\t\t\t<div class=\"elementor-widget-wrap elementor-element-populated\">\n\t\t\t\t\t\t<div class=\"elementor-element elementor-element-98d9e2a elementor-widget elementor-widget-image\" data-id=\"98d9e2a\" data-element_type=\"widget\" data-e-type=\"widget\" data-widget_type=\"image.default\">\n\t\t\t\t<div class=\"elementor-widget-container\">\n\t\t\t\t\t\t\t\t\t\t\t\t\t\t\t<img decoding=\"async\" width=\"250\" height=\"166\" src=\"https:\/\/agrovin.com\/wp-content\/uploads\/2022\/02\/junta-CLM-250x166-1.png\" class=\"attachment-large size-large wp-image-75375\" alt=\"\" title=\"\">\t\t\t\t\t\t\t\t\t\t\t\t\t\t\t<\/div>\n\t\t\t\t<\/div>\n\t\t\t\t\t<\/div>\n\t\t<\/div>\n\t\t\t\t<div class=\"elementor-column elementor-col-33 elementor-top-column elementor-element elementor-element-3448e3e\" data-id=\"3448e3e\" data-element_type=\"column\" data-e-type=\"column\">\n\t\t\t<div class=\"elementor-widget-wrap\">\n\t\t\t\t\t\t\t<\/div>\n\t\t<\/div>\n\t\t\t\t\t<\/div>\n\t\t<\/section>\n\t\t\t\t<\/div>\n\t\t","protected":false},"excerpt":{"rendered":"<p>Aplicarea schimbului de ioni pentru controlul culorii \u00een mustul alb OBIECTIV: \u00cen cadrul acestui proiect, AGROVIN \u00ee\u0219i propune s\u0103 desf\u0103\u0219oare o cercetare strategic\u0103, multidisciplinar\u0103 \u0219i regional\u0103 \u00een domeniul viticulturii, care va permite generarea de cuno\u0219tin\u021be \u0219tiin\u021bifice \u0219i tehnice a c\u0103ror aplicare ar trebui s\u0103 pun\u0103 bazele unui nou mod de tratare a musturilor pentru a [&hellip;]<\/p>\n","protected":false},"author":359,"featured_media":0,"parent":78208,"menu_order":0,"comment_status":"closed","ping_status":"closed","template":"","meta":{"_acf_changed":false,"inline_featured_image":false,"site-sidebar-layout":"no-sidebar","site-content-layout":"page-builder","ast-site-content-layout":"full-width-container","site-content-style":"unboxed","site-sidebar-style":"unboxed","ast-global-header-display":"","ast-banner-title-visibility":"","ast-main-header-display":"","ast-hfb-above-header-display":"","ast-hfb-below-header-display":"","ast-hfb-mobile-header-display":"","site-post-title":"disabled","ast-breadcrumbs-content":"","ast-featured-img":"disabled","footer-sml-layout":"","ast-disable-related-posts":"","theme-transparent-header-meta":"default","adv-header-id-meta":"","stick-header-meta":"","header-above-stick-meta":"","header-main-stick-meta":"","header-below-stick-meta":"","astra-migrate-meta-layouts":"set","ast-page-background-enabled":"default","ast-page-background-meta":{"desktop":{"background-color":"var(--ast-global-color-5)","background-image":"","background-repeat":"repeat","background-position":"center center","background-size":"auto","background-attachment":"scroll","background-type":"","background-media":"","overlay-type":"","overlay-color":"","overlay-opacity":"","overlay-gradient":""},"tablet":{"background-color":"","background-image":"","background-repeat":"repeat","background-position":"center center","background-size":"auto","background-attachment":"scroll","background-type":"","background-media":"","overlay-type":"","overlay-color":"","overlay-opacity":"","overlay-gradient":""},"mobile":{"background-color":"","background-image":"","background-repeat":"repeat","background-position":"center center","background-size":"auto","background-attachment":"scroll","background-type":"","background-media":"","overlay-type":"","overlay-color":"","overlay-opacity":"","overlay-gradient":""}},"ast-content-background-meta":{"desktop":{"background-color":"var(--ast-global-color-4)","background-image":"","background-repeat":"repeat","background-position":"center center","background-size":"auto","background-attachment":"scroll","background-type":"","background-media":"","overlay-type":"","overlay-color":"","overlay-opacity":"","overlay-gradient":""},"tablet":{"background-color":"var(--ast-global-color-4)","background-image":"","background-repeat":"repeat","background-position":"center center","background-size":"auto","background-attachment":"scroll","background-type":"","background-media":"","overlay-type":"","overlay-color":"","overlay-opacity":"","overlay-gradient":""},"mobile":{"background-color":"var(--ast-global-color-4)","background-image":"","background-repeat":"repeat","background-position":"center center","background-size":"auto","background-attachment":"scroll","background-type":"","background-media":"","overlay-type":"","overlay-color":"","overlay-opacity":"","overlay-gradient":""}},"footnotes":""},"class_list":["post-78162","page","type-page","status-publish","hentry"],"acf":[],"_links":{"self":[{"href":"https:\/\/agrovin.com\/ro\/wp-json\/wp\/v2\/pages\/78162","targetHints":{"allow":["GET"]}}],"collection":[{"href":"https:\/\/agrovin.com\/ro\/wp-json\/wp\/v2\/pages"}],"about":[{"href":"https:\/\/agrovin.com\/ro\/wp-json\/wp\/v2\/types\/page"}],"author":[{"embeddable":true,"href":"https:\/\/agrovin.com\/ro\/wp-json\/wp\/v2\/users\/359"}],"replies":[{"embeddable":true,"href":"https:\/\/agrovin.com\/ro\/wp-json\/wp\/v2\/comments?post=78162"}],"version-history":[{"count":1,"href":"https:\/\/agrovin.com\/ro\/wp-json\/wp\/v2\/pages\/78162\/revisions"}],"predecessor-version":[{"id":120263,"href":"https:\/\/agrovin.com\/ro\/wp-json\/wp\/v2\/pages\/78162\/revisions\/120263"}],"up":[{"embeddable":true,"href":"https:\/\/agrovin.com\/ro\/wp-json\/wp\/v2\/pages\/78208"}],"wp:attachment":[{"href":"https:\/\/agrovin.com\/ro\/wp-json\/wp\/v2\/media?parent=78162"}],"curies":[{"name":"wp","href":"https:\/\/api.w.org\/{rel}","templated":true}]}}