{"id":90024,"date":"2018-03-06T16:52:25","date_gmt":"2022-11-05T07:57:51","guid":{"rendered":"https:\/\/staging.agrovin.com\/sem%20categoria\/proveget-fine\/"},"modified":"2022-11-06T17:13:57","modified_gmt":"2022-11-06T16:13:57","slug":"proveget-fine","status":"publish","type":"product","link":"https:\/\/agrovin.com\/pt-pt\/produtos-enologia\/clarificantes\/proveget-fine\/","title":{"rendered":"PROVEGET FINE"},"content":{"rendered":"<h3>CARACTER\u00cdSTICAS<\/h3>\n<p>Na produ\u00e7\u00e3o de vinhos brancos, tem uma grande capacidade para a elimina\u00e7\u00e3o selectiva de polifen\u00f3is oxid\u00e1veis. Nos vermelhos, melhora a clareza e suaviza a adstring\u00eancia t\u00e2nica sem modificar o equil\u00edbrio polifen\u00f3lico.<\/p>\n<p>O tratamento com Proveget FINE \u00e9 muito apropriado para vinhos de topo de gama, respeitando a cor, a estrutura e a express\u00e3o arom\u00e1tica.<\/p>\n<p>Proveget FINE \u00e9 um produto sem alerg\u00e9nios, de acordo com os regulamentos em vigor. Provenientes de mat\u00e9rias-primas isentas de organismos geneticamente modificados (n\u00e3o OGM)<\/p>\n<h3>CANDIDATURA<\/h3>\n<ul>\n<li>Deve ser clarificado.<\/li>\n<li>Clarifica\u00e7\u00e3o de vinhos tintos e brancos.<\/li>\n<\/ul>\n<h3>DOSAGEM<\/h3>\n<div class=\"page\" title=\"P\u00e1gina 1\">\n<div class=\"section\">\n<div class=\"layoutArea\">\n<div class=\"column\">\n<p>Deve 3-20 g\/hl<\/p>\n<p>Vinho 1-10 g\/hl<\/p>\n<\/div>\n<\/div>\n<\/div>\n<\/div>\n","protected":false},"excerpt":{"rendered":"<p>Proveget FINE \u00e9 um clarificador de vegetais obtido a partir de prote\u00edna de batata para utiliza\u00e7\u00e3o em vinhos e mostos. A sua alta reactividade permite esclarecimentos r\u00e1pidos e eficazes.<\/p>\n","protected":false},"featured_media":25530,"template":"","meta":{"_acf_changed":false,"inline_featured_image":false,"site-sidebar-layout":"default","site-content-layout":"default","ast-site-content-layout":"default","site-content-style":"default","site-sidebar-style":"default","ast-global-header-display":"","ast-banner-title-visibility":"","ast-main-header-display":"","ast-hfb-above-header-display":"","ast-hfb-below-header-display":"","ast-hfb-mobile-header-display":"","site-post-title":"","ast-breadcrumbs-content":"","ast-featured-img":"","footer-sml-layout":"","ast-disable-related-posts":"","theme-transparent-header-meta":"default","adv-header-id-meta":"","stick-header-meta":"","header-above-stick-meta":"","header-main-stick-meta":"","header-below-stick-meta":"","astra-migrate-meta-layouts":"default","ast-page-background-enabled":"default","ast-page-background-meta":{"desktop":{"background-color":"var(--ast-global-color-5)","background-image":"","background-repeat":"repeat","background-position":"center center","background-size":"auto","background-attachment":"scroll","background-type":"","background-media":"","overlay-type":"","overlay-color":"","overlay-opacity":"","overlay-gradient":""},"tablet":{"background-color":"","background-image":"","background-repeat":"repeat","background-position":"center center","background-size":"auto","background-attachment":"scroll","background-type":"","background-media":"","overlay-type":"","overlay-color":"","overlay-opacity":"","overlay-gradient":""},"mobile":{"background-color":"","background-image":"","background-repeat":"repeat","background-position":"center center","background-size":"auto","background-attachment":"scroll","background-type":"","background-media":"","overlay-type":"","overlay-color":"","overlay-opacity":"","overlay-gradient":""}},"ast-content-background-meta":{"desktop":{"background-color":"var(--ast-global-color-4)","background-image":"","background-repeat":"repeat","background-position":"center center","background-size":"auto","background-attachment":"scroll","background-type":"","background-media":"","overlay-type":"","overlay-color":"","overlay-opacity":"","overlay-gradient":""},"tablet":{"background-color":"var(--ast-global-color-4)","background-image":"","background-repeat":"repeat","background-position":"center center","background-size":"auto","background-attachment":"scroll","background-type":"","background-media":"","overlay-type":"","overlay-color":"","overlay-opacity":"","overlay-gradient":""},"mobile":{"background-color":"var(--ast-global-color-4)","background-image":"","background-repeat":"repeat","background-position":"center center","background-size":"auto","background-attachment":"scroll","background-type":"","background-media":"","overlay-type":"","overlay-color":"","overlay-opacity":"","overlay-gradient":""}}},"product_brand":[],"product_cat":[167],"product_tag":[862,500,737],"class_list":{"0":"post-90024","1":"product","2":"type-product","3":"status-publish","4":"has-post-thumbnail","6":"product_cat-clarificantes","7":"product_tag-livre-de-alergenios-pt-pt","8":"product_tag-mosto-pt-pt","9":"product_tag-vinho-terminado","10":"pa_ecologico-eu-autorizada","11":"pa_ecologico-nop-usda-autorizada","12":"pa_estilo-de-vino-branco","13":"pa_estilo-de-vino-rose-pt","14":"pa_estilo-de-vino-tinto-pt","15":"pa_objetivo-clarificacao","16":"pa_objetivo-estabilidade-da-cor","17":"pa_objetivo-melhoramento-sensorial","18":"pa_origen-vegetal-pt-pt","19":"pa_tipo-livre-alergenios","20":"pa_vegano-vegan-pt-pt","21":"desktop-align-left","22":"tablet-align-left","23":"mobile-align-left","25":"first","26":"instock","27":"virtual","28":"product-type-simple"},"acf":[],"_links":{"self":[{"href":"https:\/\/agrovin.com\/pt-pt\/wp-json\/wp\/v2\/product\/90024","targetHints":{"allow":["GET"]}}],"collection":[{"href":"https:\/\/agrovin.com\/pt-pt\/wp-json\/wp\/v2\/product"}],"about":[{"href":"https:\/\/agrovin.com\/pt-pt\/wp-json\/wp\/v2\/types\/product"}],"version-history":[{"count":0,"href":"https:\/\/agrovin.com\/pt-pt\/wp-json\/wp\/v2\/product\/90024\/revisions"}],"wp:featuredmedia":[{"embeddable":true,"href":"https:\/\/agrovin.com\/pt-pt\/wp-json\/wp\/v2\/media\/25530"}],"wp:attachment":[{"href":"https:\/\/agrovin.com\/pt-pt\/wp-json\/wp\/v2\/media?parent=90024"}],"wp:term":[{"taxonomy":"product_brand","embeddable":true,"href":"https:\/\/agrovin.com\/pt-pt\/wp-json\/wp\/v2\/product_brand?post=90024"},{"taxonomy":"product_cat","embeddable":true,"href":"https:\/\/agrovin.com\/pt-pt\/wp-json\/wp\/v2\/product_cat?post=90024"},{"taxonomy":"product_tag","embeddable":true,"href":"https:\/\/agrovin.com\/pt-pt\/wp-json\/wp\/v2\/product_tag?post=90024"}],"curies":[{"name":"wp","href":"https:\/\/api.w.org\/{rel}","templated":true}]}}