{"id":90019,"date":"2018-03-12T12:19:53","date_gmt":"2022-11-05T07:57:43","guid":{"rendered":"https:\/\/staging.agrovin.com\/sem%20categoria\/mannocrom\/"},"modified":"2022-11-06T16:49:24","modified_gmt":"2022-11-06T15:49:24","slug":"manocrom","status":"publish","type":"product","link":"https:\/\/agrovin.com\/pt-pt\/produtos-enologia\/polissacarideos-e-manoproteinas\/manocrom\/","title":{"rendered":"MANNOCROM"},"content":{"rendered":"<h3>CARACTER\u00cdSTICAS<\/h3>\n<ul>\n<li>As leveduras inactivas s\u00e3o uma fonte de polissacar\u00eddeos e manoprote\u00ednas que participam na protec\u00e7\u00e3o coloidal da frac\u00e7\u00e3o polifen\u00f3lica, impedindo a precipita\u00e7\u00e3o de mat\u00e9ria corante.<\/li>\n<li>Contribuem tamb\u00e9m para as caracter\u00edsticas sensoriais do vinho, polindo taninos agressivos, reduzindo a adstring\u00eancia e aumentando as sensa\u00e7\u00f5es de corpo e volume na boca.<\/li>\n<li>O fornecimento de procianidinas (proantocianidina tanino) reage com as antocianidinas para formar la\u00e7os muito est\u00e1veis. A estabilidade das cores e a sua evolu\u00e7\u00e3o ao longo do tempo s\u00e3o melhoradas.<\/li>\n<\/ul>\n<h3>CANDIDATURA<\/h3>\n<p>Produ\u00e7\u00e3o de vinhos tintos onde se deseja um aumento da estabilidade da mat\u00e9ria corante e uma maior suavidade de taninos.<\/p>\n<ul>\n<li>A presen\u00e7a de polissac\u00e1ridos e taninos reactivos durante o processo de extrac\u00e7\u00e3o de polifen\u00f3is das peles das uvas permite a sua polimeriza\u00e7\u00e3o precoce.<\/li>\n<li>Devido ao seu conte\u00fado de levedura inactiva, o Manocrom \u00e9 um excelente nutriente de fermenta\u00e7\u00e3o, fornecendo amino\u00e1cidos, vitaminas e minerais.<\/li>\n<\/ul>\n<p>A aplica\u00e7\u00e3o de Manocrom no in\u00edcio da macera\u00e7\u00e3o \u00e9 recomendada para que a forma\u00e7\u00e3o de complexos de fra\u00e7\u00e3o polissacar\u00eddeo tingido comece o mais cedo poss\u00edvel.<\/p>\n<p>Ap\u00f3s as primeiras fases de macera\u00e7\u00e3o, est\u00e3o dispon\u00edveis menos polifen\u00f3is para a forma\u00e7\u00e3o de complexos est\u00e1veis com polissac\u00e1ridos.<\/p>\n<h3>DOSAGEM<\/h3>\n<div class=\"page\" title=\"P\u00e1gina 2\">\n<div class=\"layoutArea\">\n<div class=\"column\">\n<p>Deve 15-35 g\/hl.<\/p>\n<\/div>\n<\/div>\n<\/div>\n","protected":false},"excerpt":{"rendered":"<p>O manocrom \u00e9 uma prepara\u00e7\u00e3o baseada em leveduras inactivadas e tanino proantoci\u00e2nico, rico em manoprote\u00ednas com uma ac\u00e7\u00e3o estruturante e estabilizadora sobre as qualidades crom\u00e1ticas dos vinhos tintos.<\/p>\n","protected":false},"featured_media":21135,"template":"","meta":{"_acf_changed":false,"inline_featured_image":false,"site-sidebar-layout":"default","site-content-layout":"default","ast-site-content-layout":"default","site-content-style":"default","site-sidebar-style":"default","ast-global-header-display":"","ast-banner-title-visibility":"","ast-main-header-display":"","ast-hfb-above-header-display":"","ast-hfb-below-header-display":"","ast-hfb-mobile-header-display":"","site-post-title":"","ast-breadcrumbs-content":"","ast-featured-img":"","footer-sml-layout":"","ast-disable-related-posts":"","theme-transparent-header-meta":"default","adv-header-id-meta":"","stick-header-meta":"","header-above-stick-meta":"","header-main-stick-meta":"","header-below-stick-meta":"","astra-migrate-meta-layouts":"default","ast-page-background-enabled":"default","ast-page-background-meta":{"desktop":{"background-color":"var(--ast-global-color-5)","background-image":"","background-repeat":"repeat","background-position":"center center","background-size":"auto","background-attachment":"scroll","background-type":"","background-media":"","overlay-type":"","overlay-color":"","overlay-opacity":"","overlay-gradient":""},"tablet":{"background-color":"","background-image":"","background-repeat":"repeat","background-position":"center center","background-size":"auto","background-attachment":"scroll","background-type":"","background-media":"","overlay-type":"","overlay-color":"","overlay-opacity":"","overlay-gradient":""},"mobile":{"background-color":"","background-image":"","background-repeat":"repeat","background-position":"center center","background-size":"auto","background-attachment":"scroll","background-type":"","background-media":"","overlay-type":"","overlay-color":"","overlay-opacity":"","overlay-gradient":""}},"ast-content-background-meta":{"desktop":{"background-color":"var(--ast-global-color-4)","background-image":"","background-repeat":"repeat","background-position":"center center","background-size":"auto","background-attachment":"scroll","background-type":"","background-media":"","overlay-type":"","overlay-color":"","overlay-opacity":"","overlay-gradient":""},"tablet":{"background-color":"var(--ast-global-color-4)","background-image":"","background-repeat":"repeat","background-position":"center center","background-size":"auto","background-attachment":"scroll","background-type":"","background-media":"","overlay-type":"","overlay-color":"","overlay-opacity":"","overlay-gradient":""},"mobile":{"background-color":"var(--ast-global-color-4)","background-image":"","background-repeat":"repeat","background-position":"center center","background-size":"auto","background-attachment":"scroll","background-type":"","background-media":"","overlay-type":"","overlay-color":"","overlay-opacity":"","overlay-gradient":""}}},"product_brand":[],"product_cat":[217],"product_tag":[822,422],"class_list":{"0":"post-90019","1":"product","2":"type-product","3":"status-publish","4":"has-post-thumbnail","6":"product_cat-polissacarideos-e-manoproteinas","7":"product_tag-estabilidade-aromatica-e-cor","8":"product_tag-paredes-celulares-de-levedura","9":"pa_aplicacion-fa-e-fml-pt","10":"pa_ecologico-eu-autorizada","11":"pa_ecologico-nop-usda-autorizada","12":"pa_estilo-de-vino-barrica","13":"pa_estilo-de-vino-tinto-pt","14":"pa_vegano-vegan-pt-pt","15":"desktop-align-left","16":"tablet-align-left","17":"mobile-align-left","19":"first","20":"instock","21":"virtual","22":"product-type-simple"},"acf":[],"_links":{"self":[{"href":"https:\/\/agrovin.com\/pt-pt\/wp-json\/wp\/v2\/product\/90019","targetHints":{"allow":["GET"]}}],"collection":[{"href":"https:\/\/agrovin.com\/pt-pt\/wp-json\/wp\/v2\/product"}],"about":[{"href":"https:\/\/agrovin.com\/pt-pt\/wp-json\/wp\/v2\/types\/product"}],"version-history":[{"count":0,"href":"https:\/\/agrovin.com\/pt-pt\/wp-json\/wp\/v2\/product\/90019\/revisions"}],"wp:featuredmedia":[{"embeddable":true,"href":"https:\/\/agrovin.com\/pt-pt\/wp-json\/wp\/v2\/media\/21135"}],"wp:attachment":[{"href":"https:\/\/agrovin.com\/pt-pt\/wp-json\/wp\/v2\/media?parent=90019"}],"wp:term":[{"taxonomy":"product_brand","embeddable":true,"href":"https:\/\/agrovin.com\/pt-pt\/wp-json\/wp\/v2\/product_brand?post=90019"},{"taxonomy":"product_cat","embeddable":true,"href":"https:\/\/agrovin.com\/pt-pt\/wp-json\/wp\/v2\/product_cat?post=90019"},{"taxonomy":"product_tag","embeddable":true,"href":"https:\/\/agrovin.com\/pt-pt\/wp-json\/wp\/v2\/product_tag?post=90019"}],"curies":[{"name":"wp","href":"https:\/\/api.w.org\/{rel}","templated":true}]}}