{"id":90013,"date":"2018-03-12T12:23:11","date_gmt":"2022-11-05T07:57:35","guid":{"rendered":"https:\/\/staging.agrovin.com\/sem%20categoria\/mannocup\/"},"modified":"2024-10-28T22:49:00","modified_gmt":"2024-10-28T20:49:00","slug":"mannocup","status":"publish","type":"product","link":"https:\/\/agrovin.com\/pt-pt\/produtos-enologia\/polissacarideos-e-manoproteinas\/mannocup\/","title":{"rendered":"MANNOCUP"},"content":{"rendered":"<h3>CARACTER\u00cdSTICAS<\/h3>\n<p>Mannocup \u00e9 uma prepara\u00e7\u00e3o de casco de levedura com alta afinidade para compostos de enxofre. O seu conte\u00fado de manoprote\u00edna sol\u00favel, n\u00e3o ligado a polissac\u00e1ridos, tem um efeito r\u00e1pido na sensa\u00e7\u00e3o de volume na boca, eliminando poss\u00edveis desequil\u00edbrios e filtrando o impacto sensorial das mol\u00e9culas indesej\u00e1veis.<\/p>\n<p>O citrato de cobre liga mol\u00e9culas de enxofre com maior afinidade e tem menos impacto no equil\u00edbrio sensorial do vinho do que o sulfato de cobre. A combina\u00e7\u00e3o deste sal com os cascos de levedura ajuda a remover o cobre do vinho, uma vez que este tenha entrado em vigor.<\/p>\n<p>Mannocup permite a remo\u00e7\u00e3o altamente eficiente de compostos de enxofre sem desvalorizar a heran\u00e7a arom\u00e1tica do vinho e sem aumentar significativamente o seu teor de cobre. A clarifica\u00e7\u00e3o azul n\u00e3o \u00e9 necess\u00e1ria.<\/p>\n<h3>CANDIDATURA<\/h3>\n<p>Em vinhos brancos e tintos. Antes da clarifica\u00e7\u00e3o e estabiliza\u00e7\u00e3o<\/p>\n<h3>DOSAGEM<\/h3>\n<div class=\"page\" title=\"P\u00e1gina 2\">\n<div class=\"layoutArea\">\n<div class=\"column\">\n<p>Vinho 5-15 g\/hl<\/p>\n<\/div>\n<\/div>\n<\/div>\n","protected":false},"excerpt":{"rendered":"<p>Mannocup \u00e9 uma prepara\u00e7\u00e3o biol\u00f3gica baseada em cascos de levedura ricos em manoprote\u00ednas e citrato de cobre. Ac\u00e7\u00e3o r\u00e1pida e espec\u00edfica contra a elimina\u00e7\u00e3o de defeitos de redu\u00e7\u00e3o nos vinhos. Elimina as sensa\u00e7\u00f5es olfactivas anormais do sulfureto de hidrog\u00e9nio e seus derivados, descritos como: ovo podre, vegetais cozidos, vegetais em conserva, travagem, borracha queimada e outros.<\/p>\n","protected":false},"featured_media":21129,"template":"","meta":{"_acf_changed":false,"inline_featured_image":false,"site-sidebar-layout":"default","site-content-layout":"default","ast-site-content-layout":"default","site-content-style":"default","site-sidebar-style":"default","ast-global-header-display":"","ast-banner-title-visibility":"","ast-main-header-display":"","ast-hfb-above-header-display":"","ast-hfb-below-header-display":"","ast-hfb-mobile-header-display":"","site-post-title":"","ast-breadcrumbs-content":"","ast-featured-img":"","footer-sml-layout":"","ast-disable-related-posts":"","theme-transparent-header-meta":"default","adv-header-id-meta":"","stick-header-meta":"","header-above-stick-meta":"","header-main-stick-meta":"","header-below-stick-meta":"","astra-migrate-meta-layouts":"set","ast-page-background-enabled":"default","ast-page-background-meta":{"desktop":{"background-color":"var(--ast-global-color-5)","background-image":"","background-repeat":"repeat","background-position":"center center","background-size":"auto","background-attachment":"scroll","background-type":"","background-media":"","overlay-type":"","overlay-color":"","overlay-opacity":"","overlay-gradient":""},"tablet":{"background-color":"","background-image":"","background-repeat":"repeat","background-position":"center center","background-size":"auto","background-attachment":"scroll","background-type":"","background-media":"","overlay-type":"","overlay-color":"","overlay-opacity":"","overlay-gradient":""},"mobile":{"background-color":"","background-image":"","background-repeat":"repeat","background-position":"center center","background-size":"auto","background-attachment":"scroll","background-type":"","background-media":"","overlay-type":"","overlay-color":"","overlay-opacity":"","overlay-gradient":""}},"ast-content-background-meta":{"desktop":{"background-color":"var(--ast-global-color-4)","background-image":"","background-repeat":"repeat","background-position":"center center","background-size":"auto","background-attachment":"scroll","background-type":"","background-media":"","overlay-type":"","overlay-color":"","overlay-opacity":"","overlay-gradient":""},"tablet":{"background-color":"var(--ast-global-color-4)","background-image":"","background-repeat":"repeat","background-position":"center center","background-size":"auto","background-attachment":"scroll","background-type":"","background-media":"","overlay-type":"","overlay-color":"","overlay-opacity":"","overlay-gradient":""},"mobile":{"background-color":"var(--ast-global-color-4)","background-image":"","background-repeat":"repeat","background-position":"center center","background-size":"auto","background-attachment":"scroll","background-type":"","background-media":"","overlay-type":"","overlay-color":"","overlay-opacity":"","overlay-gradient":""}}},"product_brand":[],"product_cat":[217],"product_tag":[402],"class_list":{"0":"post-90013","1":"product","2":"type-product","3":"status-publish","4":"has-post-thumbnail","6":"product_cat-polissacarideos-e-manoproteinas","7":"product_tag-eliminacao-de-defeitos","8":"pa_ecologico-eu-autorizada","9":"pa_estilo-de-vino-barrica","10":"pa_estilo-de-vino-branco","11":"pa_estilo-de-vino-espumante","12":"pa_estilo-de-vino-rose-pt","13":"pa_estilo-de-vino-tinto-pt","14":"pa_objetivo-melhoramento-sensorial","15":"pa_vegano-vegan-pt-pt","16":"desktop-align-left","17":"tablet-align-left","18":"mobile-align-left","20":"first","21":"instock","22":"virtual","23":"product-type-simple"},"acf":[],"_links":{"self":[{"href":"https:\/\/agrovin.com\/pt-pt\/wp-json\/wp\/v2\/product\/90013","targetHints":{"allow":["GET"]}}],"collection":[{"href":"https:\/\/agrovin.com\/pt-pt\/wp-json\/wp\/v2\/product"}],"about":[{"href":"https:\/\/agrovin.com\/pt-pt\/wp-json\/wp\/v2\/types\/product"}],"version-history":[{"count":1,"href":"https:\/\/agrovin.com\/pt-pt\/wp-json\/wp\/v2\/product\/90013\/revisions"}],"predecessor-version":[{"id":116844,"href":"https:\/\/agrovin.com\/pt-pt\/wp-json\/wp\/v2\/product\/90013\/revisions\/116844"}],"wp:featuredmedia":[{"embeddable":true,"href":"https:\/\/agrovin.com\/pt-pt\/wp-json\/wp\/v2\/media\/21129"}],"wp:attachment":[{"href":"https:\/\/agrovin.com\/pt-pt\/wp-json\/wp\/v2\/media?parent=90013"}],"wp:term":[{"taxonomy":"product_brand","embeddable":true,"href":"https:\/\/agrovin.com\/pt-pt\/wp-json\/wp\/v2\/product_brand?post=90013"},{"taxonomy":"product_cat","embeddable":true,"href":"https:\/\/agrovin.com\/pt-pt\/wp-json\/wp\/v2\/product_cat?post=90013"},{"taxonomy":"product_tag","embeddable":true,"href":"https:\/\/agrovin.com\/pt-pt\/wp-json\/wp\/v2\/product_tag?post=90013"}],"curies":[{"name":"wp","href":"https:\/\/api.w.org\/{rel}","templated":true}]}}