{"id":89998,"date":"2018-03-12T10:37:30","date_gmt":"2022-11-05T07:57:12","guid":{"rendered":"https:\/\/staging.agrovin.com\/sem%20categoria\/superbouquet\/"},"modified":"2024-08-23T19:39:31","modified_gmt":"2024-08-23T18:39:31","slug":"super-bouquet-2","status":"publish","type":"product","link":"https:\/\/agrovin.com\/pt-pt\/produtos-enologia\/polissacarideos-e-manoproteinas\/super-bouquet-2\/","title":{"rendered":"SUPERBOUQUET"},"content":{"rendered":"<div class=\"page\" title=\"P\u00e1gina 1\">\n<div class=\"section\">\n<div class=\"layoutArea\">\n<div class=\"column\">\n<h3>CANDIDATURA<\/h3>\n<p>Para vinhos brancos e tintos:<\/p>\n<p>&#8211; Fermenta\u00e7\u00e3o alco\u00f3lica e malol\u00e1ctica: aumento de volume na boca. Nos vermelhos, melhora a estabilidade da mat\u00e9ria corante e proporciona uma suavidade t\u00e2nica.<\/p>\n<p>&#8211; Envelhecimento em borras: aumenta a transfer\u00eancia de polissacar\u00eddeos durante este processo, tanto em tanques como em barris, aumentando a efici\u00eancia da agita\u00e7\u00e3o ou battonagem.<\/p>\n<p>&#8211; Vinho acabado: estrutura e corpo. Para vinhos espumantes:<\/p>\n<p>&#8211; Segunda fermenta\u00e7\u00e3o: aumenta o volume das borras, aumentando a sensa\u00e7\u00e3o de volume na boca e a persist\u00eancia da espuma.<\/p>\n<h3>DOSAGEM<\/h3>\n<div class=\"page\" title=\"P\u00e1gina 1\">\n<div class=\"section\">\n<div class=\"layoutArea\">\n<div class=\"column\">\n<p>Fermenta\u00e7\u00e3o: 10-30 g\/hl<\/p>\n<p>Envelhecimento em borras e vinho acabado: <span style=\"font-size: 16px;\">20-40 g\/hl <\/span><\/p>\n<p>Vinho espumante: <span style=\"font-size: 16px;\">10-30 g\/h<\/span><\/p>\n<\/div>\n<\/div>\n<\/div>\n<\/div>\n<\/div>\n<\/div>\n<\/div>\n<\/div>\n","protected":false},"excerpt":{"rendered":"<h5><span style=\"color: #333333;\">ESTILO DE VINHO:<\/span><\/h5>\n<p><img decoding=\"async\" class=\"alignnone size-full wp-image-4976\" src=\"https:\/\/agrovin.com\/wp-content\/uploads\/2018\/03\/blanco.png\" alt=\"\" width=\"50\" height=\"44\" \/><img decoding=\"async\" class=\"alignnone size-full wp-image-4981\" src=\"https:\/\/agrovin.com\/wp-content\/uploads\/2018\/03\/espumoso.png\" alt=\"\" width=\"50\" height=\"44\" \/><img decoding=\"async\" class=\"alignnone size-full wp-image-4979\" src=\"https:\/\/agrovin.com\/wp-content\/uploads\/2018\/03\/rosado.png\" alt=\"\" width=\"50\" height=\"44\" \/><img loading=\"lazy\" decoding=\"async\" class=\"alignnone size-full wp-image-4980\" src=\"https:\/\/agrovin.com\/wp-content\/uploads\/2018\/03\/tinto.png\" alt=\"\" width=\"50\" height=\"44\" \/><img loading=\"lazy\" decoding=\"async\" class=\"alignnone size-full wp-image-4975\" src=\"https:\/\/agrovin.com\/wp-content\/uploads\/2018\/03\/barrica.png\" alt=\"\" width=\"50\" height=\"44\" \/><\/p>\n<h5><span style=\"color: #333333;\">CARACTER\u00cdSTICAS:<\/span><\/h5>\n<p>&#8211; Levedura inactiva que melhora a estrutura do vinho ao aumentar o seu conte\u00fado de polissacar\u00eddeos e manoprote\u00ednas.<br \/>\n&#8211; Contribui para as caracter\u00edsticas sensoriais do vinho, polindo taninos agressivos, reduzindo a adstring\u00eancia e aumentando as sensa\u00e7\u00f5es de corpo e volume na boca.<br \/>\n&#8211; Aumenta a persist\u00eancia e a estabilidade dos aromas.<\/p>\n<p>&#8211; Melhora a estabilidade da cor.<\/p>\n<p>&#8211; Melhora a estabilidade tart\u00e1rica e proteica.<\/p>\n<p>&#8211; Usado na fermenta\u00e7\u00e3o, \u00e9 um excelente nutriente.<\/p>\n","protected":false},"featured_media":52057,"template":"","meta":{"_acf_changed":false,"inline_featured_image":false,"site-sidebar-layout":"default","site-content-layout":"default","ast-site-content-layout":"default","site-content-style":"default","site-sidebar-style":"default","ast-global-header-display":"","ast-banner-title-visibility":"","ast-main-header-display":"","ast-hfb-above-header-display":"","ast-hfb-below-header-display":"","ast-hfb-mobile-header-display":"","site-post-title":"","ast-breadcrumbs-content":"","ast-featured-img":"","footer-sml-layout":"","ast-disable-related-posts":"","theme-transparent-header-meta":"default","adv-header-id-meta":"","stick-header-meta":"","header-above-stick-meta":"","header-main-stick-meta":"","header-below-stick-meta":"","astra-migrate-meta-layouts":"default","ast-page-background-enabled":"default","ast-page-background-meta":{"desktop":{"background-color":"var(--ast-global-color-5)","background-image":"","background-repeat":"repeat","background-position":"center center","background-size":"auto","background-attachment":"scroll","background-type":"","background-media":"","overlay-type":"","overlay-color":"","overlay-opacity":"","overlay-gradient":""},"tablet":{"background-color":"","background-image":"","background-repeat":"repeat","background-position":"center center","background-size":"auto","background-attachment":"scroll","background-type":"","background-media":"","overlay-type":"","overlay-color":"","overlay-opacity":"","overlay-gradient":""},"mobile":{"background-color":"","background-image":"","background-repeat":"repeat","background-position":"center center","background-size":"auto","background-attachment":"scroll","background-type":"","background-media":"","overlay-type":"","overlay-color":"","overlay-opacity":"","overlay-gradient":""}},"ast-content-background-meta":{"desktop":{"background-color":"var(--ast-global-color-4)","background-image":"","background-repeat":"repeat","background-position":"center center","background-size":"auto","background-attachment":"scroll","background-type":"","background-media":"","overlay-type":"","overlay-color":"","overlay-opacity":"","overlay-gradient":""},"tablet":{"background-color":"var(--ast-global-color-4)","background-image":"","background-repeat":"repeat","background-position":"center center","background-size":"auto","background-attachment":"scroll","background-type":"","background-media":"","overlay-type":"","overlay-color":"","overlay-opacity":"","overlay-gradient":""},"mobile":{"background-color":"var(--ast-global-color-4)","background-image":"","background-repeat":"repeat","background-position":"center center","background-size":"auto","background-attachment":"scroll","background-type":"","background-media":"","overlay-type":"","overlay-color":"","overlay-opacity":"","overlay-gradient":""}}},"product_brand":[],"product_cat":[217],"product_tag":[822,422],"class_list":{"0":"post-89998","1":"product","2":"type-product","3":"status-publish","4":"has-post-thumbnail","6":"product_cat-polissacarideos-e-manoproteinas","7":"product_tag-estabilidade-aromatica-e-cor","8":"product_tag-paredes-celulares-de-levedura","9":"pa_aplicacion-fa-e-fml-pt","10":"pa_ecologico-eu-autorizada","11":"pa_ecologico-nop-usda-autorizada","12":"pa_estilo-de-vino-barrica","13":"pa_estilo-de-vino-branco","14":"pa_estilo-de-vino-espumante","15":"pa_estilo-de-vino-rose-pt","16":"pa_estilo-de-vino-tinto-pt","17":"pa_objetivo-melhoramento-sensorial","18":"pa_objetivo-refinado","19":"pa_vegano-vegan-pt-pt","20":"desktop-align-left","21":"tablet-align-left","22":"mobile-align-left","24":"first","25":"instock","26":"downloadable","27":"virtual","28":"product-type-simple"},"acf":[],"_links":{"self":[{"href":"https:\/\/agrovin.com\/pt-pt\/wp-json\/wp\/v2\/product\/89998","targetHints":{"allow":["GET"]}}],"collection":[{"href":"https:\/\/agrovin.com\/pt-pt\/wp-json\/wp\/v2\/product"}],"about":[{"href":"https:\/\/agrovin.com\/pt-pt\/wp-json\/wp\/v2\/types\/product"}],"version-history":[{"count":1,"href":"https:\/\/agrovin.com\/pt-pt\/wp-json\/wp\/v2\/product\/89998\/revisions"}],"predecessor-version":[{"id":116254,"href":"https:\/\/agrovin.com\/pt-pt\/wp-json\/wp\/v2\/product\/89998\/revisions\/116254"}],"wp:featuredmedia":[{"embeddable":true,"href":"https:\/\/agrovin.com\/pt-pt\/wp-json\/wp\/v2\/media\/52057"}],"wp:attachment":[{"href":"https:\/\/agrovin.com\/pt-pt\/wp-json\/wp\/v2\/media?parent=89998"}],"wp:term":[{"taxonomy":"product_brand","embeddable":true,"href":"https:\/\/agrovin.com\/pt-pt\/wp-json\/wp\/v2\/product_brand?post=89998"},{"taxonomy":"product_cat","embeddable":true,"href":"https:\/\/agrovin.com\/pt-pt\/wp-json\/wp\/v2\/product_cat?post=89998"},{"taxonomy":"product_tag","embeddable":true,"href":"https:\/\/agrovin.com\/pt-pt\/wp-json\/wp\/v2\/product_tag?post=89998"}],"curies":[{"name":"wp","href":"https:\/\/api.w.org\/{rel}","templated":true}]}}