{"id":89993,"date":"2018-03-06T16:49:22","date_gmt":"2022-11-05T07:52:08","guid":{"rendered":"https:\/\/staging.agrovin.com\/sem%20categoria\/divergan-f\/"},"modified":"2024-10-29T00:40:18","modified_gmt":"2024-10-28T22:40:18","slug":"divergan-f","status":"publish","type":"product","link":"https:\/\/agrovin.com\/pt-pt\/produtos-enologia\/clarificantes\/divergan-f\/","title":{"rendered":"DIVERGAN-F"},"content":{"rendered":"<h3>CARACTER\u00cdSTICAS<\/h3>\n<p>Divergan-F actua contra as catequinas e as leucoantocianinas, impedindo o vinho de desenvolver tons oxidados e reduzindo a frac\u00e7\u00e3o de enxofre combinada.<\/p>\n<h3>CANDIDATURA<\/h3>\n<p>Nos mostos e vinhos brancos e rosados, a Divergan-F elimina os compostos respons\u00e1veis pela oxida\u00e7\u00e3o, melhorando as caracter\u00edsticas organol\u00e9pticas dos vinhos tratados.<\/p>\n<p>Nos vinhos que j\u00e1 sofreram processos de oxida\u00e7\u00e3o, a Divergan-F \u00e9 capaz de reduzir o escurecimento causado pelas reac\u00e7\u00f5es de oxida\u00e7\u00e3o.<\/p>\n<h3>DOSAGEM<\/h3>\n<p><strong>Deve<\/strong><br \/>\nTratamento preventivo: 10-30 g\/hl<\/p>\n<p>Tratamento curativo: 30-50 g\/hl<\/p>\n<p><strong> Vinho branco e ros\u00e9<\/strong><\/p>\n<p>Com oxida\u00e7\u00e3o ligeira: 15-30 g\/hl<\/p>\n<p>Com forte oxida\u00e7\u00e3o: 30-50 g\/hl<\/p>\n<p><strong>Vinho tinto<\/strong>: 10-50 g\/hl<\/p>\n","protected":false},"excerpt":{"rendered":"<p>Divergan-F \u00e9 um agente finalizador chamado polivinilpolipirrolidona (PVPP) capaz de remover selectivamente compostos fen\u00f3licos que causam o escurecimento de mostos e vinhos. N\u00e3o modifica o perfil organol\u00e9ptico do vinho, embora os vinhos tratados com Divergan-F intensifiquem a frescura do vinho \u00e0 medida que as notas oxidadas desaparecem.<\/p>\n","protected":false},"featured_media":21859,"template":"","meta":{"_acf_changed":false,"inline_featured_image":false,"site-sidebar-layout":"default","site-content-layout":"default","ast-site-content-layout":"default","site-content-style":"default","site-sidebar-style":"default","ast-global-header-display":"","ast-banner-title-visibility":"","ast-main-header-display":"","ast-hfb-above-header-display":"","ast-hfb-below-header-display":"","ast-hfb-mobile-header-display":"","site-post-title":"","ast-breadcrumbs-content":"","ast-featured-img":"","footer-sml-layout":"","ast-disable-related-posts":"","theme-transparent-header-meta":"default","adv-header-id-meta":"","stick-header-meta":"","header-above-stick-meta":"","header-main-stick-meta":"","header-below-stick-meta":"","astra-migrate-meta-layouts":"set","ast-page-background-enabled":"default","ast-page-background-meta":{"desktop":{"background-color":"var(--ast-global-color-5)","background-image":"","background-repeat":"repeat","background-position":"center center","background-size":"auto","background-attachment":"scroll","background-type":"","background-media":"","overlay-type":"","overlay-color":"","overlay-opacity":"","overlay-gradient":""},"tablet":{"background-color":"","background-image":"","background-repeat":"repeat","background-position":"center center","background-size":"auto","background-attachment":"scroll","background-type":"","background-media":"","overlay-type":"","overlay-color":"","overlay-opacity":"","overlay-gradient":""},"mobile":{"background-color":"","background-image":"","background-repeat":"repeat","background-position":"center center","background-size":"auto","background-attachment":"scroll","background-type":"","background-media":"","overlay-type":"","overlay-color":"","overlay-opacity":"","overlay-gradient":""}},"ast-content-background-meta":{"desktop":{"background-color":"var(--ast-global-color-4)","background-image":"","background-repeat":"repeat","background-position":"center center","background-size":"auto","background-attachment":"scroll","background-type":"","background-media":"","overlay-type":"","overlay-color":"","overlay-opacity":"","overlay-gradient":""},"tablet":{"background-color":"var(--ast-global-color-4)","background-image":"","background-repeat":"repeat","background-position":"center center","background-size":"auto","background-attachment":"scroll","background-type":"","background-media":"","overlay-type":"","overlay-color":"","overlay-opacity":"","overlay-gradient":""},"mobile":{"background-color":"var(--ast-global-color-4)","background-image":"","background-repeat":"repeat","background-position":"center center","background-size":"auto","background-attachment":"scroll","background-type":"","background-media":"","overlay-type":"","overlay-color":"","overlay-opacity":"","overlay-gradient":""}}},"product_brand":[],"product_cat":[167],"product_tag":[862,737],"class_list":{"0":"post-89993","1":"product","2":"type-product","3":"status-publish","4":"has-post-thumbnail","6":"product_cat-clarificantes","7":"product_tag-livre-de-alergenios-pt-pt","8":"product_tag-vinho-terminado","9":"pa_aplicacion-uva-e-mosto-pt","10":"pa_estilo-de-vino-branco","11":"pa_estilo-de-vino-espumante","12":"pa_estilo-de-vino-rose-pt","13":"pa_estilo-de-vino-tinto-pt","14":"pa_objetivo-clarificacao","15":"pa_objetivo-estabilidade-da-cor","16":"pa_objetivo-melhoramento-sensorial","17":"pa_origen-pvpp-pvi-pt-pt","18":"pa_tipo-livre-alergenios","19":"pa_vegano-vegan-pt-pt","20":"desktop-align-left","21":"tablet-align-left","22":"mobile-align-left","24":"first","25":"instock","26":"virtual","27":"product-type-simple"},"acf":[],"_links":{"self":[{"href":"https:\/\/agrovin.com\/pt-pt\/wp-json\/wp\/v2\/product\/89993","targetHints":{"allow":["GET"]}}],"collection":[{"href":"https:\/\/agrovin.com\/pt-pt\/wp-json\/wp\/v2\/product"}],"about":[{"href":"https:\/\/agrovin.com\/pt-pt\/wp-json\/wp\/v2\/types\/product"}],"version-history":[{"count":1,"href":"https:\/\/agrovin.com\/pt-pt\/wp-json\/wp\/v2\/product\/89993\/revisions"}],"predecessor-version":[{"id":116924,"href":"https:\/\/agrovin.com\/pt-pt\/wp-json\/wp\/v2\/product\/89993\/revisions\/116924"}],"wp:featuredmedia":[{"embeddable":true,"href":"https:\/\/agrovin.com\/pt-pt\/wp-json\/wp\/v2\/media\/21859"}],"wp:attachment":[{"href":"https:\/\/agrovin.com\/pt-pt\/wp-json\/wp\/v2\/media?parent=89993"}],"wp:term":[{"taxonomy":"product_brand","embeddable":true,"href":"https:\/\/agrovin.com\/pt-pt\/wp-json\/wp\/v2\/product_brand?post=89993"},{"taxonomy":"product_cat","embeddable":true,"href":"https:\/\/agrovin.com\/pt-pt\/wp-json\/wp\/v2\/product_cat?post=89993"},{"taxonomy":"product_tag","embeddable":true,"href":"https:\/\/agrovin.com\/pt-pt\/wp-json\/wp\/v2\/product_tag?post=89993"}],"curies":[{"name":"wp","href":"https:\/\/api.w.org\/{rel}","templated":true}]}}