{"id":89990,"date":"2018-03-06T16:37:26","date_gmt":"2022-11-05T07:52:03","guid":{"rendered":"https:\/\/staging.agrovin.com\/sem%20categoria\/proveget-clar\/"},"modified":"2024-10-29T17:17:33","modified_gmt":"2024-10-29T15:17:33","slug":"proveget-clar","status":"publish","type":"product","link":"https:\/\/agrovin.com\/pt-pt\/produtos-enologia\/clarificantes\/proveget-clar\/","title":{"rendered":"PROVEGET CLAR"},"content":{"rendered":"<h3>CARACTER\u00cdSTICAS<\/h3>\n<p>A frac\u00e7\u00e3o benton\u00edtica facilita a dispers\u00e3o e sedimenta\u00e7\u00e3o das borras, ao mesmo tempo que remove prote\u00ednas inst\u00e1veis do vinho.<\/p>\n<h3>CANDIDATURA<\/h3>\n<p>Especialmente adequado para vinhos brancos e rosados, devido ao seu triplo efeito de eliminar a turbidez, as prote\u00ednas inst\u00e1veis e o acastanhamento.<\/p>\n<h3>DOSAGEM<\/h3>\n<div class=\"page\" title=\"P\u00e1gina 1\">\n<div class=\"section\">\n<div class=\"layoutArea\">\n<div class=\"column\">\n<p>Vinho 30-90 g\/hl<\/p>\n<\/div>\n<\/div>\n<\/div>\n<\/div>\n","protected":false},"excerpt":{"rendered":"<p>Proveget Clar \u00e9 uma prepara\u00e7\u00e3o \u00e0 base de prote\u00ednas vegetais para a clarifica\u00e7\u00e3o de vinhos brancos e ros\u00e9s. Atinge uma limpeza extraordin\u00e1ria, estabilidade proteica e elimina\u00e7\u00e3o dos tons oxidados. Prolonga as caracter\u00edsticas organol\u00e9pticas dos vinhos tratados ao longo do tempo.<\/p>\n","protected":false},"featured_media":21322,"template":"","meta":{"_acf_changed":false,"inline_featured_image":false,"site-sidebar-layout":"default","site-content-layout":"default","ast-site-content-layout":"default","site-content-style":"default","site-sidebar-style":"default","ast-global-header-display":"","ast-banner-title-visibility":"","ast-main-header-display":"","ast-hfb-above-header-display":"","ast-hfb-below-header-display":"","ast-hfb-mobile-header-display":"","site-post-title":"","ast-breadcrumbs-content":"","ast-featured-img":"","footer-sml-layout":"","ast-disable-related-posts":"","theme-transparent-header-meta":"default","adv-header-id-meta":"","stick-header-meta":"","header-above-stick-meta":"","header-main-stick-meta":"","header-below-stick-meta":"","astra-migrate-meta-layouts":"set","ast-page-background-enabled":"default","ast-page-background-meta":{"desktop":{"background-color":"var(--ast-global-color-5)","background-image":"","background-repeat":"repeat","background-position":"center center","background-size":"auto","background-attachment":"scroll","background-type":"","background-media":"","overlay-type":"","overlay-color":"","overlay-opacity":"","overlay-gradient":""},"tablet":{"background-color":"","background-image":"","background-repeat":"repeat","background-position":"center center","background-size":"auto","background-attachment":"scroll","background-type":"","background-media":"","overlay-type":"","overlay-color":"","overlay-opacity":"","overlay-gradient":""},"mobile":{"background-color":"","background-image":"","background-repeat":"repeat","background-position":"center center","background-size":"auto","background-attachment":"scroll","background-type":"","background-media":"","overlay-type":"","overlay-color":"","overlay-opacity":"","overlay-gradient":""}},"ast-content-background-meta":{"desktop":{"background-color":"var(--ast-global-color-4)","background-image":"","background-repeat":"repeat","background-position":"center center","background-size":"auto","background-attachment":"scroll","background-type":"","background-media":"","overlay-type":"","overlay-color":"","overlay-opacity":"","overlay-gradient":""},"tablet":{"background-color":"var(--ast-global-color-4)","background-image":"","background-repeat":"repeat","background-position":"center center","background-size":"auto","background-attachment":"scroll","background-type":"","background-media":"","overlay-type":"","overlay-color":"","overlay-opacity":"","overlay-gradient":""},"mobile":{"background-color":"var(--ast-global-color-4)","background-image":"","background-repeat":"repeat","background-position":"center center","background-size":"auto","background-attachment":"scroll","background-type":"","background-media":"","overlay-type":"","overlay-color":"","overlay-opacity":"","overlay-gradient":""}}},"product_brand":[],"product_cat":[167],"product_tag":[862,737],"class_list":{"0":"post-89990","1":"product","2":"type-product","3":"status-publish","4":"has-post-thumbnail","6":"product_cat-clarificantes","7":"product_tag-livre-de-alergenios-pt-pt","8":"product_tag-vinho-terminado","9":"pa_estilo-de-vino-branco","10":"pa_estilo-de-vino-rose-pt","11":"pa_objetivo-clarificacao","12":"pa_objetivo-estabilidade-da-cor","13":"pa_objetivo-melhoramento-sensorial","14":"pa_origen-formulacao","15":"pa_tipo-livre-alergenios","16":"pa_vegano-vegan-pt-pt","17":"desktop-align-left","18":"tablet-align-left","19":"mobile-align-left","21":"first","22":"instock","23":"virtual","24":"product-type-simple"},"acf":[],"_links":{"self":[{"href":"https:\/\/agrovin.com\/pt-pt\/wp-json\/wp\/v2\/product\/89990","targetHints":{"allow":["GET"]}}],"collection":[{"href":"https:\/\/agrovin.com\/pt-pt\/wp-json\/wp\/v2\/product"}],"about":[{"href":"https:\/\/agrovin.com\/pt-pt\/wp-json\/wp\/v2\/types\/product"}],"version-history":[{"count":1,"href":"https:\/\/agrovin.com\/pt-pt\/wp-json\/wp\/v2\/product\/89990\/revisions"}],"predecessor-version":[{"id":117016,"href":"https:\/\/agrovin.com\/pt-pt\/wp-json\/wp\/v2\/product\/89990\/revisions\/117016"}],"wp:featuredmedia":[{"embeddable":true,"href":"https:\/\/agrovin.com\/pt-pt\/wp-json\/wp\/v2\/media\/21322"}],"wp:attachment":[{"href":"https:\/\/agrovin.com\/pt-pt\/wp-json\/wp\/v2\/media?parent=89990"}],"wp:term":[{"taxonomy":"product_brand","embeddable":true,"href":"https:\/\/agrovin.com\/pt-pt\/wp-json\/wp\/v2\/product_brand?post=89990"},{"taxonomy":"product_cat","embeddable":true,"href":"https:\/\/agrovin.com\/pt-pt\/wp-json\/wp\/v2\/product_cat?post=89990"},{"taxonomy":"product_tag","embeddable":true,"href":"https:\/\/agrovin.com\/pt-pt\/wp-json\/wp\/v2\/product_tag?post=89990"}],"curies":[{"name":"wp","href":"https:\/\/api.w.org\/{rel}","templated":true}]}}