{"id":89900,"date":"2018-03-06T16:03:47","date_gmt":"2022-11-04T19:17:39","guid":{"rendered":"https:\/\/staging.agrovin.com\/sem%20categoria\/proveget-quit\/"},"modified":"2022-11-06T17:43:56","modified_gmt":"2022-11-06T16:43:56","slug":"proveget-quit","status":"publish","type":"product","link":"https:\/\/agrovin.com\/pt-pt\/produtos-enologia\/clarificantes\/proveget-quit\/","title":{"rendered":"PROVEGET QUIT"},"content":{"rendered":"<h3>CARACTER\u00cdSTICAS<\/h3>\n<p>Pode ser aplicado a mostos potencialmente oxid\u00e1veis devido ao efeito da colheita, ou de variedades mais oxidantes.<\/p>\n<p>Em vinhos alterados, restabelece os tons de palha e p\u00e1lido. Em todos os vinhos, contribui para a sua melhor evolu\u00e7\u00e3o ao longo do tempo.<\/p>\n<p>Para conseguir este efeito, PROVEGET QUIT combina as propriedades electrost\u00e1ticas da prote\u00edna vegetal com as do polissacar\u00eddeo altamente carregado quitina-glucano. Est\u00e1 associado \u00e0 bentonite para sedimenta\u00e7\u00e3o e remo\u00e7\u00e3o r\u00e1pida.<\/p>\n<p>Melhora substancialmente a limpidez do vinho acabado, eliminando elementos potencialmente oxid\u00e1veis. Ao melhorar a compacta\u00e7\u00e3o das borras, o rendimento melhora. Respeita a estrutura e a express\u00e3o arom\u00e1tica do vinho.<\/p>\n<p>PROVEGET QUIT \u00e9 um produto natural, n\u00e3o animal, livre de alerg\u00e9nicos. Proveniente de mat\u00e9ria-prima livre de organismos geneticamente modificados (n\u00e3o OGM).<\/p>\n<h3>CANDIDATURA<\/h3>\n<p>Clarifica\u00e7\u00e3o dos mostos e do vinho.<\/p>\n<p>Aplica\u00e7\u00e3o preventiva ou curativa.<\/p>\n<h3>DOSAGEM<\/h3>\n<div class=\"page\" title=\"P\u00e1gina 2\">\n<div class=\"layoutArea\">\n<div class=\"column\">\n<p>Mostos: 20-80g\/hl<br \/>\nVinho: 20-80G\/hl<\/p>\n<\/div>\n<\/div>\n<\/div>\n","protected":false},"excerpt":{"rendered":"<p>Proveget QUIT \u00e9 uma solu\u00e7\u00e3o natural para a remo\u00e7\u00e3o de polifen\u00f3is oxid\u00e1veis. Actua contra as catequinas e as leucoantocianinas, impedindo que o vinho desenvolva tons oxidados e reduzindo a necessidade de enxofre como antioxidante.<\/p>\n","protected":false},"featured_media":21297,"template":"","meta":{"_acf_changed":false,"inline_featured_image":false,"site-sidebar-layout":"default","site-content-layout":"default","ast-site-content-layout":"default","site-content-style":"default","site-sidebar-style":"default","ast-global-header-display":"","ast-banner-title-visibility":"","ast-main-header-display":"","ast-hfb-above-header-display":"","ast-hfb-below-header-display":"","ast-hfb-mobile-header-display":"","site-post-title":"","ast-breadcrumbs-content":"","ast-featured-img":"","footer-sml-layout":"","ast-disable-related-posts":"","theme-transparent-header-meta":"default","adv-header-id-meta":"","stick-header-meta":"","header-above-stick-meta":"","header-main-stick-meta":"","header-below-stick-meta":"","astra-migrate-meta-layouts":"default","ast-page-background-enabled":"default","ast-page-background-meta":{"desktop":{"background-color":"var(--ast-global-color-5)","background-image":"","background-repeat":"repeat","background-position":"center center","background-size":"auto","background-attachment":"scroll","background-type":"","background-media":"","overlay-type":"","overlay-color":"","overlay-opacity":"","overlay-gradient":""},"tablet":{"background-color":"","background-image":"","background-repeat":"repeat","background-position":"center center","background-size":"auto","background-attachment":"scroll","background-type":"","background-media":"","overlay-type":"","overlay-color":"","overlay-opacity":"","overlay-gradient":""},"mobile":{"background-color":"","background-image":"","background-repeat":"repeat","background-position":"center center","background-size":"auto","background-attachment":"scroll","background-type":"","background-media":"","overlay-type":"","overlay-color":"","overlay-opacity":"","overlay-gradient":""}},"ast-content-background-meta":{"desktop":{"background-color":"var(--ast-global-color-4)","background-image":"","background-repeat":"repeat","background-position":"center center","background-size":"auto","background-attachment":"scroll","background-type":"","background-media":"","overlay-type":"","overlay-color":"","overlay-opacity":"","overlay-gradient":""},"tablet":{"background-color":"var(--ast-global-color-4)","background-image":"","background-repeat":"repeat","background-position":"center center","background-size":"auto","background-attachment":"scroll","background-type":"","background-media":"","overlay-type":"","overlay-color":"","overlay-opacity":"","overlay-gradient":""},"mobile":{"background-color":"var(--ast-global-color-4)","background-image":"","background-repeat":"repeat","background-position":"center center","background-size":"auto","background-attachment":"scroll","background-type":"","background-media":"","overlay-type":"","overlay-color":"","overlay-opacity":"","overlay-gradient":""}}},"product_brand":[],"product_cat":[167],"product_tag":[500,737],"class_list":{"0":"post-89900","1":"product","2":"type-product","3":"status-publish","4":"has-post-thumbnail","6":"product_cat-clarificantes","7":"product_tag-mosto-pt-pt","8":"product_tag-vinho-terminado","9":"pa_aplicacion-fa-e-fml-pt","10":"pa_estilo-de-vino-branco","11":"pa_estilo-de-vino-rose-pt","12":"pa_estilo-de-vino-tinto-pt","13":"pa_objetivo-clarificacao","14":"pa_objetivo-estabilidade-da-cor","15":"pa_objetivo-melhoramento-sensorial","16":"pa_origen-formulacao","17":"pa_vegano-vegan-pt-pt","18":"desktop-align-left","19":"tablet-align-left","20":"mobile-align-left","22":"first","23":"instock","24":"virtual","25":"product-type-simple"},"acf":[],"_links":{"self":[{"href":"https:\/\/agrovin.com\/pt-pt\/wp-json\/wp\/v2\/product\/89900","targetHints":{"allow":["GET"]}}],"collection":[{"href":"https:\/\/agrovin.com\/pt-pt\/wp-json\/wp\/v2\/product"}],"about":[{"href":"https:\/\/agrovin.com\/pt-pt\/wp-json\/wp\/v2\/types\/product"}],"version-history":[{"count":0,"href":"https:\/\/agrovin.com\/pt-pt\/wp-json\/wp\/v2\/product\/89900\/revisions"}],"wp:featuredmedia":[{"embeddable":true,"href":"https:\/\/agrovin.com\/pt-pt\/wp-json\/wp\/v2\/media\/21297"}],"wp:attachment":[{"href":"https:\/\/agrovin.com\/pt-pt\/wp-json\/wp\/v2\/media?parent=89900"}],"wp:term":[{"taxonomy":"product_brand","embeddable":true,"href":"https:\/\/agrovin.com\/pt-pt\/wp-json\/wp\/v2\/product_brand?post=89900"},{"taxonomy":"product_cat","embeddable":true,"href":"https:\/\/agrovin.com\/pt-pt\/wp-json\/wp\/v2\/product_cat?post=89900"},{"taxonomy":"product_tag","embeddable":true,"href":"https:\/\/agrovin.com\/pt-pt\/wp-json\/wp\/v2\/product_tag?post=89900"}],"curies":[{"name":"wp","href":"https:\/\/api.w.org\/{rel}","templated":true}]}}