{"id":89895,"date":"2018-03-06T15:48:32","date_gmt":"2022-11-04T19:17:31","guid":{"rendered":"https:\/\/staging.agrovin.com\/sem%20categoria\/bcp-xxi\/"},"modified":"2025-03-27T16:04:53","modified_gmt":"2025-03-27T14:04:53","slug":"bcpxxi","status":"publish","type":"product","link":"https:\/\/agrovin.com\/pt-pt\/produtos-enologia\/clarificantes\/bcpxxi\/","title":{"rendered":"BCP XXI"},"content":{"rendered":"<h3>CARACTER\u00cdSTICAS<\/h3>\n<p>O BCP XXI melhora a compacta\u00e7\u00e3o das borras e subsequente filtra\u00e7\u00e3o do vinho.<\/p>\n<h3>CANDIDATURA<\/h3>\n<p>O BCP XXI contribui para a produ\u00e7\u00e3o de vinhos mais claros, aumentando a sensa\u00e7\u00e3o de frescura dos mesmos.<\/p>\n<p>O BCP XXI \u00e9 um produto sem alerg\u00e9nios.<\/p>\n<h3>DOSAGEM<\/h3>\n<div class=\"page\" title=\"P\u00e1gina 1\">\n<div class=\"layoutArea\">\n<div class=\"column\">\n<p>Dose recomendada: 20-50 g\/hl<\/p>\n<\/div>\n<\/div>\n<\/div>\n<p>&nbsp;<\/p>\n","protected":false},"excerpt":{"rendered":"<p>O BCP XXI \u00e9 um clarificador sem case\u00edna com uma forte ac\u00e7\u00e3o desproteinizante. BCP XXI elimina selectivamente as leucoantocianidinas e catequinas, respons\u00e1veis pelos fen\u00f3menos oxidativos, bem como as polifenoloxidases que as leucoantocianidinas e as catequinas, respons\u00e1veis pelo acastanhamento em mostos e vinhos brancos e pela protec\u00e7\u00e3o da cor no caso dos vinhos ros\u00e9 e tintos.<\/p>\n","protected":false},"featured_media":21315,"template":"","meta":{"_acf_changed":false,"inline_featured_image":false,"site-sidebar-layout":"default","site-content-layout":"default","ast-site-content-layout":"default","site-content-style":"default","site-sidebar-style":"default","ast-global-header-display":"","ast-banner-title-visibility":"","ast-main-header-display":"","ast-hfb-above-header-display":"","ast-hfb-below-header-display":"","ast-hfb-mobile-header-display":"","site-post-title":"","ast-breadcrumbs-content":"","ast-featured-img":"","footer-sml-layout":"","ast-disable-related-posts":"","theme-transparent-header-meta":"default","adv-header-id-meta":"","stick-header-meta":"","header-above-stick-meta":"","header-main-stick-meta":"","header-below-stick-meta":"","astra-migrate-meta-layouts":"set","ast-page-background-enabled":"default","ast-page-background-meta":{"desktop":{"background-color":"var(--ast-global-color-5)","background-image":"","background-repeat":"repeat","background-position":"center center","background-size":"auto","background-attachment":"scroll","background-type":"","background-media":"","overlay-type":"","overlay-color":"","overlay-opacity":"","overlay-gradient":""},"tablet":{"background-color":"","background-image":"","background-repeat":"repeat","background-position":"center center","background-size":"auto","background-attachment":"scroll","background-type":"","background-media":"","overlay-type":"","overlay-color":"","overlay-opacity":"","overlay-gradient":""},"mobile":{"background-color":"","background-image":"","background-repeat":"repeat","background-position":"center center","background-size":"auto","background-attachment":"scroll","background-type":"","background-media":"","overlay-type":"","overlay-color":"","overlay-opacity":"","overlay-gradient":""}},"ast-content-background-meta":{"desktop":{"background-color":"var(--ast-global-color-4)","background-image":"","background-repeat":"repeat","background-position":"center center","background-size":"auto","background-attachment":"scroll","background-type":"","background-media":"","overlay-type":"","overlay-color":"","overlay-opacity":"","overlay-gradient":""},"tablet":{"background-color":"var(--ast-global-color-4)","background-image":"","background-repeat":"repeat","background-position":"center center","background-size":"auto","background-attachment":"scroll","background-type":"","background-media":"","overlay-type":"","overlay-color":"","overlay-opacity":"","overlay-gradient":""},"mobile":{"background-color":"var(--ast-global-color-4)","background-image":"","background-repeat":"repeat","background-position":"center center","background-size":"auto","background-attachment":"scroll","background-type":"","background-media":"","overlay-type":"","overlay-color":"","overlay-opacity":"","overlay-gradient":""}}},"product_brand":[],"product_cat":[167],"product_tag":[862,500],"class_list":{"0":"post-89895","1":"product","2":"type-product","3":"status-publish","4":"has-post-thumbnail","6":"product_cat-clarificantes","7":"product_tag-livre-de-alergenios-pt-pt","8":"product_tag-mosto-pt-pt","9":"pa_aplicacion-uva-e-mosto-pt","10":"pa_estilo-de-vino-branco","11":"pa_estilo-de-vino-rose-pt","12":"pa_objetivo-clarificacao","13":"pa_objetivo-estabilidade-da-cor","14":"pa_origen-formulacao","15":"pa_tipo-livre-alergenios","16":"pa_vegano-vegan-pt-pt","17":"desktop-align-left","18":"tablet-align-left","19":"mobile-align-left","21":"first","22":"instock","23":"virtual","24":"product-type-simple"},"acf":[],"_links":{"self":[{"href":"https:\/\/agrovin.com\/pt-pt\/wp-json\/wp\/v2\/product\/89895","targetHints":{"allow":["GET"]}}],"collection":[{"href":"https:\/\/agrovin.com\/pt-pt\/wp-json\/wp\/v2\/product"}],"about":[{"href":"https:\/\/agrovin.com\/pt-pt\/wp-json\/wp\/v2\/types\/product"}],"version-history":[{"count":2,"href":"https:\/\/agrovin.com\/pt-pt\/wp-json\/wp\/v2\/product\/89895\/revisions"}],"predecessor-version":[{"id":118925,"href":"https:\/\/agrovin.com\/pt-pt\/wp-json\/wp\/v2\/product\/89895\/revisions\/118925"}],"wp:featuredmedia":[{"embeddable":true,"href":"https:\/\/agrovin.com\/pt-pt\/wp-json\/wp\/v2\/media\/21315"}],"wp:attachment":[{"href":"https:\/\/agrovin.com\/pt-pt\/wp-json\/wp\/v2\/media?parent=89895"}],"wp:term":[{"taxonomy":"product_brand","embeddable":true,"href":"https:\/\/agrovin.com\/pt-pt\/wp-json\/wp\/v2\/product_brand?post=89895"},{"taxonomy":"product_cat","embeddable":true,"href":"https:\/\/agrovin.com\/pt-pt\/wp-json\/wp\/v2\/product_cat?post=89895"},{"taxonomy":"product_tag","embeddable":true,"href":"https:\/\/agrovin.com\/pt-pt\/wp-json\/wp\/v2\/product_tag?post=89895"}],"curies":[{"name":"wp","href":"https:\/\/api.w.org\/{rel}","templated":true}]}}