{"id":89890,"date":"2018-03-06T15:34:15","date_gmt":"2022-11-04T19:17:23","guid":{"rendered":"https:\/\/staging.agrovin.com\/sem%20categoria\/dioxido-de-enxofre\/"},"modified":"2025-04-24T18:12:27","modified_gmt":"2025-04-24T16:12:27","slug":"dioxido-de-azufre","status":"publish","type":"product","link":"https:\/\/agrovin.com\/pt-pt\/produtos-enologia\/antioxidantes\/dioxido-de-azufre\/","title":{"rendered":"DI\u00d3XIDO DE AZUFRE"},"content":{"rendered":"<h3>CARACTER\u00cdSTICAS<\/h3>\n<p>Alguns dos seus efeitos s\u00e3o os seguintes:<\/p>\n<ul>\n<li>Antioxidante: possui propriedades redutoras, capturando oxig\u00e9nio e prevenindo a oxida\u00e7\u00e3o.<\/li>\n<li>Anti-oxidase: Destr\u00f3i oxidases, prevenindo fissuras.<\/li>\n<li>Antimicrobiano: exerce actividade inibit\u00f3ria sobre leveduras, bact\u00e9rias l\u00e1cticas e bact\u00e9rias \u00e1cido-ac\u00e9ticas.<\/li>\n<li>\u00c9 tamb\u00e9m conhecido como di\u00f3xido de enxofre ou \u00f3xido de enxofre(IV).<\/li>\n<\/ul>\n<h3>CANDIDATURA<\/h3>\n<p>Em mosto ou vinho.<\/p>\n<h3>DOSAGEM<\/h3>\n<ul>\n<li>Na colheita 3 &#8211; 8 g\/hl<\/li>\n<li>Mostos sulfitados ou sulfitados 150 &#8211; 200 g\/hl<\/li>\n<\/ul>\n<p>O teor total de di\u00f3xido de enxofre n\u00e3o pode exceder 150 mg\/l para os vinhos tintos e 200 mg\/l para os vinhos brancos e ros\u00e9s. Se a quantidade de a\u00e7\u00facar residual (expressa em glucose+frutose) for igual ou superior a 5 g\/l, os valores permitidos s\u00e3o 200 mg\/l para vinhos tintos e 250 mg\/l para vinhos brancos e ros\u00e9s.<\/p>\n","protected":false},"excerpt":{"rendered":"<p>SO2 \u00e9 uma ferramenta indispens\u00e1vel na vinifica\u00e7\u00e3o e conserva\u00e7\u00e3o do vinho. A utiliza\u00e7\u00e3o correcta de SO2 resulta em vinhos menos oxidados, com melhor cor e aroma e menor acidez vol\u00e1til.<\/p>\n","protected":false},"featured_media":21454,"template":"","meta":{"_acf_changed":false,"inline_featured_image":false,"site-sidebar-layout":"default","site-content-layout":"default","ast-site-content-layout":"default","site-content-style":"default","site-sidebar-style":"default","ast-global-header-display":"","ast-banner-title-visibility":"","ast-main-header-display":"","ast-hfb-above-header-display":"","ast-hfb-below-header-display":"","ast-hfb-mobile-header-display":"","site-post-title":"","ast-breadcrumbs-content":"","ast-featured-img":"","footer-sml-layout":"","ast-disable-related-posts":"","theme-transparent-header-meta":"default","adv-header-id-meta":"","stick-header-meta":"","header-above-stick-meta":"","header-main-stick-meta":"","header-below-stick-meta":"","astra-migrate-meta-layouts":"set","ast-page-background-enabled":"default","ast-page-background-meta":{"desktop":{"background-color":"var(--ast-global-color-5)","background-image":"","background-repeat":"repeat","background-position":"center center","background-size":"auto","background-attachment":"scroll","background-type":"","background-media":"","overlay-type":"","overlay-color":"","overlay-opacity":"","overlay-gradient":""},"tablet":{"background-color":"","background-image":"","background-repeat":"repeat","background-position":"center center","background-size":"auto","background-attachment":"scroll","background-type":"","background-media":"","overlay-type":"","overlay-color":"","overlay-opacity":"","overlay-gradient":""},"mobile":{"background-color":"","background-image":"","background-repeat":"repeat","background-position":"center center","background-size":"auto","background-attachment":"scroll","background-type":"","background-media":"","overlay-type":"","overlay-color":"","overlay-opacity":"","overlay-gradient":""}},"ast-content-background-meta":{"desktop":{"background-color":"var(--ast-global-color-4)","background-image":"","background-repeat":"repeat","background-position":"center center","background-size":"auto","background-attachment":"scroll","background-type":"","background-media":"","overlay-type":"","overlay-color":"","overlay-opacity":"","overlay-gradient":""},"tablet":{"background-color":"var(--ast-global-color-4)","background-image":"","background-repeat":"repeat","background-position":"center center","background-size":"auto","background-attachment":"scroll","background-type":"","background-media":"","overlay-type":"","overlay-color":"","overlay-opacity":"","overlay-gradient":""},"mobile":{"background-color":"var(--ast-global-color-4)","background-image":"","background-repeat":"repeat","background-position":"center center","background-size":"auto","background-attachment":"scroll","background-type":"","background-media":"","overlay-type":"","overlay-color":"","overlay-opacity":"","overlay-gradient":""}}},"product_brand":[],"product_cat":[162],"product_tag":[],"class_list":{"0":"post-89890","1":"product","2":"type-product","3":"status-publish","4":"has-post-thumbnail","6":"product_cat-antioxidantes","7":"pa_ecologico-eu-autorizada","8":"pa_ecologico-nop-usda-autorizada","9":"pa_estilo-de-vino-branco","10":"pa_estilo-de-vino-rose-pt","11":"pa_estilo-de-vino-tinto-pt","12":"pa_objetivo-protecao-microbiologica","13":"pa_vegano-vegan-pt-pt","14":"desktop-align-left","15":"tablet-align-left","16":"mobile-align-left","18":"first","19":"instock","20":"virtual","21":"product-type-simple"},"acf":[],"_links":{"self":[{"href":"https:\/\/agrovin.com\/pt-pt\/wp-json\/wp\/v2\/product\/89890","targetHints":{"allow":["GET"]}}],"collection":[{"href":"https:\/\/agrovin.com\/pt-pt\/wp-json\/wp\/v2\/product"}],"about":[{"href":"https:\/\/agrovin.com\/pt-pt\/wp-json\/wp\/v2\/types\/product"}],"version-history":[{"count":1,"href":"https:\/\/agrovin.com\/pt-pt\/wp-json\/wp\/v2\/product\/89890\/revisions"}],"predecessor-version":[{"id":119330,"href":"https:\/\/agrovin.com\/pt-pt\/wp-json\/wp\/v2\/product\/89890\/revisions\/119330"}],"wp:featuredmedia":[{"embeddable":true,"href":"https:\/\/agrovin.com\/pt-pt\/wp-json\/wp\/v2\/media\/21454"}],"wp:attachment":[{"href":"https:\/\/agrovin.com\/pt-pt\/wp-json\/wp\/v2\/media?parent=89890"}],"wp:term":[{"taxonomy":"product_brand","embeddable":true,"href":"https:\/\/agrovin.com\/pt-pt\/wp-json\/wp\/v2\/product_brand?post=89890"},{"taxonomy":"product_cat","embeddable":true,"href":"https:\/\/agrovin.com\/pt-pt\/wp-json\/wp\/v2\/product_cat?post=89890"},{"taxonomy":"product_tag","embeddable":true,"href":"https:\/\/agrovin.com\/pt-pt\/wp-json\/wp\/v2\/product_tag?post=89890"}],"curies":[{"name":"wp","href":"https:\/\/api.w.org\/{rel}","templated":true}]}}