{"id":89851,"date":"2018-03-06T12:25:01","date_gmt":"2022-11-04T17:17:48","guid":{"rendered":"https:\/\/staging.agrovin.com\/sem%20categoria\/redoxtanin_t\/"},"modified":"2022-11-06T18:12:30","modified_gmt":"2022-11-06T17:12:30","slug":"redoxtanin-t","status":"publish","type":"product","link":"https:\/\/agrovin.com\/pt-pt\/produtos-enologia\/antioxidantes\/redoxtanin-t\/","title":{"rendered":"REDOXTANIN_T"},"content":{"rendered":"<h3>CARACTER\u00cdSTICAS<\/h3>\n<p>A redoxtanina T desloca eficazmente o oxig\u00e9nio, reduzindo drasticamente a sua concentra\u00e7\u00e3o nas fases iniciais, de modo a evitar o escurecimento dos mostos antes da fermenta\u00e7\u00e3o.<\/p>\n<h3>CANDIDATURA<\/h3>\n<p>Em uvas e mostos destinados a vinhos tintos:<\/p>\n<ul>\n<li>Durante a colheita: proteger o fruto da oxida\u00e7\u00e3o antes de chegar \u00e0 adega.<\/li>\n<li>Na tremonha de recep\u00e7\u00e3o: protegendo as uvas do contacto directo com o oxig\u00e9nio.<\/li>\n<li>Em colheitas de m\u00e1 qualidade sanit\u00e1ria: Evitar e proteger contra a ac\u00e7\u00e3o de lacas e oxidases.<\/li>\n<\/ul>\n<h3>DOSAGEM<\/h3>\n<ul>\n<li>Na vindima 6-10 g\/hl ou 100kg<\/li>\n<li>Em colheitas de m\u00e1 qualidade 10-12 g\/hl ou 100 kg<\/li>\n<li>Dose m\u00e1xima legal: 50 g\/hl<\/li>\n<\/ul>\n<p>O teor total de di\u00f3xido de enxofre n\u00e3o pode exceder 150 mg\/l para vinhos tintos. Se a quantidade de a\u00e7\u00facar residual (expressa em glucose+frutose) for igual ou superior a 5 g\/l, os valores permitidos s\u00e3o 200 mg\/l para vinhos tintos.<\/p>\n<p>&nbsp;<\/p>\n","protected":false},"excerpt":{"rendered":"<p>O Redoxtanin T \u00e9 um complexo que protege contra a oxida\u00e7\u00e3o tanto nas uvas como nos mostos de uvas tintas. A sua utiliza\u00e7\u00e3o directamente sobre as uvas ajuda a proteger os compostos polifen\u00f3licos.<\/p>\n","protected":false},"featured_media":34364,"template":"","meta":{"_acf_changed":false,"inline_featured_image":false,"site-sidebar-layout":"default","site-content-layout":"default","ast-site-content-layout":"default","site-content-style":"default","site-sidebar-style":"default","ast-global-header-display":"","ast-banner-title-visibility":"","ast-main-header-display":"","ast-hfb-above-header-display":"","ast-hfb-below-header-display":"","ast-hfb-mobile-header-display":"","site-post-title":"","ast-breadcrumbs-content":"","ast-featured-img":"","footer-sml-layout":"","ast-disable-related-posts":"","theme-transparent-header-meta":"default","adv-header-id-meta":"","stick-header-meta":"","header-above-stick-meta":"","header-main-stick-meta":"","header-below-stick-meta":"","astra-migrate-meta-layouts":"default","ast-page-background-enabled":"default","ast-page-background-meta":{"desktop":{"background-color":"var(--ast-global-color-5)","background-image":"","background-repeat":"repeat","background-position":"center center","background-size":"auto","background-attachment":"scroll","background-type":"","background-media":"","overlay-type":"","overlay-color":"","overlay-opacity":"","overlay-gradient":""},"tablet":{"background-color":"","background-image":"","background-repeat":"repeat","background-position":"center center","background-size":"auto","background-attachment":"scroll","background-type":"","background-media":"","overlay-type":"","overlay-color":"","overlay-opacity":"","overlay-gradient":""},"mobile":{"background-color":"","background-image":"","background-repeat":"repeat","background-position":"center center","background-size":"auto","background-attachment":"scroll","background-type":"","background-media":"","overlay-type":"","overlay-color":"","overlay-opacity":"","overlay-gradient":""}},"ast-content-background-meta":{"desktop":{"background-color":"var(--ast-global-color-4)","background-image":"","background-repeat":"repeat","background-position":"center center","background-size":"auto","background-attachment":"scroll","background-type":"","background-media":"","overlay-type":"","overlay-color":"","overlay-opacity":"","overlay-gradient":""},"tablet":{"background-color":"var(--ast-global-color-4)","background-image":"","background-repeat":"repeat","background-position":"center center","background-size":"auto","background-attachment":"scroll","background-type":"","background-media":"","overlay-type":"","overlay-color":"","overlay-opacity":"","overlay-gradient":""},"mobile":{"background-color":"var(--ast-global-color-4)","background-image":"","background-repeat":"repeat","background-position":"center center","background-size":"auto","background-attachment":"scroll","background-type":"","background-media":"","overlay-type":"","overlay-color":"","overlay-opacity":"","overlay-gradient":""}}},"product_brand":[],"product_cat":[162],"product_tag":[500],"class_list":{"0":"post-89851","1":"product","2":"type-product","3":"status-publish","4":"has-post-thumbnail","6":"product_cat-antioxidantes","7":"product_tag-mosto-pt-pt","8":"pa_aplicacion-uva-e-mosto-pt","9":"pa_ecologico-eu-autorizada","10":"pa_estilo-de-vino-tinto-pt","11":"pa_objetivo-protecao-antioxidante","12":"pa_objetivo-protecao-microbiologica","13":"pa_vegano-vegan-pt-pt","14":"desktop-align-left","15":"tablet-align-left","16":"mobile-align-left","18":"first","19":"instock","20":"virtual","21":"product-type-simple"},"acf":[],"_links":{"self":[{"href":"https:\/\/agrovin.com\/pt-pt\/wp-json\/wp\/v2\/product\/89851","targetHints":{"allow":["GET"]}}],"collection":[{"href":"https:\/\/agrovin.com\/pt-pt\/wp-json\/wp\/v2\/product"}],"about":[{"href":"https:\/\/agrovin.com\/pt-pt\/wp-json\/wp\/v2\/types\/product"}],"version-history":[{"count":0,"href":"https:\/\/agrovin.com\/pt-pt\/wp-json\/wp\/v2\/product\/89851\/revisions"}],"wp:featuredmedia":[{"embeddable":true,"href":"https:\/\/agrovin.com\/pt-pt\/wp-json\/wp\/v2\/media\/34364"}],"wp:attachment":[{"href":"https:\/\/agrovin.com\/pt-pt\/wp-json\/wp\/v2\/media?parent=89851"}],"wp:term":[{"taxonomy":"product_brand","embeddable":true,"href":"https:\/\/agrovin.com\/pt-pt\/wp-json\/wp\/v2\/product_brand?post=89851"},{"taxonomy":"product_cat","embeddable":true,"href":"https:\/\/agrovin.com\/pt-pt\/wp-json\/wp\/v2\/product_cat?post=89851"},{"taxonomy":"product_tag","embeddable":true,"href":"https:\/\/agrovin.com\/pt-pt\/wp-json\/wp\/v2\/product_tag?post=89851"}],"curies":[{"name":"wp","href":"https:\/\/api.w.org\/{rel}","templated":true}]}}