{"id":89821,"date":"2018-03-06T12:22:03","date_gmt":"2022-11-04T17:17:00","guid":{"rendered":"https:\/\/staging.agrovin.com\/sem%20categoria\/redoxtanin_b\/"},"modified":"2022-11-06T18:16:59","modified_gmt":"2022-11-06T17:16:59","slug":"redoxtanin-b","status":"publish","type":"product","link":"https:\/\/agrovin.com\/pt-pt\/produtos-enologia\/antioxidantes\/redoxtanin-b\/","title":{"rendered":"REDOXTANIN_B"},"content":{"rendered":"<h3>CARACTER\u00cdSTICAS<\/h3>\n<p>A redoxtanina B desloca efectivamente o oxig\u00e9nio, reduzindo drasticamente a sua concentra\u00e7\u00e3o nas fases iniciais, de modo a evitar o acastanhamento dos mostos antes da fermenta\u00e7\u00e3o.<\/p>\n<h3>CANDIDATURA<\/h3>\n<ul>\n<li>Sobre uvas e mostos para vinhos brancos e ros\u00e9s:<\/li>\n<li>Durante a colheita: proteger o fruto da oxida\u00e7\u00e3o antes de chegar \u00e0 adega.<\/li>\n<li>Na tremonha de recep\u00e7\u00e3o: protegendo as uvas do contacto directo com o oxig\u00e9nio.<\/li>\n<li>Em colheitas de m\u00e1 qualidade sanit\u00e1ria: Evitar e proteger contra a ac\u00e7\u00e3o de lacas e oxidases.<\/li>\n<li>Para sumos (ma\u00e7\u00e3): \u00e0 chegada \u00e0 lagareira: evitar a oxida\u00e7\u00e3o da fruta antes da extrac\u00e7\u00e3o do sumo, resultando em cidras com cores mais p\u00e1lidas e um aroma muito mais fino.<\/li>\n<\/ul>\n<h3>DOSAGEM<\/h3>\n<ul>\n<li>Na colheita 6-10 g\/hL ou 100 kg<\/li>\n<li>Em colheitas de m\u00e1 qualidade 10-12 g\/hL ou 100 kg<\/li>\n<li>Dose m\u00e1xima legal: 50 g\/hl<\/li>\n<\/ul>\n<p>O teor total de di\u00f3xido de enxofre n\u00e3o pode exceder 200 mg\/l para vinhos brancos e ros\u00e9s. Se a quantidade de a\u00e7\u00facar residual (expressa em glucose+frutose) for igual ou superior a 5 g\/l, os valores permitidos s\u00e3o de 250 mg\/l para vinhos brancos e ros\u00e9s.<\/p>\n","protected":false},"excerpt":{"rendered":"<p>O Redoxtanin B \u00e9 um complexo que protege contra a oxida\u00e7\u00e3o nas uvas e mostos para a produ\u00e7\u00e3o de vinho branco e ros\u00e9. A sua utiliza\u00e7\u00e3o directamente sobre a uva ajuda a proteger ao m\u00e1ximo a express\u00e3o arom\u00e1tica.<\/p>\n","protected":false},"featured_media":21472,"template":"","meta":{"_acf_changed":false,"inline_featured_image":false,"site-sidebar-layout":"default","site-content-layout":"default","ast-site-content-layout":"default","site-content-style":"default","site-sidebar-style":"default","ast-global-header-display":"","ast-banner-title-visibility":"","ast-main-header-display":"","ast-hfb-above-header-display":"","ast-hfb-below-header-display":"","ast-hfb-mobile-header-display":"","site-post-title":"","ast-breadcrumbs-content":"","ast-featured-img":"","footer-sml-layout":"","ast-disable-related-posts":"","theme-transparent-header-meta":"default","adv-header-id-meta":"","stick-header-meta":"","header-above-stick-meta":"","header-main-stick-meta":"","header-below-stick-meta":"","astra-migrate-meta-layouts":"default","ast-page-background-enabled":"default","ast-page-background-meta":{"desktop":{"background-color":"var(--ast-global-color-5)","background-image":"","background-repeat":"repeat","background-position":"center center","background-size":"auto","background-attachment":"scroll","background-type":"","background-media":"","overlay-type":"","overlay-color":"","overlay-opacity":"","overlay-gradient":""},"tablet":{"background-color":"","background-image":"","background-repeat":"repeat","background-position":"center center","background-size":"auto","background-attachment":"scroll","background-type":"","background-media":"","overlay-type":"","overlay-color":"","overlay-opacity":"","overlay-gradient":""},"mobile":{"background-color":"","background-image":"","background-repeat":"repeat","background-position":"center center","background-size":"auto","background-attachment":"scroll","background-type":"","background-media":"","overlay-type":"","overlay-color":"","overlay-opacity":"","overlay-gradient":""}},"ast-content-background-meta":{"desktop":{"background-color":"var(--ast-global-color-4)","background-image":"","background-repeat":"repeat","background-position":"center center","background-size":"auto","background-attachment":"scroll","background-type":"","background-media":"","overlay-type":"","overlay-color":"","overlay-opacity":"","overlay-gradient":""},"tablet":{"background-color":"var(--ast-global-color-4)","background-image":"","background-repeat":"repeat","background-position":"center center","background-size":"auto","background-attachment":"scroll","background-type":"","background-media":"","overlay-type":"","overlay-color":"","overlay-opacity":"","overlay-gradient":""},"mobile":{"background-color":"var(--ast-global-color-4)","background-image":"","background-repeat":"repeat","background-position":"center center","background-size":"auto","background-attachment":"scroll","background-type":"","background-media":"","overlay-type":"","overlay-color":"","overlay-opacity":"","overlay-gradient":""}}},"product_brand":[],"product_cat":[162],"product_tag":[500],"class_list":{"0":"post-89821","1":"product","2":"type-product","3":"status-publish","4":"has-post-thumbnail","6":"product_cat-antioxidantes","7":"product_tag-mosto-pt-pt","8":"pa_aplicacion-uva-e-mosto-pt","9":"pa_ecologico-eu-autorizada","10":"pa_estilo-de-vino-branco","11":"pa_estilo-de-vino-rose-pt","12":"pa_objetivo-protecao-antioxidante","13":"pa_objetivo-protecao-microbiologica","14":"pa_vegano-vegan-pt-pt","15":"desktop-align-left","16":"tablet-align-left","17":"mobile-align-left","19":"first","20":"instock","21":"virtual","22":"product-type-simple"},"acf":[],"_links":{"self":[{"href":"https:\/\/agrovin.com\/pt-pt\/wp-json\/wp\/v2\/product\/89821","targetHints":{"allow":["GET"]}}],"collection":[{"href":"https:\/\/agrovin.com\/pt-pt\/wp-json\/wp\/v2\/product"}],"about":[{"href":"https:\/\/agrovin.com\/pt-pt\/wp-json\/wp\/v2\/types\/product"}],"version-history":[{"count":0,"href":"https:\/\/agrovin.com\/pt-pt\/wp-json\/wp\/v2\/product\/89821\/revisions"}],"wp:featuredmedia":[{"embeddable":true,"href":"https:\/\/agrovin.com\/pt-pt\/wp-json\/wp\/v2\/media\/21472"}],"wp:attachment":[{"href":"https:\/\/agrovin.com\/pt-pt\/wp-json\/wp\/v2\/media?parent=89821"}],"wp:term":[{"taxonomy":"product_brand","embeddable":true,"href":"https:\/\/agrovin.com\/pt-pt\/wp-json\/wp\/v2\/product_brand?post=89821"},{"taxonomy":"product_cat","embeddable":true,"href":"https:\/\/agrovin.com\/pt-pt\/wp-json\/wp\/v2\/product_cat?post=89821"},{"taxonomy":"product_tag","embeddable":true,"href":"https:\/\/agrovin.com\/pt-pt\/wp-json\/wp\/v2\/product_tag?post=89821"}],"curies":[{"name":"wp","href":"https:\/\/api.w.org\/{rel}","templated":true}]}}