{"id":89801,"date":"2018-03-05T14:49:45","date_gmt":"2022-11-04T17:15:41","guid":{"rendered":"https:\/\/staging.agrovin.com\/sem%20categoria\/proteger\/"},"modified":"2022-11-06T18:05:44","modified_gmt":"2022-11-06T17:05:44","slug":"protectan","status":"publish","type":"product","link":"https:\/\/agrovin.com\/pt-pt\/produtos-enologia\/taninos\/protectan\/","title":{"rendered":"PROTECTAN"},"content":{"rendered":"<h3>CARACTER\u00cdSTICAS<\/h3>\n<p>Ideal para tratamento de microoxigena\u00e7\u00e3o, o que favorece o aumento da intensidade de cor e polimeriza\u00e7\u00e3o, conseguindo uma maior estabilidade de cor ao longo do tempo. Evita varia\u00e7\u00f5es na tonalidade, indicativo da oxida\u00e7\u00e3o m\u00ednima sofrida pelos compostos fen\u00f3licos durante o tratamento de micro-oxigena\u00e7\u00e3o.<\/p>\n<h3>CANDIDATURA<\/h3>\n<p>Na vinifica\u00e7\u00e3o:<\/p>\n<ul>\n<li>Combina\u00e7\u00e3o inicial com as antocianinas libertadas na primeira fase de macera\u00e7\u00e3o (fase aquosa). Evita o desvanecimento da cor e consegue-se uma melhor evolu\u00e7\u00e3o ao longo do tempo. Elevado poder antioxidante.<\/li>\n<\/ul>\n<p>No descube:<\/p>\n<ul>\n<li>Compensa a quantidade de tanino condensado das uvas, promovendo uma propor\u00e7\u00e3o equilibrada de antocianos e taninos. Protege contra a oxida\u00e7\u00e3o.<\/li>\n<\/ul>\n<p>Na microoxigena\u00e7\u00e3o:<\/p>\n<ul>\n<li>Rigoroso controlo sobre o processo de combina\u00e7\u00e3o de oxig\u00e9nio. Contribui\u00e7\u00e3o da estrutura.<\/li>\n<\/ul>\n<h3>DOSAGEM<\/h3>\n<div class=\"page\" title=\"P\u00e1gina 1\">\n<div class=\"section\">\n<div class=\"layoutArea\">\n<div class=\"column\">\n<p>Vinhos tintos 5-30g\/hL<\/p>\n<\/div>\n<\/div>\n<\/div>\n<\/div>\n","protected":false},"excerpt":{"rendered":"<p>Tanino com uma elevada capacidade de combina\u00e7\u00e3o com antocianinas e marcado poder antioxidante. Protege o potencial fen\u00f3lico do vinho, proporcionando grande robustez e estrutura.<\/p>\n","protected":false},"featured_media":23217,"template":"","meta":{"_acf_changed":false,"inline_featured_image":false,"site-sidebar-layout":"default","site-content-layout":"default","ast-site-content-layout":"default","site-content-style":"default","site-sidebar-style":"default","ast-global-header-display":"","ast-banner-title-visibility":"","ast-main-header-display":"","ast-hfb-above-header-display":"","ast-hfb-below-header-display":"","ast-hfb-mobile-header-display":"","site-post-title":"","ast-breadcrumbs-content":"","ast-featured-img":"","footer-sml-layout":"","ast-disable-related-posts":"","theme-transparent-header-meta":"default","adv-header-id-meta":"","stick-header-meta":"","header-above-stick-meta":"","header-main-stick-meta":"","header-below-stick-meta":"","astra-migrate-meta-layouts":"default","ast-page-background-enabled":"default","ast-page-background-meta":{"desktop":{"background-color":"var(--ast-global-color-5)","background-image":"","background-repeat":"repeat","background-position":"center center","background-size":"auto","background-attachment":"scroll","background-type":"","background-media":"","overlay-type":"","overlay-color":"","overlay-opacity":"","overlay-gradient":""},"tablet":{"background-color":"","background-image":"","background-repeat":"repeat","background-position":"center center","background-size":"auto","background-attachment":"scroll","background-type":"","background-media":"","overlay-type":"","overlay-color":"","overlay-opacity":"","overlay-gradient":""},"mobile":{"background-color":"","background-image":"","background-repeat":"repeat","background-position":"center center","background-size":"auto","background-attachment":"scroll","background-type":"","background-media":"","overlay-type":"","overlay-color":"","overlay-opacity":"","overlay-gradient":""}},"ast-content-background-meta":{"desktop":{"background-color":"var(--ast-global-color-4)","background-image":"","background-repeat":"repeat","background-position":"center center","background-size":"auto","background-attachment":"scroll","background-type":"","background-media":"","overlay-type":"","overlay-color":"","overlay-opacity":"","overlay-gradient":""},"tablet":{"background-color":"var(--ast-global-color-4)","background-image":"","background-repeat":"repeat","background-position":"center center","background-size":"auto","background-attachment":"scroll","background-type":"","background-media":"","overlay-type":"","overlay-color":"","overlay-opacity":"","overlay-gradient":""},"mobile":{"background-color":"var(--ast-global-color-4)","background-image":"","background-repeat":"repeat","background-position":"center center","background-size":"auto","background-attachment":"scroll","background-type":"","background-media":"","overlay-type":"","overlay-color":"","overlay-opacity":"","overlay-gradient":""}}},"product_brand":[],"product_cat":[225],"product_tag":[840],"class_list":{"0":"post-89801","1":"product","2":"type-product","3":"status-publish","4":"has-post-thumbnail","6":"product_cat-taninos","7":"product_tag-taninos-de-uva-pt-pt","8":"pa_ecologico-eu-autorizada","9":"pa_ecologico-nop-usda-autorizada","10":"pa_estilo-de-vino-barrica","11":"pa_estilo-de-vino-espumante","12":"pa_estilo-de-vino-tinto-pt","13":"pa_objetivo-aumento-dos-aromas-de-frutas","14":"pa_objetivo-melhoramento-sensorial","15":"pa_objetivo-refinado","16":"pa_vegano-vegan-pt-pt","17":"desktop-align-left","18":"tablet-align-left","19":"mobile-align-left","21":"first","22":"instock","23":"virtual","24":"product-type-simple"},"acf":[],"_links":{"self":[{"href":"https:\/\/agrovin.com\/pt-pt\/wp-json\/wp\/v2\/product\/89801","targetHints":{"allow":["GET"]}}],"collection":[{"href":"https:\/\/agrovin.com\/pt-pt\/wp-json\/wp\/v2\/product"}],"about":[{"href":"https:\/\/agrovin.com\/pt-pt\/wp-json\/wp\/v2\/types\/product"}],"version-history":[{"count":0,"href":"https:\/\/agrovin.com\/pt-pt\/wp-json\/wp\/v2\/product\/89801\/revisions"}],"wp:featuredmedia":[{"embeddable":true,"href":"https:\/\/agrovin.com\/pt-pt\/wp-json\/wp\/v2\/media\/23217"}],"wp:attachment":[{"href":"https:\/\/agrovin.com\/pt-pt\/wp-json\/wp\/v2\/media?parent=89801"}],"wp:term":[{"taxonomy":"product_brand","embeddable":true,"href":"https:\/\/agrovin.com\/pt-pt\/wp-json\/wp\/v2\/product_brand?post=89801"},{"taxonomy":"product_cat","embeddable":true,"href":"https:\/\/agrovin.com\/pt-pt\/wp-json\/wp\/v2\/product_cat?post=89801"},{"taxonomy":"product_tag","embeddable":true,"href":"https:\/\/agrovin.com\/pt-pt\/wp-json\/wp\/v2\/product_tag?post=89801"}],"curies":[{"name":"wp","href":"https:\/\/api.w.org\/{rel}","templated":true}]}}