{"id":89796,"date":"2018-03-05T14:49:22","date_gmt":"2022-11-04T17:15:33","guid":{"rendered":"https:\/\/staging.agrovin.com\/sem%20categoria\/galitan\/"},"modified":"2022-11-06T18:14:38","modified_gmt":"2022-11-06T17:14:38","slug":"galitan","status":"publish","type":"product","link":"https:\/\/agrovin.com\/pt-pt\/produtos-enologia\/taninos\/galitan\/","title":{"rendered":"GALITAN"},"content":{"rendered":"<h3>CANDIDATURA<\/h3>\n<p>Em obriga\u00e7\u00f5es:<\/p>\n<ul>\n<li>Precipita as prote\u00ednas em solu\u00e7\u00e3o.<\/li>\n<li>Car\u00e1cter antioxidante em combina\u00e7\u00e3o com sulfitos. Particularmente recomendado para colheitas de m\u00e1 qualidade sanit\u00e1ria.<\/li>\n<\/ul>\n<p>Nos vinhos:<\/p>\n<ul>\n<li>\u00c9 o tanino mais utilizado para a remo\u00e7\u00e3o de barbatanas, quer seja ou n\u00e3o utilizado em conjunto com agentes org\u00e2nicos de remo\u00e7\u00e3o de barbatanas.<\/li>\n<li>Em vinhos espumantes, durante a segunda fermenta\u00e7\u00e3o em garrafa.<\/li>\n<\/ul>\n<h3>DOSAGEM<\/h3>\n<div class=\"page\" title=\"P\u00e1gina 1\">\n<div class=\"section\">\n<div class=\"layoutArea\">\n<div class=\"column\">\n<p>Deve: <span style=\"font-size: 16px;\">5-20 g\/hl<\/span><\/p>\n<p>Vinhos:<span style=\"font-size: 16px;\"> 5 -10 g\/hl<\/span><\/p>\n<\/div>\n<\/div>\n<\/div>\n<\/div>\n","protected":false},"excerpt":{"rendered":"<p>O galitano \u00e9 um tanino g\u00e1lico com uma elevada capacidade de clarifica\u00e7\u00e3o capaz de reagir com prote\u00ednas, complementando assim a utiliza\u00e7\u00e3o de bentonite, especialmente interessante em mostos que s\u00e3o altamente inst\u00e1veis em prote\u00ednas.<\/p>\n","protected":false},"featured_media":22922,"template":"","meta":{"_acf_changed":false,"inline_featured_image":false,"site-sidebar-layout":"default","site-content-layout":"default","ast-site-content-layout":"default","site-content-style":"default","site-sidebar-style":"default","ast-global-header-display":"","ast-banner-title-visibility":"","ast-main-header-display":"","ast-hfb-above-header-display":"","ast-hfb-below-header-display":"","ast-hfb-mobile-header-display":"","site-post-title":"","ast-breadcrumbs-content":"","ast-featured-img":"","footer-sml-layout":"","ast-disable-related-posts":"","theme-transparent-header-meta":"default","adv-header-id-meta":"","stick-header-meta":"","header-above-stick-meta":"","header-main-stick-meta":"","header-below-stick-meta":"","astra-migrate-meta-layouts":"default","ast-page-background-enabled":"default","ast-page-background-meta":{"desktop":{"background-color":"var(--ast-global-color-5)","background-image":"","background-repeat":"repeat","background-position":"center center","background-size":"auto","background-attachment":"scroll","background-type":"","background-media":"","overlay-type":"","overlay-color":"","overlay-opacity":"","overlay-gradient":""},"tablet":{"background-color":"","background-image":"","background-repeat":"repeat","background-position":"center center","background-size":"auto","background-attachment":"scroll","background-type":"","background-media":"","overlay-type":"","overlay-color":"","overlay-opacity":"","overlay-gradient":""},"mobile":{"background-color":"","background-image":"","background-repeat":"repeat","background-position":"center center","background-size":"auto","background-attachment":"scroll","background-type":"","background-media":"","overlay-type":"","overlay-color":"","overlay-opacity":"","overlay-gradient":""}},"ast-content-background-meta":{"desktop":{"background-color":"var(--ast-global-color-4)","background-image":"","background-repeat":"repeat","background-position":"center center","background-size":"auto","background-attachment":"scroll","background-type":"","background-media":"","overlay-type":"","overlay-color":"","overlay-opacity":"","overlay-gradient":""},"tablet":{"background-color":"var(--ast-global-color-4)","background-image":"","background-repeat":"repeat","background-position":"center center","background-size":"auto","background-attachment":"scroll","background-type":"","background-media":"","overlay-type":"","overlay-color":"","overlay-opacity":"","overlay-gradient":""},"mobile":{"background-color":"var(--ast-global-color-4)","background-image":"","background-repeat":"repeat","background-position":"center center","background-size":"auto","background-attachment":"scroll","background-type":"","background-media":"","overlay-type":"","overlay-color":"","overlay-opacity":"","overlay-gradient":""}}},"product_brand":[],"product_cat":[225],"product_tag":[828],"class_list":{"0":"post-89796","1":"product","2":"type-product","3":"status-publish","4":"has-post-thumbnail","6":"product_cat-taninos","7":"product_tag-taninos-antioxidantes-pt-pt","8":"pa_aplicacion-fa-e-fml-pt","9":"pa_ecologico-eu-autorizada","10":"pa_ecologico-nop-usda-autorizada","11":"pa_estilo-de-vino-branco","12":"pa_estilo-de-vino-espumante","13":"pa_estilo-de-vino-rose-pt","14":"pa_objetivo-protecao-antioxidante","15":"pa_vegano-vegan-pt-pt","16":"desktop-align-left","17":"tablet-align-left","18":"mobile-align-left","20":"first","21":"instock","22":"virtual","23":"product-type-simple"},"acf":[],"_links":{"self":[{"href":"https:\/\/agrovin.com\/pt-pt\/wp-json\/wp\/v2\/product\/89796","targetHints":{"allow":["GET"]}}],"collection":[{"href":"https:\/\/agrovin.com\/pt-pt\/wp-json\/wp\/v2\/product"}],"about":[{"href":"https:\/\/agrovin.com\/pt-pt\/wp-json\/wp\/v2\/types\/product"}],"version-history":[{"count":0,"href":"https:\/\/agrovin.com\/pt-pt\/wp-json\/wp\/v2\/product\/89796\/revisions"}],"wp:featuredmedia":[{"embeddable":true,"href":"https:\/\/agrovin.com\/pt-pt\/wp-json\/wp\/v2\/media\/22922"}],"wp:attachment":[{"href":"https:\/\/agrovin.com\/pt-pt\/wp-json\/wp\/v2\/media?parent=89796"}],"wp:term":[{"taxonomy":"product_brand","embeddable":true,"href":"https:\/\/agrovin.com\/pt-pt\/wp-json\/wp\/v2\/product_brand?post=89796"},{"taxonomy":"product_cat","embeddable":true,"href":"https:\/\/agrovin.com\/pt-pt\/wp-json\/wp\/v2\/product_cat?post=89796"},{"taxonomy":"product_tag","embeddable":true,"href":"https:\/\/agrovin.com\/pt-pt\/wp-json\/wp\/v2\/product_tag?post=89796"}],"curies":[{"name":"wp","href":"https:\/\/api.w.org\/{rel}","templated":true}]}}