{"id":89781,"date":"2018-03-05T14:46:06","date_gmt":"2022-11-04T17:05:15","guid":{"rendered":"https:\/\/staging.agrovin.com\/sem%20categoria\/tanicol-blanc-de-excelencia\/"},"modified":"2025-06-25T11:54:24","modified_gmt":"2025-06-25T09:54:24","slug":"tanicol-blanc-excellence","status":"publish","type":"product","link":"https:\/\/agrovin.com\/pt-pt\/produtos-enologia\/taninos\/tanicol-blanc-excellence\/","title":{"rendered":"TANICOL BLANC EXCELLENCE"},"content":{"rendered":"<h3>CARACTER\u00cdSTICAS<\/h3>\n<p>Excelente para refinar vinhos onde a intensidade arom\u00e1tica \u00e9 acentuada, melhorando a frescura e aumentando as sensa\u00e7\u00f5es de corpo e volume na boca.<\/p>\n<h3>CANDIDATURA<\/h3>\n<p>Na vinifica\u00e7\u00e3o:<\/p>\n<ul>\n<li>Alta capacidade antioxidante sem amargor nem dureza, gra\u00e7as ao seu elevado teor de taninos de uva. Ajuda a limitar a adi\u00e7\u00e3o de enxofre nos vinhos brancos.<\/li>\n<li>Protege contra o desenvolvimento da cor e do aroma.<\/li>\n<li>D\u00e1 a estrutura do vinho de uma forma integrada e equilibrada.<\/li>\n<li>Aumento do perfil arom\u00e1tico do vinho.<\/li>\n<\/ul>\n<p>Refina\u00e7\u00e3o de vinho:<\/p>\n<ul>\n<li>Restaura a juventude dos vinhos brancos e ros\u00e9s, dando-lhes grande frescura e maior intensidade arom\u00e1tica.<\/li>\n<li>Aumento da complexidade e da longevidade. Protege contra o desenvolvimento da cor e do aroma.<\/li>\n<li>Traz de volta notas de citrinos, lim\u00e3o, toranja ou erva fresca e tiol, dependendo da variedade de uva.<\/li>\n<li>Reduz ou elimina os aromas de redu\u00e7\u00e3o.<\/li>\n<\/ul>\n<p>Na produ\u00e7\u00e3o de vinho espumante:<\/p>\n<ul>\n<li>A sua aplica\u00e7\u00e3o ao vinho base permite obter vinhos espumantes frescos, intensos, redondos e volumosos, sem notas amargas ou adstringentes.<\/li>\n<\/ul>\n<h3>DOSAGEM<\/h3>\n<div class=\"page\" title=\"P\u00e1gina 1\">\n<div class=\"layoutArea\">\n<div class=\"column\">\n<p>Vinifica\u00e7\u00e3o<\/p>\n<\/div>\n<\/div>\n<div class=\"layoutArea\">\n<div class=\"column\">\n<div class=\"layoutArea\">\n<div class=\"column\">\n<p>Vinhos brancos e ros\u00e9s: <span style=\"font-size: 16px;\">1-15 g\/hl <\/span><\/p>\n<\/div>\n<\/div>\n<\/div>\n<\/div>\n<div class=\"layoutArea\">\n<div class=\"column\">\n<p>Afina\u00e7\u00e3o<\/p>\n<p><span style=\"font-size: 16px;\">Vinhos brancos: 1-10 g\/hl<\/span><\/p>\n<\/div>\n<\/div>\n<\/div>\n","protected":false},"excerpt":{"rendered":"<p><strong>Frescura objectiva.<\/strong> Frescura e intensidade arom\u00e1tica em vinhos brancos. Intensifica os aromas de citrinos, flores e frutas frescas e vivas.<\/p>\n","protected":false},"featured_media":21165,"template":"","meta":{"_acf_changed":false,"inline_featured_image":false,"site-sidebar-layout":"default","site-content-layout":"default","ast-site-content-layout":"default","site-content-style":"default","site-sidebar-style":"default","ast-global-header-display":"","ast-banner-title-visibility":"","ast-main-header-display":"","ast-hfb-above-header-display":"","ast-hfb-below-header-display":"","ast-hfb-mobile-header-display":"","site-post-title":"","ast-breadcrumbs-content":"","ast-featured-img":"","footer-sml-layout":"","ast-disable-related-posts":"","theme-transparent-header-meta":"default","adv-header-id-meta":"","stick-header-meta":"","header-above-stick-meta":"","header-main-stick-meta":"","header-below-stick-meta":"","astra-migrate-meta-layouts":"set","ast-page-background-enabled":"default","ast-page-background-meta":{"desktop":{"background-color":"var(--ast-global-color-5)","background-image":"","background-repeat":"repeat","background-position":"center center","background-size":"auto","background-attachment":"scroll","background-type":"","background-media":"","overlay-type":"","overlay-color":"","overlay-opacity":"","overlay-gradient":""},"tablet":{"background-color":"","background-image":"","background-repeat":"repeat","background-position":"center center","background-size":"auto","background-attachment":"scroll","background-type":"","background-media":"","overlay-type":"","overlay-color":"","overlay-opacity":"","overlay-gradient":""},"mobile":{"background-color":"","background-image":"","background-repeat":"repeat","background-position":"center center","background-size":"auto","background-attachment":"scroll","background-type":"","background-media":"","overlay-type":"","overlay-color":"","overlay-opacity":"","overlay-gradient":""}},"ast-content-background-meta":{"desktop":{"background-color":"var(--ast-global-color-4)","background-image":"","background-repeat":"repeat","background-position":"center center","background-size":"auto","background-attachment":"scroll","background-type":"","background-media":"","overlay-type":"","overlay-color":"","overlay-opacity":"","overlay-gradient":""},"tablet":{"background-color":"var(--ast-global-color-4)","background-image":"","background-repeat":"repeat","background-position":"center center","background-size":"auto","background-attachment":"scroll","background-type":"","background-media":"","overlay-type":"","overlay-color":"","overlay-opacity":"","overlay-gradient":""},"mobile":{"background-color":"var(--ast-global-color-4)","background-image":"","background-repeat":"repeat","background-position":"center center","background-size":"auto","background-attachment":"scroll","background-type":"","background-media":"","overlay-type":"","overlay-color":"","overlay-opacity":"","overlay-gradient":""}}},"product_brand":[],"product_cat":[225],"product_tag":[828],"class_list":{"0":"post-89781","1":"product","2":"type-product","3":"status-publish","4":"has-post-thumbnail","6":"product_cat-taninos","7":"product_tag-taninos-antioxidantes-pt-pt","8":"pa_ecologico-eu-autorizada","9":"pa_ecologico-nop-usda-autorizada","10":"pa_estilo-de-vino-barrica","11":"pa_estilo-de-vino-branco","12":"pa_estilo-de-vino-espumante","13":"pa_estilo-de-vino-rose-pt","14":"pa_estilo-de-vino-tinto-pt","15":"pa_objetivo-aumento-dos-aromas-de-frutas","16":"pa_objetivo-melhoramento-sensorial","17":"pa_objetivo-refinado","18":"pa_vegano-vegan-pt-pt","19":"desktop-align-left","20":"tablet-align-left","21":"mobile-align-left","23":"first","24":"instock","25":"virtual","26":"product-type-simple"},"acf":[],"_links":{"self":[{"href":"https:\/\/agrovin.com\/pt-pt\/wp-json\/wp\/v2\/product\/89781","targetHints":{"allow":["GET"]}}],"collection":[{"href":"https:\/\/agrovin.com\/pt-pt\/wp-json\/wp\/v2\/product"}],"about":[{"href":"https:\/\/agrovin.com\/pt-pt\/wp-json\/wp\/v2\/types\/product"}],"version-history":[{"count":1,"href":"https:\/\/agrovin.com\/pt-pt\/wp-json\/wp\/v2\/product\/89781\/revisions"}],"predecessor-version":[{"id":120361,"href":"https:\/\/agrovin.com\/pt-pt\/wp-json\/wp\/v2\/product\/89781\/revisions\/120361"}],"wp:featuredmedia":[{"embeddable":true,"href":"https:\/\/agrovin.com\/pt-pt\/wp-json\/wp\/v2\/media\/21165"}],"wp:attachment":[{"href":"https:\/\/agrovin.com\/pt-pt\/wp-json\/wp\/v2\/media?parent=89781"}],"wp:term":[{"taxonomy":"product_brand","embeddable":true,"href":"https:\/\/agrovin.com\/pt-pt\/wp-json\/wp\/v2\/product_brand?post=89781"},{"taxonomy":"product_cat","embeddable":true,"href":"https:\/\/agrovin.com\/pt-pt\/wp-json\/wp\/v2\/product_cat?post=89781"},{"taxonomy":"product_tag","embeddable":true,"href":"https:\/\/agrovin.com\/pt-pt\/wp-json\/wp\/v2\/product_tag?post=89781"}],"curies":[{"name":"wp","href":"https:\/\/api.w.org\/{rel}","templated":true}]}}