{"id":89776,"date":"2018-03-05T14:36:59","date_gmt":"2022-11-04T17:05:03","guid":{"rendered":"https:\/\/staging.agrovin.com\/sem%20categoria\/robletan-icone\/"},"modified":"2024-10-29T15:28:35","modified_gmt":"2024-10-29T13:28:35","slug":"robletan-icone","status":"publish","type":"product","link":"https:\/\/agrovin.com\/pt-pt\/produtos-enologia\/taninos\/robletan-icone\/","title":{"rendered":"ROBLETAN IC\u00d4NE"},"content":{"rendered":"<p>&nbsp;<\/p>\n<h3>CANDIDATURA<\/h3>\n<ul>\n<li>No vinho acabado, durante a refina\u00e7\u00e3o e antes do engarrafamento, fornece capacidade antioxidante e equilibra a estrutura e o corpo do vinho, melhorando os seus aspectos gustativos.<\/li>\n<li>Durante o envelhecimento em barril ou tanque para orientar o processo de evolu\u00e7\u00e3o do vinho.<\/li>\n<\/ul>\n<h3>DOSAGEM<\/h3>\n<div class=\"page\" title=\"P\u00e1gina 2\">\n<div class=\"section\">\n<div class=\"layoutArea\">\n<div class=\"column\">\n<p>Vinho branco: 1 &#8211; 10 g\/hl<\/p>\n<p>Vinho tinto:<span style=\"font-size: 16px;\"> 2 &#8211; 20 g\/hl<\/span><\/p>\n<\/div>\n<\/div>\n<\/div>\n<\/div>\n","protected":false},"excerpt":{"rendered":"<p>Tanino refinado que integra o contributo t\u00e2nico e organol\u00e9ptico da madeira. Recomendado no caso de barris de segunda e terceira utiliza\u00e7\u00e3o, que j\u00e1 esgotaram a transfer\u00eancia de constituintes t\u00e2nicos. Tamb\u00e9m quando n\u00e3o \u00e9 poss\u00edvel manter o vinho em barril durante um per\u00edodo de tempo suficiente.<\/p>\n","protected":false},"featured_media":23762,"template":"","meta":{"_acf_changed":false,"inline_featured_image":false,"site-sidebar-layout":"default","site-content-layout":"default","ast-site-content-layout":"default","site-content-style":"default","site-sidebar-style":"default","ast-global-header-display":"","ast-banner-title-visibility":"","ast-main-header-display":"","ast-hfb-above-header-display":"","ast-hfb-below-header-display":"","ast-hfb-mobile-header-display":"","site-post-title":"","ast-breadcrumbs-content":"","ast-featured-img":"","footer-sml-layout":"","ast-disable-related-posts":"","theme-transparent-header-meta":"default","adv-header-id-meta":"","stick-header-meta":"","header-above-stick-meta":"","header-main-stick-meta":"","header-below-stick-meta":"","astra-migrate-meta-layouts":"set","ast-page-background-enabled":"default","ast-page-background-meta":{"desktop":{"background-color":"var(--ast-global-color-5)","background-image":"","background-repeat":"repeat","background-position":"center center","background-size":"auto","background-attachment":"scroll","background-type":"","background-media":"","overlay-type":"","overlay-color":"","overlay-opacity":"","overlay-gradient":""},"tablet":{"background-color":"","background-image":"","background-repeat":"repeat","background-position":"center center","background-size":"auto","background-attachment":"scroll","background-type":"","background-media":"","overlay-type":"","overlay-color":"","overlay-opacity":"","overlay-gradient":""},"mobile":{"background-color":"","background-image":"","background-repeat":"repeat","background-position":"center center","background-size":"auto","background-attachment":"scroll","background-type":"","background-media":"","overlay-type":"","overlay-color":"","overlay-opacity":"","overlay-gradient":""}},"ast-content-background-meta":{"desktop":{"background-color":"var(--ast-global-color-4)","background-image":"","background-repeat":"repeat","background-position":"center center","background-size":"auto","background-attachment":"scroll","background-type":"","background-media":"","overlay-type":"","overlay-color":"","overlay-opacity":"","overlay-gradient":""},"tablet":{"background-color":"var(--ast-global-color-4)","background-image":"","background-repeat":"repeat","background-position":"center center","background-size":"auto","background-attachment":"scroll","background-type":"","background-media":"","overlay-type":"","overlay-color":"","overlay-opacity":"","overlay-gradient":""},"mobile":{"background-color":"var(--ast-global-color-4)","background-image":"","background-repeat":"repeat","background-position":"center center","background-size":"auto","background-attachment":"scroll","background-type":"","background-media":"","overlay-type":"","overlay-color":"","overlay-opacity":"","overlay-gradient":""}}},"product_brand":[],"product_cat":[225],"product_tag":[846],"class_list":{"0":"post-89776","1":"product","2":"type-product","3":"status-publish","4":"has-post-thumbnail","6":"product_cat-taninos","7":"product_tag-taninos-de-carvalho","8":"pa_ecologico-eu-autorizada","9":"pa_ecologico-nop-usda-autorizada","10":"pa_estilo-de-vino-barrica","11":"pa_estilo-de-vino-branco","12":"pa_estilo-de-vino-espumante","13":"pa_estilo-de-vino-rose-pt","14":"pa_estilo-de-vino-tinto-pt","15":"pa_objetivo-aumento-dos-aromas-de-madeira","16":"pa_objetivo-melhoramento-sensorial","17":"pa_objetivo-refinado","18":"pa_vegano-vegan-pt-pt","19":"desktop-align-left","20":"tablet-align-left","21":"mobile-align-left","23":"first","24":"instock","25":"virtual","26":"product-type-simple"},"acf":[],"_links":{"self":[{"href":"https:\/\/agrovin.com\/pt-pt\/wp-json\/wp\/v2\/product\/89776","targetHints":{"allow":["GET"]}}],"collection":[{"href":"https:\/\/agrovin.com\/pt-pt\/wp-json\/wp\/v2\/product"}],"about":[{"href":"https:\/\/agrovin.com\/pt-pt\/wp-json\/wp\/v2\/types\/product"}],"version-history":[{"count":1,"href":"https:\/\/agrovin.com\/pt-pt\/wp-json\/wp\/v2\/product\/89776\/revisions"}],"predecessor-version":[{"id":116982,"href":"https:\/\/agrovin.com\/pt-pt\/wp-json\/wp\/v2\/product\/89776\/revisions\/116982"}],"wp:featuredmedia":[{"embeddable":true,"href":"https:\/\/agrovin.com\/pt-pt\/wp-json\/wp\/v2\/media\/23762"}],"wp:attachment":[{"href":"https:\/\/agrovin.com\/pt-pt\/wp-json\/wp\/v2\/media?parent=89776"}],"wp:term":[{"taxonomy":"product_brand","embeddable":true,"href":"https:\/\/agrovin.com\/pt-pt\/wp-json\/wp\/v2\/product_brand?post=89776"},{"taxonomy":"product_cat","embeddable":true,"href":"https:\/\/agrovin.com\/pt-pt\/wp-json\/wp\/v2\/product_cat?post=89776"},{"taxonomy":"product_tag","embeddable":true,"href":"https:\/\/agrovin.com\/pt-pt\/wp-json\/wp\/v2\/product_tag?post=89776"}],"curies":[{"name":"wp","href":"https:\/\/api.w.org\/{rel}","templated":true}]}}