{"id":89761,"date":"2018-03-05T14:46:26","date_gmt":"2022-11-04T17:04:36","guid":{"rendered":"https:\/\/staging.agrovin.com\/sem%20categoria\/tanicol-tinto-vintage\/"},"modified":"2025-06-24T16:47:04","modified_gmt":"2025-06-24T14:47:04","slug":"tanicol-red-vintage","status":"publish","type":"product","link":"https:\/\/agrovin.com\/pt-pt\/produtos-enologia\/taninos\/tanicol-red-vintage\/","title":{"rendered":"TANICOL RED VINTAGE"},"content":{"rendered":"<h3>CARACTER\u00cdSTICAS<\/h3>\n<p>Grande efeito na estabilidade da cor devido \u00e0 sua alta reactividade e capacidade de combina\u00e7\u00e3o com antocianinas.<\/p>\n<h3>CANDIDATURA<\/h3>\n<p>Na vinifica\u00e7\u00e3o:<\/p>\n<ul>\n<li>O tanino de uva que cont\u00e9m torna-o particularmente reactivo com antocianinas.<\/li>\n<li>Combina\u00e7\u00e3o inicial com as antocianinas libertadas na primeira fase de macera\u00e7\u00e3o (fase aquosa). Evita o desvanecimento da cor e consegue-se uma melhor evolu\u00e7\u00e3o ao longo do tempo.<\/li>\n<\/ul>\n<p>No descube:<\/p>\n<ul>\n<li>Aumenta o conte\u00fado de tanino condensado das uvas, favorecendo uma propor\u00e7\u00e3o equilibrada de antocianos e taninos.<\/li>\n<li>D\u00e1 a estrutura do vinho de uma forma integrada e equilibrada.<\/li>\n<li>Aumento do perfil arom\u00e1tico do vinho.<\/li>\n<\/ul>\n<p>Refina\u00e7\u00e3o de vinho:<\/p>\n<ul>\n<li>Intensifica o potencial de fruta dos vinhos. Real\u00e7a as notas de fruta e acentua as caracter\u00edsticas varietais.<\/li>\n<li>Reduz ou elimina os aromas de redu\u00e7\u00e3o.<\/li>\n<\/ul>\n<h3>DOSAGEM<\/h3>\n<div class=\"page\" title=\"P\u00e1gina 1\">\n<div class=\"section\">\n<div class=\"layoutArea\">\n<div class=\"column\">\n<p>No processo de vinifica\u00e7\u00e3o, o vinho \u00e9 devorado:<\/p>\n<\/div>\n<\/div>\n<\/div>\n<\/div>\n<div class=\"page\" title=\"P\u00e1gina 1\">\n<div class=\"section\">\n<div class=\"layoutArea\">\n<div class=\"column\">\n<p>Vinhos brancos e ros\u00e9s 10-20 g\/hl<\/p>\n<p>Vinhos tintos 10-40 g\/hl<\/p>\n<div class=\"page\" title=\"P\u00e1gina 1\">\n<div class=\"section\">\n<div class=\"layoutArea\">\n<div class=\"column\">\n<p>Vinhos tintos 20-40 g\/hl<\/p>\n<\/div>\n<div class=\"page\" title=\"P\u00e1gina 1\">\n<div class=\"section\">\n<div class=\"layoutArea\">\n<div class=\"column\">\n<p>Afina\u00e7\u00e3o:<\/p>\n<\/div>\n<\/div>\n<\/div>\n<\/div>\n<div class=\"column\">\n<div class=\"page\" title=\"P\u00e1gina 1\">\n<div class=\"section\">\n<div class=\"layoutArea\">\n<div class=\"column\">\n<p>2-10 g\/hl Vinhos brancos<\/p>\n<p>5-20 g\/hl Vinhos tintos<\/p>\n<\/div>\n<\/div>\n<\/div>\n<\/div>\n<\/div>\n<\/div>\n<\/div>\n<\/div>\n<\/div>\n<\/div>\n<\/div>\n<\/div>\n","protected":false},"excerpt":{"rendered":"<p>Objectivo da fruta: Intensifica o potencial frut\u00edcola dos vinhos. Aplicado aos vinhos durante o envelhecimento ou pr\u00e9-garrafagem, real\u00e7a os descritores de fruta vermelha e preta (cereja, morango, ameixa, mirtilo) enquanto os estrutura e arredondamento. No processo de concep\u00e7\u00e3o, matiza e define as caracter\u00edsticas varietais.<\/p>\n","protected":false},"featured_media":21171,"template":"","meta":{"_acf_changed":false,"inline_featured_image":false,"site-sidebar-layout":"default","site-content-layout":"default","ast-site-content-layout":"default","site-content-style":"default","site-sidebar-style":"default","ast-global-header-display":"","ast-banner-title-visibility":"","ast-main-header-display":"","ast-hfb-above-header-display":"","ast-hfb-below-header-display":"","ast-hfb-mobile-header-display":"","site-post-title":"","ast-breadcrumbs-content":"","ast-featured-img":"","footer-sml-layout":"","ast-disable-related-posts":"","theme-transparent-header-meta":"default","adv-header-id-meta":"","stick-header-meta":"","header-above-stick-meta":"","header-main-stick-meta":"","header-below-stick-meta":"","astra-migrate-meta-layouts":"set","ast-page-background-enabled":"default","ast-page-background-meta":{"desktop":{"background-color":"var(--ast-global-color-5)","background-image":"","background-repeat":"repeat","background-position":"center center","background-size":"auto","background-attachment":"scroll","background-type":"","background-media":"","overlay-type":"","overlay-color":"","overlay-opacity":"","overlay-gradient":""},"tablet":{"background-color":"","background-image":"","background-repeat":"repeat","background-position":"center center","background-size":"auto","background-attachment":"scroll","background-type":"","background-media":"","overlay-type":"","overlay-color":"","overlay-opacity":"","overlay-gradient":""},"mobile":{"background-color":"","background-image":"","background-repeat":"repeat","background-position":"center center","background-size":"auto","background-attachment":"scroll","background-type":"","background-media":"","overlay-type":"","overlay-color":"","overlay-opacity":"","overlay-gradient":""}},"ast-content-background-meta":{"desktop":{"background-color":"var(--ast-global-color-4)","background-image":"","background-repeat":"repeat","background-position":"center center","background-size":"auto","background-attachment":"scroll","background-type":"","background-media":"","overlay-type":"","overlay-color":"","overlay-opacity":"","overlay-gradient":""},"tablet":{"background-color":"var(--ast-global-color-4)","background-image":"","background-repeat":"repeat","background-position":"center center","background-size":"auto","background-attachment":"scroll","background-type":"","background-media":"","overlay-type":"","overlay-color":"","overlay-opacity":"","overlay-gradient":""},"mobile":{"background-color":"var(--ast-global-color-4)","background-image":"","background-repeat":"repeat","background-position":"center center","background-size":"auto","background-attachment":"scroll","background-type":"","background-media":"","overlay-type":"","overlay-color":"","overlay-opacity":"","overlay-gradient":""}}},"product_brand":[],"product_cat":[225],"product_tag":[828],"class_list":{"0":"post-89761","1":"product","2":"type-product","3":"status-publish","4":"has-post-thumbnail","6":"product_cat-taninos","7":"product_tag-taninos-antioxidantes-pt-pt","8":"pa_aplicacion-fa-e-fml-pt","9":"pa_ecologico-eu-autorizada","10":"pa_ecologico-nop-usda-autorizada","11":"pa_estilo-de-vino-branco","12":"pa_estilo-de-vino-rose-pt","13":"pa_estilo-de-vino-tinto-pt","14":"pa_objetivo-aumento-dos-aromas-de-frutas","15":"pa_objetivo-melhoramento-sensorial","16":"pa_objetivo-refinado","17":"pa_vegano-vegan-pt-pt","18":"desktop-align-left","19":"tablet-align-left","20":"mobile-align-left","22":"first","23":"instock","24":"virtual","25":"product-type-simple"},"acf":[],"_links":{"self":[{"href":"https:\/\/agrovin.com\/pt-pt\/wp-json\/wp\/v2\/product\/89761","targetHints":{"allow":["GET"]}}],"collection":[{"href":"https:\/\/agrovin.com\/pt-pt\/wp-json\/wp\/v2\/product"}],"about":[{"href":"https:\/\/agrovin.com\/pt-pt\/wp-json\/wp\/v2\/types\/product"}],"version-history":[{"count":1,"href":"https:\/\/agrovin.com\/pt-pt\/wp-json\/wp\/v2\/product\/89761\/revisions"}],"predecessor-version":[{"id":120281,"href":"https:\/\/agrovin.com\/pt-pt\/wp-json\/wp\/v2\/product\/89761\/revisions\/120281"}],"wp:featuredmedia":[{"embeddable":true,"href":"https:\/\/agrovin.com\/pt-pt\/wp-json\/wp\/v2\/media\/21171"}],"wp:attachment":[{"href":"https:\/\/agrovin.com\/pt-pt\/wp-json\/wp\/v2\/media?parent=89761"}],"wp:term":[{"taxonomy":"product_brand","embeddable":true,"href":"https:\/\/agrovin.com\/pt-pt\/wp-json\/wp\/v2\/product_brand?post=89761"},{"taxonomy":"product_cat","embeddable":true,"href":"https:\/\/agrovin.com\/pt-pt\/wp-json\/wp\/v2\/product_cat?post=89761"},{"taxonomy":"product_tag","embeddable":true,"href":"https:\/\/agrovin.com\/pt-pt\/wp-json\/wp\/v2\/product_tag?post=89761"}],"curies":[{"name":"wp","href":"https:\/\/api.w.org\/{rel}","templated":true}]}}