{"id":89740,"date":"2018-04-18T09:25:04","date_gmt":"2022-11-04T17:03:08","guid":{"rendered":"https:\/\/staging.agrovin.com\/sem%20categoria\/silisol\/"},"modified":"2022-11-05T19:20:06","modified_gmt":"2022-11-05T18:20:06","slug":"silisol","status":"publish","type":"product","link":"https:\/\/agrovin.com\/pt-pt\/produtos-enologia\/flotacao-produtos-enologia\/silisol\/","title":{"rendered":"SILISOL"},"content":{"rendered":"<h3>CANDIDATURA<\/h3>\n<p>A sua aplica\u00e7\u00e3o em qualquer tipo de mosto, geralmente associado \u00e0 gelatina Vinigel e \u00e0 bentonite Maxibent, permite uma flutua\u00e7\u00e3o r\u00e1pida e eficiente.<\/p>\n<p>\u00c9 aconselh\u00e1vel utiliz\u00e1-lo em vinhos brancos com elevada instabilidade proteica, nos quais \u00e9 necess\u00e1rio utilizar uma dose elevada de bentonite para estabilizar a amostra. A adi\u00e7\u00e3o pr\u00e9via de Silisol assegura menos perda arom\u00e1tica e, sobretudo, uma maior compacta\u00e7\u00e3o das borras.<\/p>\n<h3>DOSAGEM<\/h3>\n<div class=\"page\" title=\"P\u00e1gina 1\">\n<div class=\"section\">\n<div class=\"layoutArea\">\n<div class=\"column\">\n<p>MOSTO 10 &#8211; 20 ml\/hl<\/p>\n<p>VINHO 30 &#8211; 100 ml\/hl<\/p>\n<\/div>\n<\/div>\n<\/div>\n<\/div>\n","protected":false},"excerpt":{"rendered":"<p>O silisol \u00e9 uma solu\u00e7\u00e3o coloidal de 30% de part\u00edculas de s\u00edlica em fase aquosa. A sua utiliza\u00e7\u00e3o melhora a compacta\u00e7\u00e3o das borras de clarifica\u00e7\u00e3o, acelerando a sedimenta\u00e7\u00e3o. No processo de flutua\u00e7\u00e3o, permite formar flocos compactos rapidamente.<\/p>\n","protected":false},"featured_media":21835,"template":"","meta":{"_acf_changed":false,"inline_featured_image":false,"site-sidebar-layout":"default","site-content-layout":"default","ast-site-content-layout":"default","site-content-style":"default","site-sidebar-style":"default","ast-global-header-display":"","ast-banner-title-visibility":"","ast-main-header-display":"","ast-hfb-above-header-display":"","ast-hfb-below-header-display":"","ast-hfb-mobile-header-display":"","site-post-title":"","ast-breadcrumbs-content":"","ast-featured-img":"","footer-sml-layout":"","ast-disable-related-posts":"","theme-transparent-header-meta":"default","adv-header-id-meta":"","stick-header-meta":"","header-above-stick-meta":"","header-main-stick-meta":"","header-below-stick-meta":"","astra-migrate-meta-layouts":"default","ast-page-background-enabled":"default","ast-page-background-meta":{"desktop":{"background-color":"var(--ast-global-color-5)","background-image":"","background-repeat":"repeat","background-position":"center center","background-size":"auto","background-attachment":"scroll","background-type":"","background-media":"","overlay-type":"","overlay-color":"","overlay-opacity":"","overlay-gradient":""},"tablet":{"background-color":"","background-image":"","background-repeat":"repeat","background-position":"center center","background-size":"auto","background-attachment":"scroll","background-type":"","background-media":"","overlay-type":"","overlay-color":"","overlay-opacity":"","overlay-gradient":""},"mobile":{"background-color":"","background-image":"","background-repeat":"repeat","background-position":"center center","background-size":"auto","background-attachment":"scroll","background-type":"","background-media":"","overlay-type":"","overlay-color":"","overlay-opacity":"","overlay-gradient":""}},"ast-content-background-meta":{"desktop":{"background-color":"var(--ast-global-color-4)","background-image":"","background-repeat":"repeat","background-position":"center center","background-size":"auto","background-attachment":"scroll","background-type":"","background-media":"","overlay-type":"","overlay-color":"","overlay-opacity":"","overlay-gradient":""},"tablet":{"background-color":"var(--ast-global-color-4)","background-image":"","background-repeat":"repeat","background-position":"center center","background-size":"auto","background-attachment":"scroll","background-type":"","background-media":"","overlay-type":"","overlay-color":"","overlay-opacity":"","overlay-gradient":""},"mobile":{"background-color":"var(--ast-global-color-4)","background-image":"","background-repeat":"repeat","background-position":"center center","background-size":"auto","background-attachment":"scroll","background-type":"","background-media":"","overlay-type":"","overlay-color":"","overlay-opacity":"","overlay-gradient":""}}},"product_brand":[],"product_cat":[167,686],"product_tag":[862,500,737],"class_list":{"0":"post-89740","1":"product","2":"type-product","3":"status-publish","4":"has-post-thumbnail","6":"product_cat-clarificantes","7":"product_cat-flotacao-produtos-enologia","8":"product_tag-livre-de-alergenios-pt-pt","9":"product_tag-mosto-pt-pt","10":"product_tag-vinho-terminado","11":"pa_aplicacion-uva-e-mosto-pt","12":"pa_ecologico-eu-autorizada","13":"pa_estilo-de-vino-branco","14":"pa_estilo-de-vino-rose-pt","15":"pa_estilo-de-vino-tinto-pt","16":"pa_objetivo-clarificacao","17":"pa_origen-mineral-pt-pt","18":"pa_tipo-livre-alergenios","19":"pa_vegano-vegan-pt-pt","20":"desktop-align-left","21":"tablet-align-left","22":"mobile-align-left","24":"first","25":"instock","26":"virtual","27":"product-type-simple"},"acf":[],"_links":{"self":[{"href":"https:\/\/agrovin.com\/pt-pt\/wp-json\/wp\/v2\/product\/89740","targetHints":{"allow":["GET"]}}],"collection":[{"href":"https:\/\/agrovin.com\/pt-pt\/wp-json\/wp\/v2\/product"}],"about":[{"href":"https:\/\/agrovin.com\/pt-pt\/wp-json\/wp\/v2\/types\/product"}],"version-history":[{"count":0,"href":"https:\/\/agrovin.com\/pt-pt\/wp-json\/wp\/v2\/product\/89740\/revisions"}],"wp:featuredmedia":[{"embeddable":true,"href":"https:\/\/agrovin.com\/pt-pt\/wp-json\/wp\/v2\/media\/21835"}],"wp:attachment":[{"href":"https:\/\/agrovin.com\/pt-pt\/wp-json\/wp\/v2\/media?parent=89740"}],"wp:term":[{"taxonomy":"product_brand","embeddable":true,"href":"https:\/\/agrovin.com\/pt-pt\/wp-json\/wp\/v2\/product_brand?post=89740"},{"taxonomy":"product_cat","embeddable":true,"href":"https:\/\/agrovin.com\/pt-pt\/wp-json\/wp\/v2\/product_cat?post=89740"},{"taxonomy":"product_tag","embeddable":true,"href":"https:\/\/agrovin.com\/pt-pt\/wp-json\/wp\/v2\/product_tag?post=89740"}],"curies":[{"name":"wp","href":"https:\/\/api.w.org\/{rel}","templated":true}]}}