{"id":89735,"date":"2018-04-19T06:42:18","date_gmt":"2022-11-04T17:03:00","guid":{"rendered":"https:\/\/staging.agrovin.com\/sem%20categoria\/seda-de-gomasol\/"},"modified":"2022-11-05T19:26:52","modified_gmt":"2022-11-05T18:26:52","slug":"gomasol-seda","status":"publish","type":"product","link":"https:\/\/agrovin.com\/pt-pt\/produtos-enologia\/estabilizantes\/gomasol-seda\/","title":{"rendered":"GOMASOL SEDA"},"content":{"rendered":"<h3>CARACTER\u00cdSTICAS<\/h3>\n<ul>\n<li>Contribui para as caracter\u00edsticas sensoriais do vinho, proporcionando densidade, volume e suavidade na boca. -Mitiga e modula a adstring\u00eancia t\u00e2nica e ajuda a estabilidade cristalina e coloidal dos vinhos.<\/li>\n<li>Prov\u00e9m da selec\u00e7\u00e3o rigorosa das melhores mat\u00e9rias-primas, e \u00e9 obtida atrav\u00e9s de um processo de produ\u00e7\u00e3o natural, sem adi\u00e7\u00e3o de agentes qu\u00edmicos, por solubiliza\u00e7\u00e3o e purifica\u00e7\u00e3o visando manter as dimens\u00f5es e estrutura da goma praticamente intactas.<\/li>\n<li>SEDA DE GOMASOL. Tem uma baixa taxa de entupimento.<\/li>\n<\/ul>\n<h3>CANDIDATURA<\/h3>\n<p>Utilizado em vinhos tintos, ros\u00e9s ou brancos, melhora a untuosidade e a redondeza na boca.<\/p>\n<h3>DOSAGEM<\/h3>\n<p>Gomasol SEDA:<span style=\"font-size: 16px;\">100-300 ml\/hl<\/span><\/p>\n","protected":false},"excerpt":{"rendered":"<p>Gomasol SEDA \u00e9 uma associa\u00e7\u00e3o de polissacar\u00eddeos vegetais (goma \u00e1rabe) e manoprote\u00ednas purificadas, extra\u00eddas termicamente de cascos de leveduras seleccionadas (Saccharomyces cerevisiae).<\/p>\n","protected":false},"featured_media":15632,"template":"","meta":{"_acf_changed":false,"inline_featured_image":false,"site-sidebar-layout":"default","site-content-layout":"default","ast-site-content-layout":"default","site-content-style":"default","site-sidebar-style":"default","ast-global-header-display":"","ast-banner-title-visibility":"","ast-main-header-display":"","ast-hfb-above-header-display":"","ast-hfb-below-header-display":"","ast-hfb-mobile-header-display":"","site-post-title":"","ast-breadcrumbs-content":"","ast-featured-img":"","footer-sml-layout":"","ast-disable-related-posts":"","theme-transparent-header-meta":"default","adv-header-id-meta":"","stick-header-meta":"","header-above-stick-meta":"","header-main-stick-meta":"","header-below-stick-meta":"","astra-migrate-meta-layouts":"default","ast-page-background-enabled":"default","ast-page-background-meta":{"desktop":{"background-color":"var(--ast-global-color-5)","background-image":"","background-repeat":"repeat","background-position":"center center","background-size":"auto","background-attachment":"scroll","background-type":"","background-media":"","overlay-type":"","overlay-color":"","overlay-opacity":"","overlay-gradient":""},"tablet":{"background-color":"","background-image":"","background-repeat":"repeat","background-position":"center center","background-size":"auto","background-attachment":"scroll","background-type":"","background-media":"","overlay-type":"","overlay-color":"","overlay-opacity":"","overlay-gradient":""},"mobile":{"background-color":"","background-image":"","background-repeat":"repeat","background-position":"center center","background-size":"auto","background-attachment":"scroll","background-type":"","background-media":"","overlay-type":"","overlay-color":"","overlay-opacity":"","overlay-gradient":""}},"ast-content-background-meta":{"desktop":{"background-color":"var(--ast-global-color-4)","background-image":"","background-repeat":"repeat","background-position":"center center","background-size":"auto","background-attachment":"scroll","background-type":"","background-media":"","overlay-type":"","overlay-color":"","overlay-opacity":"","overlay-gradient":""},"tablet":{"background-color":"var(--ast-global-color-4)","background-image":"","background-repeat":"repeat","background-position":"center center","background-size":"auto","background-attachment":"scroll","background-type":"","background-media":"","overlay-type":"","overlay-color":"","overlay-opacity":"","overlay-gradient":""},"mobile":{"background-color":"var(--ast-global-color-4)","background-image":"","background-repeat":"repeat","background-position":"center center","background-size":"auto","background-attachment":"scroll","background-type":"","background-media":"","overlay-type":"","overlay-color":"","overlay-opacity":"","overlay-gradient":""}}},"product_brand":[],"product_cat":[182],"product_tag":[412],"class_list":{"0":"post-89735","1":"product","2":"type-product","3":"status-publish","4":"has-post-thumbnail","6":"product_cat-estabilizantes","7":"product_tag-estabilidade-da-materia-corante","8":"pa_ecologico-eu-autorizada","9":"pa_ecologico-nop-usda-autorizada","10":"pa_estilo-de-vino-branco","11":"pa_estilo-de-vino-espumante","12":"pa_estilo-de-vino-rose-pt","13":"pa_estilo-de-vino-tinto-pt","14":"pa_objetivo-estabilizacao","15":"pa_objetivo-melhoramento-sensorial","16":"pa_objetivo-refinado","17":"desktop-align-left","18":"tablet-align-left","19":"mobile-align-left","21":"first","22":"instock","23":"virtual","24":"product-type-simple"},"acf":[],"_links":{"self":[{"href":"https:\/\/agrovin.com\/pt-pt\/wp-json\/wp\/v2\/product\/89735","targetHints":{"allow":["GET"]}}],"collection":[{"href":"https:\/\/agrovin.com\/pt-pt\/wp-json\/wp\/v2\/product"}],"about":[{"href":"https:\/\/agrovin.com\/pt-pt\/wp-json\/wp\/v2\/types\/product"}],"version-history":[{"count":0,"href":"https:\/\/agrovin.com\/pt-pt\/wp-json\/wp\/v2\/product\/89735\/revisions"}],"wp:featuredmedia":[{"embeddable":true,"href":"https:\/\/agrovin.com\/pt-pt\/wp-json\/wp\/v2\/media\/15632"}],"wp:attachment":[{"href":"https:\/\/agrovin.com\/pt-pt\/wp-json\/wp\/v2\/media?parent=89735"}],"wp:term":[{"taxonomy":"product_brand","embeddable":true,"href":"https:\/\/agrovin.com\/pt-pt\/wp-json\/wp\/v2\/product_brand?post=89735"},{"taxonomy":"product_cat","embeddable":true,"href":"https:\/\/agrovin.com\/pt-pt\/wp-json\/wp\/v2\/product_cat?post=89735"},{"taxonomy":"product_tag","embeddable":true,"href":"https:\/\/agrovin.com\/pt-pt\/wp-json\/wp\/v2\/product_tag?post=89735"}],"curies":[{"name":"wp","href":"https:\/\/api.w.org\/{rel}","templated":true}]}}