{"id":89725,"date":"2018-04-13T09:43:05","date_gmt":"2022-11-04T17:02:44","guid":{"rendered":"https:\/\/staging.agrovin.com\/sem%20categoria\/forte-vinigel\/"},"modified":"2022-11-05T18:31:36","modified_gmt":"2022-11-05T17:31:36","slug":"vinigel-forte","status":"publish","type":"product","link":"https:\/\/agrovin.com\/pt-pt\/produtos-enologia\/clarificantes\/vinigel-forte\/","title":{"rendered":"VINIGEL FORTE"},"content":{"rendered":"<h3>CANDIDATURA<\/h3>\n<ul>\n<li>Para a finaliza\u00e7\u00e3o de vinhos jovens tintos, ros\u00e9s e brancos.<\/li>\n<li>Altamente recomendado para vinhos de prensa que s\u00e3o dif\u00edceis de esclarecer.<\/li>\n<li>A sua alta reactividade permite uma r\u00e1pida estabiliza\u00e7\u00e3o coloidal, assegurando uma r\u00e1pida e significativa melhoria da limpeza.<\/li>\n<\/ul>\n<h3>DOSAGEM<\/h3>\n<p>Vinigel FORTE<\/p>\n<p>Vinho branco e ros\u00e9: 2-5 g\/hl<\/p>\n<p>Vinho tinto: 5 &#8211; 15g\/hl<\/p>\n<p>Vinigel FORTE L (solu\u00e7\u00e3o l\u00edquida)<\/p>\n<p>Vinho branco e ros\u00e9: 10-25 ml\/hl<\/p>\n<p>Vinho tinto: 20 -60 ml\/hl<\/p>\n","protected":false},"excerpt":{"rendered":"<p>Vinigel FORTE \u00e9 uma gelatina altamente hidrolisada que garante uma alta reactividade em vinhos ricos em col\u00f3ides e dif\u00edceis de clarificar. Est\u00e1 dispon\u00edvel nos formatos p\u00f3 e l\u00edquido para facilitar a sua utiliza\u00e7\u00e3o.<\/p>\n","protected":false},"featured_media":21371,"template":"","meta":{"_acf_changed":false,"inline_featured_image":false,"site-sidebar-layout":"default","site-content-layout":"default","ast-site-content-layout":"default","site-content-style":"default","site-sidebar-style":"default","ast-global-header-display":"","ast-banner-title-visibility":"","ast-main-header-display":"","ast-hfb-above-header-display":"","ast-hfb-below-header-display":"","ast-hfb-mobile-header-display":"","site-post-title":"","ast-breadcrumbs-content":"","ast-featured-img":"","footer-sml-layout":"","ast-disable-related-posts":"","theme-transparent-header-meta":"default","adv-header-id-meta":"","stick-header-meta":"","header-above-stick-meta":"","header-main-stick-meta":"","header-below-stick-meta":"","astra-migrate-meta-layouts":"default","ast-page-background-enabled":"default","ast-page-background-meta":{"desktop":{"background-color":"var(--ast-global-color-5)","background-image":"","background-repeat":"repeat","background-position":"center center","background-size":"auto","background-attachment":"scroll","background-type":"","background-media":"","overlay-type":"","overlay-color":"","overlay-opacity":"","overlay-gradient":""},"tablet":{"background-color":"","background-image":"","background-repeat":"repeat","background-position":"center center","background-size":"auto","background-attachment":"scroll","background-type":"","background-media":"","overlay-type":"","overlay-color":"","overlay-opacity":"","overlay-gradient":""},"mobile":{"background-color":"","background-image":"","background-repeat":"repeat","background-position":"center center","background-size":"auto","background-attachment":"scroll","background-type":"","background-media":"","overlay-type":"","overlay-color":"","overlay-opacity":"","overlay-gradient":""}},"ast-content-background-meta":{"desktop":{"background-color":"var(--ast-global-color-4)","background-image":"","background-repeat":"repeat","background-position":"center center","background-size":"auto","background-attachment":"scroll","background-type":"","background-media":"","overlay-type":"","overlay-color":"","overlay-opacity":"","overlay-gradient":""},"tablet":{"background-color":"var(--ast-global-color-4)","background-image":"","background-repeat":"repeat","background-position":"center center","background-size":"auto","background-attachment":"scroll","background-type":"","background-media":"","overlay-type":"","overlay-color":"","overlay-opacity":"","overlay-gradient":""},"mobile":{"background-color":"var(--ast-global-color-4)","background-image":"","background-repeat":"repeat","background-position":"center center","background-size":"auto","background-attachment":"scroll","background-type":"","background-media":"","overlay-type":"","overlay-color":"","overlay-opacity":"","overlay-gradient":""}}},"product_brand":[],"product_cat":[167],"product_tag":[737],"class_list":{"0":"post-89725","1":"product","2":"type-product","3":"status-publish","4":"has-post-thumbnail","6":"product_cat-clarificantes","7":"product_tag-vinho-terminado","8":"pa_ecologico-eu-autorizada","9":"pa_ecologico-nop-usda-autorizada","10":"pa_estilo-de-vino-branco","11":"pa_estilo-de-vino-rose-pt","12":"pa_estilo-de-vino-tinto-pt","13":"pa_objetivo-clarificacao","14":"pa_objetivo-estabilidade-da-cor","15":"pa_origen-animal-pt-pt","16":"desktop-align-left","17":"tablet-align-left","18":"mobile-align-left","20":"first","21":"instock","22":"virtual","23":"product-type-simple"},"acf":[],"_links":{"self":[{"href":"https:\/\/agrovin.com\/pt-pt\/wp-json\/wp\/v2\/product\/89725","targetHints":{"allow":["GET"]}}],"collection":[{"href":"https:\/\/agrovin.com\/pt-pt\/wp-json\/wp\/v2\/product"}],"about":[{"href":"https:\/\/agrovin.com\/pt-pt\/wp-json\/wp\/v2\/types\/product"}],"version-history":[{"count":0,"href":"https:\/\/agrovin.com\/pt-pt\/wp-json\/wp\/v2\/product\/89725\/revisions"}],"wp:featuredmedia":[{"embeddable":true,"href":"https:\/\/agrovin.com\/pt-pt\/wp-json\/wp\/v2\/media\/21371"}],"wp:attachment":[{"href":"https:\/\/agrovin.com\/pt-pt\/wp-json\/wp\/v2\/media?parent=89725"}],"wp:term":[{"taxonomy":"product_brand","embeddable":true,"href":"https:\/\/agrovin.com\/pt-pt\/wp-json\/wp\/v2\/product_brand?post=89725"},{"taxonomy":"product_cat","embeddable":true,"href":"https:\/\/agrovin.com\/pt-pt\/wp-json\/wp\/v2\/product_cat?post=89725"},{"taxonomy":"product_tag","embeddable":true,"href":"https:\/\/agrovin.com\/pt-pt\/wp-json\/wp\/v2\/product_tag?post=89725"}],"curies":[{"name":"wp","href":"https:\/\/api.w.org\/{rel}","templated":true}]}}