{"id":89700,"date":"2018-04-18T08:14:59","date_gmt":"2022-11-04T17:02:03","guid":{"rendered":"https:\/\/staging.agrovin.com\/sem%20categoria\/vynigel-de-cristal\/"},"modified":"2022-11-05T18:46:13","modified_gmt":"2022-11-05T17:46:13","slug":"vinigel-cristal","status":"publish","type":"product","link":"https:\/\/agrovin.com\/pt-pt\/produtos-enologia\/flotacao-produtos-enologia\/vinigel-cristal\/","title":{"rendered":"VINIGEL CRISTAL"},"content":{"rendered":"<h3>CARACTER\u00cdSTICAS<\/h3>\n<p>Excelente ac\u00e7\u00e3o finalizadora, equilibrando eficazmente a estrutura polifen\u00f3lica, cuidando da estrutura do vinho. O vinho conserva o seu potencial de envelhecimento e as suas qualidades arom\u00e1ticas. A sua forma l\u00edquida torna-o f\u00e1cil de usar. Devido ao seu baixo grau de hidr\u00f3lise, n\u00e3o produz sobredimensionamento.<\/p>\n<h3>CANDIDATURA<\/h3>\n<p>Clarifica\u00e7\u00e3o de vinhos tintos estruturados com elevada carga polifen\u00f3lica, vinhos tintos envelhecidos e vinhos brancos e ros\u00e9s. A sua aplica\u00e7\u00e3o \u00e9 apropriada para vinhos de gama alta, onde o respeito pela express\u00e3o varietal \u00e9 essencial durante os tratamentos de finura. Adequado para flutua\u00e7\u00e3o de mosto<\/p>\n<h3>DOSAGEM<\/h3>\n<div class=\"page\" title=\"P\u00e1gina 1\">\n<div class=\"section\">\n<div class=\"layoutArea\">\n<div class=\"column\">\n<p>Must\/wine 50-250 ml\/hl<\/p>\n<\/div>\n<\/div>\n<\/div>\n<\/div>\n","protected":false},"excerpt":{"rendered":"<p>Vinigel CRISTAL \u00e9 uma gelatina l\u00edquida purificada e ligeiramente hidrolisada obtida a partir de subst\u00e2ncias de colag\u00e9nio.<\/p>\n","protected":false},"featured_media":21820,"template":"","meta":{"_acf_changed":false,"inline_featured_image":false,"site-sidebar-layout":"default","site-content-layout":"default","ast-site-content-layout":"default","site-content-style":"default","site-sidebar-style":"default","ast-global-header-display":"","ast-banner-title-visibility":"","ast-main-header-display":"","ast-hfb-above-header-display":"","ast-hfb-below-header-display":"","ast-hfb-mobile-header-display":"","site-post-title":"","ast-breadcrumbs-content":"","ast-featured-img":"","footer-sml-layout":"","ast-disable-related-posts":"","theme-transparent-header-meta":"default","adv-header-id-meta":"","stick-header-meta":"","header-above-stick-meta":"","header-main-stick-meta":"","header-below-stick-meta":"","astra-migrate-meta-layouts":"default","ast-page-background-enabled":"default","ast-page-background-meta":{"desktop":{"background-color":"var(--ast-global-color-5)","background-image":"","background-repeat":"repeat","background-position":"center center","background-size":"auto","background-attachment":"scroll","background-type":"","background-media":"","overlay-type":"","overlay-color":"","overlay-opacity":"","overlay-gradient":""},"tablet":{"background-color":"","background-image":"","background-repeat":"repeat","background-position":"center center","background-size":"auto","background-attachment":"scroll","background-type":"","background-media":"","overlay-type":"","overlay-color":"","overlay-opacity":"","overlay-gradient":""},"mobile":{"background-color":"","background-image":"","background-repeat":"repeat","background-position":"center center","background-size":"auto","background-attachment":"scroll","background-type":"","background-media":"","overlay-type":"","overlay-color":"","overlay-opacity":"","overlay-gradient":""}},"ast-content-background-meta":{"desktop":{"background-color":"var(--ast-global-color-4)","background-image":"","background-repeat":"repeat","background-position":"center center","background-size":"auto","background-attachment":"scroll","background-type":"","background-media":"","overlay-type":"","overlay-color":"","overlay-opacity":"","overlay-gradient":""},"tablet":{"background-color":"var(--ast-global-color-4)","background-image":"","background-repeat":"repeat","background-position":"center center","background-size":"auto","background-attachment":"scroll","background-type":"","background-media":"","overlay-type":"","overlay-color":"","overlay-opacity":"","overlay-gradient":""},"mobile":{"background-color":"var(--ast-global-color-4)","background-image":"","background-repeat":"repeat","background-position":"center center","background-size":"auto","background-attachment":"scroll","background-type":"","background-media":"","overlay-type":"","overlay-color":"","overlay-opacity":"","overlay-gradient":""}}},"product_brand":[],"product_cat":[167,686],"product_tag":[862,500,737],"class_list":{"0":"post-89700","1":"product","2":"type-product","3":"status-publish","4":"has-post-thumbnail","6":"product_cat-clarificantes","7":"product_cat-flotacao-produtos-enologia","8":"product_tag-livre-de-alergenios-pt-pt","9":"product_tag-mosto-pt-pt","10":"product_tag-vinho-terminado","11":"pa_aplicacion-uva-e-mosto-pt","12":"pa_ecologico-eu-autorizada","13":"pa_ecologico-nop-usda-autorizada","14":"pa_estilo-de-vino-barrica","15":"pa_estilo-de-vino-branco","16":"pa_estilo-de-vino-rose-pt","17":"pa_estilo-de-vino-tinto-pt","18":"pa_objetivo-clarificacao","19":"pa_objetivo-estabilidade-da-cor","20":"pa_origen-animal-pt-pt","21":"pa_tipo-livre-alergenios","22":"desktop-align-left","23":"tablet-align-left","24":"mobile-align-left","26":"first","27":"instock","28":"virtual","29":"product-type-simple"},"acf":[],"_links":{"self":[{"href":"https:\/\/agrovin.com\/pt-pt\/wp-json\/wp\/v2\/product\/89700","targetHints":{"allow":["GET"]}}],"collection":[{"href":"https:\/\/agrovin.com\/pt-pt\/wp-json\/wp\/v2\/product"}],"about":[{"href":"https:\/\/agrovin.com\/pt-pt\/wp-json\/wp\/v2\/types\/product"}],"version-history":[{"count":0,"href":"https:\/\/agrovin.com\/pt-pt\/wp-json\/wp\/v2\/product\/89700\/revisions"}],"wp:featuredmedia":[{"embeddable":true,"href":"https:\/\/agrovin.com\/pt-pt\/wp-json\/wp\/v2\/media\/21820"}],"wp:attachment":[{"href":"https:\/\/agrovin.com\/pt-pt\/wp-json\/wp\/v2\/media?parent=89700"}],"wp:term":[{"taxonomy":"product_brand","embeddable":true,"href":"https:\/\/agrovin.com\/pt-pt\/wp-json\/wp\/v2\/product_brand?post=89700"},{"taxonomy":"product_cat","embeddable":true,"href":"https:\/\/agrovin.com\/pt-pt\/wp-json\/wp\/v2\/product_cat?post=89700"},{"taxonomy":"product_tag","embeddable":true,"href":"https:\/\/agrovin.com\/pt-pt\/wp-json\/wp\/v2\/product_tag?post=89700"}],"curies":[{"name":"wp","href":"https:\/\/api.w.org\/{rel}","templated":true}]}}