{"id":89675,"date":"2018-04-12T15:44:41","date_gmt":"2022-11-04T17:01:19","guid":{"rendered":"https:\/\/staging.agrovin.com\/sem%20categoria\/tanicol-vintage\/"},"modified":"2024-10-28T23:34:10","modified_gmt":"2024-10-28T21:34:10","slug":"tanicol-vintage","status":"publish","type":"product","link":"https:\/\/agrovin.com\/pt-pt\/produtos-enologia\/taninos\/tanicol-vintage\/","title":{"rendered":"TANICOL VINTAGE"},"content":{"rendered":"<h3>CANDIDATURA<\/h3>\n<p>Na vinifica\u00e7\u00e3o:<\/p>\n<ul>\n<li>O tanino de uva que cont\u00e9m torna-o particularmente reactivo com antocianinas.<\/li>\n<li>Combina\u00e7\u00e3o inicial com as antocianinas libertadas na primeira fase de macera\u00e7\u00e3o (fase aquosa). Evita o desvanecimento da cor e consegue-se uma melhor evolu\u00e7\u00e3o ao longo do tempo.<\/li>\n<\/ul>\n<p>No descube:<\/p>\n<ul>\n<li>Aumenta o conte\u00fado de tanino condensado das uvas, favorecendo uma propor\u00e7\u00e3o equilibrada de antocianos e taninos.<\/li>\n<li>D\u00e1 a estrutura do vinho de uma forma integrada e equilibrada.<\/li>\n<li>Aumento do perfil arom\u00e1tico do vinho.<\/li>\n<\/ul>\n<h3>DOSAGEM<\/h3>\n<div class=\"page\" title=\"P\u00e1gina 1\">\n<div class=\"layoutArea\">\n<div class=\"column\">\n<p>Vinhos ros\u00e9 10-20 g\/hl<\/p>\n<\/div>\n<\/div>\n<div class=\"layoutArea\">\n<div class=\"column\">\n<p><span style=\"font-size: 16px;\">Vinhos tintos 10-40 g\/hl<\/span><\/p>\n<\/div>\n<\/div>\n<\/div>\n","protected":false},"excerpt":{"rendered":"<p>Tanino condensado de semente de uva com grande efeito na estabilidade da cor devido \u00e0 sua alta reactividade e capacidade de combina\u00e7\u00e3o com antocianinas. Aumenta o potencial fen\u00f3lico do vinho, proporcionando grande robustez e estrutura. Excelente na devo\u00e7\u00e3o onde aumenta o aroma dos vinhos, marcando as caracter\u00edsticas varietais.<\/p>\n","protected":false},"featured_media":23795,"template":"","meta":{"_acf_changed":false,"inline_featured_image":false,"site-sidebar-layout":"default","site-content-layout":"default","ast-site-content-layout":"default","site-content-style":"default","site-sidebar-style":"default","ast-global-header-display":"","ast-banner-title-visibility":"","ast-main-header-display":"","ast-hfb-above-header-display":"","ast-hfb-below-header-display":"","ast-hfb-mobile-header-display":"","site-post-title":"","ast-breadcrumbs-content":"","ast-featured-img":"","footer-sml-layout":"","ast-disable-related-posts":"","theme-transparent-header-meta":"default","adv-header-id-meta":"","stick-header-meta":"","header-above-stick-meta":"","header-main-stick-meta":"","header-below-stick-meta":"","astra-migrate-meta-layouts":"set","ast-page-background-enabled":"default","ast-page-background-meta":{"desktop":{"background-color":"var(--ast-global-color-5)","background-image":"","background-repeat":"repeat","background-position":"center center","background-size":"auto","background-attachment":"scroll","background-type":"","background-media":"","overlay-type":"","overlay-color":"","overlay-opacity":"","overlay-gradient":""},"tablet":{"background-color":"","background-image":"","background-repeat":"repeat","background-position":"center center","background-size":"auto","background-attachment":"scroll","background-type":"","background-media":"","overlay-type":"","overlay-color":"","overlay-opacity":"","overlay-gradient":""},"mobile":{"background-color":"","background-image":"","background-repeat":"repeat","background-position":"center center","background-size":"auto","background-attachment":"scroll","background-type":"","background-media":"","overlay-type":"","overlay-color":"","overlay-opacity":"","overlay-gradient":""}},"ast-content-background-meta":{"desktop":{"background-color":"var(--ast-global-color-4)","background-image":"","background-repeat":"repeat","background-position":"center center","background-size":"auto","background-attachment":"scroll","background-type":"","background-media":"","overlay-type":"","overlay-color":"","overlay-opacity":"","overlay-gradient":""},"tablet":{"background-color":"var(--ast-global-color-4)","background-image":"","background-repeat":"repeat","background-position":"center center","background-size":"auto","background-attachment":"scroll","background-type":"","background-media":"","overlay-type":"","overlay-color":"","overlay-opacity":"","overlay-gradient":""},"mobile":{"background-color":"var(--ast-global-color-4)","background-image":"","background-repeat":"repeat","background-position":"center center","background-size":"auto","background-attachment":"scroll","background-type":"","background-media":"","overlay-type":"","overlay-color":"","overlay-opacity":"","overlay-gradient":""}}},"product_brand":[],"product_cat":[225],"product_tag":[828,840],"class_list":{"0":"post-89675","1":"product","2":"type-product","3":"status-publish","4":"has-post-thumbnail","6":"product_cat-taninos","7":"product_tag-taninos-antioxidantes-pt-pt","8":"product_tag-taninos-de-uva-pt-pt","9":"pa_aplicacion-fa-e-fml-pt","10":"pa_ecologico-eu-autorizada","11":"pa_ecologico-nop-usda-autorizada","12":"pa_estilo-de-vino-tinto-pt","13":"pa_objetivo-aumento-dos-aromas-de-frutas","14":"pa_objetivo-melhoramento-sensorial","15":"pa_objetivo-refinado","16":"pa_vegano-vegan-pt-pt","17":"desktop-align-left","18":"tablet-align-left","19":"mobile-align-left","21":"first","22":"instock","23":"virtual","24":"product-type-simple"},"acf":[],"_links":{"self":[{"href":"https:\/\/agrovin.com\/pt-pt\/wp-json\/wp\/v2\/product\/89675","targetHints":{"allow":["GET"]}}],"collection":[{"href":"https:\/\/agrovin.com\/pt-pt\/wp-json\/wp\/v2\/product"}],"about":[{"href":"https:\/\/agrovin.com\/pt-pt\/wp-json\/wp\/v2\/types\/product"}],"version-history":[{"count":1,"href":"https:\/\/agrovin.com\/pt-pt\/wp-json\/wp\/v2\/product\/89675\/revisions"}],"predecessor-version":[{"id":116876,"href":"https:\/\/agrovin.com\/pt-pt\/wp-json\/wp\/v2\/product\/89675\/revisions\/116876"}],"wp:featuredmedia":[{"embeddable":true,"href":"https:\/\/agrovin.com\/pt-pt\/wp-json\/wp\/v2\/media\/23795"}],"wp:attachment":[{"href":"https:\/\/agrovin.com\/pt-pt\/wp-json\/wp\/v2\/media?parent=89675"}],"wp:term":[{"taxonomy":"product_brand","embeddable":true,"href":"https:\/\/agrovin.com\/pt-pt\/wp-json\/wp\/v2\/product_brand?post=89675"},{"taxonomy":"product_cat","embeddable":true,"href":"https:\/\/agrovin.com\/pt-pt\/wp-json\/wp\/v2\/product_cat?post=89675"},{"taxonomy":"product_tag","embeddable":true,"href":"https:\/\/agrovin.com\/pt-pt\/wp-json\/wp\/v2\/product_tag?post=89675"}],"curies":[{"name":"wp","href":"https:\/\/api.w.org\/{rel}","templated":true}]}}