{"id":89655,"date":"2018-04-12T11:32:26","date_gmt":"2022-11-04T17:00:46","guid":{"rendered":"https:\/\/staging.agrovin.com\/sem%20categoria\/gomasol-optima\/"},"modified":"2024-04-23T22:16:08","modified_gmt":"2024-04-23T21:16:08","slug":"gomasol-optima","status":"publish","type":"product","link":"https:\/\/agrovin.com\/pt-pt\/produtos-enologia\/estabilizantes\/gomasol-optima\/","title":{"rendered":"GOMASOL \u00d3PTIMA"},"content":{"rendered":"<h3>CARACTER\u00cdSTICAS<\/h3>\n<ul>\n<li>Especialmente formulado para proporcionar protec\u00e7\u00e3o de largo espectro. Por um lado, contribui para a estabilidade tart\u00e1rica do vinho, oferecendo ao mesmo tempo uma boa protec\u00e7\u00e3o para a mat\u00e9ria corante.<\/li>\n<li>Gomasol \u00d3PTIMA aumenta as sensa\u00e7\u00f5es de corpo e suavidade na boca, respeitando as caracter\u00edsticas arom\u00e1ticas do vinho.<\/li>\n<li>Prov\u00e9m da selec\u00e7\u00e3o rigorosa das melhores mat\u00e9rias-primas, e \u00e9 obtida atrav\u00e9s de um processo de produ\u00e7\u00e3o natural, sem adi\u00e7\u00e3o de agentes qu\u00edmicos, por solubiliza\u00e7\u00e3o e purifica\u00e7\u00e3o, cujo objectivo \u00e9 manter praticamente intactas as dimens\u00f5es e a estrutura da goma.<\/li>\n<li>Gomasol \u00d3PTIMA. Tem uma baixa taxa de entupimento.<\/li>\n<\/ul>\n<h3>CANDIDATURA<\/h3>\n<p>Utilizado em vinhos tintos, ros\u00e9s ou brancos onde se procura estabilidade geral.<\/p>\n<h3>DOSAGEM<\/h3>\n<div class=\"page\" title=\"P\u00e1gina 2\">\n<div class=\"layoutArea\">\n<div class=\"column\">\n<p>VINHOS JOVENS: 100-200 ml\/hl<\/p>\n<p>VINHOS MAIS VELHOS DO QUE UM ANO: 70-100 ml\/hl<\/p>\n<\/div>\n<\/div>\n<\/div>\n","protected":false},"excerpt":{"rendered":"<p>Gomasol \u00d3PTIMA \u00e9 uma solu\u00e7\u00e3o concentrada de goma ar\u00e1bica natural, purificada e pronta a usar, que visa a estabilidade coloidal.<\/p>\n","protected":false},"featured_media":22218,"template":"","meta":{"_acf_changed":false,"inline_featured_image":false,"site-sidebar-layout":"default","site-content-layout":"default","ast-site-content-layout":"default","site-content-style":"default","site-sidebar-style":"default","ast-global-header-display":"","ast-banner-title-visibility":"","ast-main-header-display":"","ast-hfb-above-header-display":"","ast-hfb-below-header-display":"","ast-hfb-mobile-header-display":"","site-post-title":"","ast-breadcrumbs-content":"","ast-featured-img":"","footer-sml-layout":"","ast-disable-related-posts":"","theme-transparent-header-meta":"default","adv-header-id-meta":"","stick-header-meta":"","header-above-stick-meta":"","header-main-stick-meta":"","header-below-stick-meta":"","astra-migrate-meta-layouts":"default","ast-page-background-enabled":"default","ast-page-background-meta":{"desktop":{"background-color":"var(--ast-global-color-5)","background-image":"","background-repeat":"repeat","background-position":"center center","background-size":"auto","background-attachment":"scroll","background-type":"","background-media":"","overlay-type":"","overlay-color":"","overlay-opacity":"","overlay-gradient":""},"tablet":{"background-color":"","background-image":"","background-repeat":"repeat","background-position":"center center","background-size":"auto","background-attachment":"scroll","background-type":"","background-media":"","overlay-type":"","overlay-color":"","overlay-opacity":"","overlay-gradient":""},"mobile":{"background-color":"","background-image":"","background-repeat":"repeat","background-position":"center center","background-size":"auto","background-attachment":"scroll","background-type":"","background-media":"","overlay-type":"","overlay-color":"","overlay-opacity":"","overlay-gradient":""}},"ast-content-background-meta":{"desktop":{"background-color":"var(--ast-global-color-4)","background-image":"","background-repeat":"repeat","background-position":"center center","background-size":"auto","background-attachment":"scroll","background-type":"","background-media":"","overlay-type":"","overlay-color":"","overlay-opacity":"","overlay-gradient":""},"tablet":{"background-color":"var(--ast-global-color-4)","background-image":"","background-repeat":"repeat","background-position":"center center","background-size":"auto","background-attachment":"scroll","background-type":"","background-media":"","overlay-type":"","overlay-color":"","overlay-opacity":"","overlay-gradient":""},"mobile":{"background-color":"var(--ast-global-color-4)","background-image":"","background-repeat":"repeat","background-position":"center center","background-size":"auto","background-attachment":"scroll","background-type":"","background-media":"","overlay-type":"","overlay-color":"","overlay-opacity":"","overlay-gradient":""}}},"product_brand":[],"product_cat":[182],"product_tag":[804],"class_list":{"0":"post-89655","1":"product","2":"type-product","3":"status-publish","4":"has-post-thumbnail","6":"product_cat-estabilizantes","7":"product_tag-estabilidade-coloidal","8":"pa_ecologico-eu-autorizada","9":"pa_ecologico-nop-usda-autorizada","10":"pa_estilo-de-vino-barrica","11":"pa_estilo-de-vino-branco","12":"pa_estilo-de-vino-espumante","13":"pa_estilo-de-vino-rose-pt","14":"pa_estilo-de-vino-tinto-pt","15":"pa_objetivo-estabilizacao","16":"pa_objetivo-melhoramento-sensorial","17":"pa_objetivo-refinado","18":"pa_vegano-vegan-pt-pt","19":"desktop-align-left","20":"tablet-align-left","21":"mobile-align-left","23":"first","24":"instock","25":"virtual","26":"product-type-simple"},"acf":[],"_links":{"self":[{"href":"https:\/\/agrovin.com\/pt-pt\/wp-json\/wp\/v2\/product\/89655","targetHints":{"allow":["GET"]}}],"collection":[{"href":"https:\/\/agrovin.com\/pt-pt\/wp-json\/wp\/v2\/product"}],"about":[{"href":"https:\/\/agrovin.com\/pt-pt\/wp-json\/wp\/v2\/types\/product"}],"version-history":[{"count":0,"href":"https:\/\/agrovin.com\/pt-pt\/wp-json\/wp\/v2\/product\/89655\/revisions"}],"wp:featuredmedia":[{"embeddable":true,"href":"https:\/\/agrovin.com\/pt-pt\/wp-json\/wp\/v2\/media\/22218"}],"wp:attachment":[{"href":"https:\/\/agrovin.com\/pt-pt\/wp-json\/wp\/v2\/media?parent=89655"}],"wp:term":[{"taxonomy":"product_brand","embeddable":true,"href":"https:\/\/agrovin.com\/pt-pt\/wp-json\/wp\/v2\/product_brand?post=89655"},{"taxonomy":"product_cat","embeddable":true,"href":"https:\/\/agrovin.com\/pt-pt\/wp-json\/wp\/v2\/product_cat?post=89655"},{"taxonomy":"product_tag","embeddable":true,"href":"https:\/\/agrovin.com\/pt-pt\/wp-json\/wp\/v2\/product_tag?post=89655"}],"curies":[{"name":"wp","href":"https:\/\/api.w.org\/{rel}","templated":true}]}}