{"id":89635,"date":"2018-03-28T14:50:35","date_gmt":"2022-11-04T17:00:15","guid":{"rendered":"https:\/\/staging.agrovin.com\/sem%20categoria\/actimax-xl\/"},"modified":"2022-11-06T09:38:03","modified_gmt":"2022-11-06T08:38:03","slug":"actimax-xl","status":"publish","type":"product","link":"https:\/\/agrovin.com\/pt-pt\/produtos-enologia\/nutrientes\/actimax-xl\/","title":{"rendered":"ACTIMAX XL"},"content":{"rendered":"<h3>CARACTER\u00cdSTICAS<\/h3>\n<p>A sua adi\u00e7\u00e3o ao mosto aumenta o azoto facilmente assimil\u00e1vel, assegurando o complemento ideal em azoto org\u00e2nico e inorg\u00e2nico, melhorando significativamente as condi\u00e7\u00f5es m\u00e9dias para o r\u00e1pido desenvolvimento das leveduras, encurtando a fase de dorm\u00eancia e assegurando a preval\u00eancia da estirpe inoculada contra a popula\u00e7\u00e3o ind\u00edgena.<\/p>\n<p>Previne o aparecimento de defeitos sensoriais associados a defici\u00eancias de nutrientes, tais como problemas de redu\u00e7\u00e3o: SH2 e derivados. Diminui a produ\u00e7\u00e3o de acidez vol\u00e1til. Melhora o conte\u00fado de \u00e9steres arom\u00e1ticos.<\/p>\n<p>As leveduras inactivas tamb\u00e9m fornecem ester\u00f3is e \u00e1cidos gordos de cadeia longa, elementos de resist\u00eancia celular. Tamb\u00e9m protegem as pr\u00f3prias leveduras ligando inibidores t\u00f3xicos tais como \u00e1cidos gordos C8-C12 ou res\u00edduos de pesticidas.<\/p>\n<p>O fornecimento de azoto am\u00f3nio com Actimax XL \u00e9 exclusivamente sob a forma de fosfato de am\u00f3nio.<\/p>\n<h3>CANDIDATURA<\/h3>\n<p>Actimax XL foi concebido para assegurar a m\u00e1xima efic\u00e1cia nutricional em recipientes de grande volume.<\/p>\n<ul>\n<li>Fornece apoio celular durante a fermenta\u00e7\u00e3o, fermenta\u00e7\u00f5es mais homog\u00e9neas e regulares.<\/li>\n<li>Alta capacidade de absor\u00e7\u00e3o de compostos t\u00f3xicos de todos os tipos (pesticidas, toxinas f\u00fangicas) e \u00e1cidos gordos de cadeia curta gerados em fermenta\u00e7\u00f5es com baixa ou nenhuma aera\u00e7\u00e3o.<\/li>\n<li>Ao regular a cin\u00e9tica de fermenta\u00e7\u00e3o e ao fornecer elementos essenciais que s\u00e3o essenciais para fermenta\u00e7\u00f5es de grande volume (\u00e1cidos gordos de cadeia longa, ergosterol), previne e combate fermenta\u00e7\u00f5es presas e fermenta\u00e7\u00f5es lentas.<\/li>\n<\/ul>\n<h3>DOSAGEM<\/h3>\n<div class=\"page\" title=\"P\u00e1gina 2\">\n<div class=\"layoutArea\">\n<div class=\"column\">\n<p>Condi\u00e7\u00f5es normais de fermenta\u00e7\u00e3o : 10-20 g\/hl<\/p>\n<p>Condi\u00e7\u00f5es dif\u00edceis: 20-30 g\/hl<\/p>\n<p>Uso curativo: paragens de fermenta\u00e7\u00e3o: <span style=\"font-size: 16px;\">30-40 g\/hl<\/span><\/p>\n<\/div>\n<\/div>\n<\/div>\n","protected":false},"excerpt":{"rendered":"<p>Actimax XL \u00e9 um activador da fermenta\u00e7\u00e3o alco\u00f3lica formulado para fermenta\u00e7\u00f5es \u00f3ptimas em tanques de grande capacidade. Incorpora celulose para melhorar a dispers\u00e3o celular e a compacta\u00e7\u00e3o das borras.<\/p>\n","protected":false},"featured_media":42598,"template":"","meta":{"_acf_changed":false,"inline_featured_image":false,"site-sidebar-layout":"default","site-content-layout":"default","ast-site-content-layout":"default","site-content-style":"default","site-sidebar-style":"default","ast-global-header-display":"","ast-banner-title-visibility":"","ast-main-header-display":"","ast-hfb-above-header-display":"","ast-hfb-below-header-display":"","ast-hfb-mobile-header-display":"","site-post-title":"","ast-breadcrumbs-content":"","ast-featured-img":"","footer-sml-layout":"","ast-disable-related-posts":"","theme-transparent-header-meta":"default","adv-header-id-meta":"","stick-header-meta":"","header-above-stick-meta":"","header-main-stick-meta":"","header-below-stick-meta":"","astra-migrate-meta-layouts":"default","ast-page-background-enabled":"default","ast-page-background-meta":{"desktop":{"background-color":"var(--ast-global-color-5)","background-image":"","background-repeat":"repeat","background-position":"center center","background-size":"auto","background-attachment":"scroll","background-type":"","background-media":"","overlay-type":"","overlay-color":"","overlay-opacity":"","overlay-gradient":""},"tablet":{"background-color":"","background-image":"","background-repeat":"repeat","background-position":"center center","background-size":"auto","background-attachment":"scroll","background-type":"","background-media":"","overlay-type":"","overlay-color":"","overlay-opacity":"","overlay-gradient":""},"mobile":{"background-color":"","background-image":"","background-repeat":"repeat","background-position":"center center","background-size":"auto","background-attachment":"scroll","background-type":"","background-media":"","overlay-type":"","overlay-color":"","overlay-opacity":"","overlay-gradient":""}},"ast-content-background-meta":{"desktop":{"background-color":"var(--ast-global-color-4)","background-image":"","background-repeat":"repeat","background-position":"center center","background-size":"auto","background-attachment":"scroll","background-type":"","background-media":"","overlay-type":"","overlay-color":"","overlay-opacity":"","overlay-gradient":""},"tablet":{"background-color":"var(--ast-global-color-4)","background-image":"","background-repeat":"repeat","background-position":"center center","background-size":"auto","background-attachment":"scroll","background-type":"","background-media":"","overlay-type":"","overlay-color":"","overlay-opacity":"","overlay-gradient":""},"mobile":{"background-color":"var(--ast-global-color-4)","background-image":"","background-repeat":"repeat","background-position":"center center","background-size":"auto","background-attachment":"scroll","background-type":"","background-media":"","overlay-type":"","overlay-color":"","overlay-opacity":"","overlay-gradient":""}}},"product_brand":[],"product_cat":[212],"product_tag":[298],"class_list":{"0":"post-89635","1":"product","2":"type-product","3":"status-publish","4":"has-post-thumbnail","6":"product_cat-nutrientes","7":"product_tag-nutrientes-combinados","8":"pa_aplicacion-fa-e-fml-pt","9":"pa_composicion-complexo","10":"pa_ecologico-eu-autorizada","11":"pa_estilo-de-vino-branco","12":"pa_estilo-de-vino-espumante","13":"pa_estilo-de-vino-rose-pt","14":"pa_vegano-vegan-pt-pt","15":"desktop-align-left","16":"tablet-align-left","17":"mobile-align-left","19":"first","20":"instock","21":"virtual","22":"product-type-simple"},"acf":[],"_links":{"self":[{"href":"https:\/\/agrovin.com\/pt-pt\/wp-json\/wp\/v2\/product\/89635","targetHints":{"allow":["GET"]}}],"collection":[{"href":"https:\/\/agrovin.com\/pt-pt\/wp-json\/wp\/v2\/product"}],"about":[{"href":"https:\/\/agrovin.com\/pt-pt\/wp-json\/wp\/v2\/types\/product"}],"version-history":[{"count":0,"href":"https:\/\/agrovin.com\/pt-pt\/wp-json\/wp\/v2\/product\/89635\/revisions"}],"wp:featuredmedia":[{"embeddable":true,"href":"https:\/\/agrovin.com\/pt-pt\/wp-json\/wp\/v2\/media\/42598"}],"wp:attachment":[{"href":"https:\/\/agrovin.com\/pt-pt\/wp-json\/wp\/v2\/media?parent=89635"}],"wp:term":[{"taxonomy":"product_brand","embeddable":true,"href":"https:\/\/agrovin.com\/pt-pt\/wp-json\/wp\/v2\/product_brand?post=89635"},{"taxonomy":"product_cat","embeddable":true,"href":"https:\/\/agrovin.com\/pt-pt\/wp-json\/wp\/v2\/product_cat?post=89635"},{"taxonomy":"product_tag","embeddable":true,"href":"https:\/\/agrovin.com\/pt-pt\/wp-json\/wp\/v2\/product_tag?post=89635"}],"curies":[{"name":"wp","href":"https:\/\/api.w.org\/{rel}","templated":true}]}}