{"id":89630,"date":"2018-03-07T16:40:26","date_gmt":"2022-11-04T17:00:06","guid":{"rendered":"https:\/\/staging.agrovin.com\/sem%20categoria\/bicarbonato-de-potassio\/"},"modified":"2023-03-06T17:50:34","modified_gmt":"2023-03-06T16:50:34","slug":"bicarbonato-de-potassio","status":"publish","type":"product","link":"https:\/\/agrovin.com\/pt-pt\/produtos-enologia\/acidificantes-desacidificantes\/bicarbonato-de-potassio\/","title":{"rendered":"BICARBONATO DE POT\u00c1SSIO"},"content":{"rendered":"<h3>CANDIDATURA<\/h3>\n<ul>\n<li>Na colheita, como um desacidificador obrigat\u00f3rio.<\/li>\n<li>Em vinhos brancos, ros\u00e9s e tintos para correc\u00e7\u00e3o da acidez durante o processo de vinifica\u00e7\u00e3o.<\/li>\n<\/ul>\n<h3>DOSAGEM<\/h3>\n<ul>\n<li>Deve\/vinho 0,2 &#8211; 1 g\/.<\/li>\n<\/ul>\n<p>A desacidifica\u00e7\u00e3o m\u00e1xima permitida nos vinhos \u00e9 de 1 g\/l expressa em \u00e1cido tart\u00e1rico, o que corresponde a uma dose de 1,3 g\/l de bicarbonato de pot\u00e1ssio.<br \/>\nEste produto pode ser sujeito a declara\u00e7\u00e3o.<\/p>\n<p>Notas:<br \/>\n<strong>1. <\/strong>O bicarbonato de pot\u00e1ssio reage exclusivamente com \u00e1cido tart\u00e1rico para formar o bitartrato de pot\u00e1ssio.<br \/>\nAp\u00f3s a estabiliza\u00e7\u00e3o a frio precipita-se, o que resulta numa nova diminui\u00e7\u00e3o da acidez total.<\/p>\n<p><strong>2.<\/strong> Nos casos em que \u00e9 aplicado antes do engarrafamento, aguardar 4-6 semanas antes de ser engarrafado.<\/p>\n<p>&nbsp;<\/p>\n<p>&nbsp;<\/p>\n","protected":false},"excerpt":{"rendered":"<p>O bicarbonato de pot\u00e1ssio (E-501) \u00e9 um agente desacidificante que modifica o pH atrav\u00e9s da redu\u00e7\u00e3o da acidez. Quando adicionado ao mosto ou vinho, reage com \u00e1cido tart\u00e1rico, produzindo bitartrato de pot\u00e1ssio, que \u00e9 efectivamente insolubilizado.<\/p>\n","protected":false},"featured_media":34384,"template":"","meta":{"_acf_changed":false,"inline_featured_image":false,"site-sidebar-layout":"default","site-content-layout":"default","ast-site-content-layout":"default","site-content-style":"default","site-sidebar-style":"default","ast-global-header-display":"","ast-banner-title-visibility":"","ast-main-header-display":"","ast-hfb-above-header-display":"","ast-hfb-below-header-display":"","ast-hfb-mobile-header-display":"","site-post-title":"","ast-breadcrumbs-content":"","ast-featured-img":"","footer-sml-layout":"","ast-disable-related-posts":"","theme-transparent-header-meta":"default","adv-header-id-meta":"","stick-header-meta":"","header-above-stick-meta":"","header-main-stick-meta":"","header-below-stick-meta":"","astra-migrate-meta-layouts":"default","ast-page-background-enabled":"default","ast-page-background-meta":{"desktop":{"background-color":"var(--ast-global-color-5)","background-image":"","background-repeat":"repeat","background-position":"center center","background-size":"auto","background-attachment":"scroll","background-type":"","background-media":"","overlay-type":"","overlay-color":"","overlay-opacity":"","overlay-gradient":""},"tablet":{"background-color":"","background-image":"","background-repeat":"repeat","background-position":"center center","background-size":"auto","background-attachment":"scroll","background-type":"","background-media":"","overlay-type":"","overlay-color":"","overlay-opacity":"","overlay-gradient":""},"mobile":{"background-color":"","background-image":"","background-repeat":"repeat","background-position":"center center","background-size":"auto","background-attachment":"scroll","background-type":"","background-media":"","overlay-type":"","overlay-color":"","overlay-opacity":"","overlay-gradient":""}},"ast-content-background-meta":{"desktop":{"background-color":"var(--ast-global-color-4)","background-image":"","background-repeat":"repeat","background-position":"center center","background-size":"auto","background-attachment":"scroll","background-type":"","background-media":"","overlay-type":"","overlay-color":"","overlay-opacity":"","overlay-gradient":""},"tablet":{"background-color":"var(--ast-global-color-4)","background-image":"","background-repeat":"repeat","background-position":"center center","background-size":"auto","background-attachment":"scroll","background-type":"","background-media":"","overlay-type":"","overlay-color":"","overlay-opacity":"","overlay-gradient":""},"mobile":{"background-color":"var(--ast-global-color-4)","background-image":"","background-repeat":"repeat","background-position":"center center","background-size":"auto","background-attachment":"scroll","background-type":"","background-media":"","overlay-type":"","overlay-color":"","overlay-opacity":"","overlay-gradient":""}}},"product_brand":[],"product_cat":[280],"product_tag":[455],"class_list":{"0":"post-89630","1":"product","2":"type-product","3":"status-publish","4":"has-post-thumbnail","6":"product_cat-acidificantes-desacidificantes","7":"product_tag-desacidificantes-pt-pt","8":"pa_vegano-vegan-pt-pt","9":"desktop-align-left","10":"tablet-align-left","11":"mobile-align-left","13":"first","14":"instock","15":"virtual","16":"product-type-simple"},"acf":[],"_links":{"self":[{"href":"https:\/\/agrovin.com\/pt-pt\/wp-json\/wp\/v2\/product\/89630","targetHints":{"allow":["GET"]}}],"collection":[{"href":"https:\/\/agrovin.com\/pt-pt\/wp-json\/wp\/v2\/product"}],"about":[{"href":"https:\/\/agrovin.com\/pt-pt\/wp-json\/wp\/v2\/types\/product"}],"version-history":[{"count":0,"href":"https:\/\/agrovin.com\/pt-pt\/wp-json\/wp\/v2\/product\/89630\/revisions"}],"wp:featuredmedia":[{"embeddable":true,"href":"https:\/\/agrovin.com\/pt-pt\/wp-json\/wp\/v2\/media\/34384"}],"wp:attachment":[{"href":"https:\/\/agrovin.com\/pt-pt\/wp-json\/wp\/v2\/media?parent=89630"}],"wp:term":[{"taxonomy":"product_brand","embeddable":true,"href":"https:\/\/agrovin.com\/pt-pt\/wp-json\/wp\/v2\/product_brand?post=89630"},{"taxonomy":"product_cat","embeddable":true,"href":"https:\/\/agrovin.com\/pt-pt\/wp-json\/wp\/v2\/product_cat?post=89630"},{"taxonomy":"product_tag","embeddable":true,"href":"https:\/\/agrovin.com\/pt-pt\/wp-json\/wp\/v2\/product_tag?post=89630"}],"curies":[{"name":"wp","href":"https:\/\/api.w.org\/{rel}","templated":true}]}}