{"id":89625,"date":"2018-03-28T14:41:18","date_gmt":"2022-11-04T16:59:58","guid":{"rendered":"https:\/\/staging.agrovin.com\/sem%20categoria\/actimax-corcell\/"},"modified":"2022-11-06T10:29:56","modified_gmt":"2022-11-06T09:29:56","slug":"actimax-corcell","status":"publish","type":"product","link":"https:\/\/agrovin.com\/pt-pt\/produtos-enologia\/nutrientes\/actimax-corcell\/","title":{"rendered":"ACTIMAX CORCELL"},"content":{"rendered":"<h3>CARACTER\u00cdSTICAS<\/h3>\n<p>Adsorve os principais inibidores da fermenta\u00e7\u00e3o alco\u00f3lica e malol\u00e1ctica: \u00e1cidos gordos de cadeia curta e m\u00e9dia (C6, C8, C10, C12), fungicidas e res\u00edduos fitossanit\u00e1rios, evitando as paragens de fermenta\u00e7\u00e3o.<\/p>\n<p>\u00c9 rico em manan\u00e3s e glucanos com uma capacidade de adsor\u00e7\u00e3o espec\u00edfica e um sabor neutro.<\/p>\n<p>Estimula a fermenta\u00e7\u00e3o alco\u00f3lica e malol\u00e1ctica, uma vez que \u00e9 rica em ester\u00f3is e cadeias de \u00e1cidos gordos insaturados: estas subst\u00e2ncias ajudam a regular a permeabilidade da membrana e promovem a fermenta\u00e7\u00e3o alco\u00f3lica.<\/p>\n<p>O teor de polissac\u00e1ridos melhora a estabilidade da cor e reduz a adstring\u00eancia e o amargor.<\/p>\n<h3>CANDIDATURA<\/h3>\n<p>\u00c9 utilizado o Actimax Corcell:<\/p>\n<ul>\n<li>Durante a fermenta\u00e7\u00e3o alco\u00f3lica: a viabilidade \u00e9 aumentada.<\/li>\n<li>Durante a fermenta\u00e7\u00e3o malol\u00e1ctica: a mortalidade celular \u00e9 reduzida pela inactiva\u00e7\u00e3o de subst\u00e2ncias inibit\u00f3rias (toxinas e polifen\u00f3is).<\/li>\n<li>Quando a fermenta\u00e7\u00e3o p\u00e1ra ou abranda: elimina os elementos t\u00f3xicos, favorecendo o restabelecimento da fermenta\u00e7\u00e3o*.<\/li>\n<li>Actimax Corcell n\u00e3o aumenta o conte\u00fado de NFA, por isso se a paragem da fermenta\u00e7\u00e3o for devida a uma defici\u00eancia de azoto, um elemento de azoto (Actipase; Actimax PLUS) deve ser adicionado em conjunto.<\/li>\n<\/ul>\n<h3>DOSAGEM<\/h3>\n<div class=\"page\" title=\"P\u00e1gina 2\">\n<div class=\"layoutArea\">\n<div class=\"column\">\n<p>Medida preventiva: <span style=\"font-size: 16px;\">20-40 g\/hl<\/span><\/p>\n<p>Medida de cura: Parar a fermenta\u00e7\u00e3o: <span style=\"font-size: 16px;\">40 g\/hl<\/span><\/p>\n<\/div>\n<\/div>\n<\/div>\n","protected":false},"excerpt":{"rendered":"<p>Actimax Corcell \u00e9 uma prepara\u00e7\u00e3o de parede 100% de levedura para utiliza\u00e7\u00e3o tanto em mosto como em vinho. \u00c9 capaz de exercer uma potente ac\u00e7\u00e3o contra os inibidores da fermenta\u00e7\u00e3o alco\u00f3lica e malol\u00e1ctica.<\/p>\n","protected":false},"featured_media":42592,"template":"","meta":{"_acf_changed":false,"inline_featured_image":false,"site-sidebar-layout":"default","site-content-layout":"default","ast-site-content-layout":"default","site-content-style":"default","site-sidebar-style":"default","ast-global-header-display":"","ast-banner-title-visibility":"","ast-main-header-display":"","ast-hfb-above-header-display":"","ast-hfb-below-header-display":"","ast-hfb-mobile-header-display":"","site-post-title":"","ast-breadcrumbs-content":"","ast-featured-img":"","footer-sml-layout":"","ast-disable-related-posts":"","theme-transparent-header-meta":"default","adv-header-id-meta":"","stick-header-meta":"","header-above-stick-meta":"","header-main-stick-meta":"","header-below-stick-meta":"","astra-migrate-meta-layouts":"default","ast-page-background-enabled":"default","ast-page-background-meta":{"desktop":{"background-color":"var(--ast-global-color-5)","background-image":"","background-repeat":"repeat","background-position":"center center","background-size":"auto","background-attachment":"scroll","background-type":"","background-media":"","overlay-type":"","overlay-color":"","overlay-opacity":"","overlay-gradient":""},"tablet":{"background-color":"","background-image":"","background-repeat":"repeat","background-position":"center center","background-size":"auto","background-attachment":"scroll","background-type":"","background-media":"","overlay-type":"","overlay-color":"","overlay-opacity":"","overlay-gradient":""},"mobile":{"background-color":"","background-image":"","background-repeat":"repeat","background-position":"center center","background-size":"auto","background-attachment":"scroll","background-type":"","background-media":"","overlay-type":"","overlay-color":"","overlay-opacity":"","overlay-gradient":""}},"ast-content-background-meta":{"desktop":{"background-color":"var(--ast-global-color-4)","background-image":"","background-repeat":"repeat","background-position":"center center","background-size":"auto","background-attachment":"scroll","background-type":"","background-media":"","overlay-type":"","overlay-color":"","overlay-opacity":"","overlay-gradient":""},"tablet":{"background-color":"var(--ast-global-color-4)","background-image":"","background-repeat":"repeat","background-position":"center center","background-size":"auto","background-attachment":"scroll","background-type":"","background-media":"","overlay-type":"","overlay-color":"","overlay-opacity":"","overlay-gradient":""},"mobile":{"background-color":"var(--ast-global-color-4)","background-image":"","background-repeat":"repeat","background-position":"center center","background-size":"auto","background-attachment":"scroll","background-type":"","background-media":"","overlay-type":"","overlay-color":"","overlay-opacity":"","overlay-gradient":""}}},"product_brand":[],"product_cat":[212],"product_tag":[2180],"class_list":{"0":"post-89625","1":"product","2":"type-product","3":"status-publish","4":"has-post-thumbnail","6":"product_cat-nutrientes","7":"product_tag-nutrientes-organicos-pt-pt-2","8":"pa_aplicacion-fa-e-fml-pt","9":"pa_composicion-organico-pt-pt","10":"pa_ecologico-eu-autorizada","11":"pa_ecologico-nop-usda-autorizada","12":"pa_estilo-de-vino-branco","13":"pa_estilo-de-vino-espumante","14":"pa_estilo-de-vino-rose-pt","15":"pa_estilo-de-vino-tinto-pt","16":"pa_vegano-vegan-pt-pt","17":"desktop-align-left","18":"tablet-align-left","19":"mobile-align-left","21":"first","22":"instock","23":"virtual","24":"product-type-simple"},"acf":[],"_links":{"self":[{"href":"https:\/\/agrovin.com\/pt-pt\/wp-json\/wp\/v2\/product\/89625","targetHints":{"allow":["GET"]}}],"collection":[{"href":"https:\/\/agrovin.com\/pt-pt\/wp-json\/wp\/v2\/product"}],"about":[{"href":"https:\/\/agrovin.com\/pt-pt\/wp-json\/wp\/v2\/types\/product"}],"version-history":[{"count":0,"href":"https:\/\/agrovin.com\/pt-pt\/wp-json\/wp\/v2\/product\/89625\/revisions"}],"wp:featuredmedia":[{"embeddable":true,"href":"https:\/\/agrovin.com\/pt-pt\/wp-json\/wp\/v2\/media\/42592"}],"wp:attachment":[{"href":"https:\/\/agrovin.com\/pt-pt\/wp-json\/wp\/v2\/media?parent=89625"}],"wp:term":[{"taxonomy":"product_brand","embeddable":true,"href":"https:\/\/agrovin.com\/pt-pt\/wp-json\/wp\/v2\/product_brand?post=89625"},{"taxonomy":"product_cat","embeddable":true,"href":"https:\/\/agrovin.com\/pt-pt\/wp-json\/wp\/v2\/product_cat?post=89625"},{"taxonomy":"product_tag","embeddable":true,"href":"https:\/\/agrovin.com\/pt-pt\/wp-json\/wp\/v2\/product_tag?post=89625"}],"curies":[{"name":"wp","href":"https:\/\/api.w.org\/{rel}","templated":true}]}}