{"id":89615,"date":"2018-03-28T14:47:12","date_gmt":"2022-11-04T16:59:41","guid":{"rendered":"https:\/\/staging.agrovin.com\/sem%20categoria\/actimax-plus\/"},"modified":"2022-11-06T09:53:45","modified_gmt":"2022-11-06T08:53:45","slug":"actimax-plus","status":"publish","type":"product","link":"https:\/\/agrovin.com\/pt-pt\/produtos-enologia\/nutrientes\/actimax-plus\/","title":{"rendered":"ACTIMAX PLUS"},"content":{"rendered":"<h3>CARACTER\u00cdSTICAS<\/h3>\n<p>A sua adi\u00e7\u00e3o ao mosto aumenta o azoto facilmente assimil\u00e1vel, assegurando o complemento ideal em azoto org\u00e2nico e inorg\u00e2nico, melhorando significativamente as condi\u00e7\u00f5es do meio para o r\u00e1pido desenvolvimento das leveduras. Os n\u00edveis aumentados de YAN apoiam a multiplica\u00e7\u00e3o de leveduras e asseguram a sua correcta actividade ao longo de todo o processo de fermenta\u00e7\u00e3o.<\/p>\n<p>Previne o aparecimento de defeitos sensoriais associados a defici\u00eancias de nutrientes, tais como problemas de redu\u00e7\u00e3o: SH2 e derivados. Diminui a produ\u00e7\u00e3o de acidez vol\u00e1til. Melhora o conte\u00fado de \u00e9steres arom\u00e1ticos.<\/p>\n<p>As leveduras inactivas tamb\u00e9m fornecem ester\u00f3is e \u00e1cidos gordos de cadeia longa, elementos de resist\u00eancia celular. Tamb\u00e9m protegem as pr\u00f3prias leveduras ligando inibidores t\u00f3xicos tais como \u00e1cidos gordos C8-C12 ou res\u00edduos de pesticidas.<\/p>\n<p>A tiamina \u00e9 um factor essencial de crescimento, cuja presen\u00e7a resulta numa elevada viabilidade nas fases iniciais da fermenta\u00e7\u00e3o.<\/p>\n<p>O fornecimento de azoto am\u00f3nio com Actimax Plus \u00e9 exclusivamente sob a forma de fosfato de am\u00f3nio.<\/p>\n<h3>CANDIDATURA<\/h3>\n<p>O Actimax Plus permite:<\/p>\n<ul>\n<li>Fermenta\u00e7\u00e3o em condi\u00e7\u00f5es dif\u00edceis a baixas temperaturas, bem como mostos com elevado teor alco\u00f3lico potencial ou mostos altamente clarificados.<\/li>\n<li>Evitar fermenta\u00e7\u00f5es presas e lentas. Combate a fermenta\u00e7\u00e3o presa.<\/li>\n<li>Adsorb potenciais toxinas inibidoras da fermenta\u00e7\u00e3o.<\/li>\n<li>\u00c9 especialmente recomendado para uvas com podrid\u00e3o ou de vindimas tardias, onde as car\u00eancias de azoto s\u00e3o mais importantes. \u00datil em caso de suspeita de res\u00edduos de pesticidas no mosto.<\/li>\n<\/ul>\n<h3>DOSAGEM<\/h3>\n<div class=\"page\" title=\"P\u00e1gina 2\">\n<div class=\"layoutArea\">\n<div class=\"column\">\n<p>Condi\u00e7\u00f5es normais de fermenta\u00e7\u00e3o: 10-20 g\/hl<\/p>\n<p>Condi\u00e7\u00f5es dif\u00edceis: 20-30 g\/hl<\/p>\n<p>Uso curativo: paragens de fermenta\u00e7\u00e3o: <span style=\"font-size: 16px;\">30-40 g\/hl<\/span><\/p>\n<\/div>\n<\/div>\n<\/div>\n","protected":false},"excerpt":{"rendered":"<p>Actimax Plus \u00e9 um activador da fermenta\u00e7\u00e3o alco\u00f3lica formulado com fosfato de am\u00f3nio, leveduras inactivadas e tiamina.<\/p>\n","protected":false},"featured_media":42562,"template":"","meta":{"_acf_changed":false,"inline_featured_image":false,"site-sidebar-layout":"default","site-content-layout":"default","ast-site-content-layout":"default","site-content-style":"default","site-sidebar-style":"default","ast-global-header-display":"","ast-banner-title-visibility":"","ast-main-header-display":"","ast-hfb-above-header-display":"","ast-hfb-below-header-display":"","ast-hfb-mobile-header-display":"","site-post-title":"","ast-breadcrumbs-content":"","ast-featured-img":"","footer-sml-layout":"","ast-disable-related-posts":"","theme-transparent-header-meta":"default","adv-header-id-meta":"","stick-header-meta":"","header-above-stick-meta":"","header-main-stick-meta":"","header-below-stick-meta":"","astra-migrate-meta-layouts":"default","ast-page-background-enabled":"default","ast-page-background-meta":{"desktop":{"background-color":"var(--ast-global-color-5)","background-image":"","background-repeat":"repeat","background-position":"center center","background-size":"auto","background-attachment":"scroll","background-type":"","background-media":"","overlay-type":"","overlay-color":"","overlay-opacity":"","overlay-gradient":""},"tablet":{"background-color":"","background-image":"","background-repeat":"repeat","background-position":"center center","background-size":"auto","background-attachment":"scroll","background-type":"","background-media":"","overlay-type":"","overlay-color":"","overlay-opacity":"","overlay-gradient":""},"mobile":{"background-color":"","background-image":"","background-repeat":"repeat","background-position":"center center","background-size":"auto","background-attachment":"scroll","background-type":"","background-media":"","overlay-type":"","overlay-color":"","overlay-opacity":"","overlay-gradient":""}},"ast-content-background-meta":{"desktop":{"background-color":"var(--ast-global-color-4)","background-image":"","background-repeat":"repeat","background-position":"center center","background-size":"auto","background-attachment":"scroll","background-type":"","background-media":"","overlay-type":"","overlay-color":"","overlay-opacity":"","overlay-gradient":""},"tablet":{"background-color":"var(--ast-global-color-4)","background-image":"","background-repeat":"repeat","background-position":"center center","background-size":"auto","background-attachment":"scroll","background-type":"","background-media":"","overlay-type":"","overlay-color":"","overlay-opacity":"","overlay-gradient":""},"mobile":{"background-color":"var(--ast-global-color-4)","background-image":"","background-repeat":"repeat","background-position":"center center","background-size":"auto","background-attachment":"scroll","background-type":"","background-media":"","overlay-type":"","overlay-color":"","overlay-opacity":"","overlay-gradient":""}}},"product_brand":[],"product_cat":[212],"product_tag":[298],"class_list":{"0":"post-89615","1":"product","2":"type-product","3":"status-publish","4":"has-post-thumbnail","6":"product_cat-nutrientes","7":"product_tag-nutrientes-combinados","8":"pa_aplicacion-fa-e-fml-pt","9":"pa_composicion-complexo","10":"pa_ecologico-eu-autorizada","11":"pa_estilo-de-vino-branco","12":"pa_estilo-de-vino-espumante","13":"pa_estilo-de-vino-rose-pt","14":"pa_estilo-de-vino-tinto-pt","15":"pa_vegano-vegan-pt-pt","16":"desktop-align-left","17":"tablet-align-left","18":"mobile-align-left","20":"first","21":"instock","22":"virtual","23":"product-type-simple"},"acf":[],"_links":{"self":[{"href":"https:\/\/agrovin.com\/pt-pt\/wp-json\/wp\/v2\/product\/89615","targetHints":{"allow":["GET"]}}],"collection":[{"href":"https:\/\/agrovin.com\/pt-pt\/wp-json\/wp\/v2\/product"}],"about":[{"href":"https:\/\/agrovin.com\/pt-pt\/wp-json\/wp\/v2\/types\/product"}],"version-history":[{"count":0,"href":"https:\/\/agrovin.com\/pt-pt\/wp-json\/wp\/v2\/product\/89615\/revisions"}],"wp:featuredmedia":[{"embeddable":true,"href":"https:\/\/agrovin.com\/pt-pt\/wp-json\/wp\/v2\/media\/42562"}],"wp:attachment":[{"href":"https:\/\/agrovin.com\/pt-pt\/wp-json\/wp\/v2\/media?parent=89615"}],"wp:term":[{"taxonomy":"product_brand","embeddable":true,"href":"https:\/\/agrovin.com\/pt-pt\/wp-json\/wp\/v2\/product_brand?post=89615"},{"taxonomy":"product_cat","embeddable":true,"href":"https:\/\/agrovin.com\/pt-pt\/wp-json\/wp\/v2\/product_cat?post=89615"},{"taxonomy":"product_tag","embeddable":true,"href":"https:\/\/agrovin.com\/pt-pt\/wp-json\/wp\/v2\/product_tag?post=89615"}],"curies":[{"name":"wp","href":"https:\/\/api.w.org\/{rel}","templated":true}]}}