{"id":89596,"date":"2018-03-28T14:36:47","date_gmt":"2022-11-04T16:59:00","guid":{"rendered":"https:\/\/staging.agrovin.com\/sem%20categoria\/actimax-vit\/"},"modified":"2022-11-06T10:43:57","modified_gmt":"2022-11-06T09:43:57","slug":"actimax-vit","status":"publish","type":"product","link":"https:\/\/agrovin.com\/pt-pt\/produtos-enologia\/nutrientes\/actimax-vit\/","title":{"rendered":"ACTIMAX VIT"},"content":{"rendered":"<h3>CARACTER\u00cdSTICAS<\/h3>\n<p>Na fermenta\u00e7\u00e3o alco\u00f3lica, as leveduras inactivadas s\u00e3o uma fonte importante de amino\u00e1cidos prim\u00e1rios lentamente assimilados. Corrige defici\u00eancias de azoto no mosto sem o risco de subida de temperatura ou de desvios sensoriais.<\/p>\n<p>Actimax Vit proporciona um fornecimento equilibrado de vitaminas e minerais, cofactores metab\u00f3licos de leveduras e bact\u00e9rias \u00e1cido-l\u00e1cticas.<\/p>\n<p>As paredes das c\u00e9lulas de levedura inactivas aumentam o conte\u00fado de polissac\u00e1ridos. S\u00e3o tamb\u00e9m um excelente adsorvente para subst\u00e2ncias t\u00f3xicas.<\/p>\n<h3>CANDIDATURA<\/h3>\n<p>Pode ser utilizado:<\/p>\n<ul>\n<li>No in\u00edcio ou durante a fermenta\u00e7\u00e3o alco\u00f3lica, para equilibrar o teor de azoto org\u00e2nico do mosto.<\/li>\n<li>Antes da fermenta\u00e7\u00e3o malol\u00e1ctica, para estimular o seu desenvolvimento. Os amino\u00e1cidos s\u00e3o a \u00fanica fonte de azoto que pode ser assimilada pelas bact\u00e9rias do \u00e1cido l\u00e1ctico.<\/li>\n<li>Em caso de paragens de fermenta\u00e7\u00e3o alco\u00f3lica ou de abrandamento.<\/li>\n<\/ul>\n<h3>DOSAGEM<\/h3>\n<div class=\"page\" title=\"P\u00e1gina 2\">\n<div class=\"layoutArea\">\n<div class=\"column\">\n<p>Condi\u00e7\u00f5es normais de fermenta\u00e7\u00e3o: 10-20 g\/hl<\/p>\n<p>Condi\u00e7\u00f5es dif\u00edceis: 20-30 g\/hl<\/p>\n<p>Uso curativo: paragens de fermenta\u00e7\u00e3o: <span style=\"font-size: 16px;\">30-40 g\/hl<\/span><\/p>\n<\/div>\n<\/div>\n<\/div>\n","protected":false},"excerpt":{"rendered":"<p>Actimax Vit \u00e9 um activador de fermenta\u00e7\u00e3o exclusivamente \u00e0 base de azoto org\u00e2nico e vitaminas.<\/p>\n","protected":false},"featured_media":42574,"template":"","meta":{"_acf_changed":false,"inline_featured_image":false,"site-sidebar-layout":"default","site-content-layout":"default","ast-site-content-layout":"default","site-content-style":"default","site-sidebar-style":"default","ast-global-header-display":"","ast-banner-title-visibility":"","ast-main-header-display":"","ast-hfb-above-header-display":"","ast-hfb-below-header-display":"","ast-hfb-mobile-header-display":"","site-post-title":"","ast-breadcrumbs-content":"","ast-featured-img":"","footer-sml-layout":"","ast-disable-related-posts":"","theme-transparent-header-meta":"default","adv-header-id-meta":"","stick-header-meta":"","header-above-stick-meta":"","header-main-stick-meta":"","header-below-stick-meta":"","astra-migrate-meta-layouts":"default","ast-page-background-enabled":"default","ast-page-background-meta":{"desktop":{"background-color":"var(--ast-global-color-5)","background-image":"","background-repeat":"repeat","background-position":"center center","background-size":"auto","background-attachment":"scroll","background-type":"","background-media":"","overlay-type":"","overlay-color":"","overlay-opacity":"","overlay-gradient":""},"tablet":{"background-color":"","background-image":"","background-repeat":"repeat","background-position":"center center","background-size":"auto","background-attachment":"scroll","background-type":"","background-media":"","overlay-type":"","overlay-color":"","overlay-opacity":"","overlay-gradient":""},"mobile":{"background-color":"","background-image":"","background-repeat":"repeat","background-position":"center center","background-size":"auto","background-attachment":"scroll","background-type":"","background-media":"","overlay-type":"","overlay-color":"","overlay-opacity":"","overlay-gradient":""}},"ast-content-background-meta":{"desktop":{"background-color":"var(--ast-global-color-4)","background-image":"","background-repeat":"repeat","background-position":"center center","background-size":"auto","background-attachment":"scroll","background-type":"","background-media":"","overlay-type":"","overlay-color":"","overlay-opacity":"","overlay-gradient":""},"tablet":{"background-color":"var(--ast-global-color-4)","background-image":"","background-repeat":"repeat","background-position":"center center","background-size":"auto","background-attachment":"scroll","background-type":"","background-media":"","overlay-type":"","overlay-color":"","overlay-opacity":"","overlay-gradient":""},"mobile":{"background-color":"var(--ast-global-color-4)","background-image":"","background-repeat":"repeat","background-position":"center center","background-size":"auto","background-attachment":"scroll","background-type":"","background-media":"","overlay-type":"","overlay-color":"","overlay-opacity":"","overlay-gradient":""}}},"product_brand":[],"product_cat":[212],"product_tag":[2180],"class_list":{"0":"post-89596","1":"product","2":"type-product","3":"status-publish","4":"has-post-thumbnail","6":"product_cat-nutrientes","7":"product_tag-nutrientes-organicos-pt-pt-2","8":"pa_aplicacion-fa-e-fml-pt","9":"pa_composicion-organico-pt-pt","10":"pa_ecologico-eu-autorizada","11":"pa_ecologico-nop-usda-autorizada","12":"pa_estilo-de-vino-branco","13":"pa_estilo-de-vino-espumante","14":"pa_estilo-de-vino-rose-pt","15":"pa_estilo-de-vino-tinto-pt","16":"pa_vegano-vegan-pt-pt","17":"desktop-align-left","18":"tablet-align-left","19":"mobile-align-left","21":"first","22":"instock","23":"virtual","24":"product-type-simple"},"acf":[],"_links":{"self":[{"href":"https:\/\/agrovin.com\/pt-pt\/wp-json\/wp\/v2\/product\/89596","targetHints":{"allow":["GET"]}}],"collection":[{"href":"https:\/\/agrovin.com\/pt-pt\/wp-json\/wp\/v2\/product"}],"about":[{"href":"https:\/\/agrovin.com\/pt-pt\/wp-json\/wp\/v2\/types\/product"}],"version-history":[{"count":0,"href":"https:\/\/agrovin.com\/pt-pt\/wp-json\/wp\/v2\/product\/89596\/revisions"}],"wp:featuredmedia":[{"embeddable":true,"href":"https:\/\/agrovin.com\/pt-pt\/wp-json\/wp\/v2\/media\/42574"}],"wp:attachment":[{"href":"https:\/\/agrovin.com\/pt-pt\/wp-json\/wp\/v2\/media?parent=89596"}],"wp:term":[{"taxonomy":"product_brand","embeddable":true,"href":"https:\/\/agrovin.com\/pt-pt\/wp-json\/wp\/v2\/product_brand?post=89596"},{"taxonomy":"product_cat","embeddable":true,"href":"https:\/\/agrovin.com\/pt-pt\/wp-json\/wp\/v2\/product_cat?post=89596"},{"taxonomy":"product_tag","embeddable":true,"href":"https:\/\/agrovin.com\/pt-pt\/wp-json\/wp\/v2\/product_tag?post=89596"}],"curies":[{"name":"wp","href":"https:\/\/api.w.org\/{rel}","templated":true}]}}