{"id":89591,"date":"2018-03-28T14:39:04","date_gmt":"2022-11-04T16:58:52","guid":{"rendered":"https:\/\/staging.agrovin.com\/sem%20categoria\/actimax-gsh\/"},"modified":"2024-06-10T22:32:30","modified_gmt":"2024-06-10T21:32:30","slug":"actimax-gsh","status":"publish","type":"product","link":"https:\/\/agrovin.com\/pt-pt\/produtos-enologia\/nutrientes\/actimax-gsh\/","title":{"rendered":"ACTIMAX GSH"},"content":{"rendered":"<h3>CARACTER\u00cdSTICAS<\/h3>\n<p>Actimax GSH tem capacidade antioxidante, protegendo a cor e os aromas varietais (especialmente os do tipo thiol) em vinhos brancos e ros\u00e9s. Permite a m\u00e1xima express\u00e3o arom\u00e1tica da uva, prolongando a sua frescura e retardando a sua evolu\u00e7\u00e3o crom\u00e1tica na garrafa.<\/p>\n<p>A glutationa, um constituinte comum da levedura, \u00e9 essencial para a prolifera\u00e7\u00e3o celular. Portanto, as fermenta\u00e7\u00f5es alco\u00f3licas enriquecidas com glutationa beneficiam duplamente, uma vez que este composto apoia o crescimento celular e protege o vinho contra a oxida\u00e7\u00e3o precoce.<\/p>\n<p>Esta prepara\u00e7\u00e3o \u00e9 particularmente adequada para variedades ricas em ti\u00f3is vol\u00e1teis (Verdejo, Sauvignon Blanc), mostos brancos que s\u00e3o fortemente rachados ou sens\u00edveis \u00e0 oxida\u00e7\u00e3o.<\/p>\n<p>Excelente resposta em vinhos com stress nutricional especial ou em situa\u00e7\u00f5es de stress ambiental pela levedura, tais como baixas temperaturas de fermenta\u00e7\u00e3o, teor alco\u00f3lico potencialmente elevado, mostos altamente clarificados, mostos com fungicida ou res\u00edduos fitossanit\u00e1rios.<\/p>\n<h3>CANDIDATURA<\/h3>\n<p>Nutriente com excelente poder redutor natural. Mant\u00e9m as qualidades arom\u00e1ticas dos vinhos brancos e ros\u00e9s, protegendo-os da oxida\u00e7\u00e3o.<\/p>\n<ul>\n<li>No in\u00edcio ou nas fases iniciais da fermenta\u00e7\u00e3o alco\u00f3lica, para equilibrar o teor de azoto org\u00e2nico do mosto.<\/li>\n<\/ul>\n<h3>DOSAGEM<\/h3>\n<div class=\"page\" title=\"P\u00e1gina 2\">\n<div class=\"layoutArea\">\n<div class=\"column\">\n<p>Condi\u00e7\u00f5es normais de fermenta\u00e7\u00e3o: 10-20 g\/hl<\/p>\n<p>Condi\u00e7\u00f5es dif\u00edceis: 20-30 g\/hl<\/p>\n<\/div>\n<\/div>\n<\/div>\n","protected":false},"excerpt":{"rendered":"<p>Actimax GSH \u00e9 um nutriente org\u00e2nico para fermenta\u00e7\u00e3o alco\u00f3lica com elevado teor de glutationa para preservar a frescura e as qualidades arom\u00e1ticas dos vinhos brancos e ros\u00e9s.<\/p>\n","protected":false},"featured_media":42568,"template":"","meta":{"_acf_changed":false,"inline_featured_image":false,"site-sidebar-layout":"default","site-content-layout":"default","ast-site-content-layout":"default","site-content-style":"default","site-sidebar-style":"default","ast-global-header-display":"","ast-banner-title-visibility":"","ast-main-header-display":"","ast-hfb-above-header-display":"","ast-hfb-below-header-display":"","ast-hfb-mobile-header-display":"","site-post-title":"","ast-breadcrumbs-content":"","ast-featured-img":"","footer-sml-layout":"","ast-disable-related-posts":"","theme-transparent-header-meta":"default","adv-header-id-meta":"","stick-header-meta":"","header-above-stick-meta":"","header-main-stick-meta":"","header-below-stick-meta":"","astra-migrate-meta-layouts":"default","ast-page-background-enabled":"default","ast-page-background-meta":{"desktop":{"background-color":"var(--ast-global-color-5)","background-image":"","background-repeat":"repeat","background-position":"center center","background-size":"auto","background-attachment":"scroll","background-type":"","background-media":"","overlay-type":"","overlay-color":"","overlay-opacity":"","overlay-gradient":""},"tablet":{"background-color":"","background-image":"","background-repeat":"repeat","background-position":"center center","background-size":"auto","background-attachment":"scroll","background-type":"","background-media":"","overlay-type":"","overlay-color":"","overlay-opacity":"","overlay-gradient":""},"mobile":{"background-color":"","background-image":"","background-repeat":"repeat","background-position":"center center","background-size":"auto","background-attachment":"scroll","background-type":"","background-media":"","overlay-type":"","overlay-color":"","overlay-opacity":"","overlay-gradient":""}},"ast-content-background-meta":{"desktop":{"background-color":"var(--ast-global-color-4)","background-image":"","background-repeat":"repeat","background-position":"center center","background-size":"auto","background-attachment":"scroll","background-type":"","background-media":"","overlay-type":"","overlay-color":"","overlay-opacity":"","overlay-gradient":""},"tablet":{"background-color":"var(--ast-global-color-4)","background-image":"","background-repeat":"repeat","background-position":"center center","background-size":"auto","background-attachment":"scroll","background-type":"","background-media":"","overlay-type":"","overlay-color":"","overlay-opacity":"","overlay-gradient":""},"mobile":{"background-color":"var(--ast-global-color-4)","background-image":"","background-repeat":"repeat","background-position":"center center","background-size":"auto","background-attachment":"scroll","background-type":"","background-media":"","overlay-type":"","overlay-color":"","overlay-opacity":"","overlay-gradient":""}}},"product_brand":[],"product_cat":[212],"product_tag":[2180],"class_list":{"0":"post-89591","1":"product","2":"type-product","3":"status-publish","4":"has-post-thumbnail","6":"product_cat-nutrientes","7":"product_tag-nutrientes-organicos-pt-pt-2","8":"pa_aplicacion-fa-e-fml-pt","9":"pa_composicion-organico-pt-pt","10":"pa_ecologico-eu-autorizada","11":"pa_ecologico-nop-usda-autorizada","12":"pa_estilo-de-vino-barrica","13":"pa_estilo-de-vino-branco","14":"pa_estilo-de-vino-espumante","15":"pa_estilo-de-vino-rose-pt","16":"pa_vegano-vegan-pt-pt","17":"desktop-align-left","18":"tablet-align-left","19":"mobile-align-left","21":"first","22":"instock","23":"virtual","24":"product-type-simple"},"acf":[],"_links":{"self":[{"href":"https:\/\/agrovin.com\/pt-pt\/wp-json\/wp\/v2\/product\/89591","targetHints":{"allow":["GET"]}}],"collection":[{"href":"https:\/\/agrovin.com\/pt-pt\/wp-json\/wp\/v2\/product"}],"about":[{"href":"https:\/\/agrovin.com\/pt-pt\/wp-json\/wp\/v2\/types\/product"}],"version-history":[{"count":0,"href":"https:\/\/agrovin.com\/pt-pt\/wp-json\/wp\/v2\/product\/89591\/revisions"}],"wp:featuredmedia":[{"embeddable":true,"href":"https:\/\/agrovin.com\/pt-pt\/wp-json\/wp\/v2\/media\/42568"}],"wp:attachment":[{"href":"https:\/\/agrovin.com\/pt-pt\/wp-json\/wp\/v2\/media?parent=89591"}],"wp:term":[{"taxonomy":"product_brand","embeddable":true,"href":"https:\/\/agrovin.com\/pt-pt\/wp-json\/wp\/v2\/product_brand?post=89591"},{"taxonomy":"product_cat","embeddable":true,"href":"https:\/\/agrovin.com\/pt-pt\/wp-json\/wp\/v2\/product_cat?post=89591"},{"taxonomy":"product_tag","embeddable":true,"href":"https:\/\/agrovin.com\/pt-pt\/wp-json\/wp\/v2\/product_tag?post=89591"}],"curies":[{"name":"wp","href":"https:\/\/api.w.org\/{rel}","templated":true}]}}