{"id":89581,"date":"2018-03-12T15:56:22","date_gmt":"2022-11-04T16:58:35","guid":{"rendered":"https:\/\/staging.agrovin.com\/sem%20categoria\/enozym-vintage\/"},"modified":"2022-11-06T12:48:44","modified_gmt":"2022-11-06T11:48:44","slug":"enozym-vintage","status":"publish","type":"product","link":"https:\/\/agrovin.com\/pt-pt\/produtos-enologia\/enzimas-produtos-enologia\/enozym-vintage\/","title":{"rendered":"ENOZYM VINTAGE"},"content":{"rendered":"<h3>CARACTER\u00cdSTICAS<\/h3>\n<p>O objectivo da sua aplica\u00e7\u00e3o n\u00e3o \u00e9 apenas obter cor, mas tamb\u00e9m alcan\u00e7ar estabilidade de cor atrav\u00e9s da extrac\u00e7\u00e3o equilibrada de taninos, antocianinas e polissac\u00e1ridos.<\/p>\n<p>A sua ac\u00e7\u00e3o espec\u00edfica \u00e9 adequada para macera\u00e7\u00f5es m\u00e9dias e longas em uvas destinadas ao vinho em barril.<\/p>\n<h3>CANDIDATURA<\/h3>\n<ul>\n<li>Permite a macera\u00e7\u00e3o eficiente das uvas tintas, ajudando a extrac\u00e7\u00e3o equilibrada de antocianos e taninos. Assegura estabilidade atrav\u00e9s da combina\u00e7\u00e3o com polissac\u00e1ridos. Efeito altamente desej\u00e1vel quando s\u00e3o aplicados taninos de adi\u00e7\u00e3o: melhoria da estabilidade do tanino ex\u00f3geno.<\/li>\n<li>Extrac\u00e7\u00e3o de compostos arom\u00e1ticos de c\u00e9lulas da pele. Vinhos tratados com a enzima de aromas varietais expressos e uma sensa\u00e7\u00e3o bucal mais completa.<\/li>\n<li>O tempo de macera\u00e7\u00e3o pode ser reduzido em 25%, um efeito desej\u00e1vel em revestimentos curtos.<\/li>\n<li>Facilita a clarifica\u00e7\u00e3o de mostos e vinhos.<\/li>\n<\/ul>\n<h3>DOSAGEM<\/h3>\n<div class=\"page\" title=\"P\u00e1gina 1\">\n<div class=\"section\">\n<div class=\"layoutArea\">\n<div class=\"column\">\n<div class=\"page\" title=\"P\u00e1gina 1\">\n<div class=\"section\">\n<div class=\"layoutArea\">\n<div class=\"column\">\n<p>Macera\u00e7\u00e3o vermelha: &gt; 1 g\/100 kg<br \/>\nPressionado: &gt; 3 g\/100 kg<br \/>\nFiltra\u00e7\u00e3o: &gt; 2 g\/hl<br \/>\nVinhos\/mustos afectados por Botrytis: &gt; 3 g\/hl<\/p>\n<\/div>\n<\/div>\n<\/div>\n<\/div>\n<\/div>\n<\/div>\n<\/div>\n<\/div>\n","protected":false},"excerpt":{"rendered":"<p>Enozym Vintage \u00e9 uma prepara\u00e7\u00e3o enzim\u00e1tica concebida para a extrac\u00e7\u00e3o e estabilidade de compostos polifen\u00f3licos durante a fase de macera\u00e7\u00e3o fermentativa das uvas tintas.<\/p>\n","protected":false},"featured_media":16279,"template":"","meta":{"_acf_changed":false,"inline_featured_image":false,"site-sidebar-layout":"default","site-content-layout":"default","ast-site-content-layout":"default","site-content-style":"default","site-sidebar-style":"default","ast-global-header-display":"","ast-banner-title-visibility":"","ast-main-header-display":"","ast-hfb-above-header-display":"","ast-hfb-below-header-display":"","ast-hfb-mobile-header-display":"","site-post-title":"","ast-breadcrumbs-content":"","ast-featured-img":"","footer-sml-layout":"","ast-disable-related-posts":"","theme-transparent-header-meta":"default","adv-header-id-meta":"","stick-header-meta":"","header-above-stick-meta":"","header-main-stick-meta":"","header-below-stick-meta":"","astra-migrate-meta-layouts":"default","ast-page-background-enabled":"default","ast-page-background-meta":{"desktop":{"background-color":"var(--ast-global-color-5)","background-image":"","background-repeat":"repeat","background-position":"center center","background-size":"auto","background-attachment":"scroll","background-type":"","background-media":"","overlay-type":"","overlay-color":"","overlay-opacity":"","overlay-gradient":""},"tablet":{"background-color":"","background-image":"","background-repeat":"repeat","background-position":"center center","background-size":"auto","background-attachment":"scroll","background-type":"","background-media":"","overlay-type":"","overlay-color":"","overlay-opacity":"","overlay-gradient":""},"mobile":{"background-color":"","background-image":"","background-repeat":"repeat","background-position":"center center","background-size":"auto","background-attachment":"scroll","background-type":"","background-media":"","overlay-type":"","overlay-color":"","overlay-opacity":"","overlay-gradient":""}},"ast-content-background-meta":{"desktop":{"background-color":"var(--ast-global-color-4)","background-image":"","background-repeat":"repeat","background-position":"center center","background-size":"auto","background-attachment":"scroll","background-type":"","background-media":"","overlay-type":"","overlay-color":"","overlay-opacity":"","overlay-gradient":""},"tablet":{"background-color":"var(--ast-global-color-4)","background-image":"","background-repeat":"repeat","background-position":"center center","background-size":"auto","background-attachment":"scroll","background-type":"","background-media":"","overlay-type":"","overlay-color":"","overlay-opacity":"","overlay-gradient":""},"mobile":{"background-color":"var(--ast-global-color-4)","background-image":"","background-repeat":"repeat","background-position":"center center","background-size":"auto","background-attachment":"scroll","background-type":"","background-media":"","overlay-type":"","overlay-color":"","overlay-opacity":"","overlay-gradient":""}}},"product_brand":[],"product_cat":[177],"product_tag":[485],"class_list":{"0":"post-89581","1":"product","2":"type-product","3":"status-publish","4":"has-post-thumbnail","6":"product_cat-enzimas-produtos-enologia","7":"product_tag-extracao-de-cor","8":"pa_aplicacion-fa-e-fml-pt","9":"pa_ecologico-eu-autorizada","10":"pa_ecologico-nop-usda-autorizada","11":"pa_estilo-de-vino-barrica","12":"pa_estilo-de-vino-tinto-pt","13":"pa_objetivo-extracao-de-cor","14":"pa_vegano-vegan-pt-pt","15":"desktop-align-left","16":"tablet-align-left","17":"mobile-align-left","19":"first","20":"instock","21":"virtual","22":"product-type-simple"},"acf":[],"_links":{"self":[{"href":"https:\/\/agrovin.com\/pt-pt\/wp-json\/wp\/v2\/product\/89581","targetHints":{"allow":["GET"]}}],"collection":[{"href":"https:\/\/agrovin.com\/pt-pt\/wp-json\/wp\/v2\/product"}],"about":[{"href":"https:\/\/agrovin.com\/pt-pt\/wp-json\/wp\/v2\/types\/product"}],"version-history":[{"count":0,"href":"https:\/\/agrovin.com\/pt-pt\/wp-json\/wp\/v2\/product\/89581\/revisions"}],"wp:featuredmedia":[{"embeddable":true,"href":"https:\/\/agrovin.com\/pt-pt\/wp-json\/wp\/v2\/media\/16279"}],"wp:attachment":[{"href":"https:\/\/agrovin.com\/pt-pt\/wp-json\/wp\/v2\/media?parent=89581"}],"wp:term":[{"taxonomy":"product_brand","embeddable":true,"href":"https:\/\/agrovin.com\/pt-pt\/wp-json\/wp\/v2\/product_brand?post=89581"},{"taxonomy":"product_cat","embeddable":true,"href":"https:\/\/agrovin.com\/pt-pt\/wp-json\/wp\/v2\/product_cat?post=89581"},{"taxonomy":"product_tag","embeddable":true,"href":"https:\/\/agrovin.com\/pt-pt\/wp-json\/wp\/v2\/product_tag?post=89581"}],"curies":[{"name":"wp","href":"https:\/\/api.w.org\/{rel}","templated":true}]}}