{"id":89561,"date":"2018-03-12T16:33:30","date_gmt":"2022-11-04T16:58:02","guid":{"rendered":"https:\/\/staging.agrovin.com\/sem%20categoria\/acido-tartarico\/"},"modified":"2023-03-29T18:42:04","modified_gmt":"2023-03-29T17:42:04","slug":"acido-tartarico","status":"publish","type":"product","link":"https:\/\/agrovin.com\/pt-pt\/produtos-enologia\/acidificantes-desacidificantes\/acido-tartarico\/","title":{"rendered":"ACIDO TARTARICO"},"content":{"rendered":"<h3>CANDIDATURA<\/h3>\n<ul>\n<li>Durante a colheita, como um acidificante do mosto.<\/li>\n<li>Em vinhos brancos, ros\u00e9s e tintos para correc\u00e7\u00e3o da acidez durante o processo de vinifica\u00e7\u00e3o.<\/li>\n<\/ul>\n<h3>DOSAGEM<\/h3>\n<ul>\n<li>Mosto: 0,5-1,5 g\/l<\/li>\n<li>Vinho: 0,5-2,5 g\/l<\/li>\n<\/ul>\n<p>Limite m\u00e1ximo de acidifica\u00e7\u00e3o:<br \/>\n&#8211; Uvas frescas, mosto de uvas, mosto de uvas em fermenta\u00e7\u00e3o, mosto de uvas parcialmente fermentado e vinho novo ainda em fermenta\u00e7\u00e3o: 1,5 g\/l expresso em \u00e1cido tart\u00e1rico.<br \/>\n&#8211; Vinho: 2,5 g\/l expresso em \u00e1cido tart\u00e1rico.<\/p>\n<p>&nbsp;<\/p>\n","protected":false},"excerpt":{"rendered":"<p>O \u00e1cido tart\u00e1rico (E-334) \u00e9 um acidificante para corrigir a acidez em mostos e vinhos. Isto \u00e9 \u00e1cido dextro tart\u00e1rico, \u00e1cido L(+)tart\u00e1rico ou \u00e1cido tart\u00e1rico natural.<\/p>\n","protected":false},"featured_media":34396,"template":"","meta":{"_acf_changed":false,"inline_featured_image":false,"site-sidebar-layout":"default","site-content-layout":"default","ast-site-content-layout":"default","site-content-style":"default","site-sidebar-style":"default","ast-global-header-display":"","ast-banner-title-visibility":"","ast-main-header-display":"","ast-hfb-above-header-display":"","ast-hfb-below-header-display":"","ast-hfb-mobile-header-display":"","site-post-title":"","ast-breadcrumbs-content":"","ast-featured-img":"","footer-sml-layout":"","ast-disable-related-posts":"","theme-transparent-header-meta":"default","adv-header-id-meta":"","stick-header-meta":"","header-above-stick-meta":"","header-main-stick-meta":"","header-below-stick-meta":"","astra-migrate-meta-layouts":"default","ast-page-background-enabled":"default","ast-page-background-meta":{"desktop":{"background-color":"var(--ast-global-color-5)","background-image":"","background-repeat":"repeat","background-position":"center center","background-size":"auto","background-attachment":"scroll","background-type":"","background-media":"","overlay-type":"","overlay-color":"","overlay-opacity":"","overlay-gradient":""},"tablet":{"background-color":"","background-image":"","background-repeat":"repeat","background-position":"center center","background-size":"auto","background-attachment":"scroll","background-type":"","background-media":"","overlay-type":"","overlay-color":"","overlay-opacity":"","overlay-gradient":""},"mobile":{"background-color":"","background-image":"","background-repeat":"repeat","background-position":"center center","background-size":"auto","background-attachment":"scroll","background-type":"","background-media":"","overlay-type":"","overlay-color":"","overlay-opacity":"","overlay-gradient":""}},"ast-content-background-meta":{"desktop":{"background-color":"var(--ast-global-color-4)","background-image":"","background-repeat":"repeat","background-position":"center center","background-size":"auto","background-attachment":"scroll","background-type":"","background-media":"","overlay-type":"","overlay-color":"","overlay-opacity":"","overlay-gradient":""},"tablet":{"background-color":"var(--ast-global-color-4)","background-image":"","background-repeat":"repeat","background-position":"center center","background-size":"auto","background-attachment":"scroll","background-type":"","background-media":"","overlay-type":"","overlay-color":"","overlay-opacity":"","overlay-gradient":""},"mobile":{"background-color":"var(--ast-global-color-4)","background-image":"","background-repeat":"repeat","background-position":"center center","background-size":"auto","background-attachment":"scroll","background-type":"","background-media":"","overlay-type":"","overlay-color":"","overlay-opacity":"","overlay-gradient":""}}},"product_brand":[],"product_cat":[280],"product_tag":[450],"class_list":{"0":"post-89561","1":"product","2":"type-product","3":"status-publish","4":"has-post-thumbnail","6":"product_cat-acidificantes-desacidificantes","7":"product_tag-acidificantes-pt-pt","8":"pa_ecologico-eu-autorizada","9":"pa_ecologico-nop-usda-autorizada","10":"pa_vegano-vegan-pt-pt","11":"desktop-align-left","12":"tablet-align-left","13":"mobile-align-left","15":"first","16":"instock","17":"virtual","18":"product-type-simple"},"acf":[],"_links":{"self":[{"href":"https:\/\/agrovin.com\/pt-pt\/wp-json\/wp\/v2\/product\/89561","targetHints":{"allow":["GET"]}}],"collection":[{"href":"https:\/\/agrovin.com\/pt-pt\/wp-json\/wp\/v2\/product"}],"about":[{"href":"https:\/\/agrovin.com\/pt-pt\/wp-json\/wp\/v2\/types\/product"}],"version-history":[{"count":0,"href":"https:\/\/agrovin.com\/pt-pt\/wp-json\/wp\/v2\/product\/89561\/revisions"}],"wp:featuredmedia":[{"embeddable":true,"href":"https:\/\/agrovin.com\/pt-pt\/wp-json\/wp\/v2\/media\/34396"}],"wp:attachment":[{"href":"https:\/\/agrovin.com\/pt-pt\/wp-json\/wp\/v2\/media?parent=89561"}],"wp:term":[{"taxonomy":"product_brand","embeddable":true,"href":"https:\/\/agrovin.com\/pt-pt\/wp-json\/wp\/v2\/product_brand?post=89561"},{"taxonomy":"product_cat","embeddable":true,"href":"https:\/\/agrovin.com\/pt-pt\/wp-json\/wp\/v2\/product_cat?post=89561"},{"taxonomy":"product_tag","embeddable":true,"href":"https:\/\/agrovin.com\/pt-pt\/wp-json\/wp\/v2\/product_tag?post=89561"}],"curies":[{"name":"wp","href":"https:\/\/api.w.org\/{rel}","templated":true}]}}