{"id":89551,"date":"2018-03-12T16:18:55","date_gmt":"2022-11-04T16:57:47","guid":{"rendered":"https:\/\/staging.agrovin.com\/sem%20categoria\/enovin-chrom\/"},"modified":"2022-11-06T12:30:30","modified_gmt":"2022-11-06T11:30:30","slug":"enovin-crom","status":"publish","type":"product","link":"https:\/\/agrovin.com\/pt-pt\/produtos-enologia\/enzimas-produtos-enologia\/enovin-crom\/","title":{"rendered":"ENOVIN CROM"},"content":{"rendered":"<h3>CARACTER\u00cdSTICAS<\/h3>\n<p>Permite macera\u00e7\u00f5es mais curtas, que s\u00e3o desej\u00e1veis em vintagens com podrid\u00e3o ou quando se pretende reutilizar rapidamente o tanque de fermenta\u00e7\u00e3o.<\/p>\n<p>Permite a compacta\u00e7\u00e3o das borras e a execu\u00e7\u00e3o de desludamento ou clarifica\u00e7\u00e3o.<\/p>\n<h3>CANDIDATURA<\/h3>\n<ul>\n<li>Enovin CROM \u00e9 a enzima indicada para a macera\u00e7\u00e3o das castas tintas, aumentando a extrac\u00e7\u00e3o de material polifen\u00f3lico e arom\u00e1tico da colheita da uva.<\/li>\n<li>Pode ser aplicado na cuba de fermenta\u00e7\u00e3o durante a cuba, ou directamente sobre as uvas antes ou depois do esmagamento.<\/li>\n<li>A adi\u00e7\u00e3o da enzima permite uma r\u00e1pida autoclarifica\u00e7\u00e3o e uma melhor filtra\u00e7\u00e3o.<\/li>\n<\/ul>\n<h3>DOSAGEM<\/h3>\n<p>Macera\u00e7\u00e3o vermelha: &gt; 2 ml\/100 kg<\/p>\n<p>Prensagem: &gt; 4 ml\/100 kg<\/p>\n","protected":false},"excerpt":{"rendered":"<p>O Enovin CROM \u00e9 uma prepara\u00e7\u00e3o enzim\u00e1tica l\u00edquida especificamente concebida para a macera\u00e7\u00e3o de uvas tintas, permitindo uma maior extrac\u00e7\u00e3o de compostos fen\u00f3licos, maior intensidade arom\u00e1tica, bem como um aumento do rendimento da prensagem.<\/p>\n","protected":false},"featured_media":16283,"template":"","meta":{"_acf_changed":false,"inline_featured_image":false,"site-sidebar-layout":"default","site-content-layout":"default","ast-site-content-layout":"default","site-content-style":"default","site-sidebar-style":"default","ast-global-header-display":"","ast-banner-title-visibility":"","ast-main-header-display":"","ast-hfb-above-header-display":"","ast-hfb-below-header-display":"","ast-hfb-mobile-header-display":"","site-post-title":"","ast-breadcrumbs-content":"","ast-featured-img":"","footer-sml-layout":"","ast-disable-related-posts":"","theme-transparent-header-meta":"default","adv-header-id-meta":"","stick-header-meta":"","header-above-stick-meta":"","header-main-stick-meta":"","header-below-stick-meta":"","astra-migrate-meta-layouts":"default","ast-page-background-enabled":"default","ast-page-background-meta":{"desktop":{"background-color":"var(--ast-global-color-5)","background-image":"","background-repeat":"repeat","background-position":"center center","background-size":"auto","background-attachment":"scroll","background-type":"","background-media":"","overlay-type":"","overlay-color":"","overlay-opacity":"","overlay-gradient":""},"tablet":{"background-color":"","background-image":"","background-repeat":"repeat","background-position":"center center","background-size":"auto","background-attachment":"scroll","background-type":"","background-media":"","overlay-type":"","overlay-color":"","overlay-opacity":"","overlay-gradient":""},"mobile":{"background-color":"","background-image":"","background-repeat":"repeat","background-position":"center center","background-size":"auto","background-attachment":"scroll","background-type":"","background-media":"","overlay-type":"","overlay-color":"","overlay-opacity":"","overlay-gradient":""}},"ast-content-background-meta":{"desktop":{"background-color":"var(--ast-global-color-4)","background-image":"","background-repeat":"repeat","background-position":"center center","background-size":"auto","background-attachment":"scroll","background-type":"","background-media":"","overlay-type":"","overlay-color":"","overlay-opacity":"","overlay-gradient":""},"tablet":{"background-color":"var(--ast-global-color-4)","background-image":"","background-repeat":"repeat","background-position":"center center","background-size":"auto","background-attachment":"scroll","background-type":"","background-media":"","overlay-type":"","overlay-color":"","overlay-opacity":"","overlay-gradient":""},"mobile":{"background-color":"var(--ast-global-color-4)","background-image":"","background-repeat":"repeat","background-position":"center center","background-size":"auto","background-attachment":"scroll","background-type":"","background-media":"","overlay-type":"","overlay-color":"","overlay-opacity":"","overlay-gradient":""}}},"product_brand":[],"product_cat":[177],"product_tag":[485],"class_list":{"0":"post-89551","1":"product","2":"type-product","3":"status-publish","4":"has-post-thumbnail","6":"product_cat-enzimas-produtos-enologia","7":"product_tag-extracao-de-cor","8":"pa_aplicacion-fa-e-fml-pt","9":"pa_ecologico-eu-autorizada","10":"pa_ecologico-nop-usda-autorizada","11":"pa_estilo-de-vino-tinto-pt","12":"pa_objetivo-extracao-de-cor","13":"pa_vegano-vegan-pt-pt","14":"desktop-align-left","15":"tablet-align-left","16":"mobile-align-left","18":"first","19":"instock","20":"virtual","21":"product-type-simple"},"acf":[],"_links":{"self":[{"href":"https:\/\/agrovin.com\/pt-pt\/wp-json\/wp\/v2\/product\/89551","targetHints":{"allow":["GET"]}}],"collection":[{"href":"https:\/\/agrovin.com\/pt-pt\/wp-json\/wp\/v2\/product"}],"about":[{"href":"https:\/\/agrovin.com\/pt-pt\/wp-json\/wp\/v2\/types\/product"}],"version-history":[{"count":0,"href":"https:\/\/agrovin.com\/pt-pt\/wp-json\/wp\/v2\/product\/89551\/revisions"}],"wp:featuredmedia":[{"embeddable":true,"href":"https:\/\/agrovin.com\/pt-pt\/wp-json\/wp\/v2\/media\/16283"}],"wp:attachment":[{"href":"https:\/\/agrovin.com\/pt-pt\/wp-json\/wp\/v2\/media?parent=89551"}],"wp:term":[{"taxonomy":"product_brand","embeddable":true,"href":"https:\/\/agrovin.com\/pt-pt\/wp-json\/wp\/v2\/product_brand?post=89551"},{"taxonomy":"product_cat","embeddable":true,"href":"https:\/\/agrovin.com\/pt-pt\/wp-json\/wp\/v2\/product_cat?post=89551"},{"taxonomy":"product_tag","embeddable":true,"href":"https:\/\/agrovin.com\/pt-pt\/wp-json\/wp\/v2\/product_tag?post=89551"}],"curies":[{"name":"wp","href":"https:\/\/api.w.org\/{rel}","templated":true}]}}