{"id":89541,"date":"2018-03-12T15:38:17","date_gmt":"2022-11-04T16:57:30","guid":{"rendered":"https:\/\/staging.agrovin.com\/sem%20categoria\/enovin-clar\/"},"modified":"2023-03-13T12:36:11","modified_gmt":"2023-03-13T11:36:11","slug":"enovin-clar","status":"publish","type":"product","link":"https:\/\/agrovin.com\/pt-pt\/produtos-enologia\/enzimas-produtos-enologia\/enovin-clar\/","title":{"rendered":"ENOVIN CLAR"},"content":{"rendered":"<h3>CANDIDATURA<\/h3>\n<ul>\n<li>Desludamento est\u00e1tico. A adi\u00e7\u00e3o de Enovin Clar acelera a clarifica\u00e7\u00e3o do mosto devido \u00e0 r\u00e1pida redu\u00e7\u00e3o da sua turbidez.<\/li>\n<li>\u00c9 eficaz a baixas temperaturas e atinge uma alta compacta\u00e7\u00e3o da frac\u00e7\u00e3o s\u00f3lida no fundo do tanque.<\/li>\n<li>Os mostos limpos facilitam a express\u00e3o do potencial arom\u00e1tico varietal.<\/li>\n<li>Desludagem din\u00e2mica: a utiliza\u00e7\u00e3o de Enovin Clar consegue uma diminui\u00e7\u00e3o r\u00e1pida da viscosidade do mosto, permitindo maiores rendimentos em filtros de v\u00e1cuo e centr\u00edfugas, que podem exceder 50%.<\/li>\n<li>Utilizado em flutua\u00e7\u00e3o, reduz a utiliza\u00e7\u00e3o de adjuvantes.<\/li>\n<li>Facilita o esclarecimento e a filtragem dos vinhos de prensa.<\/li>\n<li>Tratamento preventivo dos mostos com podrid\u00e3o. Aplicado em conjunto com Enovin Glucan (alta ac\u00e7\u00e3o de \u03b2-glucanase) melhora a precipita\u00e7\u00e3o coloidal e evita subsequentes problemas de clarifica\u00e7\u00e3o e filtra\u00e7\u00e3o.<\/li>\n<\/ul>\n<div class=\"page\" title=\"P\u00e1gina 1\">\n<div class=\"section\">\n<div class=\"layoutArea\">\n<div class=\"column\">\n<h3>DOSAGEM<\/h3>\n<p>Descongelamento: &gt; 1 g\/hl<\/p>\n<p>Centrifuga\u00e7\u00e3o \/ Filtra\u00e7\u00e3o: &gt; 2 g\/ hl<\/p>\n<p>Flota\u00e7\u00e3o: &gt; 2 g\/ hl<\/p>\n<\/div>\n<\/div>\n<\/div>\n<\/div>\n","protected":false},"excerpt":{"rendered":"<p>Enovin Clar \u00e9 uma prepara\u00e7\u00e3o enzim\u00e1tica pectol\u00edtica que hidrolisa selectivamente as liga\u00e7\u00f5es entre as subst\u00e2ncias pectol\u00edticas presentes na l\u00e2mina m\u00e9dia e a parede celular da pele, reduzindo a viscosidade do mosto e facilitando a clarifica\u00e7\u00e3o e o assentamento de mostos brancos e rosados.<\/p>\n","protected":false},"featured_media":15453,"template":"","meta":{"_acf_changed":false,"inline_featured_image":false,"site-sidebar-layout":"default","site-content-layout":"default","ast-site-content-layout":"default","site-content-style":"default","site-sidebar-style":"default","ast-global-header-display":"","ast-banner-title-visibility":"","ast-main-header-display":"","ast-hfb-above-header-display":"","ast-hfb-below-header-display":"","ast-hfb-mobile-header-display":"","site-post-title":"","ast-breadcrumbs-content":"","ast-featured-img":"","footer-sml-layout":"","ast-disable-related-posts":"","theme-transparent-header-meta":"default","adv-header-id-meta":"","stick-header-meta":"","header-above-stick-meta":"","header-main-stick-meta":"","header-below-stick-meta":"","astra-migrate-meta-layouts":"default","ast-page-background-enabled":"default","ast-page-background-meta":{"desktop":{"background-color":"var(--ast-global-color-5)","background-image":"","background-repeat":"repeat","background-position":"center center","background-size":"auto","background-attachment":"scroll","background-type":"","background-media":"","overlay-type":"","overlay-color":"","overlay-opacity":"","overlay-gradient":""},"tablet":{"background-color":"","background-image":"","background-repeat":"repeat","background-position":"center center","background-size":"auto","background-attachment":"scroll","background-type":"","background-media":"","overlay-type":"","overlay-color":"","overlay-opacity":"","overlay-gradient":""},"mobile":{"background-color":"","background-image":"","background-repeat":"repeat","background-position":"center center","background-size":"auto","background-attachment":"scroll","background-type":"","background-media":"","overlay-type":"","overlay-color":"","overlay-opacity":"","overlay-gradient":""}},"ast-content-background-meta":{"desktop":{"background-color":"var(--ast-global-color-4)","background-image":"","background-repeat":"repeat","background-position":"center center","background-size":"auto","background-attachment":"scroll","background-type":"","background-media":"","overlay-type":"","overlay-color":"","overlay-opacity":"","overlay-gradient":""},"tablet":{"background-color":"var(--ast-global-color-4)","background-image":"","background-repeat":"repeat","background-position":"center center","background-size":"auto","background-attachment":"scroll","background-type":"","background-media":"","overlay-type":"","overlay-color":"","overlay-opacity":"","overlay-gradient":""},"mobile":{"background-color":"var(--ast-global-color-4)","background-image":"","background-repeat":"repeat","background-position":"center center","background-size":"auto","background-attachment":"scroll","background-type":"","background-media":"","overlay-type":"","overlay-color":"","overlay-opacity":"","overlay-gradient":""}}},"product_brand":[],"product_cat":[177],"product_tag":[571],"class_list":{"0":"post-89541","1":"product","2":"type-product","3":"status-publish","4":"has-post-thumbnail","6":"product_cat-enzimas-produtos-enologia","7":"product_tag-clarificacao-de-mosto","8":"pa_aplicacion-fa-e-fml-pt","9":"pa_ecologico-eu-autorizada","10":"pa_ecologico-nop-usda-autorizada","11":"pa_estilo-de-vino-branco","12":"pa_estilo-de-vino-rose-pt","13":"pa_objetivo-ajuda-a-filtracao","14":"pa_objetivo-flotacao","15":"pa_vegano-vegan-pt-pt","16":"desktop-align-left","17":"tablet-align-left","18":"mobile-align-left","20":"first","21":"instock","22":"virtual","23":"product-type-simple"},"acf":[],"_links":{"self":[{"href":"https:\/\/agrovin.com\/pt-pt\/wp-json\/wp\/v2\/product\/89541","targetHints":{"allow":["GET"]}}],"collection":[{"href":"https:\/\/agrovin.com\/pt-pt\/wp-json\/wp\/v2\/product"}],"about":[{"href":"https:\/\/agrovin.com\/pt-pt\/wp-json\/wp\/v2\/types\/product"}],"version-history":[{"count":0,"href":"https:\/\/agrovin.com\/pt-pt\/wp-json\/wp\/v2\/product\/89541\/revisions"}],"wp:featuredmedia":[{"embeddable":true,"href":"https:\/\/agrovin.com\/pt-pt\/wp-json\/wp\/v2\/media\/15453"}],"wp:attachment":[{"href":"https:\/\/agrovin.com\/pt-pt\/wp-json\/wp\/v2\/media?parent=89541"}],"wp:term":[{"taxonomy":"product_brand","embeddable":true,"href":"https:\/\/agrovin.com\/pt-pt\/wp-json\/wp\/v2\/product_brand?post=89541"},{"taxonomy":"product_cat","embeddable":true,"href":"https:\/\/agrovin.com\/pt-pt\/wp-json\/wp\/v2\/product_cat?post=89541"},{"taxonomy":"product_tag","embeddable":true,"href":"https:\/\/agrovin.com\/pt-pt\/wp-json\/wp\/v2\/product_tag?post=89541"}],"curies":[{"name":"wp","href":"https:\/\/api.w.org\/{rel}","templated":true}]}}