{"id":89531,"date":"2018-03-12T15:10:14","date_gmt":"2022-11-04T16:53:43","guid":{"rendered":"https:\/\/staging.agrovin.com\/sem%20categoria\/enozym-lux\/"},"modified":"2023-03-13T15:01:58","modified_gmt":"2023-03-13T14:01:58","slug":"enozym-lux","status":"publish","type":"product","link":"https:\/\/agrovin.com\/pt-pt\/produtos-enologia\/flotacao-produtos-enologia\/enozym-lux\/","title":{"rendered":"ENOZYM LUX"},"content":{"rendered":"<h3>CARACTER\u00cdSTICAS<\/h3>\n<p>A pectin lyase (PL) facilita a desludagem e acelera a queda de s\u00f3lidos. O rendimento da clarifica\u00e7\u00e3o \u00e9 aumentado. As uvas maduras s\u00e3o abundantes em PME (Pectina-metil esterase) e PG (Poligalacturonase) mas n\u00e3o cont\u00eam PL. Ao incorporar esta actividade enzim\u00e1tica, conseguem-se processos de clarifica\u00e7\u00e3o mais r\u00e1pidos.<\/p>\n<h3>CANDIDATURA<\/h3>\n<ul>\n<li>Desludamento est\u00e1tico: permite um desludamento r\u00e1pido e eficiente e atinge uma alta compacta\u00e7\u00e3o da frac\u00e7\u00e3o s\u00f3lida no fundo do tanque.<\/li>\n<li>Macera\u00e7\u00e3o preferencial da pele. Permite a macera\u00e7\u00e3o das uvas brancas antes da prensagem. Maior extrac\u00e7\u00e3o do conte\u00fado da pel\u00edcula, e portanto maior extrac\u00e7\u00e3o de precursores arom\u00e1ticos.<\/li>\n<\/ul>\n","protected":false},"excerpt":{"rendered":"<p>Enozym LUX \u00e9 uma prepara\u00e7\u00e3o l\u00edquida f\u00e1cil de aplicar altamente concentrada em pectin lyase (PL) que, em doses muito baixas, fornece mostos claros e de alto rendimento. Atinge uma maior intensidade e estabilidade dos aromas.<\/p>\n","protected":false},"featured_media":121701,"template":"","meta":{"_acf_changed":false,"inline_featured_image":false,"site-sidebar-layout":"default","site-content-layout":"default","ast-site-content-layout":"default","site-content-style":"default","site-sidebar-style":"default","ast-global-header-display":"","ast-banner-title-visibility":"","ast-main-header-display":"","ast-hfb-above-header-display":"","ast-hfb-below-header-display":"","ast-hfb-mobile-header-display":"","site-post-title":"","ast-breadcrumbs-content":"","ast-featured-img":"","footer-sml-layout":"","ast-disable-related-posts":"","theme-transparent-header-meta":"default","adv-header-id-meta":"","stick-header-meta":"","header-above-stick-meta":"","header-main-stick-meta":"","header-below-stick-meta":"","astra-migrate-meta-layouts":"default","ast-page-background-enabled":"default","ast-page-background-meta":{"desktop":{"background-color":"var(--ast-global-color-5)","background-image":"","background-repeat":"repeat","background-position":"center center","background-size":"auto","background-attachment":"scroll","background-type":"","background-media":"","overlay-type":"","overlay-color":"","overlay-opacity":"","overlay-gradient":""},"tablet":{"background-color":"","background-image":"","background-repeat":"repeat","background-position":"center center","background-size":"auto","background-attachment":"scroll","background-type":"","background-media":"","overlay-type":"","overlay-color":"","overlay-opacity":"","overlay-gradient":""},"mobile":{"background-color":"","background-image":"","background-repeat":"repeat","background-position":"center center","background-size":"auto","background-attachment":"scroll","background-type":"","background-media":"","overlay-type":"","overlay-color":"","overlay-opacity":"","overlay-gradient":""}},"ast-content-background-meta":{"desktop":{"background-color":"var(--ast-global-color-4)","background-image":"","background-repeat":"repeat","background-position":"center center","background-size":"auto","background-attachment":"scroll","background-type":"","background-media":"","overlay-type":"","overlay-color":"","overlay-opacity":"","overlay-gradient":""},"tablet":{"background-color":"var(--ast-global-color-4)","background-image":"","background-repeat":"repeat","background-position":"center center","background-size":"auto","background-attachment":"scroll","background-type":"","background-media":"","overlay-type":"","overlay-color":"","overlay-opacity":"","overlay-gradient":""},"mobile":{"background-color":"var(--ast-global-color-4)","background-image":"","background-repeat":"repeat","background-position":"center center","background-size":"auto","background-attachment":"scroll","background-type":"","background-media":"","overlay-type":"","overlay-color":"","overlay-opacity":"","overlay-gradient":""}}},"product_brand":[],"product_cat":[177,686],"product_tag":[571],"class_list":{"0":"post-89531","1":"product","2":"type-product","3":"status-publish","4":"has-post-thumbnail","6":"product_cat-enzimas-produtos-enologia","7":"product_cat-flotacao-produtos-enologia","8":"product_tag-clarificacao-de-mosto","9":"pa_aplicacion-fa-e-fml-pt","10":"pa_ecologico-eu-autorizada","11":"pa_ecologico-nop-usda-autorizada","12":"pa_estilo-de-vino-branco","13":"pa_estilo-de-vino-rose-pt","14":"pa_objetivo-ajuda-a-filtracao","15":"pa_objetivo-flotacao","16":"pa_vegano-vegan-pt-pt","17":"desktop-align-left","18":"tablet-align-left","19":"mobile-align-left","21":"first","22":"instock","23":"virtual","24":"product-type-simple"},"acf":[],"_links":{"self":[{"href":"https:\/\/agrovin.com\/pt-pt\/wp-json\/wp\/v2\/product\/89531","targetHints":{"allow":["GET"]}}],"collection":[{"href":"https:\/\/agrovin.com\/pt-pt\/wp-json\/wp\/v2\/product"}],"about":[{"href":"https:\/\/agrovin.com\/pt-pt\/wp-json\/wp\/v2\/types\/product"}],"version-history":[{"count":0,"href":"https:\/\/agrovin.com\/pt-pt\/wp-json\/wp\/v2\/product\/89531\/revisions"}],"wp:featuredmedia":[{"embeddable":true,"href":"https:\/\/agrovin.com\/pt-pt\/wp-json\/wp\/v2\/media\/121701"}],"wp:attachment":[{"href":"https:\/\/agrovin.com\/pt-pt\/wp-json\/wp\/v2\/media?parent=89531"}],"wp:term":[{"taxonomy":"product_brand","embeddable":true,"href":"https:\/\/agrovin.com\/pt-pt\/wp-json\/wp\/v2\/product_brand?post=89531"},{"taxonomy":"product_cat","embeddable":true,"href":"https:\/\/agrovin.com\/pt-pt\/wp-json\/wp\/v2\/product_cat?post=89531"},{"taxonomy":"product_tag","embeddable":true,"href":"https:\/\/agrovin.com\/pt-pt\/wp-json\/wp\/v2\/product_tag?post=89531"}],"curies":[{"name":"wp","href":"https:\/\/api.w.org\/{rel}","templated":true}]}}