{"id":89521,"date":"2018-03-12T12:27:56","date_gmt":"2022-11-04T16:53:21","guid":{"rendered":"https:\/\/staging.agrovin.com\/sem%20categoria\/superbouquet-mn\/"},"modified":"2024-08-23T13:08:55","modified_gmt":"2024-08-23T12:08:55","slug":"superbouquet-mn","status":"publish","type":"product","link":"https:\/\/agrovin.com\/pt-pt\/produtos-enologia\/polissacarideos-e-manoproteinas\/superbouquet-mn\/","title":{"rendered":"SUPERBOUQUET MN"},"content":{"rendered":"<div class=\"page\" title=\"P\u00e1gina 1\">\n<div class=\"section\">\n<div class=\"layoutArea\">\n<div class=\"column\">\n<h3>CANDIDATURA<\/h3>\n<p>Para vinhos brancos e tintos:<\/p>\n<p>Fermenta\u00e7\u00e3o alco\u00f3lica e malol\u00e1ctica: aumento de volume na boca. Nos vermelhos, melhora a estabilidade da mat\u00e9ria corante e proporciona uma suavidade t\u00e2nica.<\/p>\n<p>Envelhecimento em borras: aumenta a transfer\u00eancia de polissacar\u00eddeos durante este processo, tanto em tanques como em barris, aumentando a efici\u00eancia da agita\u00e7\u00e3o ou battonagem.<\/p>\n<p>Vinho acabado: estrutura e corpo. Para vinhos espumantes:<\/p>\n<p>Segunda fermenta\u00e7\u00e3o: aumenta o volume das borras, aumentando a sensa\u00e7\u00e3o de volume na boca e a persist\u00eancia da espuma.<\/p>\n<h3>DOSAGEM<\/h3>\n<div class=\"page\" title=\"P\u00e1gina 1\">\n<div class=\"section\">\n<div class=\"layoutArea\">\n<div class=\"column\">\n<p>Envelhecimento em borras e vinho acabado: 20-40 g\/hl<\/p>\n<p>Vinho espumante: 10-30 g\/hl<\/p>\n<p>Dose m\u00e1xima autorizada 40 g\/hl<\/p>\n<\/div>\n<div class=\"column\">\n<p>&nbsp;<\/p>\n<\/div>\n<\/div>\n<\/div>\n<\/div>\n<\/div>\n<\/div>\n<\/div>\n<\/div>\n","protected":false},"excerpt":{"rendered":"<h5><span style=\"color: #333333;\">ESTILO DE VINHO:<\/span><\/h5>\n<p><img decoding=\"async\" class=\"alignnone size-full wp-image-4976\" src=\"https:\/\/agrovin.com\/wp-content\/uploads\/2018\/03\/blanco.png\" alt=\"\" width=\"50\" height=\"44\" \/><img decoding=\"async\" class=\"alignnone size-full wp-image-4979\" src=\"https:\/\/agrovin.com\/wp-content\/uploads\/2018\/03\/rosado.png\" alt=\"\" width=\"50\" height=\"44\" \/><img decoding=\"async\" class=\"alignnone size-full wp-image-4981\" src=\"https:\/\/agrovin.com\/wp-content\/uploads\/2018\/03\/espumoso.png\" alt=\"\" width=\"50\" height=\"44\" \/><img loading=\"lazy\" decoding=\"async\" class=\"alignnone size-full wp-image-4980\" src=\"https:\/\/agrovin.com\/wp-content\/uploads\/2018\/03\/tinto.png\" alt=\"\" width=\"50\" height=\"44\" \/><img loading=\"lazy\" decoding=\"async\" class=\"alignnone size-full wp-image-4975\" src=\"https:\/\/agrovin.com\/wp-content\/uploads\/2018\/03\/barrica.png\" alt=\"\" width=\"50\" height=\"44\" \/><\/p>\n<h5><span style=\"color: #333333;\">CARACTER\u00cdSTICAS:<\/span><\/h5>\n<p>&#8211; Cascos de levedura, ricos em polissacar\u00eddeos de levedura que representam 48-53 % em peso do produto. Alto teor de manoprote\u00edna sol\u00favel (20-22%). Liberta\u00e7\u00e3o r\u00e1pida de polissacar\u00eddeos e manoprote\u00ednas. Acelera o envelhecimento em borras, sem acentuar os aromas de levedura.<br \/>\n&#8211; Contribui para as caracter\u00edsticas sensoriais do vinho, polindo taninos agressivos, reduzindo a adstring\u00eancia e aumentando as sensa\u00e7\u00f5es de corpo e volume na boca.<br \/>\n&#8211; Aumenta a persist\u00eancia e a estabilidade dos aromas.<\/p>\n<p>&#8211; Melhora a estabilidade da cor.<\/p>\n<p>&#8211; Efeito favor\u00e1vel sobre a fermenta\u00e7\u00e3o alco\u00f3lica e\/ou malol\u00e1ctica por desintoxica\u00e7\u00e3o do mosto\/vinho.<\/p>\n","protected":false},"featured_media":52260,"template":"","meta":{"_acf_changed":false,"inline_featured_image":false,"site-sidebar-layout":"default","site-content-layout":"default","ast-site-content-layout":"default","site-content-style":"default","site-sidebar-style":"default","ast-global-header-display":"","ast-banner-title-visibility":"","ast-main-header-display":"","ast-hfb-above-header-display":"","ast-hfb-below-header-display":"","ast-hfb-mobile-header-display":"","site-post-title":"","ast-breadcrumbs-content":"","ast-featured-img":"","footer-sml-layout":"","ast-disable-related-posts":"","theme-transparent-header-meta":"default","adv-header-id-meta":"","stick-header-meta":"","header-above-stick-meta":"","header-main-stick-meta":"","header-below-stick-meta":"","astra-migrate-meta-layouts":"default","ast-page-background-enabled":"default","ast-page-background-meta":{"desktop":{"background-color":"var(--ast-global-color-5)","background-image":"","background-repeat":"repeat","background-position":"center center","background-size":"auto","background-attachment":"scroll","background-type":"","background-media":"","overlay-type":"","overlay-color":"","overlay-opacity":"","overlay-gradient":""},"tablet":{"background-color":"","background-image":"","background-repeat":"repeat","background-position":"center center","background-size":"auto","background-attachment":"scroll","background-type":"","background-media":"","overlay-type":"","overlay-color":"","overlay-opacity":"","overlay-gradient":""},"mobile":{"background-color":"","background-image":"","background-repeat":"repeat","background-position":"center center","background-size":"auto","background-attachment":"scroll","background-type":"","background-media":"","overlay-type":"","overlay-color":"","overlay-opacity":"","overlay-gradient":""}},"ast-content-background-meta":{"desktop":{"background-color":"var(--ast-global-color-4)","background-image":"","background-repeat":"repeat","background-position":"center center","background-size":"auto","background-attachment":"scroll","background-type":"","background-media":"","overlay-type":"","overlay-color":"","overlay-opacity":"","overlay-gradient":""},"tablet":{"background-color":"var(--ast-global-color-4)","background-image":"","background-repeat":"repeat","background-position":"center center","background-size":"auto","background-attachment":"scroll","background-type":"","background-media":"","overlay-type":"","overlay-color":"","overlay-opacity":"","overlay-gradient":""},"mobile":{"background-color":"var(--ast-global-color-4)","background-image":"","background-repeat":"repeat","background-position":"center center","background-size":"auto","background-attachment":"scroll","background-type":"","background-media":"","overlay-type":"","overlay-color":"","overlay-opacity":"","overlay-gradient":""}}},"product_brand":[],"product_cat":[217],"product_tag":[822,422],"class_list":{"0":"post-89521","1":"product","2":"type-product","3":"status-publish","4":"has-post-thumbnail","6":"product_cat-polissacarideos-e-manoproteinas","7":"product_tag-estabilidade-aromatica-e-cor","8":"product_tag-paredes-celulares-de-levedura","9":"pa_aplicacion-fa-e-fml-pt","10":"pa_ecologico-eu-autorizada","11":"pa_ecologico-nop-usda-autorizada","12":"pa_estilo-de-vino-barrica","13":"pa_estilo-de-vino-branco","14":"pa_estilo-de-vino-espumante","15":"pa_estilo-de-vino-rose-pt","16":"pa_estilo-de-vino-tinto-pt","17":"pa_objetivo-melhoramento-sensorial","18":"pa_objetivo-refinado","19":"pa_vegano-vegan-pt-pt","20":"desktop-align-left","21":"tablet-align-left","22":"mobile-align-left","24":"first","25":"instock","26":"virtual","27":"product-type-simple"},"acf":[],"_links":{"self":[{"href":"https:\/\/agrovin.com\/pt-pt\/wp-json\/wp\/v2\/product\/89521","targetHints":{"allow":["GET"]}}],"collection":[{"href":"https:\/\/agrovin.com\/pt-pt\/wp-json\/wp\/v2\/product"}],"about":[{"href":"https:\/\/agrovin.com\/pt-pt\/wp-json\/wp\/v2\/types\/product"}],"version-history":[{"count":1,"href":"https:\/\/agrovin.com\/pt-pt\/wp-json\/wp\/v2\/product\/89521\/revisions"}],"predecessor-version":[{"id":116220,"href":"https:\/\/agrovin.com\/pt-pt\/wp-json\/wp\/v2\/product\/89521\/revisions\/116220"}],"wp:featuredmedia":[{"embeddable":true,"href":"https:\/\/agrovin.com\/pt-pt\/wp-json\/wp\/v2\/media\/52260"}],"wp:attachment":[{"href":"https:\/\/agrovin.com\/pt-pt\/wp-json\/wp\/v2\/media?parent=89521"}],"wp:term":[{"taxonomy":"product_brand","embeddable":true,"href":"https:\/\/agrovin.com\/pt-pt\/wp-json\/wp\/v2\/product_brand?post=89521"},{"taxonomy":"product_cat","embeddable":true,"href":"https:\/\/agrovin.com\/pt-pt\/wp-json\/wp\/v2\/product_cat?post=89521"},{"taxonomy":"product_tag","embeddable":true,"href":"https:\/\/agrovin.com\/pt-pt\/wp-json\/wp\/v2\/product_tag?post=89521"}],"curies":[{"name":"wp","href":"https:\/\/api.w.org\/{rel}","templated":true}]}}