{"id":89516,"date":"2018-03-12T15:34:32","date_gmt":"2022-11-04T16:53:09","guid":{"rendered":"https:\/\/staging.agrovin.com\/sem%20categoria\/enovin-pectinase\/"},"modified":"2022-11-06T15:23:21","modified_gmt":"2022-11-06T14:23:21","slug":"enovin-fl-pectinase","status":"publish","type":"product","link":"https:\/\/agrovin.com\/pt-pt\/produtos-enologia\/enzimas-produtos-enologia\/enovin-fl-pectinase\/","title":{"rendered":"ENOVIN PECTINASE"},"content":{"rendered":"<h3>CARACTER\u00cdSTICAS<\/h3>\n<p>A Enovin Pectinase hidrolisa selectivamente as liga\u00e7\u00f5es entre as subst\u00e2ncias p\u00e9cticas presentes na l\u00e2mina m\u00e9dia e a parede celular da pele.<\/p>\n<p>Reduz a viscosidade dos mostos e vinhos, acelerando o assentamento dos mostos brancos e rosados e a clarifica\u00e7\u00e3o dos vinhos. Nos vinhos tintos, facilita a desintegra\u00e7\u00e3o da parede vegetal, antecipando a extrac\u00e7\u00e3o da mat\u00e9ria corante.<\/p>\n<p>A Enovin Pectinase \u00e9 uma prepara\u00e7\u00e3o purificada e n\u00e3o cont\u00e9m actividades secund\u00e1rias e est\u00e1 livre de actividade de cinamil esterase (FCE).<\/p>\n<h3>CANDIDATURA<\/h3>\n<ul>\n<li>Desobstru\u00eddo. A adi\u00e7\u00e3o de Enovin Pectinase acelera a clarifica\u00e7\u00e3o do mosto, devido \u00e0 r\u00e1pida redu\u00e7\u00e3o da sua turbidez. \u00c9 eficaz a baixas temperaturas e atinge uma alta compacta\u00e7\u00e3o da frac\u00e7\u00e3o s\u00f3lida no fundo do tanque.<\/li>\n<li>Macera\u00e7\u00e3o das uvas tintas: a Enovin Pectinase acelera a extrac\u00e7\u00e3o da cor por solubiliza\u00e7\u00e3o da parede celular.<\/li>\n<li>Altamente recomendado em processos de detente de flash e termovinifica\u00e7\u00e3o, reduzindo drasticamente a viscosidade ap\u00f3s o processamento.<\/li>\n<li>Facilita a clarifica\u00e7\u00e3o e filtra\u00e7\u00e3o de todos os vinhos, incluindo os vinhos de prensa.<\/li>\n<\/ul>\n<div class=\"page\" title=\"P\u00e1gina 1\">\n<div class=\"section\">\n<div class=\"layoutArea\">\n<div class=\"column\">\n<h3>DOSAGEM<\/h3>\n<p>Assentamento: Vinhos brancos e ros\u00e9s: &gt; 2 ml\/hl<\/p>\n<p>Macera\u00e7\u00e3o (18-25oC): Vinhos tintos: &gt; 2 ml\/100 kg<\/p>\n<p>Detona\u00e7\u00e3o com flash (30-40oC) 5-10 min: &gt; 8 ml\/hl<\/p>\n<p>Termomacera\u00e7\u00e3o (50-55o) 30 -60 min: 3-5 ml\/hl<\/p>\n<p>Clarifica\u00e7\u00e3o e filtra\u00e7\u00e3o: 4 ml\/hl<\/p>\n<\/div>\n<\/div>\n<\/div>\n<\/div>\n","protected":false},"excerpt":{"rendered":"<p>A Enovin Pectinase \u00e9 uma prepara\u00e7\u00e3o enzim\u00e1tica l\u00edquida de largo espectro para o tratamento de mostos e vinhos.<\/p>\n","protected":false},"featured_media":16272,"template":"","meta":{"_acf_changed":false,"inline_featured_image":false,"site-sidebar-layout":"default","site-content-layout":"default","ast-site-content-layout":"default","site-content-style":"default","site-sidebar-style":"default","ast-global-header-display":"","ast-banner-title-visibility":"","ast-main-header-display":"","ast-hfb-above-header-display":"","ast-hfb-below-header-display":"","ast-hfb-mobile-header-display":"","site-post-title":"","ast-breadcrumbs-content":"","ast-featured-img":"","footer-sml-layout":"","ast-disable-related-posts":"","theme-transparent-header-meta":"default","adv-header-id-meta":"","stick-header-meta":"","header-above-stick-meta":"","header-main-stick-meta":"","header-below-stick-meta":"","astra-migrate-meta-layouts":"default","ast-page-background-enabled":"default","ast-page-background-meta":{"desktop":{"background-color":"var(--ast-global-color-5)","background-image":"","background-repeat":"repeat","background-position":"center center","background-size":"auto","background-attachment":"scroll","background-type":"","background-media":"","overlay-type":"","overlay-color":"","overlay-opacity":"","overlay-gradient":""},"tablet":{"background-color":"","background-image":"","background-repeat":"repeat","background-position":"center center","background-size":"auto","background-attachment":"scroll","background-type":"","background-media":"","overlay-type":"","overlay-color":"","overlay-opacity":"","overlay-gradient":""},"mobile":{"background-color":"","background-image":"","background-repeat":"repeat","background-position":"center center","background-size":"auto","background-attachment":"scroll","background-type":"","background-media":"","overlay-type":"","overlay-color":"","overlay-opacity":"","overlay-gradient":""}},"ast-content-background-meta":{"desktop":{"background-color":"var(--ast-global-color-4)","background-image":"","background-repeat":"repeat","background-position":"center center","background-size":"auto","background-attachment":"scroll","background-type":"","background-media":"","overlay-type":"","overlay-color":"","overlay-opacity":"","overlay-gradient":""},"tablet":{"background-color":"var(--ast-global-color-4)","background-image":"","background-repeat":"repeat","background-position":"center center","background-size":"auto","background-attachment":"scroll","background-type":"","background-media":"","overlay-type":"","overlay-color":"","overlay-opacity":"","overlay-gradient":""},"mobile":{"background-color":"var(--ast-global-color-4)","background-image":"","background-repeat":"repeat","background-position":"center center","background-size":"auto","background-attachment":"scroll","background-type":"","background-media":"","overlay-type":"","overlay-color":"","overlay-opacity":"","overlay-gradient":""}}},"product_brand":[],"product_cat":[177],"product_tag":[571,763],"class_list":{"0":"post-89516","1":"product","2":"type-product","3":"status-publish","4":"has-post-thumbnail","6":"product_cat-enzimas-produtos-enologia","7":"product_tag-clarificacao-de-mosto","8":"product_tag-filtracao-e-envelhecimento-sobre-as-borras","9":"pa_aplicacion-fa-e-fml-pt","10":"pa_ecologico-eu-autorizada","11":"pa_ecologico-nop-usda-autorizada","12":"pa_estilo-de-vino-branco","13":"pa_estilo-de-vino-rose-pt","14":"pa_estilo-de-vino-tinto-pt","15":"pa_objetivo-ajuda-a-filtracao","16":"pa_objetivo-flotacao","17":"pa_vegano-vegan-pt-pt","18":"desktop-align-left","19":"tablet-align-left","20":"mobile-align-left","22":"first","23":"instock","24":"virtual","25":"product-type-simple"},"acf":[],"_links":{"self":[{"href":"https:\/\/agrovin.com\/pt-pt\/wp-json\/wp\/v2\/product\/89516","targetHints":{"allow":["GET"]}}],"collection":[{"href":"https:\/\/agrovin.com\/pt-pt\/wp-json\/wp\/v2\/product"}],"about":[{"href":"https:\/\/agrovin.com\/pt-pt\/wp-json\/wp\/v2\/types\/product"}],"version-history":[{"count":0,"href":"https:\/\/agrovin.com\/pt-pt\/wp-json\/wp\/v2\/product\/89516\/revisions"}],"wp:featuredmedia":[{"embeddable":true,"href":"https:\/\/agrovin.com\/pt-pt\/wp-json\/wp\/v2\/media\/16272"}],"wp:attachment":[{"href":"https:\/\/agrovin.com\/pt-pt\/wp-json\/wp\/v2\/media?parent=89516"}],"wp:term":[{"taxonomy":"product_brand","embeddable":true,"href":"https:\/\/agrovin.com\/pt-pt\/wp-json\/wp\/v2\/product_brand?post=89516"},{"taxonomy":"product_cat","embeddable":true,"href":"https:\/\/agrovin.com\/pt-pt\/wp-json\/wp\/v2\/product_cat?post=89516"},{"taxonomy":"product_tag","embeddable":true,"href":"https:\/\/agrovin.com\/pt-pt\/wp-json\/wp\/v2\/product_tag?post=89516"}],"curies":[{"name":"wp","href":"https:\/\/api.w.org\/{rel}","templated":true}]}}