{"id":89511,"date":"2018-03-12T15:27:35","date_gmt":"2022-11-04T16:52:59","guid":{"rendered":"https:\/\/staging.agrovin.com\/sem%20categoria\/enzoym-extra-arome\/"},"modified":"2022-11-06T15:29:58","modified_gmt":"2022-11-06T14:29:58","slug":"enzoym-extra-arome","status":"publish","type":"product","link":"https:\/\/agrovin.com\/pt-pt\/produtos-enologia\/enzimas-produtos-enologia\/enzoym-extra-arome\/","title":{"rendered":"ENZOYM EXTRA AROME"},"content":{"rendered":"<h3>CARACTER\u00cdSTICAS<\/h3>\n<p>Enozym EXTRA AROME \u00e9 uma prepara\u00e7\u00e3o l\u00edquida, f\u00e1cil de aplicar, altamente concentrada em pectin lyase (PL) que, em doses muito baixas, fornece mostos claros e de alto rendimento. Atinge uma maior intensidade e estabilidade dos aromas.<\/p>\n<p>Incorpora a actividade de \u03b2-glucosidase, que permite a liberta\u00e7\u00e3o de precursores arom\u00e1ticos durante a fermenta\u00e7\u00e3o alco\u00f3lica.<\/p>\n<p>Actividades enzim\u00e1ticas altamente purificadas, limita a extrac\u00e7\u00e3o de elementos herb\u00e1ceos e controla a liberta\u00e7\u00e3o de metanol. Adequado para uso directo em uvas inteiras.<\/p>\n<p>Devido \u00e0 sua concentra\u00e7\u00e3o, \u00e9 eficaz a baixas temperaturas (10o C) e em doses muito baixas.<\/p>\n<h3>CANDIDATURA<\/h3>\n<ul>\n<li>Macera\u00e7\u00e3o preferencial da pele. Liberta\u00e7\u00e3o de precursores arom\u00e1ticos de natureza glicos\u00eddica (terpenos). Quando aplicado durante a macera\u00e7\u00e3o das uvas brancas (antes da prensagem) h\u00e1 uma maior extrac\u00e7\u00e3o do conte\u00fado pelicular, e portanto uma maior extrac\u00e7\u00e3o dos precursores arom\u00e1ticos que pode ser revelada gradualmente ao longo da fermenta\u00e7\u00e3o alco\u00f3lica.<\/li>\n<li>Desaguamento: permite um desaguamento r\u00e1pido e eficiente e alcan\u00e7a uma alta compacta\u00e7\u00e3o da frac\u00e7\u00e3o s\u00f3lida.<\/li>\n<\/ul>\n<h3>DOSAGEM<\/h3>\n<div class=\"page\" title=\"P\u00e1gina 1\">\n<div class=\"section\">\n<div class=\"layoutArea\">\n<div class=\"column\">\n<p>Descongelamento: &gt; 0,4 ml \/hl<\/p>\n<p>Aplica\u00e7\u00e3o em uvas inteiras em lagar ou triturador: <span style=\"font-size: 16px;\">&gt;0.8ml\/100kg<\/span><\/p>\n<\/div>\n<\/div>\n<\/div>\n<\/div>\n","protected":false},"excerpt":{"rendered":"<p>Enozym EXTRA AROME \u00e9 uma prepara\u00e7\u00e3o enzim\u00e1tica espec\u00edfica para a extrac\u00e7\u00e3o m\u00e1xima de aromas varietais em clarifica\u00e7\u00e3o de mosto ou macera\u00e7\u00e3o cut\u00e2nea de uvas brancas.<\/p>\n","protected":false},"featured_media":121693,"template":"","meta":{"_acf_changed":false,"inline_featured_image":false,"site-sidebar-layout":"default","site-content-layout":"default","ast-site-content-layout":"default","site-content-style":"default","site-sidebar-style":"default","ast-global-header-display":"","ast-banner-title-visibility":"","ast-main-header-display":"","ast-hfb-above-header-display":"","ast-hfb-below-header-display":"","ast-hfb-mobile-header-display":"","site-post-title":"","ast-breadcrumbs-content":"","ast-featured-img":"","footer-sml-layout":"","ast-disable-related-posts":"","theme-transparent-header-meta":"default","adv-header-id-meta":"","stick-header-meta":"","header-above-stick-meta":"","header-main-stick-meta":"","header-below-stick-meta":"","astra-migrate-meta-layouts":"default","ast-page-background-enabled":"default","ast-page-background-meta":{"desktop":{"background-color":"var(--ast-global-color-5)","background-image":"","background-repeat":"repeat","background-position":"center center","background-size":"auto","background-attachment":"scroll","background-type":"","background-media":"","overlay-type":"","overlay-color":"","overlay-opacity":"","overlay-gradient":""},"tablet":{"background-color":"","background-image":"","background-repeat":"repeat","background-position":"center center","background-size":"auto","background-attachment":"scroll","background-type":"","background-media":"","overlay-type":"","overlay-color":"","overlay-opacity":"","overlay-gradient":""},"mobile":{"background-color":"","background-image":"","background-repeat":"repeat","background-position":"center center","background-size":"auto","background-attachment":"scroll","background-type":"","background-media":"","overlay-type":"","overlay-color":"","overlay-opacity":"","overlay-gradient":""}},"ast-content-background-meta":{"desktop":{"background-color":"var(--ast-global-color-4)","background-image":"","background-repeat":"repeat","background-position":"center center","background-size":"auto","background-attachment":"scroll","background-type":"","background-media":"","overlay-type":"","overlay-color":"","overlay-opacity":"","overlay-gradient":""},"tablet":{"background-color":"var(--ast-global-color-4)","background-image":"","background-repeat":"repeat","background-position":"center center","background-size":"auto","background-attachment":"scroll","background-type":"","background-media":"","overlay-type":"","overlay-color":"","overlay-opacity":"","overlay-gradient":""},"mobile":{"background-color":"var(--ast-global-color-4)","background-image":"","background-repeat":"repeat","background-position":"center center","background-size":"auto","background-attachment":"scroll","background-type":"","background-media":"","overlay-type":"","overlay-color":"","overlay-opacity":"","overlay-gradient":""}}},"product_brand":[],"product_cat":[177],"product_tag":[571,272],"class_list":{"0":"post-89511","1":"product","2":"type-product","3":"status-publish","4":"has-post-thumbnail","6":"product_cat-enzimas-produtos-enologia","7":"product_tag-clarificacao-de-mosto","8":"product_tag-incremento-de-aroma","9":"pa_aplicacion-fa-e-fml-pt","10":"pa_ecologico-eu-autorizada","11":"pa_ecologico-nop-usda-autorizada","12":"pa_estilo-de-vino-branco","13":"pa_estilo-de-vino-rose-pt","14":"pa_objetivo-extracao-de-aromas","15":"pa_vegano-vegan-pt-pt","16":"desktop-align-left","17":"tablet-align-left","18":"mobile-align-left","20":"first","21":"instock","22":"virtual","23":"product-type-simple"},"acf":[],"_links":{"self":[{"href":"https:\/\/agrovin.com\/pt-pt\/wp-json\/wp\/v2\/product\/89511","targetHints":{"allow":["GET"]}}],"collection":[{"href":"https:\/\/agrovin.com\/pt-pt\/wp-json\/wp\/v2\/product"}],"about":[{"href":"https:\/\/agrovin.com\/pt-pt\/wp-json\/wp\/v2\/types\/product"}],"version-history":[{"count":0,"href":"https:\/\/agrovin.com\/pt-pt\/wp-json\/wp\/v2\/product\/89511\/revisions"}],"wp:featuredmedia":[{"embeddable":true,"href":"https:\/\/agrovin.com\/pt-pt\/wp-json\/wp\/v2\/media\/121693"}],"wp:attachment":[{"href":"https:\/\/agrovin.com\/pt-pt\/wp-json\/wp\/v2\/media?parent=89511"}],"wp:term":[{"taxonomy":"product_brand","embeddable":true,"href":"https:\/\/agrovin.com\/pt-pt\/wp-json\/wp\/v2\/product_brand?post=89511"},{"taxonomy":"product_cat","embeddable":true,"href":"https:\/\/agrovin.com\/pt-pt\/wp-json\/wp\/v2\/product_cat?post=89511"},{"taxonomy":"product_tag","embeddable":true,"href":"https:\/\/agrovin.com\/pt-pt\/wp-json\/wp\/v2\/product_tag?post=89511"}],"curies":[{"name":"wp","href":"https:\/\/api.w.org\/{rel}","templated":true}]}}