{"id":89482,"date":"2018-05-08T07:44:09","date_gmt":"2022-11-04T16:07:39","guid":{"rendered":"https:\/\/staging.agrovin.com\/sem%20categoria\/microstab-ph\/"},"modified":"2025-06-26T09:17:02","modified_gmt":"2025-06-26T07:17:02","slug":"microstab-ph","status":"publish","type":"product","link":"https:\/\/agrovin.com\/pt-pt\/produtos-enologia\/controlo-microbiologico-pt\/microstab-ph\/","title":{"rendered":"MICROSTAB PH"},"content":{"rendered":"<h4>CARACTER\u00cdSTICAS<\/h4>\n<p>O pH Microstab \u00e9 um estabilizador com actividade antimicrobiana que limita o desenvolvimento de popula\u00e7\u00f5es deterioradas. A sua utiliza\u00e7\u00e3o permite:<br \/>\nControlo da fermenta\u00e7\u00e3o malol\u00e1ctica (MLF): em mostos brancos e ros\u00e9 pode ser utilizado para atrasar ou inibir o MLF sem afectar o desenvolvimento normal da fermenta\u00e7\u00e3o alco\u00f3lica.<\/p>\n<p>Reduzir o impacto sensorial negativo causado por contamina\u00e7\u00f5es microbianas indesej\u00e1veis (acidez vol\u00e1til, aminas biog\u00e9nicas, fen\u00f3is vol\u00e1teis).<\/p>\n<p>A sua elevada capacidade antimicrobiana reduz os n\u00edveis de SO2 durante o processamento.<\/p>\n<h4>CANDIDATURA<\/h4>\n<p>-Na colheita, como um antimicrobiano, com capacidade acidificante de mosto.<br \/>\n-Em mostos e vinhos para limitar o desenvolvimento da flora contaminante. O seu efeito antimicrobiano torna poss\u00edvel a redu\u00e7\u00e3o da dose de enxofre.<\/p>\n<h4>COMPOSI\u00c7\u00c3O<\/h4>\n<p>Formula\u00e7\u00e3o l\u00edquida \u00e0 base de quitosano de origem f\u00fangica e \u00e1cido L (+) tart\u00e1rico (E-334).<\/p>\n<h4>DOSAGEM<\/h4>\n<p>Mostos e vinho. 200-400 ml\/hl<br \/>\nAs doses de 200 ml\/hl aumentam a acidez total em \u22481 g\/l .<br \/>\nDose m\u00e1xima legalmente admiss\u00edvel: 400 ml\/hl<\/p>\n<h4>INSTRU\u00c7\u00d5ES DE UTILIZA\u00c7\u00c3O<\/h4>\n<p>Aplica\u00e7\u00e3o em uvas:<br \/>\nAdicionar a quantidade total correspondente ao volume de uvas a incorporar no funil de recep\u00e7\u00e3o, ap\u00f3s esmagamento e desengace ou durante o enchimento do lagar ou triturador.<br \/>\nAplica\u00e7\u00e3o sobre mosto ou vinho:<br \/>\nAdicionar a quantidade total correspondente \u00e0 totalidade do mosto ou vinho a tratar, assegurando uma homogeneiza\u00e7\u00e3o total. A adi\u00e7\u00e3o da prepara\u00e7\u00e3o com uma bomba doseadora assegura a distribui\u00e7\u00e3o uniforme do produto.<\/p>\n","protected":false},"excerpt":{"rendered":"<p>O pH Microstab \u00e9 um estabilizador com actividade antimicrobiana que limita o desenvolvimento de popula\u00e7\u00f5es deterioradas. A sua utiliza\u00e7\u00e3o permite:<br \/>\nControlo da fermenta\u00e7\u00e3o malol\u00e1ctica (MLF): em mostos brancos e ros\u00e9 pode ser utilizado para atrasar ou inibir o MLF sem afectar o desenvolvimento normal da fermenta\u00e7\u00e3o alco\u00f3lica.<\/p>\n<p>Reduzir o impacto sensorial negativo causado por contamina\u00e7\u00f5es microbianas indesej\u00e1veis (acidez vol\u00e1til, aminas biog\u00e9nicas, fen\u00f3is vol\u00e1teis).<br \/>\nA sua elevada capacidade antimicrobiana reduz os n\u00edveis de SO2 durante o processamento.<\/p>\n","protected":false},"featured_media":21528,"template":"","meta":{"_acf_changed":false,"inline_featured_image":false,"site-sidebar-layout":"default","site-content-layout":"default","ast-site-content-layout":"default","site-content-style":"default","site-sidebar-style":"default","ast-global-header-display":"","ast-banner-title-visibility":"","ast-main-header-display":"","ast-hfb-above-header-display":"","ast-hfb-below-header-display":"","ast-hfb-mobile-header-display":"","site-post-title":"","ast-breadcrumbs-content":"","ast-featured-img":"","footer-sml-layout":"","ast-disable-related-posts":"","theme-transparent-header-meta":"default","adv-header-id-meta":"","stick-header-meta":"","header-above-stick-meta":"","header-main-stick-meta":"","header-below-stick-meta":"","astra-migrate-meta-layouts":"set","ast-page-background-enabled":"default","ast-page-background-meta":{"desktop":{"background-color":"var(--ast-global-color-5)","background-image":"","background-repeat":"repeat","background-position":"center center","background-size":"auto","background-attachment":"scroll","background-type":"","background-media":"","overlay-type":"","overlay-color":"","overlay-opacity":"","overlay-gradient":""},"tablet":{"background-color":"","background-image":"","background-repeat":"repeat","background-position":"center center","background-size":"auto","background-attachment":"scroll","background-type":"","background-media":"","overlay-type":"","overlay-color":"","overlay-opacity":"","overlay-gradient":""},"mobile":{"background-color":"","background-image":"","background-repeat":"repeat","background-position":"center center","background-size":"auto","background-attachment":"scroll","background-type":"","background-media":"","overlay-type":"","overlay-color":"","overlay-opacity":"","overlay-gradient":""}},"ast-content-background-meta":{"desktop":{"background-color":"var(--ast-global-color-4)","background-image":"","background-repeat":"repeat","background-position":"center center","background-size":"auto","background-attachment":"scroll","background-type":"","background-media":"","overlay-type":"","overlay-color":"","overlay-opacity":"","overlay-gradient":""},"tablet":{"background-color":"var(--ast-global-color-4)","background-image":"","background-repeat":"repeat","background-position":"center center","background-size":"auto","background-attachment":"scroll","background-type":"","background-media":"","overlay-type":"","overlay-color":"","overlay-opacity":"","overlay-gradient":""},"mobile":{"background-color":"var(--ast-global-color-4)","background-image":"","background-repeat":"repeat","background-position":"center center","background-size":"auto","background-attachment":"scroll","background-type":"","background-media":"","overlay-type":"","overlay-color":"","overlay-opacity":"","overlay-gradient":""}}},"product_brand":[],"product_cat":[889],"product_tag":[],"class_list":{"0":"post-89482","1":"product","2":"type-product","3":"status-publish","4":"has-post-thumbnail","6":"product_cat-controlo-microbiologico-pt","7":"pa_aplicacion-fa-e-fml-pt","8":"pa_aplicacion-uva-e-mosto-pt","9":"pa_ecologico-eu-autorizada","10":"pa_estilo-de-vino-barrica","11":"pa_estilo-de-vino-branco","12":"pa_estilo-de-vino-espumante","13":"pa_estilo-de-vino-rose-pt","14":"pa_estilo-de-vino-tinto-pt","15":"pa_objetivo-estabilizacao","16":"pa_objetivo-protecao-microbiologica","17":"pa_vegano-vegan-pt-pt","18":"desktop-align-left","19":"tablet-align-left","20":"mobile-align-left","22":"first","23":"instock","24":"virtual","25":"product-type-simple"},"acf":[],"_links":{"self":[{"href":"https:\/\/agrovin.com\/pt-pt\/wp-json\/wp\/v2\/product\/89482","targetHints":{"allow":["GET"]}}],"collection":[{"href":"https:\/\/agrovin.com\/pt-pt\/wp-json\/wp\/v2\/product"}],"about":[{"href":"https:\/\/agrovin.com\/pt-pt\/wp-json\/wp\/v2\/types\/product"}],"version-history":[{"count":1,"href":"https:\/\/agrovin.com\/pt-pt\/wp-json\/wp\/v2\/product\/89482\/revisions"}],"predecessor-version":[{"id":120370,"href":"https:\/\/agrovin.com\/pt-pt\/wp-json\/wp\/v2\/product\/89482\/revisions\/120370"}],"wp:featuredmedia":[{"embeddable":true,"href":"https:\/\/agrovin.com\/pt-pt\/wp-json\/wp\/v2\/media\/21528"}],"wp:attachment":[{"href":"https:\/\/agrovin.com\/pt-pt\/wp-json\/wp\/v2\/media?parent=89482"}],"wp:term":[{"taxonomy":"product_brand","embeddable":true,"href":"https:\/\/agrovin.com\/pt-pt\/wp-json\/wp\/v2\/product_brand?post=89482"},{"taxonomy":"product_cat","embeddable":true,"href":"https:\/\/agrovin.com\/pt-pt\/wp-json\/wp\/v2\/product_cat?post=89482"},{"taxonomy":"product_tag","embeddable":true,"href":"https:\/\/agrovin.com\/pt-pt\/wp-json\/wp\/v2\/product_tag?post=89482"}],"curies":[{"name":"wp","href":"https:\/\/api.w.org\/{rel}","templated":true}]}}