{"id":89452,"date":"2018-04-20T07:35:07","date_gmt":"2018-04-20T07:35:07","guid":{"rendered":"https:\/\/staging.agrovin.com\/sem%20categoria\/radifil-rn\/"},"modified":"2024-10-29T15:24:55","modified_gmt":"2024-10-29T13:24:55","slug":"radifil-rn","status":"publish","type":"product","link":"https:\/\/agrovin.com\/pt-pt\/produtos-enologia\/filtracao\/radifil-rn\/","title":{"rendered":"RADIFIL RN"},"content":{"rendered":"<h3>CARACTER\u00cdSTICAS<\/h3>\n<p>Devido \u00e0 sua elevada porosidade, a diatomite extra\u00edda das pedreiras cont\u00e9m 60-70% de \u00e1gua. As diatom\u00e1ceas Radifil RN s\u00e3o diatom\u00e1ceas naturais que s\u00e3o mo\u00eddas, secas e depois esmagadas at\u00e9 atingirem a sua forma em p\u00f3.<\/p>\n<p>As diatom\u00e1ceas Radifil RN s\u00e3o ent\u00e3o calcinadas em fornos entre 800 e 1100 o C. Esta calcina\u00e7\u00e3o remove a mat\u00e9ria org\u00e2nica e aglomera as diatom\u00e1ceas, sem alterar a sua porosidade. Depois de arrefecido, o produto \u00e9 mo\u00eddo e depois classificado de modo a fazer cortes precisos de tamanho de part\u00edculas, respondendo \u00e0s v\u00e1rias aplica\u00e7\u00f5es.<\/p>\n<h3>CANDIDATURA<\/h3>\n<p>Filtra\u00e7\u00e3o de bebidas tais como mostos, vinhos, cervejas, sumos, cidras, \u00f3leos e gorduras.<\/p>\n","protected":false},"excerpt":{"rendered":"<p>Radifil RN s\u00e3o terras diatom\u00e1ceas com uma permeabilidade m\u00e9dia entre 0,025 e 0,100 esp\u00e9cies. S\u00e3o essencialmente constitu\u00eddas por conchas de sil\u00edcio f\u00f3ssil de algas unicelulares microosc\u00f3picas e s\u00e3o utilizadas como auxiliares de filtra\u00e7\u00e3o, devido \u00e0 sua porosidade e elevada capacidade de adsor\u00e7\u00e3o.<\/p>\n","protected":false},"featured_media":22017,"template":"","meta":{"_acf_changed":false,"inline_featured_image":false,"site-sidebar-layout":"default","site-content-layout":"default","ast-site-content-layout":"default","site-content-style":"default","site-sidebar-style":"default","ast-global-header-display":"","ast-banner-title-visibility":"","ast-main-header-display":"","ast-hfb-above-header-display":"","ast-hfb-below-header-display":"","ast-hfb-mobile-header-display":"","site-post-title":"","ast-breadcrumbs-content":"","ast-featured-img":"","footer-sml-layout":"","ast-disable-related-posts":"","theme-transparent-header-meta":"default","adv-header-id-meta":"","stick-header-meta":"","header-above-stick-meta":"","header-main-stick-meta":"","header-below-stick-meta":"","astra-migrate-meta-layouts":"set","ast-page-background-enabled":"default","ast-page-background-meta":{"desktop":{"background-color":"var(--ast-global-color-5)","background-image":"","background-repeat":"repeat","background-position":"center center","background-size":"auto","background-attachment":"scroll","background-type":"","background-media":"","overlay-type":"","overlay-color":"","overlay-opacity":"","overlay-gradient":""},"tablet":{"background-color":"","background-image":"","background-repeat":"repeat","background-position":"center center","background-size":"auto","background-attachment":"scroll","background-type":"","background-media":"","overlay-type":"","overlay-color":"","overlay-opacity":"","overlay-gradient":""},"mobile":{"background-color":"","background-image":"","background-repeat":"repeat","background-position":"center center","background-size":"auto","background-attachment":"scroll","background-type":"","background-media":"","overlay-type":"","overlay-color":"","overlay-opacity":"","overlay-gradient":""}},"ast-content-background-meta":{"desktop":{"background-color":"var(--ast-global-color-4)","background-image":"","background-repeat":"repeat","background-position":"center center","background-size":"auto","background-attachment":"scroll","background-type":"","background-media":"","overlay-type":"","overlay-color":"","overlay-opacity":"","overlay-gradient":""},"tablet":{"background-color":"var(--ast-global-color-4)","background-image":"","background-repeat":"repeat","background-position":"center center","background-size":"auto","background-attachment":"scroll","background-type":"","background-media":"","overlay-type":"","overlay-color":"","overlay-opacity":"","overlay-gradient":""},"mobile":{"background-color":"var(--ast-global-color-4)","background-image":"","background-repeat":"repeat","background-position":"center center","background-size":"auto","background-attachment":"scroll","background-type":"","background-media":"","overlay-type":"","overlay-color":"","overlay-opacity":"","overlay-gradient":""}}},"product_brand":[],"product_cat":[359],"product_tag":[],"class_list":{"0":"post-89452","1":"product","2":"type-product","3":"status-publish","4":"has-post-thumbnail","6":"product_cat-filtracao","7":"pa_ecologico-eu-autorizada","8":"pa_ecologico-nop-usda-autorizada","9":"pa_vegano-vegan-pt-pt","10":"desktop-align-left","11":"tablet-align-left","12":"mobile-align-left","14":"first","15":"instock","16":"virtual","17":"product-type-simple"},"acf":[],"_links":{"self":[{"href":"https:\/\/agrovin.com\/pt-pt\/wp-json\/wp\/v2\/product\/89452","targetHints":{"allow":["GET"]}}],"collection":[{"href":"https:\/\/agrovin.com\/pt-pt\/wp-json\/wp\/v2\/product"}],"about":[{"href":"https:\/\/agrovin.com\/pt-pt\/wp-json\/wp\/v2\/types\/product"}],"version-history":[{"count":1,"href":"https:\/\/agrovin.com\/pt-pt\/wp-json\/wp\/v2\/product\/89452\/revisions"}],"predecessor-version":[{"id":116978,"href":"https:\/\/agrovin.com\/pt-pt\/wp-json\/wp\/v2\/product\/89452\/revisions\/116978"}],"wp:featuredmedia":[{"embeddable":true,"href":"https:\/\/agrovin.com\/pt-pt\/wp-json\/wp\/v2\/media\/22017"}],"wp:attachment":[{"href":"https:\/\/agrovin.com\/pt-pt\/wp-json\/wp\/v2\/media?parent=89452"}],"wp:term":[{"taxonomy":"product_brand","embeddable":true,"href":"https:\/\/agrovin.com\/pt-pt\/wp-json\/wp\/v2\/product_brand?post=89452"},{"taxonomy":"product_cat","embeddable":true,"href":"https:\/\/agrovin.com\/pt-pt\/wp-json\/wp\/v2\/product_cat?post=89452"},{"taxonomy":"product_tag","embeddable":true,"href":"https:\/\/agrovin.com\/pt-pt\/wp-json\/wp\/v2\/product_tag?post=89452"}],"curies":[{"name":"wp","href":"https:\/\/api.w.org\/{rel}","templated":true}]}}